{"id":26203,"date":"2023-10-16T15:57:43","date_gmt":"2023-10-16T20:57:43","guid":{"rendered":"https:\/\/oknatura.com\/wagen"},"modified":"2025-10-28T10:05:17","modified_gmt":"2025-10-28T15:05:17","slug":"warenkorb","status":"publish","type":"page","link":"https:\/\/oknatura.com\/de\/warenkorb\/","title":{"rendered":"Warenkorb"},"content":{"rendered":"\t\t<div data-elementor-type=\"wp-page\" data-elementor-id=\"26203\" class=\"elementor elementor-26203 elementor-24237\" data-elementor-post-type=\"page\">\n\t\t\t\t<div data-particle_enable=\"false\" data-particle-mobile-disabled=\"false\" class=\"elementor-element elementor-element-6e6f163b e-flex e-con-boxed e-con e-parent\" data-id=\"6e6f163b\" data-element_type=\"container\" data-e-type=\"container\">\r\n\t\t\t\t\t<div class=\"e-con-inner\">\r\n\t\t\t\t<div class=\"elementor-element elementor-element-67a81b7d elementor-widget elementor-widget-text-editor\" data-id=\"67a81b7d\" data-element_type=\"widget\" data-e-type=\"widget\" data-widget_type=\"text-editor.default\">\n\t\t\t\t\t\t\t\t\t<p><div class=\"woocommerce\">\t<div class=\"cart-empty-page text-center\">\r\n\t\t<div class=\"woocommerce-notices-wrapper\"><\/div>\t\t<i class=\"cart-empty porto-icon-bag-2\"><\/i>\r\n\t\t<p class=\"px-3 py-2 cart-empty\">Keine Produkte in den Warenkorb gelegt<\/p>\r\n\t\t<p class=\"return-to-shop\">\r\n\t\t\t<a class=\"button wc-backward btn-v-dark btn-go-shop\" href=\"https:\/\/oknatura.com\/de\/alle-produkte\/\">\r\n\t\t\t\tZur\u00fcck zum Shop\t\t\t<\/a>\r\n\t\t<\/p>\r\n\t<\/div>\r\n<\/div><\/p>\n\t\t\t\t\t\t\t\t<\/div>\n\t\t\t\t\t<\/div>\n\t\t\t\t<\/div>\n\t\t<div data-particle_enable=\"false\" data-particle-mobile-disabled=\"false\" class=\"elementor-element elementor-element-af0bf81 elementor-hidden-desktop elementor-hidden-tablet elementor-hidden-mobile e-flex e-con-boxed e-con e-parent\" data-id=\"af0bf81\" data-element_type=\"container\" data-e-type=\"container\">\r\n\t\t\t\t\t<div class=\"e-con-inner\">\r\n\t\t\t\t<div class=\"elementor-element elementor-element-9b1c6b7 elementor-widget elementor-widget-text-editor\" data-id=\"9b1c6b7\" data-element_type=\"widget\" data-e-type=\"widget\" data-widget_type=\"text-editor.default\">\n\t\t\t\t\t\t\t\t\t<h2>Willkommen in Ihrem Einkaufswagen bei Ok Natura!<\/h2><p>Entdecken Sie die Welt der nat\u00fcrlichen und heiligen Produkte bei Ok Natura. Legen Sie Artikel wie Ayahuasca, San Pedro, Rap\u00e9, Cetico und andere in Ihren Einkaufswagen und erleben Sie die heilenden und spirituellen Vorteile, die sie bieten. Warenkorb.<\/p><h3>Einfacher Checkout-Warenkorb<\/h3><p>Mit unserem Warenkorb k\u00f6nnen Sie Ihre Auswahl \u00fcberpr\u00fcfen und \u00e4ndern, bevor Sie Ihren Einkauf abschlie\u00dfen. F\u00fcgen Sie Artikel hinzu oder entfernen Sie sie, aktualisieren Sie die Mengen und gehen Sie zur Kasse, wenn Sie bereit sind. Warenkorb.<\/p><h3>Sichere Zahlungsoptionen<\/h3><p>Seien Sie versichert, dass Ihre Zahlungsinformationen bei uns sicher sind. Wir akzeptieren alle g\u00e4ngigen Kreditkarten und PayPal f\u00fcr sichere und bequeme Transaktionen.<\/p><h3>Kundenbetreuung<\/h3><p>Ben\u00f6tigen Sie Hilfe bei Ihrer Bestellung? Unser engagiertes Kundenserviceteam ist f\u00fcr Sie da. Wenden Sie sich an uns, wenn Sie Fragen oder Bedenken haben, und wir werden daf\u00fcr sorgen, dass Ihr Einkaufserlebnis reibungslos verl\u00e4uft. Warenkorb.<\/p><h3>Sonderangebote und Erm\u00e4\u00dfigungen<\/h3><p>Verpassen Sie nicht die Sonderangebote und Rabatte, die exklusiv f\u00fcr Ok Natura-Kunden gelten. \u00dcberpr\u00fcfen Sie Ihren Einkaufswagen vor dem Bezahlen auf eventuelle Sonderangebote.<\/p><h3>Zusammenfassung Ihrer Bestellung<\/h3><p>\u00dcberpr\u00fcfen Sie die Details Ihrer Bestellung, einschlie\u00dflich Artikelmengen, Gesamtkosten und Versandinformationen. Vergewissern Sie sich, dass alles korrekt ist, bevor Sie den Kauf abschlie\u00dfen.<\/p><h3>Danke, dass Sie sich f\u00fcr Ok Natura entschieden haben!<\/h3><p>Danke, dass Sie bei uns einkaufen! Wir wissen Ihre Unterst\u00fctzung zu sch\u00e4tzen und freuen uns darauf, Sie mit hochwertigen Naturprodukten und einem au\u00dfergew\u00f6hnlichen Kundenservice zu bedienen.<\/p>\t\t\t\t\t\t\t\t<\/div>\n\t\t\t\t\t<\/div>\n\t\t\t\t<\/div>\n\t\t<div data-particle_enable=\"false\" data-particle-mobile-disabled=\"false\" class=\"elementor-element elementor-element-f11a3bf elementor-hidden-desktop elementor-hidden-tablet elementor-hidden-mobile e-flex e-con-boxed e-con e-parent\" data-id=\"f11a3bf\" data-element_type=\"container\" data-e-type=\"container\">\r\n\t\t\t\t\t<div class=\"e-con-inner\">\r\n\t\t\t\t<div class=\"elementor-element elementor-element-7b454f2 elementor-widget elementor-widget-image\" data-id=\"7b454f2\" data-element_type=\"widget\" data-e-type=\"widget\" data-widget_type=\"image.default\">\n\t\t\t\t\t\t\t\t\t\t\t\t\t\t\t\t<a href=\"https:\/\/www.facebook.com\/ok.natura.pe?locale=es_LA\" rel=\"nofollow noopener\" target=\"_blank\">\n\t\t\t\t\t\t\t<img fetchpriority=\"high\" decoding=\"async\" width=\"1024\" height=\"326\" src=\"https:\/\/oknatura.com\/wp-content\/uploads\/2024\/02\/carrito-1-1024x326.jpg\" class=\"attachment-large size-large wp-image-38706\" alt=\"carrito-1 - Warenkorb - Alle Produkte\" srcset=\"https:\/\/oknatura.com\/wp-content\/uploads\/2024\/02\/carrito-1-1024x326.jpg 1024w, https:\/\/oknatura.com\/wp-content\/uploads\/2024\/02\/carrito-1-600x191.jpg 600w, https:\/\/oknatura.com\/wp-content\/uploads\/2024\/02\/carrito-1-768x244.jpg 768w, https:\/\/oknatura.com\/wp-content\/uploads\/2024\/02\/carrito-1-640x204.jpg 640w, https:\/\/oknatura.com\/wp-content\/uploads\/2024\/02\/carrito-1-400x127.jpg 400w\" sizes=\"(max-width: 1024px) 100vw, 1024px\" title=\"\">\t\t\t\t\t\t\t\t<\/a>\n\t\t\t\t\t\t\t\t\t\t\t\t\t\t\t<\/div>\n\t\t\t\t\t<\/div>\n\t\t\t\t<\/div>\n\t\t\t\t<\/div>\n\t\t","protected":false},"excerpt":{"rendered":"<p>Willkommen in Ihrem Einkaufswagen bei Ok Natura! Entdecken Sie die Welt der nat\u00fcrlichen und heiligen Produkte bei Ok Natura. Legen Sie Artikel wie Ayahuasca, San Pedro, Rap\u00e9, Cetico und andere in Ihren Einkaufswagen und erleben Sie die heilenden und spirituellen Vorteile, die sie bieten. Warenkorb. Einfacher Checkout-Warenkorb Mit unserem Warenkorb k\u00f6nnen Sie Ihre Auswahl \u00fcberpr\u00fcfen [&hellip;]<\/p>\n","protected":false},"author":4254,"featured_media":0,"parent":0,"menu_order":0,"comment_status":"closed","ping_status":"closed","template":"","meta":{"_joinchat":[],"footnotes":""},"class_list":["post-26203","page","type-page","status-publish","hentry"],"_links":{"self":[{"href":"https:\/\/oknatura.com\/de\/wp-json\/wp\/v2\/pages\/26203","targetHints":{"allow":["GET"]}}],"collection":[{"href":"https:\/\/oknatura.com\/de\/wp-json\/wp\/v2\/pages"}],"about":[{"href":"https:\/\/oknatura.com\/de\/wp-json\/wp\/v2\/types\/page"}],"author":[{"embeddable":true,"href":"https:\/\/oknatura.com\/de\/wp-json\/wp\/v2\/users\/4254"}],"replies":[{"embeddable":true,"href":"https:\/\/oknatura.com\/de\/wp-json\/wp\/v2\/comments?post=26203"}],"version-history":[{"count":2,"href":"https:\/\/oknatura.com\/de\/wp-json\/wp\/v2\/pages\/26203\/revisions"}],"predecessor-version":[{"id":57975,"href":"https:\/\/oknatura.com\/de\/wp-json\/wp\/v2\/pages\/26203\/revisions\/57975"}],"wp:attachment":[{"href":"https:\/\/oknatura.com\/de\/wp-json\/wp\/v2\/media?parent=26203"}],"curies":[{"name":"wp","href":"https:\/\/api.w.org\/{rel}","templated":true}]}}