{"id":26441,"date":"2023-10-08T15:07:39","date_gmt":"2023-10-08T20:07:39","guid":{"rendered":"https:\/\/oknatura.com\/versand-zahlung-ok-natura"},"modified":"2025-09-05T05:34:42","modified_gmt":"2025-09-05T10:34:42","slug":"versand-zahlung-ok-natura","status":"publish","type":"page","link":"https:\/\/oknatura.com\/de\/versand-zahlung-ok-natura\/","title":{"rendered":"Versand &amp; Zahlung | Ok Natura"},"content":{"rendered":"\t\t<div data-elementor-type=\"wp-page\" data-elementor-id=\"26441\" class=\"elementor elementor-26441 elementor-22612\" data-elementor-post-type=\"page\">\n\t\t\t\t\t\t<section data-particle_enable=\"false\" data-particle-mobile-disabled=\"false\" class=\"porto-full-no-gap elementor-section elementor-top-section elementor-element elementor-element-c762f4e elementor-section-full_width elementor-section-height-min-height elementor-section-height-default elementor-section-items-middle\" data-id=\"c762f4e\" data-element_type=\"section\" data-e-type=\"section\" data-settings=\"{&quot;background_background&quot;:&quot;classic&quot;}\">\r\n\t\t\r\n\t\t\t\t\t\t\t<div class=\"elementor-container elementor-column-gap-no\">\r\n\t\t\t\t\t\t\t\t\t\t\t<div class=\"elementor-column elementor-col-100 elementor-top-column elementor-element elementor-element-5d6faea\" data-id=\"5d6faea\" data-element_type=\"column\" data-e-type=\"column\">\r\n\t\t\t\t\t<div class=\"elementor-widget-wrap\">\r\n\t\t\t\t\t\t\t\t\t<\/div>\r\n\t\t\t\t<\/div>\r\n\t\t\t\t\t<\/div>\r\n\t\t\t\t<\/section>\r\n\t\t\t\t<section data-particle_enable=\"false\" data-particle-mobile-disabled=\"false\" class=\"elementor-section elementor-top-section elementor-element elementor-element-189ae9c elementor-section-content-middle elementor-section-boxed elementor-section-height-default elementor-section-height-default\" data-id=\"189ae9c\" data-element_type=\"section\" data-e-type=\"section\">\r\n\t\t\r\n\t\t\t\t\t\t\t<div class=\"elementor-container elementor-column-gap-no\">\r\n\t\t\t\t\t\t\t\t\t\t\t<div class=\"elementor-column elementor-col-50 elementor-top-column elementor-element elementor-element-1e6d974\" data-id=\"1e6d974\" data-element_type=\"column\" data-e-type=\"column\">\r\n\t\t\t\t\t<div class=\"elementor-widget-wrap elementor-element-populated\">\r\n\t\t\t\t\t\t\t\t<div class=\"elementor-element elementor-element-50df2aa animated-slow elementor-invisible elementor-widget elementor-widget-heading\" data-id=\"50df2aa\" data-element_type=\"widget\" data-e-type=\"widget\" data-settings=\"{&quot;_animation&quot;:&quot;fadeInUp&quot;,&quot;_animation_delay&quot;:300}\" data-widget_type=\"heading.default\">\n\t\t\t\t\t<h1 class=\"elementor-heading-title elementor-size-default\">Versand &amp; Zahlung | Ok Natura<\/h1>\t\t\t\t<\/div>\n\t\t\t\t<div class=\"elementor-element elementor-element-dd12e32 elementor-icon-list--layout-inline animated-slow elementor-list-item-link-full_width elementor-invisible elementor-widget elementor-widget-icon-list\" data-id=\"dd12e32\" data-element_type=\"widget\" data-e-type=\"widget\" data-settings=\"{&quot;_animation&quot;:&quot;fadeInUp&quot;,&quot;_animation_delay&quot;:300}\" data-widget_type=\"icon-list.default\">\n\t\t\t\t\t\t\t<ul class=\"elementor-icon-list-items elementor-inline-items\">\n\t\t\t\t\t\t\t<li class=\"elementor-icon-list-item elementor-inline-item\">\n\t\t\t\t\t\t\t\t\t\t\t<a href=\"https:\/\/oknatura.com\/de\/\" rel=\"nofollow\">\n\n\t\t\t\t\t\t\t\t\t\t\t<span class=\"elementor-icon-list-text\">Zur\u00fcck nach Hause<\/span>\n\t\t\t\t\t\t\t\t\t\t\t<\/a>\n\t\t\t\t\t\t\t\t\t<\/li>\n\t\t\t\t\t\t<\/ul>\n\t\t\t\t\t\t<\/div>\n\t\t\t\t\t<\/div>\r\n\t\t\t\t<\/div>\r\n\t\t\t\t<div class=\"elementor-column elementor-col-50 elementor-top-column elementor-element elementor-element-2f13eb4\" data-id=\"2f13eb4\" data-element_type=\"column\" data-e-type=\"column\">\r\n\t\t\t\t\t<div class=\"elementor-widget-wrap elementor-element-populated\">\r\n\t\t\t\t\t\t\t\t<div class=\"elementor-element elementor-element-09b18bf animated-slow elementor-invisible elementor-widget elementor-widget-image\" data-id=\"09b18bf\" data-element_type=\"widget\" data-e-type=\"widget\" data-settings=\"{&quot;_animation&quot;:&quot;fadeIn&quot;,&quot;_animation_delay&quot;:300}\" data-widget_type=\"image.default\">\n\t\t\t\t\t\t\t\t\t\t\t\t\t\t\t<img fetchpriority=\"high\" decoding=\"async\" width=\"860\" height=\"210\" src=\"https:\/\/oknatura.com\/wp-content\/uploads\/2023\/10\/selva.jpg\" class=\"attachment-full size-full wp-image-26445\" alt=\"Collections - Alle Produkte\" srcset=\"https:\/\/oknatura.com\/wp-content\/uploads\/2023\/10\/selva.jpg 860w, https:\/\/oknatura.com\/wp-content\/uploads\/2023\/10\/selva-768x188.jpg 768w, https:\/\/oknatura.com\/wp-content\/uploads\/2023\/10\/selva-640x156.jpg 640w, https:\/\/oknatura.com\/wp-content\/uploads\/2023\/10\/selva-400x98.jpg 400w, https:\/\/oknatura.com\/wp-content\/uploads\/2023\/10\/selva-600x147.jpg 600w\" sizes=\"(max-width: 860px) 100vw, 860px\" title=\"\">\t\t\t\t\t\t\t\t\t\t\t\t\t\t\t<\/div>\n\t\t\t\t\t<\/div>\r\n\t\t\t\t<\/div>\r\n\t\t\t\t\t<\/div>\r\n\t\t\t\t<\/section>\r\n\t\t<div data-particle_enable=\"false\" data-particle-mobile-disabled=\"false\" class=\"elementor-element elementor-element-c8249fb e-flex e-con-boxed e-con e-parent\" data-id=\"c8249fb\" data-element_type=\"container\" data-e-type=\"container\">\r\n\t\t\t\t\t<div class=\"e-con-inner\">\r\n\t\t\t\t<div class=\"elementor-element elementor-element-8c5fc8b elementor-widget elementor-widget-heading\" data-id=\"8c5fc8b\" data-element_type=\"widget\" data-e-type=\"widget\" data-widget_type=\"heading.default\">\n\t\t\t\t\t<h1 class=\"elementor-heading-title elementor-size-default\">Versand &amp; Bezahlung<\/h1>\t\t\t\t<\/div>\n\t\t\t\t<div class=\"elementor-element elementor-element-331beae elementor-widget elementor-widget-text-editor\" data-id=\"331beae\" data-element_type=\"widget\" data-e-type=\"widget\" data-widget_type=\"text-editor.default\">\n\t\t\t\t\t\t\t\t\t<h2><strong>Versand &amp; Bezahlung  <\/strong><\/h2><p>Es liegt in der Verantwortung des Kunden, sich zu vergewissern, dass die Zollbeh\u00f6rden seines Landes keine Beschr\u00e4nkungen f\u00fcr Pflanzen- und Naturprodukte vorsehen.  <br><br>Oknatura.com, seine Vertreter, Tochtergesellschaften, Partner, Mitarbeiter, Gr\u00fcnder und Eigent\u00fcmer sind nicht verantwortlich f\u00fcr jegliche Haftung, die sich aus Bestellungen ergeben, die beschlagnahmt, beschlagnahmt, zerst\u00f6rt, verloren, verz\u00f6gert oder durch den Zoll und \/ oder Postdienste international zur\u00fcckgegeben wurden<\/p><p>Dar\u00fcber hinaus k\u00f6nnen wir keine Verantwortung f\u00fcr Besch\u00e4digung, Verlust oder Verunreinigung des Pakets und seines Inhalts w\u00e4hrend des internationalen Versands oder der Zollabfertigung \u00fcbernehmen.<\/p><p>Dar\u00fcber hinaus k\u00f6nnen wir keine Verantwortung f\u00fcr Verz\u00f6gerungen bei der Lieferung aufgrund von &#8222;gr\u00f6\u00dferen Kr\u00e4ften&#8220; \u00fcbernehmen, die au\u00dferhalb unserer Kontrolle liegen, z. B. Naturkatastrophen, Erdbeben, Wirbelst\u00fcrme, Taifune usw. Dazu geh\u00f6ren auch Arbeitskampfma\u00dfnahmen wie Post- oder Luftstreiks. Streiks oder andere gr\u00f6\u00dfere politische Probleme, die zu Problemen bei den Postdiensten f\u00fchren.<\/p><p> <\/p><h2><strong>R\u00fcckgabepolitik<\/strong><\/h2><p>Alle Verk\u00e4ufe sind endg\u00fcltig und nicht erstattungsf\u00e4hig. Oknatura.com stellt alle Informationen nach bestem Wissen und Gewissen zur Verf\u00fcgung, und alle unsere Produkte sind von h\u00f6chster Qualit\u00e4t. Der Kunde h\u00e4lt Oknatura.com, seine Vertreter, Partner, Angestellten, Gr\u00fcnder und Eigent\u00fcmer schadlos und stellt sie von jeglicher Haftung frei, die entsteht, wenn der Kunde seine Meinung \u00e4ndert, nachdem die Zahlung erfolgt ist und die Bestellung versandt wurde.<\/p><p> <\/p><h2><strong>Erstattung zur\u00fcckgesandter Bestellungen<\/strong><\/h2><p>Oknatura.com stellt dem Kunden die Kosten f\u00fcr die erneute Zusendung seiner Bestellung in Rechnung, wenn die Bestellung aus irgendeinem Grund, der au\u00dferhalb der Kontrolle von Oknatura.com liegt, zur\u00fcckgeschickt wurde. Wir erstatten keine zur\u00fcckgesandten Bestellungen, da die Produkte nat\u00fcrlich sind und verfallen und nicht zur R\u00fccknahme geeignet sind. Oknatura.com beh\u00e4lt sich das Recht vor, unter bestimmten mildernden Umst\u00e4nden R\u00fcckerstattungen f\u00fcr Bestellungen anzubieten, jedoch nicht f\u00fcr die Versandkosten.<\/p><p> <\/p><h2><strong>Lieferfrist<\/strong><\/h2><p>Der Kunde h\u00e4lt Oknatura.com, seine Vertreter, Partner, Angestellten, Gr\u00fcnder und Eigent\u00fcmer schadlos und stellt sie von jeglicher Haftung frei, die sich aus der Versp\u00e4tung beim Erhalt seiner Bestellung ergibt.<br>Alle Bestellungen verlassen Peru, und Oknatura.com verwendet einen Versandrechner, der dem Kunden eine ungef\u00e4hre Angabe der normalen Lieferfrist geben kann. Der Kunde nimmt zur Kenntnis, dass die M\u00f6glichkeit besteht, dass seine Bestellung ge\u00f6ffnet und von Beh\u00f6rden, Zoll, Gesundheitsbeh\u00f6rden usw. kontrolliert wird. Daher kann es zu Verz\u00f6gerungen beim Eingang Ihrer Bestellung kommen.<br><br>Dar\u00fcber hinaus k\u00f6nnen wir keine Verantwortung f\u00fcr Verz\u00f6gerungen bei der Lieferung aufgrund von &#8222;gr\u00f6\u00dferen Kr\u00e4ften&#8220; \u00fcbernehmen, die au\u00dferhalb unserer Kontrolle liegen, z. B. Naturkatastrophen, Erdbeben, Wirbelst\u00fcrme, Taifune usw. Dazu geh\u00f6ren auch Arbeitskampfma\u00dfnahmen wie Post- oder Luftstreiks. Streiks oder andere gr\u00f6\u00dfere politische Probleme, die zu Problemen bei den Postdiensten f\u00fchren.<\/p><p> <\/p><h2><strong>Sendungsverfolgung<\/strong><\/h2><p>Alle versendeten Bestellungen sind verfolgbar und erfordern eine Unterschrift. Alle Pakete werden an Oknatura.com zur\u00fcckgeschickt, wenn die Bestellung nicht zugestellt werden konnte.<br><br>Alle Bestellungen werden diskret, schnell und sicher versandt, und mit der Best\u00e4tigung der Unterschrift tun wir alles, damit Sie Ihre Bestellung so sicher und schnell wie m\u00f6glich erhalten.<br>Sobald wir die Zahlung f\u00fcr Ihre Bestellung erhalten haben und die Bestellung versandt wurde.<br>Nachdem das Paket versandt wurde, erhalten Sie eine Best\u00e4tigungs-E-Mail mit der Tracking-Nummer und dem Link zur Tracking-Website.<\/p><p> <\/p><h2><strong>Urheberrecht<\/strong><\/h2><p>Alle Inhalte, einschlie\u00dflich Bilder, Medien und Inhalte, sind urheberrechtlich gesch\u00fctzt. Die Weiterverbreitung, Weitergabe, Wiederver\u00f6ffentlichung f\u00fcr private oder kommerzielle Zwecke ist ohne die Zustimmung der Eigent\u00fcmer von Oknatura.com ausdr\u00fccklich verboten. Oknatura.com beh\u00e4lt sich alle Rechte vor.<\/p><p> <\/p><h2><strong>Beschr\u00e4nkte Haftung<\/strong><\/h2><p>Der Kunde h\u00e4lt Oknatura.com, seine Vertreter, Partner, Angestellten, Gr\u00fcnder und Eigent\u00fcmer implizit und explizit von jeglicher Haftung f\u00fcr Sch\u00e4den und \/ oder Verletzungen, die durch Informationen, Produkte, Kommentare, Blogs oder andere Medien oder \u00dcbertragungen entstehen, frei. Was das bedeuten kann.<\/p><p> <\/p><h2><strong>Haftungsausschluss<\/strong><\/h2><p>Alle Informationen, Produkte und Inhalte, die von Oknatura.com, seinen Vertretern, Partnern, Angestellten, Gr\u00fcndern und Eigent\u00fcmern zur Verf\u00fcgung gestellt werden, werden implizit und explizit ohne Garantien, Gew\u00e4hrleistungen, Empfehlungen, Ratschl\u00e4ge, Behandlung, Heilung oder Diagnose bereitgestellt. Alle Verk\u00e4ufe sind endg\u00fcltig und alle Produkte werden wie besehen verkauft.<\/p><p>Alle Aussagen, Artikel, Blog-Posts, Kommentare und Bilder, die Pflanzen und jedes einzelne Produkt auf Oknatura.com darstellen, wurden NICHT von Lebensmittel- und Gesundheitsbeh\u00f6rden bewertet, genehmigt oder gebilligt, einschlie\u00dflich:<\/p><p><strong>Argentinien:<\/strong> Wirtschaftsministerium, Ministerium f\u00fcr Landwirtschaft, Viehzucht, Fischerei und Ern\u00e4hrung, Nationaler Dienst f\u00fcr Lebensmittelqualit\u00e4t und -sicherheit (SENASA), Nationaler Dienst f\u00fcr Gesundheit und Qualit\u00e4t in der Landwirtschaft<\/p><p><strong>Brasilien<\/strong>: Gesundheitsministerium von Brasilien, Nationale Agentur f\u00fcr sanit\u00e4re \u00dcberwachung<\/p><p><strong>Peru<\/strong>: Ministerium f\u00fcr Gesundheit, Generaldirektion f\u00fcr pharmazeutische Produkte, Ger\u00e4te und Arzneimittel<\/p><p><strong>Chile<\/strong>: Institut f\u00fcr \u00f6ffentliche Gesundheit von Chile<\/p><p><strong>Kolumbien<\/strong>: INVIMA Nationales Institut f\u00fcr Lebensmittel- und Medikamenten\u00fcberwachung<\/p><p><strong>Mexiko<\/strong>: Bundeskommission f\u00fcr den Schutz vor Gesundheitsrisiken, Gesundheitsministerium, Nationales Institut f\u00fcr \u00f6ffentliche Gesundheit, Gesundheitsministerium, Bundeskommission f\u00fcr den Schutz vor gesundheitlichen Risiken<\/p><p><strong>Kanada<\/strong>: Landwirtschaftsminister, Landwirtschaft und Agrarnahrungsmittel Kanadas, Kanadische Lebensmittelinspektionsbeh\u00f6rde (CFIA), Gesundheitsminister, Health Canada, Abteilung Lebensmittel und Gesundheitsprodukte, Guelph Center for Food Technology<\/p><p><strong>Vereinigte Staaten von Amerika<\/strong>: United States Food and Drug Administration (FDA), Center for Food Safety and Applied Nutrition (CFSAN), International Food Protection Training Institute (IFPTI), Joint Committee of Experts on Food Additives (JECFA), United States Department of Agriculture (USDA), Under Secretary for Food Safety, Food Safety and Inspection Service (FSIS)<\/p><p><strong>China<\/strong>: General Administration of Quality Supervision, Inspection and Quarantine State Food and Drug Administration<\/p><p><strong>Thailand<\/strong>: Lebensmittel- und Arzneimittelbeh\u00f6rde, Ministerium f\u00fcr \u00f6ffentliche Gesundheit<\/p><p><strong>Indien<\/strong>: Indische Beh\u00f6rde f\u00fcr Lebensmittelsicherheit und -standards, Ministerium f\u00fcr Gesundheit und Familienwohlfahrt, Zentrale Organisation f\u00fcr die Kontrolle von Medikamentenstandards (CDSCO)<\/p><p><strong>Philippinen<\/strong>: Lebensmittel- und Arzneimittelbeh\u00f6rde<\/p><p><strong>S\u00fcdkorea<\/strong>: Ministerium f\u00fcr Lebensmittel- und Arzneimittelsicherheit (MFDS), Minister f\u00fcr Gesundheit, Wohlfahrt und Familienangelegenheiten, Ministerium f\u00fcr Gesundheit, Wohlfahrt und Familienangelegenheiten, Amt f\u00fcr Gesundheitspolitik<\/p><p><strong>Japan<\/strong>: Agentur f\u00fcr pharmazeutische Produkte und medizinische Ger\u00e4te, Ministerium f\u00fcr Gesundheit, Arbeit und Wohlfahrt<\/p><p><strong>Europ\u00e4ische Union:<\/strong> Ausschuss f\u00fcr Umweltfragen, Volksgesundheit und Lebensmittelsicherheit (EU), Europ\u00e4ische Beh\u00f6rde f\u00fcr Lebensmittelsicherheit SAFE FOODS, Amt f\u00fcr die F\u00f6rderung der Lebensmittelsicherheit<\/p><p><strong>Deutschland<\/strong>: Bundesministerium f\u00fcr Ern\u00e4hrung, Landwirtschaft und Verbraucherschutz, Bundesamt f\u00fcr Verbraucherschutz und Lebensmittelsicherheit, Bundesanstalt f\u00fcr Landwirtschaft und Ern\u00e4hrung<\/p><p><strong>Schweiz<\/strong>: Bundesamt f\u00fcr Gesundheit (BAG), Swissmedic<\/p><p><strong>Die Niederlande<\/strong>: Ministerium f\u00fcr Wirtschaft, Landwirtschaft und Innovation (ELI), Nieuwe Voedsel en Waren Autoriteit (nVWA), Rijks Kwaliteitsinstituut voor Land- en Tuinbouwproducten (RiKILT), Rijksinstituut voor Volksgezondheid en Milieu (RiVM), Stichumting Nederlandingstr<\/p><p><strong>Norwegen<\/strong>: Minister f\u00fcr Landwirtschaft und Ern\u00e4hrung, Norwegisches Ministerium f\u00fcr Landwirtschaft und Ern\u00e4hrung Landbruks- og matdepartementet, Norwegische Beh\u00f6rde f\u00fcr Lebensmittelsicherheit Mattilsynet<\/p><p><strong>Italien<\/strong>: Nationales Institut f\u00fcr Gesundheit, Italienische Arzneimittelagentur<\/p><p><strong>Spanien<\/strong>: Gesundheitsministerium der Generalitat de Catalunya, Katalanische Agentur f\u00fcr Lebensmittelsicherheit, Gesundheitsministerium, Spanische Agentur f\u00fcr Arzneimittel, Ministerium f\u00fcr Gesundheit und Verbraucherschutz,<\/p><p><strong>Portugal<\/strong>: Gesundheitsethikausschuss<\/p><p><strong>Russland<\/strong>: F\u00f6deraler Drogenkontrolldienst der Russischen F\u00f6deration (FSKN), Landwirtschaftsausschuss der Duma, Ministerium f\u00fcr Gesundheit der Russischen F\u00f6deration<\/p><p><strong>Polen<\/strong>: Institut f\u00fcr Arzneimittel, Ministerium f\u00fcr Gesundheit, Amt f\u00fcr die Registrierung von Arzneimitteln, Gesundheitsprodukten und Biosiden.<\/p><p><strong>Rum\u00e4nien<\/strong>: Nationale Arzneimittelbeh\u00f6rde, Staatliches Institut f\u00fcr Drogenkontrolle<\/p><p><strong>Vereinigtes K\u00f6nigreich<\/strong>: Department of Environment, Food and Rural Affairs, Animal Health, Pesticide Safety Directorate, UK Government Decontamination Service, Veterinary Medicines Directorate, Food Standards Agency, Advisory Committee on Microbiological Food Safety<\/p><p><strong>Frankreich<\/strong>: Agence nationale de s\u00e9curit\u00e9 sanitaire de l&#8217;alimentation, de l&#8217;environnement et du travail, Afssaps - Franz\u00f6sische Agentur f\u00fcr die Sicherheit von Gesundheitsprodukten, Gesundheitsministerium, Nationale Beratende Kommission f\u00fcr Ethik im Bereich Gesundheit und Lebenswissenschaften<\/p><p><strong>Multinational<\/strong>: Lebensmittelstandards in Australien und Neuseeland (FSANZ)<\/p><p><strong>Australien<\/strong>: Minister f\u00fcr Landwirtschaft, Fischerei und Forstwirtschaft, Landwirtschaftsministerium (DAFF), Australischer Quarant\u00e4ne- und Inspektionsdienst (AQIS), Biosecurity Australia, Regierung von New South Wales, Minister f\u00fcr Prim\u00e4rindustrie (NSW), Lebensmittelbeh\u00f6rde von New Wales (S\u00fcden)<\/p><p><strong>Neuseeland<\/strong>: Minister f\u00fcr Lebensmittelsicherheit, Neuseel\u00e4ndische Beh\u00f6rde f\u00fcr Lebensmittelsicherheit (NZFSA)<\/p>\t\t\t\t\t\t\t\t<\/div>\n\t\t\t\t\t<\/div>\n\t\t\t\t<\/div>\n\t\t<div data-particle_enable=\"false\" data-particle-mobile-disabled=\"false\" class=\"elementor-element elementor-element-5867522 elementor-hidden-tablet elementor-hidden-mobile e-flex e-con-boxed e-con e-parent\" data-id=\"5867522\" data-element_type=\"container\" data-e-type=\"container\">\r\n\t\t\t\t\t<div class=\"e-con-inner\">\r\n\t\t\t\t<div class=\"elementor-element elementor-element-0cf5b2b elementor-hidden-desktop elementor-hidden-tablet elementor-hidden-mobile elementor-widget elementor-widget-image\" data-id=\"0cf5b2b\" data-element_type=\"widget\" data-e-type=\"widget\" data-widget_type=\"image.default\">\n\t\t\t\t\t\t\t\t\t\t\t\t\t\t\t\t<a href=\"https:\/\/www.facebook.com\/ok.natura.pe?locale=es_LA\" rel=\"nofollow noopener\" target=\"_blank\">\n\t\t\t\t\t\t\t<img decoding=\"async\" width=\"1024\" height=\"326\" src=\"https:\/\/oknatura.com\/wp-content\/uploads\/2023\/10\/Fedex-1024x326.jpg\" class=\"attachment-large size-large wp-image-34851\" alt=\"Pol\u00edtica de Devoluciones - Erstattungspolitik - Versand\" srcset=\"https:\/\/oknatura.com\/wp-content\/uploads\/2023\/10\/Fedex-1024x326.jpg 1024w, https:\/\/oknatura.com\/wp-content\/uploads\/2023\/10\/Fedex-600x191.jpg 600w, https:\/\/oknatura.com\/wp-content\/uploads\/2023\/10\/Fedex-768x244.jpg 768w, https:\/\/oknatura.com\/wp-content\/uploads\/2023\/10\/Fedex-640x204.jpg 640w, https:\/\/oknatura.com\/wp-content\/uploads\/2023\/10\/Fedex-400x127.jpg 400w\" sizes=\"(max-width: 1024px) 100vw, 1024px\" title=\"\">\t\t\t\t\t\t\t\t<\/a>\n\t\t\t\t\t\t\t\t\t\t\t\t\t\t\t<\/div>\n\t\t\t\t\t<\/div>\n\t\t\t\t<\/div>\n\t\t\t\t<\/div>\n\t\t","protected":false},"excerpt":{"rendered":"<p>Versand &amp; Zahlung | Ok Natura Zur\u00fcck nach Hause Versand &amp; Bezahlung Versand &amp; Bezahlung Es liegt in der Verantwortung des Kunden, sich zu vergewissern, dass die Zollbeh\u00f6rden seines Landes keine Beschr\u00e4nkungen f\u00fcr Pflanzen- und Naturprodukte vorsehen. Oknatura.com, seine Vertreter, Tochtergesellschaften, Partner, Mitarbeiter, Gr\u00fcnder und Eigent\u00fcmer sind nicht verantwortlich f\u00fcr jegliche Haftung, die sich aus [&hellip;]<\/p>\n","protected":false},"author":4254,"featured_media":0,"parent":0,"menu_order":0,"comment_status":"closed","ping_status":"closed","template":"","meta":{"_joinchat":[],"footnotes":""},"class_list":["post-26441","page","type-page","status-publish","hentry"],"_links":{"self":[{"href":"https:\/\/oknatura.com\/de\/wp-json\/wp\/v2\/pages\/26441","targetHints":{"allow":["GET"]}}],"collection":[{"href":"https:\/\/oknatura.com\/de\/wp-json\/wp\/v2\/pages"}],"about":[{"href":"https:\/\/oknatura.com\/de\/wp-json\/wp\/v2\/types\/page"}],"author":[{"embeddable":true,"href":"https:\/\/oknatura.com\/de\/wp-json\/wp\/v2\/users\/4254"}],"replies":[{"embeddable":true,"href":"https:\/\/oknatura.com\/de\/wp-json\/wp\/v2\/comments?post=26441"}],"version-history":[{"count":3,"href":"https:\/\/oknatura.com\/de\/wp-json\/wp\/v2\/pages\/26441\/revisions"}],"predecessor-version":[{"id":67614,"href":"https:\/\/oknatura.com\/de\/wp-json\/wp\/v2\/pages\/26441\/revisions\/67614"}],"wp:attachment":[{"href":"https:\/\/oknatura.com\/de\/wp-json\/wp\/v2\/media?parent=26441"}],"curies":[{"name":"wp","href":"https:\/\/api.w.org\/{rel}","templated":true}]}}