{"id":26530,"date":"2023-10-07T19:34:57","date_gmt":"2023-10-08T00:34:57","guid":{"rendered":"https:\/\/oknatura.com\/verkaufen-sie-meine-persoenlichen-daten-nicht-ok-natura"},"modified":"2025-06-19T16:09:00","modified_gmt":"2025-06-19T21:09:00","slug":"verkaufen-sie-meine-personlichen-daten-nicht","status":"publish","type":"page","link":"https:\/\/oknatura.com\/de\/verkaufen-sie-meine-personlichen-daten-nicht\/","title":{"rendered":"Verkaufen Sie meine pers\u00f6nlichen Daten nicht | Ok Natura"},"content":{"rendered":"\t\t<div data-elementor-type=\"wp-page\" data-elementor-id=\"26530\" class=\"elementor elementor-26530 elementor-21950\" data-elementor-post-type=\"page\">\n\t\t\t\t\t\t<section data-particle_enable=\"false\" data-particle-mobile-disabled=\"false\" class=\"porto-full-no-gap elementor-section elementor-top-section elementor-element elementor-element-dcf55a4 elementor-section-full_width elementor-section-height-min-height elementor-section-height-default elementor-section-items-middle\" data-id=\"dcf55a4\" data-element_type=\"section\" data-e-type=\"section\" data-settings=\"{&quot;background_background&quot;:&quot;classic&quot;}\">\r\n\t\t\r\n\t\t\t\t\t\t\t<div class=\"elementor-container elementor-column-gap-no\">\r\n\t\t\t\t\t\t\t\t\t\t\t<div class=\"elementor-column elementor-col-100 elementor-top-column elementor-element elementor-element-6473149\" data-id=\"6473149\" data-element_type=\"column\" data-e-type=\"column\">\r\n\t\t\t\t\t<div class=\"elementor-widget-wrap\">\r\n\t\t\t\t\t\t\t\t\t<\/div>\r\n\t\t\t\t<\/div>\r\n\t\t\t\t\t<\/div>\r\n\t\t\t\t<\/section>\r\n\t\t\t\t<section data-particle_enable=\"false\" data-particle-mobile-disabled=\"false\" class=\"elementor-section elementor-top-section elementor-element elementor-element-5deb9f4 elementor-section-content-middle elementor-section-boxed elementor-section-height-default elementor-section-height-default\" data-id=\"5deb9f4\" data-element_type=\"section\" data-e-type=\"section\">\r\n\t\t\r\n\t\t\t\t\t\t\t<div class=\"elementor-container elementor-column-gap-no\">\r\n\t\t\t\t\t\t\t\t\t\t\t<div class=\"elementor-column elementor-col-50 elementor-top-column elementor-element elementor-element-1af92fb\" data-id=\"1af92fb\" data-element_type=\"column\" data-e-type=\"column\">\r\n\t\t\t\t\t<div class=\"elementor-widget-wrap elementor-element-populated\">\r\n\t\t\t\t\t\t\t\t<div class=\"elementor-element elementor-element-b5e50de animated-slow elementor-invisible elementor-widget elementor-widget-heading\" data-id=\"b5e50de\" data-element_type=\"widget\" data-e-type=\"widget\" data-settings=\"{&quot;_animation&quot;:&quot;fadeInUp&quot;,&quot;_animation_delay&quot;:300}\" data-widget_type=\"heading.default\">\n\t\t\t\t\t<h1 class=\"elementor-heading-title elementor-size-default\">Verkaufen Sie meine pers\u00f6nlichen Daten nicht | Ok Natura<\/h1>\t\t\t\t<\/div>\n\t\t\t\t<div class=\"elementor-element elementor-element-f8ea06a elementor-icon-list--layout-inline animated-slow elementor-list-item-link-full_width elementor-invisible elementor-widget elementor-widget-icon-list\" data-id=\"f8ea06a\" data-element_type=\"widget\" data-e-type=\"widget\" data-settings=\"{&quot;_animation&quot;:&quot;fadeInUp&quot;,&quot;_animation_delay&quot;:300}\" data-widget_type=\"icon-list.default\">\n\t\t\t\t\t\t\t<ul class=\"elementor-icon-list-items elementor-inline-items\">\n\t\t\t\t\t\t\t<li class=\"elementor-icon-list-item elementor-inline-item\">\n\t\t\t\t\t\t\t\t\t\t\t<a href=\"https:\/\/oknatura.com\/de\/\">\n\n\t\t\t\t\t\t\t\t\t\t\t<span class=\"elementor-icon-list-text\">Zur\u00fcck nach Hause<\/span>\n\t\t\t\t\t\t\t\t\t\t\t<\/a>\n\t\t\t\t\t\t\t\t\t<\/li>\n\t\t\t\t\t\t<\/ul>\n\t\t\t\t\t\t<\/div>\n\t\t\t\t\t<\/div>\r\n\t\t\t\t<\/div>\r\n\t\t\t\t<div class=\"elementor-column elementor-col-50 elementor-top-column elementor-element elementor-element-4f103c0\" data-id=\"4f103c0\" data-element_type=\"column\" data-e-type=\"column\">\r\n\t\t\t\t\t<div class=\"elementor-widget-wrap elementor-element-populated\">\r\n\t\t\t\t\t\t\t\t<div class=\"elementor-element elementor-element-256b552 animated-slow elementor-invisible elementor-widget elementor-widget-image\" data-id=\"256b552\" data-element_type=\"widget\" data-e-type=\"widget\" data-settings=\"{&quot;_animation&quot;:&quot;fadeIn&quot;,&quot;_animation_delay&quot;:300}\" data-widget_type=\"image.default\">\n\t\t\t\t\t\t\t\t\t\t\t\t\t\t\t<img fetchpriority=\"high\" decoding=\"async\" width=\"860\" height=\"210\" src=\"https:\/\/oknatura.com\/wp-content\/uploads\/2023\/10\/selva.jpg\" class=\"attachment-full size-full wp-image-26445\" alt=\"Collections - Alle Produkte\" srcset=\"https:\/\/oknatura.com\/wp-content\/uploads\/2023\/10\/selva.jpg 860w, https:\/\/oknatura.com\/wp-content\/uploads\/2023\/10\/selva-768x188.jpg 768w, https:\/\/oknatura.com\/wp-content\/uploads\/2023\/10\/selva-640x156.jpg 640w, https:\/\/oknatura.com\/wp-content\/uploads\/2023\/10\/selva-400x98.jpg 400w, https:\/\/oknatura.com\/wp-content\/uploads\/2023\/10\/selva-600x147.jpg 600w\" sizes=\"(max-width: 860px) 100vw, 860px\" title=\"\">\t\t\t\t\t\t\t\t\t\t\t\t\t\t\t<\/div>\n\t\t\t\t\t<\/div>\r\n\t\t\t\t<\/div>\r\n\t\t\t\t\t<\/div>\r\n\t\t\t\t<\/section>\r\n\t\t<div data-particle_enable=\"false\" data-particle-mobile-disabled=\"false\" class=\"elementor-element elementor-element-071210c e-flex e-con-boxed e-con e-parent\" data-id=\"071210c\" data-element_type=\"container\" data-e-type=\"container\">\r\n\t\t\t\t\t<div class=\"e-con-inner\">\r\n\t\t\t\t<div class=\"elementor-element elementor-element-219f0ac elementor-widget elementor-widget-heading\" data-id=\"219f0ac\" data-element_type=\"widget\" data-e-type=\"widget\" data-widget_type=\"heading.default\">\n\t\t\t\t\t<h1 class=\"elementor-heading-title elementor-size-default\">Verkaufen Sie meine pers\u00f6nlichen Daten nicht<\/h1>\t\t\t\t<\/div>\n\t\t\t\t<div class=\"elementor-element elementor-element-ae08f71 elementor-widget elementor-widget-text-editor\" data-id=\"ae08f71\" data-element_type=\"widget\" data-e-type=\"widget\" data-widget_type=\"text-editor.default\">\n\t\t\t\t\t\t\t\t\t<p>Ihre Rechte nach dem California Consumer Privacy Act<\/p><p>Das kalifornische Gesetz zum Schutz der Privatsph\u00e4re von Verbrauchern (California Consumer Privacy Act, CCPA) r\u00e4umt Ihnen Rechte in Bezug auf den Umgang mit Ihren Daten oder pers\u00f6nlichen Informationen ein. Nach dem Gesetz haben die Einwohner Kaliforniens die M\u00f6glichkeit, sich gegen den &#8222;Verkauf&#8220; ihrer pers\u00f6nlichen Daten an Dritte zu entscheiden. Gem\u00e4\u00df der CCPA-Definition bezieht sich der Begriff &#8222;Verkauf&#8220; auf die Erhebung von Daten zum Zwecke der Erstellung von Werbung und anderen Mitteilungen.  <\/p><p>Erfahren Sie mehr \u00fcber CCPA und Ihre Datenschutzrechte.<\/p><p>Wie man sich abmeldet<\/p><p>Wenn Sie auf den unten stehenden Link klicken, werden wir Ihre pers\u00f6nlichen Daten nicht mehr sammeln oder verkaufen.<\/p><p>Dies gilt sowohl f\u00fcr Dritte als auch f\u00fcr die Daten, die wir sammeln, um Ihre Erfahrungen auf unserer Website oder durch andere Mitteilungen zu personalisieren.<\/p><p>Weitere Informationen finden Sie in unserer Datenschutzrichtlinie.<\/p>\t\t\t\t\t\t\t\t<\/div>\n\t\t\t\t\t<\/div>\n\t\t\t\t<\/div>\n\t\t<div data-particle_enable=\"false\" data-particle-mobile-disabled=\"false\" class=\"elementor-element elementor-element-bc88c03 elementor-hidden-desktop elementor-hidden-tablet elementor-hidden-mobile e-flex e-con-boxed e-con e-parent\" data-id=\"bc88c03\" data-element_type=\"container\" data-e-type=\"container\">\r\n\t\t\t\t\t<div class=\"e-con-inner\">\r\n\t\t\t\t<div class=\"elementor-element elementor-element-c673fcf elementor-widget elementor-widget-heading\" data-id=\"c673fcf\" data-element_type=\"widget\" data-e-type=\"widget\" data-widget_type=\"heading.default\">\n\t\t\t\t\t<h2 class=\"elementor-heading-title elementor-size-default\">Verkaufen Sie meine pers\u00f6nlichen Informationen nicht<\/h2>\t\t\t\t<\/div>\n\t\t\t\t\t<\/div>\n\t\t\t\t<\/div>\n\t\t<div data-particle_enable=\"false\" data-particle-mobile-disabled=\"false\" class=\"elementor-element elementor-element-47ae17f elementor-hidden-desktop elementor-hidden-tablet elementor-hidden-mobile e-flex e-con-boxed e-con e-parent\" data-id=\"47ae17f\" data-element_type=\"container\" data-e-type=\"container\">\r\n\t\t\t\t\t<div class=\"e-con-inner\">\r\n\t\t\t\t<div class=\"elementor-element elementor-element-84bb230 elementor-widget elementor-widget-image\" data-id=\"84bb230\" data-element_type=\"widget\" data-e-type=\"widget\" data-widget_type=\"image.default\">\n\t\t\t\t\t\t\t\t\t\t\t\t\t\t\t\t<a href=\"https:\/\/www.facebook.com\/ok.natura.pe?locale=es_LA\" rel=\"nofollow noopener\" target=\"_blank\">\n\t\t\t\t\t\t\t<img decoding=\"async\" width=\"1024\" height=\"326\" src=\"https:\/\/oknatura.com\/wp-content\/uploads\/2023\/10\/1681408253192-1024x326.png\" class=\"attachment-large size-large wp-image-34849\" alt=\"Pol\u00edtica de privacidad - Datenschutzpolitik - Verkaufen Sie meine pers\u00f6nlichen Daten nicht - kasse\" srcset=\"https:\/\/oknatura.com\/wp-content\/uploads\/2023\/10\/1681408253192-1024x326.png 1024w, https:\/\/oknatura.com\/wp-content\/uploads\/2023\/10\/1681408253192-600x191.png 600w, https:\/\/oknatura.com\/wp-content\/uploads\/2023\/10\/1681408253192-768x244.png 768w, https:\/\/oknatura.com\/wp-content\/uploads\/2023\/10\/1681408253192-640x204.png 640w, https:\/\/oknatura.com\/wp-content\/uploads\/2023\/10\/1681408253192-400x127.png 400w\" sizes=\"(max-width: 1024px) 100vw, 1024px\" title=\"\">\t\t\t\t\t\t\t\t<\/a>\n\t\t\t\t\t\t\t\t\t\t\t\t\t\t\t<\/div>\n\t\t\t\t\t<\/div>\n\t\t\t\t<\/div>\n\t\t\t\t<\/div>\n\t\t","protected":false},"excerpt":{"rendered":"<p>Verkaufen Sie meine pers\u00f6nlichen Daten nicht | Ok Natura Zur\u00fcck nach Hause Verkaufen Sie meine Pers\u00f6nlichen Daten nicht Ihre Rechte nach dem California Consumer Privacy Act Das kalifornische Gesetz zum Schutz der Privatsph\u00e4re von Verbrauchern (California Consumer Privacy Act, CCPA) r\u00e4umt Ihnen Rechte in Bezug auf den Umgang mit Ihren Daten oder pers\u00f6nlichen Informationen ein. [&hellip;]<\/p>\n","protected":false},"author":4254,"featured_media":0,"parent":0,"menu_order":0,"comment_status":"closed","ping_status":"closed","template":"","meta":{"_joinchat":[],"footnotes":""},"class_list":["post-26530","page","type-page","status-publish","hentry"],"_links":{"self":[{"href":"https:\/\/oknatura.com\/de\/wp-json\/wp\/v2\/pages\/26530","targetHints":{"allow":["GET"]}}],"collection":[{"href":"https:\/\/oknatura.com\/de\/wp-json\/wp\/v2\/pages"}],"about":[{"href":"https:\/\/oknatura.com\/de\/wp-json\/wp\/v2\/types\/page"}],"author":[{"embeddable":true,"href":"https:\/\/oknatura.com\/de\/wp-json\/wp\/v2\/users\/4254"}],"replies":[{"embeddable":true,"href":"https:\/\/oknatura.com\/de\/wp-json\/wp\/v2\/comments?post=26530"}],"version-history":[{"count":5,"href":"https:\/\/oknatura.com\/de\/wp-json\/wp\/v2\/pages\/26530\/revisions"}],"predecessor-version":[{"id":57974,"href":"https:\/\/oknatura.com\/de\/wp-json\/wp\/v2\/pages\/26530\/revisions\/57974"}],"wp:attachment":[{"href":"https:\/\/oknatura.com\/de\/wp-json\/wp\/v2\/media?parent=26530"}],"curies":[{"name":"wp","href":"https:\/\/api.w.org\/{rel}","templated":true}]}}