{"id":26562,"date":"2023-10-07T19:34:59","date_gmt":"2023-10-08T00:34:59","guid":{"rendered":"https:\/\/oknatura.com\/import-lieferdienste-ok-natura"},"modified":"2025-09-05T05:34:34","modified_gmt":"2025-09-05T10:34:34","slug":"import-lieferdienste-ok-natura","status":"publish","type":"page","link":"https:\/\/oknatura.com\/de\/import-lieferdienste-ok-natura\/","title":{"rendered":"Import-Lieferdienste | Ok Natura"},"content":{"rendered":"\t\t<div data-elementor-type=\"wp-page\" data-elementor-id=\"26562\" class=\"elementor elementor-26562 elementor-21953\" data-elementor-post-type=\"page\">\n\t\t\t\t\t\t<section data-particle_enable=\"false\" data-particle-mobile-disabled=\"false\" class=\"porto-full-no-gap elementor-section elementor-top-section elementor-element elementor-element-a747d90 elementor-section-full_width elementor-section-height-min-height elementor-section-height-default elementor-section-items-middle\" data-id=\"a747d90\" data-element_type=\"section\" data-e-type=\"section\" data-settings=\"{&quot;background_background&quot;:&quot;classic&quot;}\">\r\n\t\t\r\n\t\t\t\t\t\t\t<div class=\"elementor-container elementor-column-gap-no\">\r\n\t\t\t\t\t\t\t\t\t\t\t<div class=\"elementor-column elementor-col-100 elementor-top-column elementor-element elementor-element-da11f58\" data-id=\"da11f58\" data-element_type=\"column\" data-e-type=\"column\">\r\n\t\t\t\t\t<div class=\"elementor-widget-wrap\">\r\n\t\t\t\t\t\t\t\t\t<\/div>\r\n\t\t\t\t<\/div>\r\n\t\t\t\t\t<\/div>\r\n\t\t\t\t<\/section>\r\n\t\t\t\t<section data-particle_enable=\"false\" data-particle-mobile-disabled=\"false\" class=\"elementor-section elementor-top-section elementor-element elementor-element-34bad9d elementor-section-content-middle elementor-section-boxed elementor-section-height-default elementor-section-height-default\" data-id=\"34bad9d\" data-element_type=\"section\" data-e-type=\"section\">\r\n\t\t\r\n\t\t\t\t\t\t\t<div class=\"elementor-container elementor-column-gap-no\">\r\n\t\t\t\t\t\t\t\t\t\t\t<div class=\"elementor-column elementor-col-50 elementor-top-column elementor-element elementor-element-38cfc21\" data-id=\"38cfc21\" data-element_type=\"column\" data-e-type=\"column\">\r\n\t\t\t\t\t<div class=\"elementor-widget-wrap elementor-element-populated\">\r\n\t\t\t\t\t\t\t\t<div class=\"elementor-element elementor-element-914a593 animated-slow elementor-invisible elementor-widget elementor-widget-heading\" data-id=\"914a593\" data-element_type=\"widget\" data-e-type=\"widget\" data-settings=\"{&quot;_animation&quot;:&quot;fadeInUp&quot;,&quot;_animation_delay&quot;:300}\" data-widget_type=\"heading.default\">\n\t\t\t\t\t<h1 class=\"elementor-heading-title elementor-size-default\">Import-Lieferdienste | Ok Natura<\/h1>\t\t\t\t<\/div>\n\t\t\t\t<div class=\"elementor-element elementor-element-8e1df64 elementor-icon-list--layout-inline animated-slow elementor-list-item-link-full_width elementor-invisible elementor-widget elementor-widget-icon-list\" data-id=\"8e1df64\" data-element_type=\"widget\" data-e-type=\"widget\" data-settings=\"{&quot;_animation&quot;:&quot;fadeInUp&quot;,&quot;_animation_delay&quot;:300}\" data-widget_type=\"icon-list.default\">\n\t\t\t\t\t\t\t<ul class=\"elementor-icon-list-items elementor-inline-items\">\n\t\t\t\t\t\t\t<li class=\"elementor-icon-list-item elementor-inline-item\">\n\t\t\t\t\t\t\t\t\t\t\t<a href=\"https:\/\/oknatura.com\/de\/\">\n\n\t\t\t\t\t\t\t\t\t\t\t<span class=\"elementor-icon-list-text\">Zur\u00fcck nach Hause<\/span>\n\t\t\t\t\t\t\t\t\t\t\t<\/a>\n\t\t\t\t\t\t\t\t\t<\/li>\n\t\t\t\t\t\t<\/ul>\n\t\t\t\t\t\t<\/div>\n\t\t\t\t\t<\/div>\r\n\t\t\t\t<\/div>\r\n\t\t\t\t<div class=\"elementor-column elementor-col-50 elementor-top-column elementor-element elementor-element-02b7dc3\" data-id=\"02b7dc3\" data-element_type=\"column\" data-e-type=\"column\">\r\n\t\t\t\t\t<div class=\"elementor-widget-wrap elementor-element-populated\">\r\n\t\t\t\t\t\t\t\t<div class=\"elementor-element elementor-element-d0bddab animated-slow elementor-invisible elementor-widget elementor-widget-image\" data-id=\"d0bddab\" data-element_type=\"widget\" data-e-type=\"widget\" data-settings=\"{&quot;_animation&quot;:&quot;fadeIn&quot;,&quot;_animation_delay&quot;:300}\" data-widget_type=\"image.default\">\n\t\t\t\t\t\t\t\t\t\t\t\t\t\t\t<img fetchpriority=\"high\" decoding=\"async\" width=\"860\" height=\"210\" src=\"https:\/\/oknatura.com\/wp-content\/uploads\/2023\/10\/selva.jpg\" class=\"attachment-full size-full wp-image-26445\" alt=\"Collections - Alle Produkte\" srcset=\"https:\/\/oknatura.com\/wp-content\/uploads\/2023\/10\/selva.jpg 860w, https:\/\/oknatura.com\/wp-content\/uploads\/2023\/10\/selva-768x188.jpg 768w, https:\/\/oknatura.com\/wp-content\/uploads\/2023\/10\/selva-640x156.jpg 640w, https:\/\/oknatura.com\/wp-content\/uploads\/2023\/10\/selva-400x98.jpg 400w, https:\/\/oknatura.com\/wp-content\/uploads\/2023\/10\/selva-600x147.jpg 600w\" sizes=\"(max-width: 860px) 100vw, 860px\" title=\"\">\t\t\t\t\t\t\t\t\t\t\t\t\t\t\t<\/div>\n\t\t\t\t\t<\/div>\r\n\t\t\t\t<\/div>\r\n\t\t\t\t\t<\/div>\r\n\t\t\t\t<\/section>\r\n\t\t<div data-particle_enable=\"false\" data-particle-mobile-disabled=\"false\" class=\"elementor-element elementor-element-a6bc934 e-flex e-con-boxed e-con e-parent\" data-id=\"a6bc934\" data-element_type=\"container\" data-e-type=\"container\">\r\n\t\t\t\t\t<div class=\"e-con-inner\">\r\n\t\t\t\t<div class=\"elementor-element elementor-element-1911dad elementor-widget elementor-widget-heading\" data-id=\"1911dad\" data-element_type=\"widget\" data-e-type=\"widget\" data-widget_type=\"heading.default\">\n\t\t\t\t\t<h2 class=\"elementor-heading-title elementor-size-default\">Import-Lieferdienste<\/h2>\t\t\t\t<\/div>\n\t\t\t\t<div class=\"elementor-element elementor-element-fd9c068 elementor-widget elementor-widget-text-editor\" data-id=\"fd9c068\" data-element_type=\"widget\" data-e-type=\"widget\" data-widget_type=\"text-editor.default\">\n\t\t\t\t\t\t\t\t\t<p>Importdienste werden von DHL oder FedEx angeboten. Wenn Sie importieren m\u00f6chten, m\u00fcssen Sie uns im Voraus benachrichtigen und diese Schritte befolgen:<\/p><ol><li><h4><span style=\"font-size: 17px; color: #000000;\">Sie m\u00fcssen an die E-Mail info@oknatura.com mit dem Betreff &#8222;Import Express DHL oder FedEx&#8220; schreiben, je nachdem, welches Transportunternehmen Sie w\u00fcnschen. Sie m\u00fcssen nicht nur angeben, welche Produkte Sie w\u00fcnschen, sondern auch, welche Mengen.<\/span><\/h4><\/li><li><h4><span style=\"font-size: 17px; color: #000000;\"><span class=\"jCAhz ChMk0b\"><span class=\"ryNqvb\">Schreiben Sie den Benutzer, wenn Sie einen registrierten Benutzer mit den Adressen und alle Informationen der Person, die Sie wollen, dass die Bestellung zu gelangen.<\/span><\/span> <span class=\"jCAhz ChMk0b\"><span class=\"ryNqvb\">Sie k\u00f6nnen die Daten auch an dieselbe E-Mail anh\u00e4ngen.<\/span><\/span><\/span><\/h4><\/li><li><h4><span style=\"font-size: 17px; color: #000000;\">Sie m\u00fcssen abwarten, bis Ihnen die vorl\u00e4ufige Bestellung entsprechend den Daten, die Sie in der E-Mail zur Genehmigung angegeben haben, zugesandt wird.<\/span><\/h4><\/li><li><h4><span style=\"font-size: 17px; color: #000000;\">Sobald die vorl\u00e4ufige Bestellung genehmigt wurde, k\u00f6nnen Sie die Zahlung vornehmen, sobald Sie eine entsprechende E-Mail erhalten haben.<\/span><\/h4><\/li><li><h4><span style=\"font-size: 17px; color: #000000;\">Nach erfolgter Zahlung erhalten Sie die Handelsrechnung, in der wir die Namen, die Mengen und den Wert der von Ihnen bestellten Produkte angeben.<\/span><\/h4><\/li><li><h4><span style=\"font-size: 17px; color: #000000;\">Auf der Handelsrechnung finden Sie alle Daten, die Sie ben\u00f6tigen, um die DHL- oder FedEx-Anleitung auszuf\u00fchren. Sie m\u00fcssen die Abholdaten und die Beschreibungen aufschreiben, die genau so sein m\u00fcssen, wie sie auf der gesendeten Handelsrechnung stehen.<\/span><\/h4><\/li><li><h4><span style=\"font-size: 17px; color: #000000;\">Sobald diese vorbereitet ist, sollten Sie darauf warten, dass wir Ihnen best\u00e4tigen, dass das Paket fertig ist, damit Sie die Abholung planen k\u00f6nnen.<\/span><\/h4><\/li><li><h4><span style=\"font-size: 17px; color: #000000;\">Nachdem das Paket abgeholt wurde, m\u00fcssen Sie nur noch darauf warten, dass es bei Ihnen ankommt, und au\u00dferdem auf jede Mitteilung achten, die DHL an Sie richten k\u00f6nnte.<\/span><\/h4><\/li><\/ol><p><strong>Hinweis:<\/strong> Der Versand wird von Ihnen direkt an DHL oder FedEx bezahlt, wir werden die <span style=\"font-size: 17px;\">Vorbestellung<\/span> mit einem Rabatt auf die Versandkosten vornehmen.<\/p><p>Das gleiche Verfahren gilt, wenn Sie ein eigenes DHL- oder FedEx-Konto haben oder ein solches einrichten wollen.<\/p>\t\t\t\t\t\t\t\t<\/div>\n\t\t\t\t\t<\/div>\n\t\t\t\t<\/div>\n\t\t<div data-particle_enable=\"false\" data-particle-mobile-disabled=\"false\" class=\"elementor-element elementor-element-ee7b69d elementor-hidden-desktop elementor-hidden-tablet elementor-hidden-mobile e-flex e-con-boxed e-con e-parent\" data-id=\"ee7b69d\" data-element_type=\"container\" data-e-type=\"container\">\r\n\t\t\t\t\t<div class=\"e-con-inner\">\r\n\t\t\t\t<div class=\"elementor-element elementor-element-d873576 elementor-widget elementor-widget-heading\" data-id=\"d873576\" data-element_type=\"widget\" data-e-type=\"widget\" data-widget_type=\"heading.default\">\n\t\t\t\t\t<h2 class=\"elementor-heading-title elementor-size-default\">Import-Lieferdienste<\/h2>\t\t\t\t<\/div>\n\t\t\t\t\t<\/div>\n\t\t\t\t<\/div>\n\t\t<div data-particle_enable=\"false\" data-particle-mobile-disabled=\"false\" class=\"elementor-element elementor-element-0165c3b elementor-hidden-desktop elementor-hidden-tablet elementor-hidden-mobile e-flex e-con-boxed e-con e-parent\" data-id=\"0165c3b\" data-element_type=\"container\" data-e-type=\"container\">\r\n\t\t\t\t\t<div class=\"e-con-inner\">\r\n\t\t\t\t<div class=\"elementor-element elementor-element-128470a elementor-widget elementor-widget-image\" data-id=\"128470a\" data-element_type=\"widget\" data-e-type=\"widget\" data-widget_type=\"image.default\">\n\t\t\t\t\t\t\t\t\t\t\t\t\t\t\t\t<a href=\"https:\/\/www.facebook.com\/ok.natura.pe?locale=es_LA\" rel=\"nofollow noopener\" target=\"_blank\">\n\t\t\t\t\t\t\t<img decoding=\"async\" width=\"1024\" height=\"326\" src=\"https:\/\/oknatura.com\/wp-content\/uploads\/2024\/02\/SERVICIOS-DE-ENTREGA-DE-IMPORTACIONES-1024x326.jpg\" class=\"attachment-large size-large wp-image-38765\" alt=\"Servicios de entrega de importaciones\" srcset=\"https:\/\/oknatura.com\/wp-content\/uploads\/2024\/02\/SERVICIOS-DE-ENTREGA-DE-IMPORTACIONES-1024x326.jpg 1024w, https:\/\/oknatura.com\/wp-content\/uploads\/2024\/02\/SERVICIOS-DE-ENTREGA-DE-IMPORTACIONES-600x191.jpg 600w, https:\/\/oknatura.com\/wp-content\/uploads\/2024\/02\/SERVICIOS-DE-ENTREGA-DE-IMPORTACIONES-768x244.jpg 768w, https:\/\/oknatura.com\/wp-content\/uploads\/2024\/02\/SERVICIOS-DE-ENTREGA-DE-IMPORTACIONES-640x204.jpg 640w, https:\/\/oknatura.com\/wp-content\/uploads\/2024\/02\/SERVICIOS-DE-ENTREGA-DE-IMPORTACIONES-400x127.jpg 400w\" sizes=\"(max-width: 1024px) 100vw, 1024px\" title=\"\">\t\t\t\t\t\t\t\t<\/a>\n\t\t\t\t\t\t\t\t\t\t\t\t\t\t\t<\/div>\n\t\t\t\t\t<\/div>\n\t\t\t\t<\/div>\n\t\t<div data-particle_enable=\"false\" data-particle-mobile-disabled=\"false\" class=\"elementor-element elementor-element-3d3dabd elementor-hidden-desktop elementor-hidden-tablet elementor-hidden-mobile e-flex e-con-boxed e-con e-parent\" data-id=\"3d3dabd\" data-element_type=\"container\" data-e-type=\"container\">\r\n\t\t\t\t\t<div class=\"e-con-inner\">\r\n\t\t<div data-particle_enable=\"false\" data-particle-mobile-disabled=\"false\" class=\"elementor-element elementor-element-be74ed0 e-con-full e-flex e-con e-child\" data-id=\"be74ed0\" data-element_type=\"container\" data-e-type=\"container\">\r\n\t\t\t\t<div class=\"elementor-element elementor-element-5360dfe elementor-widget elementor-widget-image\" data-id=\"5360dfe\" data-element_type=\"widget\" data-e-type=\"widget\" data-widget_type=\"image.default\">\n\t\t\t\t\t\t\t\t\t\t\t\t\t\t\t<img decoding=\"async\" width=\"1000\" height=\"1000\" src=\"https:\/\/oknatura.com\/wp-content\/uploads\/2024\/02\/EXPORTACIONES.jpg\" class=\"attachment-large size-large wp-image-38773\" alt=\"\" srcset=\"https:\/\/oknatura.com\/wp-content\/uploads\/2024\/02\/EXPORTACIONES.jpg 1000w, https:\/\/oknatura.com\/wp-content\/uploads\/2024\/02\/EXPORTACIONES-600x600.jpg 600w, https:\/\/oknatura.com\/wp-content\/uploads\/2024\/02\/EXPORTACIONES-768x768.jpg 768w, https:\/\/oknatura.com\/wp-content\/uploads\/2024\/02\/EXPORTACIONES-640x640.jpg 640w, https:\/\/oknatura.com\/wp-content\/uploads\/2024\/02\/EXPORTACIONES-400x400.jpg 400w\" sizes=\"(max-width: 1000px) 100vw, 1000px\" title=\"\">\t\t\t\t\t\t\t\t\t\t\t\t\t\t\t<\/div>\n\t\t\t\t<\/div>\n\t\t<div data-particle_enable=\"false\" data-particle-mobile-disabled=\"false\" class=\"elementor-element elementor-element-2835a72 e-con-full e-flex e-con e-child\" data-id=\"2835a72\" data-element_type=\"container\" data-e-type=\"container\">\r\n\t\t\t\t<div class=\"elementor-element elementor-element-7127df2 elementor-widget elementor-widget-image\" data-id=\"7127df2\" data-element_type=\"widget\" data-e-type=\"widget\" data-widget_type=\"image.default\">\n\t\t\t\t\t\t\t\t\t\t\t\t\t\t\t<img loading=\"lazy\" decoding=\"async\" width=\"1000\" height=\"1000\" src=\"https:\/\/oknatura.com\/wp-content\/uploads\/2024\/02\/EXPO.jpg\" class=\"attachment-large size-large wp-image-38777\" alt=\"\" srcset=\"https:\/\/oknatura.com\/wp-content\/uploads\/2024\/02\/EXPO.jpg 1000w, https:\/\/oknatura.com\/wp-content\/uploads\/2024\/02\/EXPO-600x600.jpg 600w, https:\/\/oknatura.com\/wp-content\/uploads\/2024\/02\/EXPO-768x768.jpg 768w, https:\/\/oknatura.com\/wp-content\/uploads\/2024\/02\/EXPO-640x640.jpg 640w, https:\/\/oknatura.com\/wp-content\/uploads\/2024\/02\/EXPO-400x400.jpg 400w\" sizes=\"(max-width: 1000px) 100vw, 1000px\" title=\"\">\t\t\t\t\t\t\t\t\t\t\t\t\t\t\t<\/div>\n\t\t\t\t<\/div>\n\t\t\t\t\t<\/div>\n\t\t\t\t<\/div>\n\t\t\t\t<\/div>\n\t\t","protected":false},"excerpt":{"rendered":"<p>Import-Lieferdienste | Ok Natura Zur\u00fcck nach Hause Import-Lieferdienste Importdienste werden von DHL oder FedEx angeboten. Wenn Sie importieren m\u00f6chten, m\u00fcssen Sie uns im Voraus benachrichtigen und diese Schritte befolgen: Sie m\u00fcssen an die E-Mail info@oknatura.com mit dem Betreff &#8222;Import Express DHL oder FedEx&#8220; schreiben, je nachdem, welches Transportunternehmen Sie w\u00fcnschen. Sie m\u00fcssen nicht nur angeben, [&hellip;]<\/p>\n","protected":false},"author":4254,"featured_media":0,"parent":0,"menu_order":0,"comment_status":"closed","ping_status":"closed","template":"","meta":{"_joinchat":[],"footnotes":""},"class_list":["post-26562","page","type-page","status-publish","hentry"],"_links":{"self":[{"href":"https:\/\/oknatura.com\/de\/wp-json\/wp\/v2\/pages\/26562","targetHints":{"allow":["GET"]}}],"collection":[{"href":"https:\/\/oknatura.com\/de\/wp-json\/wp\/v2\/pages"}],"about":[{"href":"https:\/\/oknatura.com\/de\/wp-json\/wp\/v2\/types\/page"}],"author":[{"embeddable":true,"href":"https:\/\/oknatura.com\/de\/wp-json\/wp\/v2\/users\/4254"}],"replies":[{"embeddable":true,"href":"https:\/\/oknatura.com\/de\/wp-json\/wp\/v2\/comments?post=26562"}],"version-history":[{"count":3,"href":"https:\/\/oknatura.com\/de\/wp-json\/wp\/v2\/pages\/26562\/revisions"}],"predecessor-version":[{"id":67612,"href":"https:\/\/oknatura.com\/de\/wp-json\/wp\/v2\/pages\/26562\/revisions\/67612"}],"wp:attachment":[{"href":"https:\/\/oknatura.com\/de\/wp-json\/wp\/v2\/media?parent=26562"}],"curies":[{"name":"wp","href":"https:\/\/api.w.org\/{rel}","templated":true}]}}