{"id":26311,"date":"2023-11-28T17:36:13","date_gmt":"2023-11-28T22:36:13","guid":{"rendered":"https:\/\/oknatura.com\/products\/bufo-toad-venom-1gr-bei-5gr-bufo-alvarius-toad-100-reines-5-meo-dmt-natuerlich"},"modified":"2026-02-22T16:33:40","modified_gmt":"2026-02-22T21:33:40","slug":"bufo-kroetengift-alvarius-5-meo-dmt-natural","status":"publish","type":"product","link":"https:\/\/oknatura.com\/de\/produkte\/bufo-kroetengift-alvarius-5-meo-dmt-natural\/","title":{"rendered":"BUFO TOAD VENOM \/ 1gr bei 5gr - (Bufo Alvarius Toad) 100% reines 5-MeO-DMT nat\u00fcrlich"},"content":{"rendered":"<h1><strong>BUFO TOAD VENOM (Bufo Alvarius Kr\u00f6te) 100% reines 5-MeO-DMT nat\u00fcrlich<\/strong><\/h1>\n<h2><strong>Wof\u00fcr wird BUFO verwendet?<\/strong><\/h2>\n<ul>\n<li>Die Kr\u00f6te Bufo Alvarius sondert psychoaktive Substanzen ab.<\/li>\n<li>Es wird in traditionellen indigenen Ritualen verwendet.<\/li>\n<li>Bietet entheogene Erfahrungen f\u00fcr einige Personen.<\/li>\n<li>Ihr Gift enth\u00e4lt 5-MeO-DMT, ein starkes Halluzinogen.<\/li>\n<li>Hat Interesse an alternativen psychedelischen Therapien gewonnen.<\/li>\n<\/ul>\n<h2><strong>Wie es zu verwenden ist, Dosierung und Dienstprogramme:<\/strong><\/h2>\n<ul>\n<li>Bei der Verwendung der Bufo-Alvarius-Kr\u00f6te wird ihr Gift extrahiert und zur Inhalation verdampft, \u00fcblicherweise in einem zeremoniellen Rahmen.<\/li>\n<li>Die Dosierung ist unterschiedlich, aber es ist wichtig, mit einer kleinen Menge zu beginnen, da sie sehr wirksam ist.<\/li>\n<li>Das Gift der Kr\u00f6te enth\u00e4lt 5-MeO-DMT, das intensive, kurz anhaltende psychedelische Erfahrungen hervorruft.<\/li>\n<li>Einige glauben, dass sie ein therapeutisches Potenzial f\u00fcr die psychische Gesundheit und die spirituelle Erforschung bietet.<\/li>\n<li>Geben Sie der Sicherheit den Vorrang, indem Sie sich von erfahrenen Fachleuten beraten lassen und die gesetzlichen Einschr\u00e4nkungen beachten.<\/li>\n<\/ul>\n<h2><strong>Andere Namen, unter denen sie bekannt ist:<\/strong><\/h2>\n<ul>\n<li>Sonoran-W\u00fcstenkr\u00f6te.<\/li>\n<li>Colorado River-Kr\u00f6te.<\/li>\n<li>Incilius alvarius.<\/li>\n<li>Bufo alvarius.<\/li>\n<\/ul>\n<h2><strong>Pros (Vorteile):<\/strong><\/h2>\n<ul>\n<li>Bietet intensive, kurze mystische Erfahrungen mit Potenzial f\u00fcr pers\u00f6nliches Wachstum.<\/li>\n<li>Einige Nutzer berichten, dass sie weniger Angstzust\u00e4nde, Depressionen und Suchttendenzen haben.<\/li>\n<li>Erforschung des Bewusstseins und spirituelle Erkenntnisse.<\/li>\n<li>M\u00f6gliche therapeutische Anwendungen unter kontrollierten Bedingungen.<\/li>\n<li>Nat\u00fcrliche, nicht-synthetische Quelle von 5-MeO-DMT.<\/li>\n<li>Kulturelle und indigene Bedeutung in Ritualen.<\/li>\n<li>Ausweitung der Forschung zum psychologischen und medizinischen Nutzen.<\/li>\n<\/ul>\n<h2><strong>Nachteile (Warnhinweise und Sicherheit):<\/strong><\/h2>\n<ul>\n<li>Hohes Risiko von unerw\u00fcnschten Reaktionen aufgrund seiner Potenz.<\/li>\n<li>Rechtliche Einschr\u00e4nkungen in einigen Regionen; m\u00f6gliche rechtliche Konsequenzen.<\/li>\n<li>Fehlen einer standardisierten Dosierung und Gefahr der \u00dcberdosierung.<\/li>\n<\/ul>\n<h2>F\u00fcr eine sichere und verantwortungsvolle Nutzung ist eine erfahrene Begleitung erforderlich.<\/h2>\n<blockquote><p><strong>Anmerkung:<\/strong><\/p>\n<p>Die Produkte von OK Natural werden in ihrem reinen Zustand und zu 100 % nat\u00fcrlichen Ursprungs gewonnen und an die einheimische Bev\u00f6lkerung verkauft. Sie enthalten keine Pestizide, Chemikalien, Herbizide oder andere k\u00fcnstliche Stoffe. <\/p>\n<p><strong>Haftungsausschluss:<\/strong><\/p><\/blockquote>\n<ul>\n<li>\n<blockquote><p>Alle Produkte sind in unserem Herkunftsland legal, es liegt in der Verantwortung des Kunden, die Legalit\u00e4t im Zielland zu pr\u00fcfen.<\/p><\/blockquote>\n<\/li>\n<li>\n<blockquote><p>Die Anwendung dieser Naturprodukte ersetzt nicht die \u00e4rztliche Beratung.<\/p><\/blockquote>\n<\/li>\n<li>\n<blockquote><p>Sie impliziert in keiner Weise medizinische Behauptungen \u00fcber die F\u00e4higkeit oder Wirksamkeit eines unserer Produkte zur Behandlung, Vorbeugung oder Linderung einer Krankheit oder eines Leidens.<\/p><\/blockquote>\n<\/li>\n<li>\n<blockquote><p>Die Verwendung und Anwendung unserer Produkte liegt in der alleinigen Verantwortung des Kunden.<\/p><\/blockquote>\n<\/li>\n<li>\n<blockquote><p>Diese Wirkungen dieses Produkts werden durch die empirischen Erfahrungen der alten traditionellen Medizin mit hervorragenden Ergebnissen unterst\u00fctzt.<\/p><\/blockquote>\n<\/li>\n<li>\n<blockquote><p>Das Fehlen sch\u00e4dlicher Nebenwirkungen, wenn es in der richtigen Dosis verabreicht wird. Die hier genannten Informationen sind jedoch keineswegs eine Verordnung oder Vorschrift. <\/p><\/blockquote>\n<\/li>\n<li>\n<blockquote><p>Die darin enthaltenen Aussagen und Links zu Websites wurden nicht von der FDA oder internationalen Lebensmittel- und Arzneimittelbeh\u00f6rden bewertet.<\/p><\/blockquote>\n<\/li>\n<\/ul>\n","protected":false},"excerpt":{"rendered":"<p>BUFO TOAD VENOM (Bufo Alvarius Kr\u00f6te) 100% reines 5-MeO-DMT nat\u00fcrlich Wof\u00fcr wird BUFO verwendet? Die Kr\u00f6te Bufo Alvarius sondert psychoaktive Substanzen ab. Es wird in traditionellen indigenen Ritualen verwendet. Bietet entheogene Erfahrungen f\u00fcr einige Personen. Ihr Gift enth\u00e4lt 5-MeO-DMT, ein starkes Halluzinogen. Hat Interesse an alternativen psychedelischen Therapien gewonnen. Wie es zu verwenden ist, Dosierung [&hellip;]<\/p>\n","protected":false},"featured_media":63905,"comment_status":"open","ping_status":"closed","template":"","meta":{"_joinchat":[]},"product_brand":[],"product_cat":[2640,2661],"product_tag":[],"giftcard-category":[],"class_list":{"0":"post-26311","1":"product","2":"type-product","3":"status-publish","4":"has-post-thumbnail","6":"product_cat-kambo-de","7":"product_cat-verkauf-nationale-post","8":"product_shipping_class-paste-extract-de","9":"pa_badge-2-bewertungen","10":"pa_rating-scale_min1-0scale_max5-0value5-0-de","11":"pa_rating_count-2-de","12":"pa_review_count-47-de","13":"pa_review_enabled-1-de","14":"pa_review_rating-4-9-de","15":"pa_widget-jdgm-rev-widg-display-none-kundenrezensionen-basierend-auf-2-rezensionen-schreibe-eine-rezension-100-2-0-0-0-0-0-0-0-0-j","17":"first","18":"instock","19":"sale","20":"shipping-taxable","21":"purchasable","22":"product-type-variable"},"_links":{"self":[{"href":"https:\/\/oknatura.com\/de\/wp-json\/wp\/v2\/product\/26311","targetHints":{"allow":["GET"]}}],"collection":[{"href":"https:\/\/oknatura.com\/de\/wp-json\/wp\/v2\/product"}],"about":[{"href":"https:\/\/oknatura.com\/de\/wp-json\/wp\/v2\/types\/product"}],"replies":[{"embeddable":true,"href":"https:\/\/oknatura.com\/de\/wp-json\/wp\/v2\/comments?post=26311"}],"version-history":[{"count":1,"href":"https:\/\/oknatura.com\/de\/wp-json\/wp\/v2\/product\/26311\/revisions"}],"predecessor-version":[{"id":54207,"href":"https:\/\/oknatura.com\/de\/wp-json\/wp\/v2\/product\/26311\/revisions\/54207"}],"wp:featuredmedia":[{"embeddable":true,"href":"https:\/\/oknatura.com\/de\/wp-json\/wp\/v2\/media\/63905"}],"wp:attachment":[{"href":"https:\/\/oknatura.com\/de\/wp-json\/wp\/v2\/media?parent=26311"}],"wp:term":[{"taxonomy":"product_brand","embeddable":true,"href":"https:\/\/oknatura.com\/de\/wp-json\/wp\/v2\/product_brand?post=26311"},{"taxonomy":"product_cat","embeddable":true,"href":"https:\/\/oknatura.com\/de\/wp-json\/wp\/v2\/product_cat?post=26311"},{"taxonomy":"product_tag","embeddable":true,"href":"https:\/\/oknatura.com\/de\/wp-json\/wp\/v2\/product_tag?post=26311"},{"taxonomy":"giftcard-category","embeddable":true,"href":"https:\/\/oknatura.com\/de\/wp-json\/wp\/v2\/giftcard-category?post=26311"}],"curies":[{"name":"wp","href":"https:\/\/api.w.org\/{rel}","templated":true}]}}