{"id":26363,"date":"2023-10-20T18:58:11","date_gmt":"2023-10-20T23:58:11","guid":{"rendered":"https:\/\/oknatura.com\/products\/geschenkkarte-das-perfekte-geschenk-fuer-jeden-anlass"},"modified":"2025-06-13T05:39:57","modified_gmt":"2025-06-13T10:39:57","slug":"geschenkkarte","status":"publish","type":"product","link":"https:\/\/oknatura.com\/de\/produkte\/geschenkkarte\/","title":{"rendered":"Geschenkkarte: Das perfekte Geschenk f\u00fcr jeden Anlass"},"content":{"rendered":"<h1>Geschenkkarte - Ok Natura: Das perfekte Geschenk f\u00fcr jeden Anlass<\/h1>\n<h2>Beschreibung des Produkts<\/h2>\n<p>Sind Sie auf der Suche nach dem ultimativen Geschenk, das Ihnen ein L\u00e4cheln garantiert? Suchen Sie nicht weiter! Die Ok Natura-Geschenkkarte ist Ihr Reisepass in eine Welt voller k\u00f6stlicher Auswahlm\u00f6glichkeiten. Ob f\u00fcr Geburtstage, Feiertage oder einfach nur, um jemandem zu zeigen, dass man ihn gern hat - unsere Geschenkkarte erm\u00f6glicht ein auf individuelle Vorlieben zugeschnittenes Einkaufserlebnis.<\/p>\n<p>Diese digitale Karte ist ein vielseitiges und durchdachtes Geschenk, das es Ihren Lieben erm\u00f6glicht, aus unserem vielf\u00e4ltigen Angebot zu w\u00e4hlen. Die Ok Natura Geschenkkarte ist der Schl\u00fcssel zu einer Welt voller M\u00f6glichkeiten, von Wellness bis hin zu Naturwundern.<\/p>\n<h2>Anleitungen und Empfehlungen: Die Freude von Ok Natura auspacken<\/h2>\n<h3>So bereiten Sie die Geschenkkarte vor und verwenden sie:<\/h3>\n<ol>\n<li><strong>Digitales Vergn\u00fcgen:<\/strong> Die Ok Natura Card ist ein digitaler Schatz. Nach dem Kauf erhalten Sie es in Ihrer E-Mail und k\u00f6nnen es an den von Ihnen gew\u00e4hlten Empf\u00e4nger senden.<\/li>\n<li><strong>Einfache Einl\u00f6sung:<\/strong> Um den Gutschein einzul\u00f6sen, muss der gl\u00fcckliche Empf\u00e4nger lediglich den einmaligen Code an der Kasse auf der Ok Natura Website eingeben.<\/li>\n<li><strong>Gro\u00dfe Auswahl:<\/strong> Von biologischer Hautpflege bis hin zu Nahrungserg\u00e4nzungsmitteln - mit der Geschenkkarte k\u00f6nnen Sie eine F\u00fclle von Wellness-Produkten entdecken und genie\u00dfen.<\/li>\n<\/ol>\n<h3>Dosierung der Freude:<\/h3>\n<ul>\n<li><strong>W\u00e4hlen Sie Ihren Wert:<\/strong> Die Geschenkkarte ist in verschiedenen St\u00fcckelungen erh\u00e4ltlich, so dass Sie das Geschenk an Ihr Budget und die Vorlieben des Empf\u00e4ngers anpassen k\u00f6nnen.<\/li>\n<li><strong>Kein Verfallsdatum:<\/strong> Die Freude an Ok Natura ist zeitlos! Unsere Geschenke haben kein Verfallsdatum, so dass der Empf\u00e4nger die Freiheit hat, in seinem eigenen Tempo einzukaufen.<\/li>\n<\/ul>\n<h3>Kuriosit\u00e4ten \u00fcber die N\u00fctzlichkeit der Geschenkkarte:<\/h3>\n<ul>\n<li><strong>Personalisiertes Einkaufen:<\/strong> Das Ok Natura Geschenk ist der Inbegriff des personalisierten Schenkens. Lassen Sie Ihre Liebsten genau das ausw\u00e4hlen, was sie brauchen oder w\u00fcnschen.<\/li>\n<li><strong>Umweltfreundlich:<\/strong> Im Einklang mit dem Engagement von Ok Natura f\u00fcr Nachhaltigkeit sind unsere Geschenke digital, wodurch der Bedarf an physischen Ressourcen reduziert wird.<\/li>\n<\/ul>\n<h2>Schlussfolgerung: Verbessern Sie Ihr Geschenkespiel mit Ok Natura<\/h2>\n<p>Wenn Sie \u00fcber die Ok Natura Geschenkkarte nachdenken, stellen Sie sich die Freude vor, die sie Ihren Freunden und Ihrer Familie bereiten wird. Es ist nicht nur ein Geschenk, sondern eine Gelegenheit f\u00fcr sie, ihre Wellness-Reise selbst zu gestalten. Verpassen Sie nicht die Chance, ein Erlebnis, einen Moment der Freude und einen Hauch von nat\u00fcrlicher G\u00fcte zu verschenken.<\/p>\n","protected":false},"excerpt":{"rendered":"<p>Geschenkkarte - Ok Natura: Das perfekte Geschenk f\u00fcr jeden Anlass Beschreibung des Produkts Sind Sie auf der Suche nach dem ultimativen Geschenk, das Ihnen ein L\u00e4cheln garantiert? Suchen Sie nicht weiter! Die Ok Natura-Geschenkkarte ist Ihr Reisepass in eine Welt voller k\u00f6stlicher Auswahlm\u00f6glichkeiten. Ob f\u00fcr Geburtstage, Feiertage oder einfach nur, um jemandem zu zeigen, dass [&hellip;]<\/p>\n","protected":false},"featured_media":63897,"comment_status":"open","ping_status":"closed","template":"","meta":{"_joinchat":[]},"product_brand":[],"product_cat":[2596,2661],"product_tag":[],"giftcard-category":[2582],"class_list":{"0":"post-26363","1":"product","2":"type-product","3":"status-publish","4":"has-post-thumbnail","6":"product_cat-neue-ankunfte","7":"product_cat-verkauf-nationale-post","8":"product_shipping_class-general-shipping-de","9":"giftcard-category-all","11":"first","12":"instock","13":"purchasable","14":"product-type-variable"},"_links":{"self":[{"href":"https:\/\/oknatura.com\/de\/wp-json\/wp\/v2\/product\/26363","targetHints":{"allow":["GET"]}}],"collection":[{"href":"https:\/\/oknatura.com\/de\/wp-json\/wp\/v2\/product"}],"about":[{"href":"https:\/\/oknatura.com\/de\/wp-json\/wp\/v2\/types\/product"}],"replies":[{"embeddable":true,"href":"https:\/\/oknatura.com\/de\/wp-json\/wp\/v2\/comments?post=26363"}],"version-history":[{"count":1,"href":"https:\/\/oknatura.com\/de\/wp-json\/wp\/v2\/product\/26363\/revisions"}],"predecessor-version":[{"id":57537,"href":"https:\/\/oknatura.com\/de\/wp-json\/wp\/v2\/product\/26363\/revisions\/57537"}],"wp:featuredmedia":[{"embeddable":true,"href":"https:\/\/oknatura.com\/de\/wp-json\/wp\/v2\/media\/63897"}],"wp:attachment":[{"href":"https:\/\/oknatura.com\/de\/wp-json\/wp\/v2\/media?parent=26363"}],"wp:term":[{"taxonomy":"product_brand","embeddable":true,"href":"https:\/\/oknatura.com\/de\/wp-json\/wp\/v2\/product_brand?post=26363"},{"taxonomy":"product_cat","embeddable":true,"href":"https:\/\/oknatura.com\/de\/wp-json\/wp\/v2\/product_cat?post=26363"},{"taxonomy":"product_tag","embeddable":true,"href":"https:\/\/oknatura.com\/de\/wp-json\/wp\/v2\/product_tag?post=26363"},{"taxonomy":"giftcard-category","embeddable":true,"href":"https:\/\/oknatura.com\/de\/wp-json\/wp\/v2\/giftcard-category?post=26363"}],"curies":[{"name":"wp","href":"https:\/\/api.w.org\/{rel}","templated":true}]}}