{"id":27481,"date":"2023-09-06T20:08:58","date_gmt":"2023-09-06T20:08:58","guid":{"rendered":"https:\/\/oknatura.com\/products\/rape-snuff-mulateiro-from-brazil-5gr-at-100gr-100-hergestellt-von-eingeborenen-amazonas-staemmen"},"modified":"2025-08-19T18:08:17","modified_gmt":"2025-08-19T23:08:17","slug":"rape-snuff-mulateiro-aus-brasilien-eingeborenen-amazonas-staemmen","status":"publish","type":"product","link":"https:\/\/oknatura.com\/de\/produkte\/rape-snuff-mulateiro-aus-brasilien-eingeborenen-amazonas-staemmen\/","title":{"rendered":"RAP\u00c9 SNUFF * MULATEIRO (FROM BRAZIL) \/ 5gr at 100gr \/ - 100 % hergestellt von Eingeborenen Amazonas St\u00e4mmen"},"content":{"rendered":"<h2>RAP\u00c9 SNUFF * MULATEIRO (AUS BRASILIEN) - 100 % hergestellt von Eingeborenen des Amazonasgebietes<\/h2>\n<p><strong>Wof\u00fcr wird MULATEIRO RAP\u00c9 SNUFF verwendet?<\/strong><\/p>\n<ul>\n<li>Es ist ein traditioneller amazonischer Schnupftabak, der f\u00fcr spirituelle und heilende Zwecke verwendet wird.<\/li>\n<li>Es wird angenommen, dass es hilft, den Geist zu kl\u00e4ren, die Konzentration zu verbessern und die geistige Klarheit zu f\u00f6rdern.<\/li>\n<li>Es kann zur Unterst\u00fctzung der Meditation und anderer spiritueller Praktiken verwendet werden.<\/li>\n<li>Er wird auch in Stammeszeremonien zur Reinigung und Erdung verwendet.<\/li>\n<\/ul>\n<p><strong>Wie Sie es verwenden, Dosierung und Hilfsmittel:<\/strong><\/p>\n<ul>\n<li>MULATEIRO RAP\u00c9 SNUFF wird typischerweise mit einer Pfeife oder einem Werkzeug namens Kuripe in die Nase geblasen.<\/li>\n<li>Die Dosierung kann je nach den individuellen Bed\u00fcrfnissen und Vorlieben variieren, aber es wird empfohlen, mit einer kleinen Menge zu beginnen und diese allm\u00e4hlich zu erh\u00f6hen.<\/li>\n<li>Er wird oft vor Meditation oder spirituellen Praktiken verwendet, um deren Wirkung zu verst\u00e4rken.<\/li>\n<li>Sie kann auch als Werkzeug zur Erdung und zur Verbindung mit der Natur verwendet werden.<\/li>\n<\/ul>\n<p><strong>Pros (Vorteile):<\/strong><\/p>\n<ul>\n<li>MULATEIRO RAP\u00c9 SNUFF ist ein traditionelles Produkt, das von den indigenen St\u00e4mmen des Amazonas hergestellt wird.<\/li>\n<li>Es hat eine lange Geschichte der Verwendung f\u00fcr spirituelle und heilende Zwecke.<\/li>\n<li>Es kann ein n\u00fctzliches Werkzeug f\u00fcr die Meditation und andere spirituelle Praktiken sein.<\/li>\n<li>Es kann die geistige Klarheit und Konzentration f\u00f6rdern.<\/li>\n<\/ul>\n<p><strong>Nachteile (Warnungen und Sicherheit):<\/strong><\/p>\n<ul>\n<li>Die Verwendung von MULATEIRO RAP\u00c9 SNUFF sollte mit Respekt und Vorsicht angegangen werden.<\/li>\n<li>Es ist wichtig, dass Sie es auf sichere und verantwortungsvolle Weise verwenden.<\/li>\n<li>Es sollte nicht von schwangeren oder stillenden Frauen eingenommen werden, und Personen mit Vorerkrankungen sollten vor der Einnahme einen Arzt konsultieren.<\/li>\n<li>\u00dcberm\u00e4\u00dfiger Gebrauch kann negative Auswirkungen auf K\u00f6rper und Geist haben.<\/li>\n<\/ul>\n<p><em><strong>Hinweis:<\/strong><\/em><br \/>\nOK Natural Produkte werden in reinem Zustand und zu 100% nat\u00fcrlichen Ursprungs an die einheimische Bev\u00f6lkerung vertrieben. Sie enthalten keine Pestizide, Chemikalien, Herbizide oder andere k\u00fcnstliche Substanzen.<\/p>\n<p><em><strong>Haftungsausschluss:<\/strong><\/em><br \/>\n- Diese Wirkungen dieses Produkts werden durch die empirische Erfahrung der alten traditionellen Medizin mit hervorragenden Ergebnissen unterst\u00fctzt. Das Fehlen von sch\u00e4dlichen Nebenwirkungen, wenn es in der richtigen Dosis verabreicht wird. Aber die hier angegebenen Informationen sind keineswegs eine Verordnung oder ein Rezept.<br \/>\n- Die Verwendung dieser nat\u00fcrlichen Produkte ersetzt keine \u00e4rztliche Beratung.<br \/>\n- Alle Produkte sind in unserem Herkunftsland legal, es liegt in der Verantwortung des Kunden, die Legalit\u00e4t im Bestimmungsland zu pr\u00fcfen.<br \/>\n- Die darin enthaltenen Aussagen und Links zu Websites wurden von der FDA und internationalen Lebensmittel- und Arzneimittelbeh\u00f6rden nicht bewertet.<br \/>\n- In keiner Weise implizieren wir medizinische Behauptungen \u00fcber die F\u00e4higkeit oder Wirksamkeit unserer Produkte, Krankheiten oder Leiden zu behandeln, zu verhindern oder zu lindern.<br \/>\n- Die Verwendung und Anwendung unserer Produkte liegt in der alleinigen Verantwortung des Kunden.<\/p>\n","protected":false},"excerpt":{"rendered":"<p>RAP\u00c9 SNUFF * MULATEIRO (AUS BRASILIEN) - 100 % hergestellt von Eingeborenen des Amazonasgebietes Wof\u00fcr wird MULATEIRO RAP\u00c9 SNUFF verwendet? Es ist ein traditioneller amazonischer Schnupftabak, der f\u00fcr spirituelle und heilende Zwecke verwendet wird. Es wird angenommen, dass es hilft, den Geist zu kl\u00e4ren, die Konzentration zu verbessern und die geistige Klarheit zu f\u00f6rdern. Es [&hellip;]<\/p>\n","protected":false},"featured_media":63689,"comment_status":"open","ping_status":"closed","template":"","meta":{"_joinchat":[]},"product_brand":[242],"product_cat":[2596,2731],"product_tag":[],"giftcard-category":[],"class_list":{"0":"post-27481","1":"product","2":"type-product","3":"status-publish","4":"has-post-thumbnail","6":"product_brand-ok-natura","7":"product_cat-neue-ankunfte","8":"product_cat-rape-de","9":"product_shipping_class-general-shipping-de","10":"pa_607093e2895771617990626-rape-snuff-nawa-5gr-100gr-rapes-brasileiro-100-made-natives-amazon-tribes-food-571-jpgoptimized921663c0c14b67aca6a7e264b57fca92id28886545531032pid5903926362264original_filenamer-de","11":"pa_badge-keine-bewertungen","12":"pa_description_tag-zusammensetzung-tabak-brasilianische-minzesche-anwendungen-entspannen-sie-sich-und-werden-sie-ihre-angste-los-medizinische-anwendung-sehr-stark-und-intensiv-hilft-beim-meditieren","13":"pa_review_count-52-de","14":"pa_review_enabled-1-de","15":"pa_review_rating-5-de","16":"pa_talla-100gr-de","17":"pa_talla-10gr-de","18":"pa_talla-1kg-de","19":"pa_talla-20gr-de","20":"pa_talla-30gr-de","21":"pa_talla-4kg-de","22":"pa_talla-50gr-de","23":"pa_talla-5gr-de","24":"pa_title_tag-rape-snuff-mulateiro-for-sale-from-brazil-eingeborene-stamme","25":"pa_widget-jdgm-rev-widg-display-none-kundenrezensionen-seien-sie-der-erste-der-eine-rezension-schreibt-schreiben-sie-eine-rezension-0-0-0-0-0-0-0-0-0-0","27":"first","28":"instock","29":"sale","30":"shipping-taxable","31":"purchasable","32":"product-type-variable"},"_links":{"self":[{"href":"https:\/\/oknatura.com\/de\/wp-json\/wp\/v2\/product\/27481","targetHints":{"allow":["GET"]}}],"collection":[{"href":"https:\/\/oknatura.com\/de\/wp-json\/wp\/v2\/product"}],"about":[{"href":"https:\/\/oknatura.com\/de\/wp-json\/wp\/v2\/types\/product"}],"replies":[{"embeddable":true,"href":"https:\/\/oknatura.com\/de\/wp-json\/wp\/v2\/comments?post=27481"}],"version-history":[{"count":2,"href":"https:\/\/oknatura.com\/de\/wp-json\/wp\/v2\/product\/27481\/revisions"}],"predecessor-version":[{"id":65225,"href":"https:\/\/oknatura.com\/de\/wp-json\/wp\/v2\/product\/27481\/revisions\/65225"}],"wp:featuredmedia":[{"embeddable":true,"href":"https:\/\/oknatura.com\/de\/wp-json\/wp\/v2\/media\/63689"}],"wp:attachment":[{"href":"https:\/\/oknatura.com\/de\/wp-json\/wp\/v2\/media?parent=27481"}],"wp:term":[{"taxonomy":"product_brand","embeddable":true,"href":"https:\/\/oknatura.com\/de\/wp-json\/wp\/v2\/product_brand?post=27481"},{"taxonomy":"product_cat","embeddable":true,"href":"https:\/\/oknatura.com\/de\/wp-json\/wp\/v2\/product_cat?post=27481"},{"taxonomy":"product_tag","embeddable":true,"href":"https:\/\/oknatura.com\/de\/wp-json\/wp\/v2\/product_tag?post=27481"},{"taxonomy":"giftcard-category","embeddable":true,"href":"https:\/\/oknatura.com\/de\/wp-json\/wp\/v2\/giftcard-category?post=27481"}],"curies":[{"name":"wp","href":"https:\/\/api.w.org\/{rel}","templated":true}]}}