{"id":27815,"date":"2023-09-06T19:10:27","date_gmt":"2023-09-06T19:10:27","guid":{"rendered":"https:\/\/oknatura.com\/products\/rape-snuff-cacao-from-brazil-5gr-at-100gr-100-hergestellt-von-eingeborenen-amazonas-staemmen"},"modified":"2025-06-12T14:36:42","modified_gmt":"2025-06-12T19:36:42","slug":"rape-snuff-cacao-aus-brasilien-hergestellt-von-einheimischen-staemmen","status":"publish","type":"product","link":"https:\/\/oknatura.com\/de\/produkte\/rape-snuff-cacao-aus-brasilien-hergestellt-von-einheimischen-staemmen\/","title":{"rendered":"RAP\u00c9 SNUFF * CACAO (FROM BRAZIL) \/ 5gr at 100gr \/ - 100 % hergestellt von Eingeborenen Amazonas St\u00e4mmen"},"content":{"rendered":"<h1>RAP\u00c9 SNUFF CACAO: Das heilige Elixier des Amazonas<\/h1>\n<h2>RAP\u00c9 SNUFF CACAO: Ein Tor zur amazonischen Weisheit<\/h2>\n<p>Willkommen in der mystischen Welt von <strong>RAP\u00c9 SNUFF CACAO<\/strong>, einer heiligen Mischung, die von den Eingeborenenst\u00e4mmen des Amazonas-Regenwaldes entwickelt wurde. Auf dieser bezaubernden Reise werden wir die tiefgr\u00fcndigen Qualit\u00e4ten von <strong>RAP\u00c9 SNUFF CACAO<\/strong>, seine vielf\u00e4ltigen Verwendungsm\u00f6glichkeiten, die Vorteile, die er bietet, und wichtige Hinweise, wie man sein au\u00dfergew\u00f6hnliches Potenzial erleben kann, kennen lernen. Am Ende dieser Entdeckungsreise werden Sie von der Anziehungskraft dieses amazonischen Elixiers, das von den Ureinwohnern geschaffen und gesch\u00e4tzt wird, fasziniert sein.<\/p>\n<h2>RAP\u00c9 SNUFF CACAO: Seine bemerkenswerteste Eigenschaft<\/h2>\n<p><strong>Die bemerkenswerteste Eigenschaft:<\/strong><\/p>\n<p><strong>RAP\u00c9 SNUFF CACAO<\/strong> zeichnet sich durch seine einzigartige Mischung aus heiligen Kr\u00e4utern aus dem Amazonasgebiet und reinem Kakao aus und bietet eine transzendente Erfahrung, die sensorisches Erwachen mit spirituellen Einsichten verbindet.<\/p>\n<h2>Traditionelle und weniger bekannte Verwendungen<\/h2>\n<p><strong>Traditionelle Anwendungen:<\/strong><\/p>\n<ul>\n<li><strong>Sakrale Rituale:<\/strong> <strong>RAP\u00c9 SNUFF CACAO<\/strong> wird traditionell in schamanischen Ritualen im Amazonasgebiet verwendet, um erh\u00f6hte Bewusstseinszust\u00e4nde herbeizuf\u00fchren und Verbindungen mit der spirituellen Welt herzustellen.<\/li>\n<li><strong>Zeremonielle Reinigung:<\/strong> Sie spielt eine wichtige Rolle bei Reinigungszeremonien, bei denen sie K\u00f6rper, Geist und Seele reinigen soll.<\/li>\n<li><strong>Verbesserte Konzentration:<\/strong> Die Mischung kann die geistige Klarheit und den Fokus verbessern, was sie f\u00fcr Introspektion und Meditation wertvoll macht.<\/li>\n<\/ul>\n<p><strong>Verborgenes Potenzial:<\/strong><\/p>\n<ul>\n<li><strong>Emotionale Befreiung:<\/strong> <strong>RAP\u00c9 SNUFF CACAO<\/strong> kann bei der emotionalen Befreiung und Katharsis helfen, um emotionale Wunden zu verarbeiten und zu heilen.<\/li>\n<li><strong>Erh\u00f6hte Energie:<\/strong> Einige Anwender berichten, dass sie eine energetisierende Wirkung versp\u00fcren, die ihre Vitalit\u00e4t und Motivation steigern kann.<\/li>\n<li><strong>Stimmungsaufhellung:<\/strong> Es kann Gef\u00fchle der Freude, Dankbarkeit und Zufriedenheit f\u00f6rdern und bietet eine einzigartige M\u00f6glichkeit zur emotionalen Erkundung.<\/li>\n<\/ul>\n<h2>Pro und Kontra<\/h2>\n<p><strong>Die Profis (Vorteile):<\/strong><\/p>\n<ul>\n<li><strong>Spirituelle Verbindung:<\/strong> <strong>RAP\u00c9 SNUFF CACAO<\/strong> kann tiefe spirituelle Erfahrungen erm\u00f6glichen, die es dem Nutzer erlauben, sich mit einem h\u00f6heren Bewusstsein zu verbinden.<\/li>\n<li><strong>Geistige Klarheit:<\/strong> Es kann helfen, geistigen Nebel zu beseitigen und die kognitiven F\u00e4higkeiten zu verbessern, was es ideal f\u00fcr Meditation und Selbstreflexion macht.<\/li>\n<li><strong>Emotionale Heilung:<\/strong> Manche Menschen finden durch den Gebrauch dieser heiligen Mischung emotionale Befreiung und Heilung.<\/li>\n<\/ul>\n<p><strong>Die Nachteile (Warnhinweise und Sicherheit):<\/strong><\/p>\n<ul>\n<li><strong>Zeremonieller Gebrauch:<\/strong> <strong>RAP\u00c9 SNUFF CACAO<\/strong> ist f\u00fcr den zeremoniellen und spirituellen Gebrauch bestimmt. Es sollte nicht zwanglos oder als Freizeitbesch\u00e4ftigung verwendet werden.<\/li>\n<li><strong>Brennendes Gef\u00fchl:<\/strong> Bei nasaler Anwendung kann es ein starkes Brennen verursachen, das f\u00fcr manche Anwender unangenehm sein kann.<\/li>\n<li><strong>Achtsame Dosierung:<\/strong> Die richtige Dosierung ist entscheidend. \u00dcberm\u00e4\u00dfiger Gebrauch kann zu Unwohlsein f\u00fchren und sollte vermieden werden.<\/li>\n<\/ul>\n<h2>Wie man das Beste aus RAP\u00c9 SNUFF CACAO macht<\/h2>\n<p>Um die Magie von <strong>RAP\u00c9 SNUFF CACAO<\/strong> voll auszusch\u00f6pfen, sollten Sie Folgendes beachten: <\/p>\n<ol>\n<li><strong>Vorbereitung:<\/strong> Gehen Sie mit Respekt und Absicht an die Erfahrung heran. Bereiten Sie Ihren zeremoniellen Raum mit Ehrfurcht vor.<\/li>\n<li><strong>Anwendung:<\/strong> Verwenden Sie eine Kurpfeife oder ein Tepi-Pfeifchen, um sich den Schnupftabak sanft in jedes Nasenloch zu verabreichen. Dieser Prozess erfordert Achtsamkeit und konzentrierte Absicht.<\/li>\n<li><strong>Meditation:<\/strong> Setzen Sie sich nach der Anwendung in Meditation oder Kontemplation und lassen Sie die heilige Mischung ihre transformative Magie wirken.<\/li>\n<\/ol>\n<h2>Andere Namen f\u00fcr RAP\u00c9 SNUFF CACAO<\/h2>\n<p><strong>RAP\u00c9 SNUFF CACAO<\/strong> ist auch als &#8222;Cacao Rap\u00e9&#8220; oder &#8222;Amazonian Cacao Snuff&#8220; bekannt.<\/p>\n<h2>Schlussfolgerung: Umarmen Sie die amazonische Weisheit mit RAP\u00c9 SNUFF CACAO<\/h2>\n<p>Zusammenfassend l\u00e4sst sich sagen, dass <strong>RAP\u00c9 SNUFF CACAO<\/strong> ein Portal zur Weisheit des Amazonas ist und tiefe spirituelle Einsichten, emotionale Heilung und verbesserte Klarheit bietet. Es ist ein einzigartiges Werkzeug f\u00fcr alle, die die Tiefen ihres Bewusstseins erforschen und den Reichtum indigener Traditionen erfahren wollen.<\/p>\n<blockquote><p><strong>Anmerkung:<\/strong><\/p>\n<p>Die Produkte von OK Natural werden in ihrem reinen Zustand und zu 100 % nat\u00fcrlichen Ursprungs gewonnen und an die einheimische Bev\u00f6lkerung verkauft. Sie enthalten keine Pestizide, Chemikalien, Herbizide oder andere k\u00fcnstliche Stoffe. <\/p>\n<p><strong>Haftungsausschluss:<\/strong><\/p><\/blockquote>\n<ul>\n<li>\n<blockquote><p>Alle Produkte sind in unserem Herkunftsland legal, es liegt in der Verantwortung des Kunden, die Legalit\u00e4t im Zielland zu pr\u00fcfen.<\/p><\/blockquote>\n<\/li>\n<li>\n<blockquote><p>Die Anwendung dieser Naturprodukte ersetzt nicht die \u00e4rztliche Beratung.<\/p><\/blockquote>\n<\/li>\n<li>\n<blockquote><p>Sie impliziert in keiner Weise medizinische Behauptungen \u00fcber die F\u00e4higkeit oder Wirksamkeit eines unserer Produkte zur Behandlung, Vorbeugung oder Linderung einer Krankheit oder eines Leidens.<\/p><\/blockquote>\n<\/li>\n<li>\n<blockquote><p>Die Verwendung und Anwendung unserer Produkte liegt in der alleinigen Verantwortung des Kunden.<\/p><\/blockquote>\n<\/li>\n<li>\n<blockquote><p>Diese Wirkungen dieses Produkts werden durch die empirischen Erfahrungen der alten traditionellen Medizin mit hervorragenden Ergebnissen unterst\u00fctzt.<\/p><\/blockquote>\n<\/li>\n<li>\n<blockquote><p>Das Fehlen sch\u00e4dlicher Nebenwirkungen, wenn es in der richtigen Dosis verabreicht wird. Die hier genannten Informationen sind jedoch keineswegs eine Verordnung oder Vorschrift. <\/p><\/blockquote>\n<\/li>\n<li>\n<blockquote><p>Die darin enthaltenen Aussagen und Links zu Websites wurden nicht von der FDA oder internationalen Lebensmittel- und Arzneimittelbeh\u00f6rden bewertet.<\/p><\/blockquote>\n<\/li>\n<\/ul>\n","protected":false},"excerpt":{"rendered":"<p>RAP\u00c9 SNUFF CACAO: Das heilige Elixier des Amazonas RAP\u00c9 SNUFF CACAO: Ein Tor zur amazonischen Weisheit Willkommen in der mystischen Welt von RAP\u00c9 SNUFF CACAO, einer heiligen Mischung, die von den Eingeborenenst\u00e4mmen des Amazonas-Regenwaldes entwickelt wurde. Auf dieser bezaubernden Reise werden wir die tiefgr\u00fcndigen Qualit\u00e4ten von RAP\u00c9 SNUFF CACAO, seine vielf\u00e4ltigen Verwendungsm\u00f6glichkeiten, die Vorteile, die [&hellip;]<\/p>\n","protected":false},"featured_media":63441,"comment_status":"open","ping_status":"closed","template":"","meta":{"_joinchat":[]},"product_brand":[242],"product_cat":[2596,2731],"product_tag":[],"giftcard-category":[],"class_list":{"0":"post-27815","1":"product","2":"type-product","3":"status-publish","4":"has-post-thumbnail","6":"product_brand-ok-natura","7":"product_cat-neue-ankunfte","8":"product_cat-rape-de","9":"product_shipping_class-general-shipping-de","10":"pa_607093e2895771617990626-rape-snuff-nawa-5gr-100gr-rapes-brasileiro-100-made-natives-amazon-tribes-food-571-jpgoptimized921663c0c14b67aca6a7e264b57fca92id28886545531032pid5903926362264original_filenamer-de","11":"pa_badge-keine-bewertungen","12":"pa_description_tag-zusammensetzung-tabak-brasilianische-minzesche-anwendungen-entspannen-sie-sich-und-werden-sie-ihre-angste-los-medizinische-anwendung-sehr-stark-und-intensiv-hilft-beim-meditieren","13":"pa_review_count-52-de","14":"pa_review_enabled-1-de","15":"pa_review_rating-5-de","16":"pa_talla-100gr-de","17":"pa_talla-10gr-de","18":"pa_talla-1kg-de","19":"pa_talla-20gr-de","20":"pa_talla-30gr-de","21":"pa_talla-4kg-de","22":"pa_talla-50gr-de","23":"pa_talla-5gr-de","24":"pa_title_tag-rape-snuff-cacao-for-sale-from-brazil-einheimische","25":"pa_widget-jdgm-rev-widg-display-none-kundenrezensionen-seien-sie-der-erste-der-eine-rezension-schreibt-schreiben-sie-eine-rezension-0-0-0-0-0-0-0-0-0-0","27":"first","28":"instock","29":"sale","30":"shipping-taxable","31":"purchasable","32":"product-type-variable"},"_links":{"self":[{"href":"https:\/\/oknatura.com\/de\/wp-json\/wp\/v2\/product\/27815","targetHints":{"allow":["GET"]}}],"collection":[{"href":"https:\/\/oknatura.com\/de\/wp-json\/wp\/v2\/product"}],"about":[{"href":"https:\/\/oknatura.com\/de\/wp-json\/wp\/v2\/types\/product"}],"replies":[{"embeddable":true,"href":"https:\/\/oknatura.com\/de\/wp-json\/wp\/v2\/comments?post=27815"}],"version-history":[{"count":1,"href":"https:\/\/oknatura.com\/de\/wp-json\/wp\/v2\/product\/27815\/revisions"}],"predecessor-version":[{"id":54038,"href":"https:\/\/oknatura.com\/de\/wp-json\/wp\/v2\/product\/27815\/revisions\/54038"}],"wp:featuredmedia":[{"embeddable":true,"href":"https:\/\/oknatura.com\/de\/wp-json\/wp\/v2\/media\/63441"}],"wp:attachment":[{"href":"https:\/\/oknatura.com\/de\/wp-json\/wp\/v2\/media?parent=27815"}],"wp:term":[{"taxonomy":"product_brand","embeddable":true,"href":"https:\/\/oknatura.com\/de\/wp-json\/wp\/v2\/product_brand?post=27815"},{"taxonomy":"product_cat","embeddable":true,"href":"https:\/\/oknatura.com\/de\/wp-json\/wp\/v2\/product_cat?post=27815"},{"taxonomy":"product_tag","embeddable":true,"href":"https:\/\/oknatura.com\/de\/wp-json\/wp\/v2\/product_tag?post=27815"},{"taxonomy":"giftcard-category","embeddable":true,"href":"https:\/\/oknatura.com\/de\/wp-json\/wp\/v2\/giftcard-category?post=27815"}],"curies":[{"name":"wp","href":"https:\/\/api.w.org\/{rel}","templated":true}]}}