{"id":29148,"date":"2021-04-08T09:32:29","date_gmt":"2021-04-08T09:32:29","guid":{"rendered":"https:\/\/oknatura.com\/products\/rape-snuff-bobinsana-5gr-auf-100gr-calliandra-angustifolia-100-natuerliches-pflanzenpulver"},"modified":"2025-06-12T14:33:39","modified_gmt":"2025-06-12T19:33:39","slug":"rape-snuff-bobinsana-zu-verkauf-calliandra-angustifolia","status":"publish","type":"product","link":"https:\/\/oknatura.com\/de\/produkte\/rape-snuff-bobinsana-zu-verkauf-calliandra-angustifolia\/","title":{"rendered":"RAP\u00c9 SNUFF - BOBINSANA \/ 5gr auf 100gr \/ - (Calliandra Angustifolia) - 100% nat\u00fcrliches Pflanzenpulver"},"content":{"rendered":"<h1>RAPE SNUFF BOBINSANA: Entdecke die mystische Kraft der Calliandra Angustifolia<\/h1>\n<p><strong>Bemerkenswerte Qualit\u00e4t:<\/strong><\/p>\n<p><strong>RAP\u00c9 SNUFF - BOBINSANA: Nutzen Sie das mystische Potenzial der Calliandra Angustifolia<\/strong><\/p>\n<h2>Einf\u00fchrung in RAPE SNUFF BOBINSANA<\/h2>\n<p><strong>Beschreibung:<\/strong><\/p>\n<p>Willkommen in der bezaubernden Welt von <strong>RAPE SNUFF BOBINSANA<\/strong>, wo Sie die magischen Eigenschaften von Calliandra Angustifolia kennen lernen k\u00f6nnen. Dieser exquisite Schnupftabak, der tief in den Traditionen des Amazonas verwurzelt ist, bietet nicht nur traditionelle, sondern auch weniger bekannte Anwendungsm\u00f6glichkeiten, die nichts weniger als au\u00dfergew\u00f6hnlich sind. In diesem Leitfaden erforschen wir die vielf\u00e4ltigen Anwendungsm\u00f6glichkeiten dieses heiligen Schnupftabaks, enth\u00fcllen seine unz\u00e4hligen Vorteile, gehen auf Sicherheitsaspekte ein und geben Ihnen eine Anleitung, wie Sie die mystische Kraft von Calliandra Angustifolia nutzen k\u00f6nnen.<\/p>\n<h2>Traditionelle und weniger bekannte Verwendungen<\/h2>\n<p><strong>Traditionelle Verwendungen:<\/strong><\/p>\n<ul>\n<li><strong>Spirituelle Verbindung:<\/strong> Seit Generationen verwenden indigene Gemeinschaften im Amazonasgebiet <strong>RAP\u00c9 SNUFF - BOBINSANA<\/strong> in ihren schamanischen Ritualen, Zeremonien und Heilpraktiken. Es wird angenommen, dass es eine tiefe spirituelle Verbindung erm\u00f6glicht und den Menschen hilft, Einsicht und Weisheit zu erlangen.<\/li>\n<li><strong>Emotionale Heilung:<\/strong> Traditionell wird Bobinsana-Schnupftabak in emotionalen Heilungs- und Reinigungszeremonien verwendet, um Menschen dabei zu helfen, vergangene Traumata und emotionale Blockaden zu l\u00f6sen.<\/li>\n<\/ul>\n<p><strong>Weniger bekannte Anwendungen:<\/strong><\/p>\n<ul>\n<li><strong>Traumverbesserung:<\/strong> Es gibt vereinzelte Berichte dar\u00fcber, dass Bobinsana-Schnupftabak die Traumerinnerung verbessert und lebendigere und bedeutungsvollere Traumerlebnisse f\u00f6rdert.<\/li>\n<li><strong>K\u00f6rperliche Heilung:<\/strong> W\u00e4hrend er in erster Linie wegen seiner spirituellen und emotionalen Eigenschaften verwendet wird, haben einige Menschen das Potenzial des Bobinsana-Schnupftabaks f\u00fcr verschiedene k\u00f6rperliche Beschwerden erforscht.<\/li>\n<\/ul>\n<h2>Pro und Kontra von RAPE SNUFF BOBINSANA<\/h2>\n<p><strong>Die Profis (Vorteile):<\/strong><\/p>\n<ul>\n<li><strong>Spirituelle Verbindung:<\/strong> <strong>RAPE SNUFF BOBINSANA<\/strong> wird f\u00fcr seine F\u00e4higkeit gesch\u00e4tzt, tiefe spirituelle Erfahrungen zu f\u00f6rdern, was es zu einem ausgezeichneten Werkzeug f\u00fcr Meditation, Introspektion und vision\u00e4re Reisen macht.<\/li>\n<li><strong>Emotionale Heilung:<\/strong> Der Schnupftabak ist f\u00fcr sein emotionales Heilungspotenzial bekannt, das Menschen dabei hilft, vergangenen Schmerz loszulassen und emotionales Gleichgewicht zu erreichen.<\/li>\n<li><strong>Traumverbesserung:<\/strong> F\u00fcr diejenigen, die an der Erforschung der Traumwelt interessiert sind, kann der Bobinsana-Schnupftabak lebendigere, bedeutungsvollere und klarere Traumerfahrungen erm\u00f6glichen.<\/li>\n<\/ul>\n<p><strong>Die Nachteile (Warnhinweise und Sicherheit):<\/strong><\/p>\n<ul>\n<li><strong>Potenz:<\/strong> Bobinsana Schnupftabak ist bekannt f\u00fcr seine Potenz. Bei Erstkonsumenten sollte man vorsichtig sein und mit einer geringen Dosis beginnen.<\/li>\n<li><strong>\u00dcbelkeit und Unbehagen:<\/strong> Bei einigen Personen kann es zu leichter \u00dcbelkeit oder Unwohlsein kommen, insbesondere wenn sie empfindlich auf die Wirkung von Entheogenen reagieren.<\/li>\n<\/ul>\n<h2>Anweisungen und Empfehlungen<\/h2>\n<p>Um <strong>RAPE SNUFF BOBINSANA<\/strong> optimal nutzen zu k\u00f6nnen, sollten Sie die folgenden Hinweise und Empfehlungen beachten: <\/p>\n<ol>\n<li><strong>Vorbereitung:<\/strong> Bevor du Bobinsana Schnupftabak verwendest, schaffe dir einen heiligen und ruhigen Raum f\u00fcr deine Reise. Setzen Sie sich eine klare Absicht und n\u00e4hern Sie sich der Erfahrung mit Respekt und Ehrfurcht.<\/li>\n<li><strong>Dosierung:<\/strong> Wenn Sie Bobinsana Schnupftabak zum ersten Mal probieren, beginnen Sie mit einer kleinen Dosis und erh\u00f6hen Sie sie allm\u00e4hlich, wenn Sie sich mit der Wirkung vertraut gemacht haben. Achten Sie immer auf Ihre pers\u00f6nlichen Grenzen und Ihr Wohlbefinden.<\/li>\n<li><strong>Anwendung:<\/strong> Tragen Sie den Schnupftabak vorsichtig mit einem Applikator oder unter der Anleitung eines erfahrenen Anwenders auf. Die richtige Anwendung gew\u00e4hrleistet ein komfortables und effektives Erlebnis.<\/li>\n<li><strong>Achtsame Atmung:<\/strong> Atmen Sie nach der Anwendung tief und achtsam. Achten Sie auf die sich entfaltenden Wirkungen und konzentrieren Sie sich dabei auf Ihre Absicht und alle Erkenntnisse, die sich ergeben.<\/li>\n<li><strong>Fl\u00fcssigkeitszufuhr:<\/strong> Achten Sie darauf, dass Sie w\u00e4hrend der ganzen Zeit gut hydriert sind, denn das kann helfen, m\u00f6gliche Beschwerden zu lindern.<\/li>\n<\/ol>\n<h2>Andere Namen f\u00fcr RAPE SNUFF BOBINSANA<\/h2>\n<p><strong>RAP\u00c9 SNUFF - BOBINSANA<\/strong> ist auch als <strong>Calliandra Snuff<\/strong> bekannt.<\/p>\n<h2>Schlussfolgerung: Entfesseln Sie das mystische Potenzial<\/h2>\n<p>Abschlie\u00dfend l\u00e4dt <strong>RAPE SNUFF BOBINSANA<\/strong> Sie ein, das mystische Potenzial von Calliandra Angustifolia zu erschlie\u00dfen. Egal, ob Sie eine spirituelle Verbindung, emotionale Heilung oder eine Verbesserung der Tr\u00e4ume suchen, dieser heilige Schnupftabak bietet eine au\u00dfergew\u00f6hnliche Reise. Lassen Sie sich von der Kraft des Bobinsana-Schnupftabaks anstecken und erkunden Sie die Bereiche Ihres inneren Selbst.<\/p>\n<blockquote><p><strong>Anmerkung:<\/strong><\/p>\n<p>Die Produkte von OK Natural werden in ihrem reinen Zustand und zu 100 % nat\u00fcrlichen Ursprungs gewonnen und an die einheimische Bev\u00f6lkerung verkauft. Sie enthalten keine Pestizide, Chemikalien, Herbizide oder andere k\u00fcnstliche Stoffe. <\/p>\n<p><strong>Haftungsausschluss:<\/strong><\/p><\/blockquote>\n<ul>\n<li>\n<blockquote><p>Alle Produkte sind in unserem Herkunftsland legal, es liegt in der Verantwortung des Kunden, die Legalit\u00e4t im Zielland zu pr\u00fcfen.<\/p><\/blockquote>\n<\/li>\n<li>\n<blockquote><p>Die Anwendung dieser Naturprodukte ersetzt nicht die \u00e4rztliche Beratung.<\/p><\/blockquote>\n<\/li>\n<li>\n<blockquote><p>Sie impliziert in keiner Weise medizinische Behauptungen \u00fcber die F\u00e4higkeit oder Wirksamkeit eines unserer Produkte zur Behandlung, Vorbeugung oder Linderung einer Krankheit oder eines Leidens.<\/p><\/blockquote>\n<\/li>\n<li>\n<blockquote><p>Die Verwendung und Anwendung unserer Produkte liegt in der alleinigen Verantwortung des Kunden.<\/p><\/blockquote>\n<\/li>\n<li>\n<blockquote><p>Diese Wirkungen dieses Produkts werden durch die empirischen Erfahrungen der alten traditionellen Medizin mit hervorragenden Ergebnissen unterst\u00fctzt.<\/p><\/blockquote>\n<\/li>\n<li>\n<blockquote><p>Das Fehlen sch\u00e4dlicher Nebenwirkungen, wenn es in der richtigen Dosis verabreicht wird. Die hier genannten Informationen sind jedoch keineswegs eine Verordnung oder Vorschrift. <\/p><\/blockquote>\n<\/li>\n<li>\n<blockquote><p>Die darin enthaltenen Aussagen und Links zu Websites wurden nicht von der FDA oder internationalen Lebensmittel- und Arzneimittelbeh\u00f6rden bewertet.<\/p><\/blockquote>\n<\/li>\n<\/ul>\n","protected":false},"excerpt":{"rendered":"<p>RAPE SNUFF BOBINSANA: Entdecke die mystische Kraft der Calliandra Angustifolia Bemerkenswerte Qualit\u00e4t: RAP\u00c9 SNUFF - BOBINSANA: Nutzen Sie das mystische Potenzial der Calliandra Angustifolia Einf\u00fchrung in RAPE SNUFF BOBINSANA Beschreibung: Willkommen in der bezaubernden Welt von RAPE SNUFF BOBINSANA, wo Sie die magischen Eigenschaften von Calliandra Angustifolia kennen lernen k\u00f6nnen. Dieser exquisite Schnupftabak, der tief [&hellip;]<\/p>\n","protected":false},"featured_media":62609,"comment_status":"open","ping_status":"closed","template":"","meta":{"_joinchat":[]},"product_brand":[242],"product_cat":[2596,2731],"product_tag":[],"giftcard-category":[],"class_list":{"0":"post-29148","1":"product","2":"type-product","3":"status-publish","4":"has-post-thumbnail","6":"product_brand-ok-natura","7":"product_cat-neue-ankunfte","8":"product_cat-rape-de","9":"product_shipping_class-general-shipping-de","10":"pa_607fa1407bef31618977088-rape-snuff-bobinsana-5gr-100gr-calliandra-angustifolia-100-natural-plant-powder-285-jpgoptimized921663c0c14b67aca6a7e264b57fca92id29371391312024pid6638573617304original_filename-de","11":"pa_badge-2-bewertungen","12":"pa_description_tag-zusammensetzung-tabak-bobinsana-rindenasche-nutzen-verbindet-uns-mit-dem-geist-der-pflanzen-medizinische-anwendung-sie-verleiht-uns-einfuhlungsvermogen-mitgefuhl-klarheit-und-konzentration","13":"pa_rating-scale_min1-0scale_max5-0value5-0-de","14":"pa_rating_count-2-de","15":"pa_review_count-54-de","16":"pa_review_enabled-1-de","17":"pa_review_rating-5-de","18":"pa_title_tag-rape-snuff-bobinsana-for-sale-calliandra-angustifolia","19":"pa_widget-jdgm-rev-widg-display-none-kundenrezensionen-basierend-auf-2-rezensionen-schreibe-eine-rezension-100-2-0-0-0-0-0-0-0-0-x","21":"first","22":"instock","23":"sale","24":"shipping-taxable","25":"purchasable","26":"product-type-variable"},"_links":{"self":[{"href":"https:\/\/oknatura.com\/de\/wp-json\/wp\/v2\/product\/29148","targetHints":{"allow":["GET"]}}],"collection":[{"href":"https:\/\/oknatura.com\/de\/wp-json\/wp\/v2\/product"}],"about":[{"href":"https:\/\/oknatura.com\/de\/wp-json\/wp\/v2\/types\/product"}],"replies":[{"embeddable":true,"href":"https:\/\/oknatura.com\/de\/wp-json\/wp\/v2\/comments?post=29148"}],"version-history":[{"count":1,"href":"https:\/\/oknatura.com\/de\/wp-json\/wp\/v2\/product\/29148\/revisions"}],"predecessor-version":[{"id":53091,"href":"https:\/\/oknatura.com\/de\/wp-json\/wp\/v2\/product\/29148\/revisions\/53091"}],"wp:featuredmedia":[{"embeddable":true,"href":"https:\/\/oknatura.com\/de\/wp-json\/wp\/v2\/media\/62609"}],"wp:attachment":[{"href":"https:\/\/oknatura.com\/de\/wp-json\/wp\/v2\/media?parent=29148"}],"wp:term":[{"taxonomy":"product_brand","embeddable":true,"href":"https:\/\/oknatura.com\/de\/wp-json\/wp\/v2\/product_brand?post=29148"},{"taxonomy":"product_cat","embeddable":true,"href":"https:\/\/oknatura.com\/de\/wp-json\/wp\/v2\/product_cat?post=29148"},{"taxonomy":"product_tag","embeddable":true,"href":"https:\/\/oknatura.com\/de\/wp-json\/wp\/v2\/product_tag?post=29148"},{"taxonomy":"giftcard-category","embeddable":true,"href":"https:\/\/oknatura.com\/de\/wp-json\/wp\/v2\/giftcard-category?post=29148"}],"curies":[{"name":"wp","href":"https:\/\/api.w.org\/{rel}","templated":true}]}}