{"id":29778,"date":"2021-03-08T16:42:27","date_gmt":"2021-03-08T16:42:27","guid":{"rendered":"https:\/\/oknatura.com\/products\/rape-snuff-ayahuma-5gr-auf-100gr-couroupita-guianensis-natuerliche-und-starke-eschenrinde"},"modified":"2025-06-12T13:35:33","modified_gmt":"2025-06-12T18:35:33","slug":"rape-snuff-zum-verkauf-ayahuma-couroupita-guianensis","status":"publish","type":"product","link":"https:\/\/oknatura.com\/de\/produkte\/rape-snuff-zum-verkauf-ayahuma-couroupita-guianensis\/","title":{"rendered":"RAP\u00c9 SNUFF - AYAHUMA \/ 5gr auf 100gr \/ - (Couroupita Guianensis) - Nat\u00fcrliche und starke Eschenrinde"},"content":{"rendered":"<h1>RAP\u00c9 SNUFF - AYAHUMA: Ein Tor zur spirituellen Erleuchtung<\/h1>\n<p><strong>Bemerkenswerte Qualit\u00e4t:<\/strong><\/p>\n<p><strong>RAP\u00c9 SNUFF - AYAHUMA: Dein Weg zum spirituellen Erwachen<\/strong><\/p>\n<h2>RAP\u00c9 SNUFF erkunden - AYAHUMA<\/h2>\n<p><strong>Beschreibung:<\/strong><\/p>\n<p>Willkommen im mystischen Reich von RAP\u00c9 SNUFF - AYAHUMA, einem heiligen Produkt, das seit Jahrhunderten ein fester Bestandteil indigener Traditionen ist. In diesem umfassenden Leitfaden nehmen wir Sie mit auf eine Reise durch die vielen Facetten von RAP\u00c9 SNUFF - AYAHUMA und zeigen Ihnen seine vielf\u00e4ltigen und oft weniger bekannten Anwendungen. Im Folgenden werden wir die zahlreichen Vorteile hervorheben, aber auch einige wichtige Sicherheitsaspekte beleuchten. Au\u00dferdem erhalten Sie eine fachkundige Anleitung, wie Sie dieses bemerkenswerte Produkt zubereiten, verwenden und voll auskosten k\u00f6nnen. Am Ende dieser Reise werden Sie inspiriert sein, sich mit RAP\u00c9 SNUFF - AYAHUMA auf den Weg der spirituellen Erleuchtung zu machen. Z\u00f6gern Sie nicht, kaufen Sie Ihren eigenen RAP\u00c9 SNUFF - AYAHUMA in unserem Online-Shop und \u00f6ffnen Sie die T\u00fcr zum spirituellen Erwachen.<\/p>\n<h2>Traditionelle und weniger bekannte Verwendungen<\/h2>\n<p><strong>Traditionelle Verwendungen:<\/strong><\/p>\n<ul>\n<li><strong>Heilige Zeremonien:<\/strong> RAP\u00c9 SNUFF - AYAHUMA spielt eine zentrale Rolle in den spirituellen Ritualen indigener Gemeinschaften und hilft den Menschen, sich mit dem G\u00f6ttlichen zu verbinden und Einblick in ihr Leben zu gewinnen.<\/li>\n<li><strong>Heilpraktiken:<\/strong> In schamanischen und Heilungszeremonien wird es als m\u00e4chtiges Werkzeug eingesetzt, das hilft, Geist, K\u00f6rper und Seele zu reinigen und zu harmonisieren.<\/li>\n<\/ul>\n<p><strong>Weniger bekannte Anwendungen:<\/strong><\/p>\n<ul>\n<li><strong>Geistige Klarheit:<\/strong> Einige Anwender haben von erh\u00f6hter geistiger Klarheit, verbesserter Konzentration und einem verbesserten Gef\u00fchl der geistigen Konzentration berichtet.<\/li>\n<li><strong>Emotionales Gleichgewicht:<\/strong> Ein weniger bekannter Vorteil ist die M\u00f6glichkeit, Emotionen auszugleichen und Stress und \u00c4ngste abzubauen, was zu einem Gef\u00fchl des inneren Friedens f\u00fchrt.<\/li>\n<\/ul>\n<h2>Vor- und Nachteile von RAP\u00c9 SNUFF - AYAHUMA<\/h2>\n<p><strong>Die Profis (Vorteile):<\/strong><\/p>\n<ul>\n<li><strong>Spirituelles Erwachen:<\/strong> Die Nutzer k\u00f6nnen eine tiefe Verbindung zu ihrem spirituellen Selbst erfahren, was spirituelles Wachstum und Einsicht erleichtert.<\/li>\n<li><strong>Geistige und emotionale Klarheit: <\/strong>Ist bekannt f\u00fcr sein Potenzial, die geistige Klarheit und das emotionale Gleichgewicht zu verbessern.<\/li>\n<li><strong>Reinigen und Heilen:<\/strong> Viele Menschen berichten von einem Gef\u00fchl der k\u00f6rperlichen und geistigen Reinigung durch die Anwendung.<\/li>\n<\/ul>\n<p><strong>Die Nachteile (Warnhinweise und Sicherheit):<\/strong><\/p>\n<ul>\n<li><strong>Respektvoller Gebrauch:<\/strong> Es ist von entscheidender Bedeutung, sich RAP\u00c9 SNUFF - AYAHUMA mit Respekt und Absicht zu n\u00e4hern und seine heilige Rolle im Leben derer, die es verwenden, anzuerkennen.<\/li>\n<li><strong>Individuelle Empfindlichkeit:<\/strong> Die Wirkung von RAP\u00c9 SNUFF - AYAHUMA kann von Person zu Person sehr unterschiedlich sein, und einige Personen reagieren m\u00f6glicherweise empfindlicher darauf.<\/li>\n<\/ul>\n<h2>Anweisungen und Empfehlungen<\/h2>\n<p>Um das Potenzial von RAP\u00c9 SNUFF - AYAHUMA voll auszusch\u00f6pfen, sollten Sie diese Empfehlungen beachten:<\/p>\n<ol>\n<li><strong>Beginnen Sie schrittweise:<\/strong> Beginnen Sie mit kleinen Dosen und steigern Sie diese allm\u00e4hlich, um \u00fcberw\u00e4ltigende Erfahrungen zu vermeiden.<\/li>\n<li><strong>Bereiten Sie Geist und Raum vor:<\/strong> Schaffen Sie eine ruhige und heilige Umgebung f\u00fcr Ihre Praxis, in \u00dcbereinstimmung mit traditionellen Praktiken.<\/li>\n<li><strong>Intentionen setzen:<\/strong> Gehen Sie absichtsvoll an die Erfahrung heran und erkennen Sie ihr Potenzial, spirituelle Einsichten und emotionales Gleichgewicht zu bringen.<\/li>\n<li><strong>Rechtliche \u00dcberlegungen:<\/strong> Informieren Sie sich immer \u00fcber den rechtlichen Status dieses Produkts in Ihrem Gebiet, um m\u00f6gliche rechtliche Komplikationen zu vermeiden.<\/li>\n<\/ol>\n<h2>Andere Namen f\u00fcr RAP\u00c9 SNUFF - AYAHUMA<\/h2>\n<p>Kann unter verschiedenen Namen bekannt sein, darunter:<\/p>\n<ul>\n<li><strong>Heiliger Ayahuma Schnupftabak<\/strong><\/li>\n<li><strong>Couroupita Guianensis Rap\u00e9<\/strong><\/li>\n<li><strong>Pfad zur Erleuchtung Schnupftabak<\/strong><\/li>\n<\/ul>\n<h2>Schlussfolgerung: Begib dich auf deine spirituelle Reise mit RAP\u00c9 SNUFF - AYAHUMA<\/h2>\n<p>Zusammenfassend l\u00e4sst sich sagen, dass RAP\u00c9 SNUFF - AYAHUMA eine tiefgreifende Gelegenheit bietet, sich auf eine spirituelle Reise zu begeben, die Tradition, Klarheit und emotionales Gleichgewicht miteinander verbindet. Verpassen Sie nicht die Gelegenheit, Ihren Geist zu erwecken und tiefe Einblicke in Ihr Leben und Ihr Wohlbefinden zu gewinnen.<\/p>\n<blockquote><p><strong>Anmerkung:<\/strong><\/p>\n<p>Die Produkte von OK Natural werden in ihrem reinen Zustand und zu 100 % nat\u00fcrlichen Ursprungs gewonnen und an die einheimische Bev\u00f6lkerung verkauft. Sie enthalten keine Pestizide, Chemikalien, Herbizide oder andere k\u00fcnstliche Stoffe. <\/p>\n<p><strong>Haftungsausschluss:<\/strong><\/p>\n<ul>\n<li>\n<blockquote><p>Alle Produkte sind in unserem Herkunftsland legal, es liegt in der Verantwortung des Kunden, die Legalit\u00e4t im Zielland zu pr\u00fcfen.<\/p><\/blockquote>\n<\/li>\n<li>\n<blockquote><p>Die Anwendung dieser Naturprodukte ersetzt nicht die \u00e4rztliche Beratung.<\/p><\/blockquote>\n<\/li>\n<li>\n<blockquote><p>Sie impliziert in keiner Weise medizinische Behauptungen \u00fcber die F\u00e4higkeit oder Wirksamkeit eines unserer Produkte zur Behandlung, Vorbeugung oder Linderung einer Krankheit oder eines Leidens.<\/p><\/blockquote>\n<\/li>\n<li>\n<blockquote><p>Die Verwendung und Anwendung unserer Produkte liegt in der alleinigen Verantwortung des Kunden.<\/p><\/blockquote>\n<\/li>\n<li>\n<blockquote><p>Diese Wirkungen dieses Produkts werden durch die empirischen Erfahrungen der alten traditionellen Medizin mit hervorragenden Ergebnissen unterst\u00fctzt.<\/p><\/blockquote>\n<\/li>\n<li>\n<blockquote><p>Das Fehlen sch\u00e4dlicher Nebenwirkungen, wenn es in der richtigen Dosis verabreicht wird. Die hier genannten Informationen sind jedoch keineswegs eine Verordnung oder Vorschrift. <\/p><\/blockquote>\n<\/li>\n<li>\n<blockquote><p>Die darin enthaltenen Aussagen und Links zu Websites wurden nicht von der FDA oder internationalen Lebensmittel- und Arzneimittelbeh\u00f6rden bewertet.<\/p><\/blockquote>\n<\/li>\n<\/ul>\n<\/blockquote>\n","protected":false},"excerpt":{"rendered":"<p>RAP\u00c9 SNUFF - AYAHUMA: Ein Tor zur spirituellen Erleuchtung Bemerkenswerte Qualit\u00e4t: RAP\u00c9 SNUFF - AYAHUMA: Dein Weg zum spirituellen Erwachen RAP\u00c9 SNUFF erkunden - AYAHUMA Beschreibung: Willkommen im mystischen Reich von RAP\u00c9 SNUFF - AYAHUMA, einem heiligen Produkt, das seit Jahrhunderten ein fester Bestandteil indigener Traditionen ist. In diesem umfassenden Leitfaden nehmen wir Sie mit [&hellip;]<\/p>\n","protected":false},"featured_media":61705,"comment_status":"open","ping_status":"closed","template":"","meta":{"_joinchat":[]},"product_brand":[242],"product_cat":[2596,2731],"product_tag":[4049],"giftcard-category":[],"class_list":{"0":"post-29778","1":"product","2":"type-product","3":"status-publish","4":"has-post-thumbnail","6":"product_brand-ok-natura","7":"product_cat-neue-ankunfte","8":"product_cat-rape-de","9":"product_tag-rape-de","10":"product_shipping_class-general-shipping-de","11":"pa_607fa137ada8a1618977079-rape-snuff-ayahuma-5gr-100gr-couroupita-guianensis-natural-strong-ash-bark-957-jpgoptimized921663c0c14b67aca6a7e264b57fca92id29371386232984pid6563626614936original_filenamerape0-de","12":"pa_badge-1-rezension","13":"pa_description_tag-zusammensetzung-tabak-und-rindenasche-aus-aya-huma-anwendungen-schutzt-den-korper-vor-energien-lindert-schmerzen-medizinische-anwendung-linderung-korperlicher-und-seelischer-beschwerden","14":"pa_rating-scale_min1-0scale_max5-0value5-0-de","15":"pa_rating_count-1-de","16":"pa_review_count-53-de","17":"pa_review_enabled-1-de","18":"pa_review_rating-5-de","19":"pa_title_tag-rape-snuff-ayahuma-couroupita-guianensis-starke-eschenrinde","20":"pa_widget-jdgm-rev-widg-display-none-kundenrezensionen-basierend-auf-1-rezension-schreiben-sie-eine-rezension-100-1-0-0-0-0-0-0-0-0-m","22":"first","23":"instock","24":"sale","25":"shipping-taxable","26":"purchasable","27":"product-type-variable"},"_links":{"self":[{"href":"https:\/\/oknatura.com\/de\/wp-json\/wp\/v2\/product\/29778","targetHints":{"allow":["GET"]}}],"collection":[{"href":"https:\/\/oknatura.com\/de\/wp-json\/wp\/v2\/product"}],"about":[{"href":"https:\/\/oknatura.com\/de\/wp-json\/wp\/v2\/types\/product"}],"replies":[{"embeddable":true,"href":"https:\/\/oknatura.com\/de\/wp-json\/wp\/v2\/comments?post=29778"}],"version-history":[{"count":1,"href":"https:\/\/oknatura.com\/de\/wp-json\/wp\/v2\/product\/29778\/revisions"}],"predecessor-version":[{"id":47927,"href":"https:\/\/oknatura.com\/de\/wp-json\/wp\/v2\/product\/29778\/revisions\/47927"}],"wp:featuredmedia":[{"embeddable":true,"href":"https:\/\/oknatura.com\/de\/wp-json\/wp\/v2\/media\/61705"}],"wp:attachment":[{"href":"https:\/\/oknatura.com\/de\/wp-json\/wp\/v2\/media?parent=29778"}],"wp:term":[{"taxonomy":"product_brand","embeddable":true,"href":"https:\/\/oknatura.com\/de\/wp-json\/wp\/v2\/product_brand?post=29778"},{"taxonomy":"product_cat","embeddable":true,"href":"https:\/\/oknatura.com\/de\/wp-json\/wp\/v2\/product_cat?post=29778"},{"taxonomy":"product_tag","embeddable":true,"href":"https:\/\/oknatura.com\/de\/wp-json\/wp\/v2\/product_tag?post=29778"},{"taxonomy":"giftcard-category","embeddable":true,"href":"https:\/\/oknatura.com\/de\/wp-json\/wp\/v2\/giftcard-category?post=29778"}],"curies":[{"name":"wp","href":"https:\/\/api.w.org\/{rel}","templated":true}]}}