{"id":30162,"date":"2021-03-04T17:31:12","date_gmt":"2021-03-04T17:31:12","guid":{"rendered":"https:\/\/oknatura.com\/products\/rape-snuff-yopo-5gr-zu-100gr-anadenanthera-peregrina-100-natuerlich"},"modified":"2025-07-02T10:16:40","modified_gmt":"2025-07-02T15:16:40","slug":"rape-snuff-verkauf-yopo-anadenanthera-peregrina","status":"publish","type":"product","link":"https:\/\/oknatura.com\/de\/produkte\/rape-snuff-verkauf-yopo-anadenanthera-peregrina\/","title":{"rendered":"RAP\u00c9 SNUFF - YOPO \/ 5gr zu 100gr \/ -(Anadenanthera Peregrina) - 100 % nat\u00fcrlich"},"content":{"rendered":"<h1>VERGEWALTIGUNG SNUFF YOPO: Ein Tor zur alten Weisheit<\/h1>\n<p><strong>Bemerkenswerte Qualit\u00e4t:<\/strong><\/p>\n<p><strong>RAPE SNUFF YOPO: Spirituelle Einsichten mit Anadenanthera Peregrina erschlie\u00dfen<\/strong><\/p>\n<h2>Entdeckung von RAPE SNUFF YOPO<\/h2>\n<p><strong>Beschreibung:<\/strong><\/p>\n<p>Willkommen in der Welt von RAPE SNUFF YOPO, einem heiligen Produkt, das seit Jahrhunderten ein Tor zu uralten Weisheiten und spirituellen Erkenntnissen ist. In diesem umfassenden Leitfaden befassen wir uns mit der reichen Geschichte, den traditionellen und weniger bekannten Verwendungsm\u00f6glichkeiten, den Vorteilen, den Sicherheitserw\u00e4gungen und den Empfehlungen von Experten zur Verwendung von RAPE SNUFF YOPO. Am Ende dieser Reise werden Sie inspiriert sein, die tiefgreifende Wirkung dieses Produkts selbst zu erfahren. Verpassen Sie nicht die Gelegenheit, RAPE SNUFF YOPO in unserem Online-Shop zu kaufen und sich auf den Weg der Selbstentdeckung und Erleuchtung zu begeben.<\/p>\n<h2>Traditionelle und weniger bekannte Verwendungen<\/h2>\n<p><strong>Traditionelle Verwendungen:<\/strong><\/p>\n<ul>\n<li><strong>Spirituelles Erwachen:<\/strong> RAPE SNUFF YOPO spielt in den Ritualen der Ureinwohner eine zentrale Rolle und verbindet die Menschen mit ihrem spirituellen Selbst und dem Kosmos. Sie wird seit Jahrhunderten verwendet, um tiefe spirituelle Erweckungen zu erm\u00f6glichen.<\/li>\n<li><strong>Schamanische Praktiken:<\/strong> In schamanischen Zeremonien wird Yopo verwendet, um den Geist zu reinigen, ver\u00e4nderte Bewusstseinszust\u00e4nde herbeizuf\u00fchren und sich mit der Geisterwelt zu verbinden.<\/li>\n<\/ul>\n<p><strong>Weniger bekannte Anwendungen:<\/strong><\/p>\n<ul>\n<li><strong>Geistige Klarheit:<\/strong> Einige Anwender berichten von erh\u00f6hter geistiger Klarheit, gesteigerter Konzentration und einem allgemeinen Gef\u00fchl der inneren Ruhe nach der Einnahme von RAPE SNUFF YOPO.<\/li>\n<li><strong>Emotionales Gleichgewicht:<\/strong> RAPE SNUFF YOPO kann den unerwarteten Vorteil des emotionalen Gleichgewichts bieten, \u00c4ngste reduzieren und ein Gef\u00fchl der emotionalen Harmonie hervorrufen.<\/li>\n<\/ul>\n<h2>Pro und Kontra von RAPE SNUFF YOPO<\/h2>\n<p><strong>Die Profis (Vorteile):<\/strong><\/p>\n<ul>\n<li><strong>Spirituelles Erwachen:<\/strong> Viele Menschen erleben tiefe spirituelle Einsichten, eine gr\u00f6\u00dfere Selbsterkenntnis und eine tiefere Verbindung zum Universum.<\/li>\n<li><strong>Geistige und emotionale Klarheit:<\/strong> Ist bekannt f\u00fcr die Verbesserung der geistigen Klarheit und des emotionalen Gleichgewichts.<\/li>\n<li><strong>Reinigung und Entschlackung:<\/strong> Die Nutzer berichten oft, dass sie sich nach der Anwendung k\u00f6rperlich und geistig gereinigt f\u00fchlen.<\/li>\n<\/ul>\n<p><strong>Die Nachteile (Warnhinweise und Sicherheit):<\/strong><\/p>\n<ul>\n<li><strong>Respektvoller Gebrauch:<\/strong> N\u00e4hern Sie sich dem RAPE SNUFF YOPO mit Respekt und Absicht und erkennen Sie seine heilige Rolle im Leben derer an, die ihn benutzen.<\/li>\n<li><strong>Individuelle Empfindlichkeit:<\/strong> Die Auswirkungen k\u00f6nnen von Mensch zu Mensch sehr unterschiedlich sein, wobei manche Menschen empfindlicher auf die Auswirkungen reagieren.<\/li>\n<\/ul>\n<h2>Anweisungen und Empfehlungen<\/h2>\n<p>Um das Potenzial von RAPE SNUFF YOPO voll auszusch\u00f6pfen, sollten Sie diese Empfehlungen befolgen:<\/p>\n<ol>\n<li><strong>Beginnen Sie langsam:<\/strong> Beginnen Sie Ihre Reise mit kleinen Dosen und steigern Sie sich allm\u00e4hlich, um \u00fcberw\u00e4ltigende Erfahrungen zu vermeiden.<\/li>\n<li><strong>Bereiten Sie Ihren Raum vor:<\/strong> Schaffen Sie eine ruhige und heilige Umgebung, die mit den Traditionen ihrer Nutzung \u00fcbereinstimmt.<\/li>\n<li><strong>Intentionen setzen:<\/strong> Gehen Sie mit einer klaren Absicht an Ihre Erfahrung heran und erkennen Sie das Potenzial f\u00fcr spirituelle Einsichten und emotionale Harmonie.<\/li>\n<li><strong>Rechtliche Erw\u00e4gungen:<\/strong> Informieren Sie sich immer \u00fcber den rechtlichen Status dieses Produkts in Ihrer Region, um m\u00f6gliche rechtliche Komplikationen zu vermeiden.<\/li>\n<\/ol>\n<h2>Andere Namen f\u00fcr RAPE SNUFF YOPO<\/h2>\n<p>RAPE SNUFF YOPO kann unter verschiedenen Namen erkannt werden, darunter:<\/p>\n<ul>\n<li><strong>Yopo Schnupftabak<\/strong><\/li>\n<li><strong>Anadenanthera Peregrina Schnupftabak<\/strong><\/li>\n<li><strong>Schamanische Erleuchtungsmischung<\/strong><\/li>\n<\/ul>\n<h2>Schlussfolgerung: Beginnen Sie Ihre Reise mit RAPE SNUFF YOPO<\/h2>\n<p>Zusammenfassend l\u00e4sst sich sagen, dass RAPE SNUFF YOPO eine einzigartige Gelegenheit bietet, in die Traditionen alter Rituale einzutauchen und gleichzeitig geistige Klarheit und emotionales Gleichgewicht zu erlangen. Verpassen Sie nicht die Gelegenheit, Ihre Reise der Selbstentdeckung und Erleuchtung zu beginnen.<\/p>\n<blockquote><p><strong>Anmerkung:<\/strong><\/p>\n<p>Die Produkte von OK Natural werden in ihrem reinen Zustand und zu 100 % nat\u00fcrlichen Ursprungs gewonnen und an die einheimische Bev\u00f6lkerung verkauft. Sie enthalten keine Pestizide, Chemikalien, Herbizide oder andere k\u00fcnstliche Stoffe. <\/p>\n<p><strong>Haftungsausschluss:<\/strong><\/p><\/blockquote>\n<ul>\n<li>\n<blockquote><p>Alle Produkte sind in unserem Herkunftsland legal, es liegt in der Verantwortung des Kunden, die Legalit\u00e4t im Zielland zu pr\u00fcfen.<\/p><\/blockquote>\n<\/li>\n<li>\n<blockquote><p>Die Anwendung dieser Naturprodukte ersetzt nicht die \u00e4rztliche Beratung.<\/p><\/blockquote>\n<\/li>\n<li>\n<blockquote><p>Sie impliziert in keiner Weise medizinische Behauptungen \u00fcber die F\u00e4higkeit oder Wirksamkeit eines unserer Produkte zur Behandlung, Vorbeugung oder Linderung einer Krankheit oder eines Leidens.<\/p><\/blockquote>\n<\/li>\n<li>\n<blockquote><p>Die Verwendung und Anwendung unserer Produkte liegt in der alleinigen Verantwortung des Kunden.<\/p><\/blockquote>\n<\/li>\n<li>\n<blockquote><p>Diese Wirkungen dieses Produkts werden durch die empirischen Erfahrungen der alten traditionellen Medizin mit hervorragenden Ergebnissen unterst\u00fctzt.<\/p><\/blockquote>\n<\/li>\n<li>\n<blockquote><p>Das Fehlen sch\u00e4dlicher Nebenwirkungen, wenn es in der richtigen Dosis verabreicht wird. Die hier genannten Informationen sind jedoch keineswegs eine Verordnung oder Vorschrift. <\/p><\/blockquote>\n<\/li>\n<li>\n<blockquote><p>Die darin enthaltenen Aussagen und Links zu Websites wurden nicht von der FDA oder internationalen Lebensmittel- und Arzneimittelbeh\u00f6rden bewertet.<\/p><\/blockquote>\n<\/li>\n<\/ul>\n","protected":false},"excerpt":{"rendered":"<p>VERGEWALTIGUNG SNUFF YOPO: Ein Tor zur alten Weisheit Bemerkenswerte Qualit\u00e4t: RAPE SNUFF YOPO: Spirituelle Einsichten mit Anadenanthera Peregrina erschlie\u00dfen Entdeckung von RAPE SNUFF YOPO Beschreibung: Willkommen in der Welt von RAPE SNUFF YOPO, einem heiligen Produkt, das seit Jahrhunderten ein Tor zu uralten Weisheiten und spirituellen Erkenntnissen ist. In diesem umfassenden Leitfaden befassen wir uns [&hellip;]<\/p>\n","protected":false},"featured_media":61361,"comment_status":"open","ping_status":"closed","template":"","meta":{"_joinchat":[]},"product_brand":[242],"product_cat":[2596,2731],"product_tag":[],"giftcard-category":[],"class_list":{"0":"post-30162","1":"product","2":"type-product","3":"status-publish","4":"has-post-thumbnail","6":"product_brand-ok-natura","7":"product_cat-neue-ankunfte","8":"product_cat-rape-de","9":"product_shipping_class-general-shipping-de","10":"pa_607fbe3cedc9a1618984508-rape-snuff-yopo-5gr-100gr-anadenanthera-peregrina-100-natural-943-jpgoptimized921663c0c14b67aca6a7e264b57fca92id29374549688472pid6556820504728original_filenamerape0_efea6405-ceb-de","11":"pa_badge-2-bewertungen","12":"pa_description_tag-zusammensetzung-tabak-asche-aus-der-rinde-des-yopo-intensitat-sehr-stark-nutzen-spirituelle-verbindung-medizinische-anwendung-erweckt-das-bewusstsein-setzt-gute-laune-frei","13":"pa_rating-scale_min1-0scale_max5-0value5-0-de","14":"pa_rating_count-2-de","15":"pa_review_count-75-de","16":"pa_review_enabled-1-de","17":"pa_review_rating-5-de","18":"pa_talla-100gr-de","19":"pa_talla-10gr-de","20":"pa_talla-1kg-de","21":"pa_talla-20gr-de","22":"pa_talla-30gr-de","23":"pa_talla-4kg-de","24":"pa_talla-50gr-de","25":"pa_talla-5gr-de","26":"pa_title_tag-rape-snuff-yopo-for-sale-anadenanthera-peregrina-esche","27":"pa_widget-jdgm-rev-widg-display-none-kundenrezensionen-basierend-auf-2-rezensionen-schreibe-eine-rezension-100-2-0-0-0-0-0-0-0-0-r","29":"first","30":"instock","31":"sale","32":"shipping-taxable","33":"purchasable","34":"product-type-variable"},"_links":{"self":[{"href":"https:\/\/oknatura.com\/de\/wp-json\/wp\/v2\/product\/30162","targetHints":{"allow":["GET"]}}],"collection":[{"href":"https:\/\/oknatura.com\/de\/wp-json\/wp\/v2\/product"}],"about":[{"href":"https:\/\/oknatura.com\/de\/wp-json\/wp\/v2\/types\/product"}],"replies":[{"embeddable":true,"href":"https:\/\/oknatura.com\/de\/wp-json\/wp\/v2\/comments?post=30162"}],"version-history":[{"count":1,"href":"https:\/\/oknatura.com\/de\/wp-json\/wp\/v2\/product\/30162\/revisions"}],"predecessor-version":[{"id":47522,"href":"https:\/\/oknatura.com\/de\/wp-json\/wp\/v2\/product\/30162\/revisions\/47522"}],"wp:featuredmedia":[{"embeddable":true,"href":"https:\/\/oknatura.com\/de\/wp-json\/wp\/v2\/media\/61361"}],"wp:attachment":[{"href":"https:\/\/oknatura.com\/de\/wp-json\/wp\/v2\/media?parent=30162"}],"wp:term":[{"taxonomy":"product_brand","embeddable":true,"href":"https:\/\/oknatura.com\/de\/wp-json\/wp\/v2\/product_brand?post=30162"},{"taxonomy":"product_cat","embeddable":true,"href":"https:\/\/oknatura.com\/de\/wp-json\/wp\/v2\/product_cat?post=30162"},{"taxonomy":"product_tag","embeddable":true,"href":"https:\/\/oknatura.com\/de\/wp-json\/wp\/v2\/product_tag?post=30162"},{"taxonomy":"giftcard-category","embeddable":true,"href":"https:\/\/oknatura.com\/de\/wp-json\/wp\/v2\/giftcard-category?post=30162"}],"curies":[{"name":"wp","href":"https:\/\/api.w.org\/{rel}","templated":true}]}}