{"id":32638,"date":"2020-10-08T16:52:16","date_gmt":"2020-10-08T16:52:16","guid":{"rendered":"https:\/\/oknatura.com\/products\/bobinsana-powder-200gr-bei-1kg-calliandra-angustifolia-100-reines-natuerliches-und-organisches-blatt-und"},"modified":"2025-06-12T13:29:09","modified_gmt":"2025-06-12T18:29:09","slug":"bobinsana-zum-verkauf-pulver-calliandra-angustifolia","status":"publish","type":"product","link":"https:\/\/oknatura.com\/de\/produkte\/bobinsana-zum-verkauf-pulver-calliandra-angustifolia\/","title":{"rendered":"BOBINSANA POWDER \/ 200gr bei 1kg - (Calliandra Angustifolia) 100% reines nat\u00fcrliches und organisches BLATT und"},"content":{"rendered":"<h1>BOBINSANA-PULVER: Die Wunder der Calliandra Angustifolia entr\u00e4tseln<\/h1>\n<h2>Entdeckung der Wunder des Bobinsana-Pulvers<\/h2>\n<p>Willkommen in der bezaubernden Welt von Bobinsana Powder, einem einzigartigen Produkt, das aus der Calliandra Angustifolia Pflanze gewonnen wird. Auf dieser faszinierenden Reise werden wir die au\u00dfergew\u00f6hnlichen Eigenschaften und die vielf\u00e4ltigen Verwendungsm\u00f6glichkeiten dieses Naturjuwels kennen lernen.<\/p>\n<h2>Enth\u00fcllung von Bobinsana-Pulver<\/h2>\n<p><strong>Bobinsana-Pulver: Ein Naturwunder<\/strong><\/p>\n<p>Bobinsana Powder ist eine einzigartige Substanz, die aus den Bl\u00e4ttern der Calliandra Angustifolia-Pflanze gewonnen wird, einer botanischen Wunderpflanze, die f\u00fcr ihre reiche Geschichte und eine Vielzahl von Anwendungen bekannt ist. Begeben wir uns auf ein fesselndes Abenteuer, um die Geheimnisse dieses au\u00dfergew\u00f6hnlichen pflanzlichen Produkts zu l\u00fcften.<\/p>\n<h2>Traditionelle und weniger bekannte Verwendungen<\/h2>\n<p>Das Bobinsana-Pulver ist f\u00fcr seine traditionellen und weniger bekannten Anwendungen bekannt:<\/p>\n<p><strong>1. Traditionelle Verwendungen:<\/strong><\/p>\n<ul>\n<li><strong>Traditionelle Medizin:<\/strong> Hat eine lange Geschichte der Verwendung in der traditionellen Medizin, wo man ihm verschiedene therapeutische Eigenschaften zuschreibt, insbesondere wegen seiner potenziellen Vorteile f\u00fcr das psychische Wohlbefinden.<\/li>\n<li><strong>Energetische Heilung:<\/strong> In indigenen Praktiken wird sie verwendet, um eine Verbindung mit dem Geist der Pflanze herzustellen und Erkenntnisse zu gewinnen, insbesondere f\u00fcr emotionale und spirituelle Heilung.<\/li>\n<\/ul>\n<p><strong>2. Weniger bekannte Anwendungen:<\/strong><\/p>\n<ul>\n<li><strong>Luzides Tr\u00e4umen:<\/strong> Manche Menschen erforschen das Potenzial, luzide Tr\u00e4ume zu erzeugen und zu verst\u00e4rken, um Erkenntnisse zu gewinnen oder ihr Unterbewusstsein zu erforschen.<\/li>\n<li><strong>Energetische Reinigung:<\/strong> Es wird angenommen, dass sie Energien reinigen und kl\u00e4ren kann, was sie zu einem festen Bestandteil schamanischer Rituale und Praktiken macht.<\/li>\n<\/ul>\n<h2>Die Vor- und Nachteile von Bobinsana-Pulver<\/h2>\n<p><strong>Die Profis (Vorteile):<\/strong><\/p>\n<ul>\n<li><strong>Emotionales Wohlbefinden: <\/strong>Es wird angenommen, dass es sich positiv auf das emotionale Wohlbefinden auswirkt und ein Gef\u00fchl der Ruhe und des Friedens vermittelt.<\/li>\n<li><strong>Luzides Tr\u00e4umen:<\/strong> F\u00fcr diejenigen, die ihre Tr\u00e4ume erforschen wollen, kann die Tiefe und Klarheit der Traumerfahrungen verbessern.<\/li>\n<li><strong>Traditionelle Heilung:<\/strong> Sie wird seit jeher traditionell f\u00fcr emotionale und spirituelle Heilung verwendet und ist daher ein wertvolles Instrument f\u00fcr schamanische Praktiken.<\/li>\n<\/ul>\n<p><strong>Die Nachteile (Warnhinweise und Sicherheit):<\/strong><\/p>\n<ul>\n<li><strong>Achtsame Dosierung:<\/strong> Wie bei jeder nat\u00fcrlichen Substanz ist die genaue Dosierung entscheidend. Es ist ratsam, mit kleinen Mengen zu beginnen, um die individuelle Empfindlichkeit zu beurteilen.<\/li>\n<li><strong>Individuelle Reaktionen:<\/strong> Die Reaktionen k\u00f6nnen unterschiedlich ausfallen, und obwohl es zahlreiche Vorteile bietet, ist es m\u00f6glicherweise nicht f\u00fcr jeden geeignet.<\/li>\n<\/ul>\n<h2>Bobinsana-Pulver anwenden: Anweisungen und Empfehlungen<\/h2>\n<p>F\u00fcr diejenigen, die Bobinsana-Pulver ausprobieren m\u00f6chten, ist ein verantwortungsbewusster Gebrauch unerl\u00e4sslich. Hier sind einige wichtige \u00dcberlegungen:<\/p>\n<ol>\n<li><strong>Traditionelle Heilung:<\/strong> Wenn Sie es f\u00fcr emotionale oder spirituelle Heilung verwenden, wenden Sie sich an einen Schamanen oder einen erfahrenen Heilpraktiker, um sich beraten zu lassen.<\/li>\n<li><strong>Luzides Tr\u00e4umen:<\/strong> Um Tr\u00e4ume zu erforschen, experimentieren Sie mit kleinen Dosen und f\u00fchren Sie ein Traumtagebuch, um Ihre Erfahrungen festzuhalten.<\/li>\n<li><strong>Energetische Praktiken:<\/strong> Wenn Sie es zur energetischen Reinigung verwenden, setzen Sie sich klare Absichten und lassen Sie sich von jemandem beraten, der in energetischer Heilung erfahren ist.<\/li>\n<\/ol>\n<h2>Andere Namen f\u00fcr Bobinsana-Pulver<\/h2>\n<p>Bobinsana ist in einigen Regionen auch als &#8222;Bubinsana&#8220; bekannt.<\/p>\n<h2>Ein Aufruf zum Handeln: Erleben Sie die Magie des Bobinsana-Pulvers<\/h2>\n<p>Zusammenfassend l\u00e4sst sich sagen, dass das Bobinsana-Pulver eine breite Palette von Verwendungsm\u00f6glichkeiten bietet, von der traditionellen emotionalen Heilung bis hin zu potenziellen Anwendungen beim luziden Tr\u00e4umen und der energetischen Reinigung. Wenn Sie bereit sind, sich auf eine Entdeckungsreise zu begeben, bieten wir Ihnen hochwertiges Bobinsana-Pulver, das durch Sicherheitsma\u00dfnahmen unterst\u00fctzt wird, um ein sicheres und sinnvolles Erlebnis zu gew\u00e4hrleisten.<\/p>\n<blockquote><p><strong>Anmerkung:<\/strong><\/p>\n<p>Die Produkte von OK Natural werden in ihrem reinen Zustand und zu 100 % nat\u00fcrlichen Ursprungs gewonnen und an die einheimische Bev\u00f6lkerung verkauft. Sie enthalten keine Pestizide, Chemikalien, Herbizide oder andere k\u00fcnstliche Stoffe. <\/p>\n<p><strong>Haftungsausschluss:<\/strong><\/p><\/blockquote>\n<ul>\n<li>\n<blockquote><p>Alle Produkte sind in unserem Herkunftsland legal, es liegt in der Verantwortung des Kunden, die Legalit\u00e4t im Zielland zu pr\u00fcfen.<\/p><\/blockquote>\n<\/li>\n<li>\n<blockquote><p>Die Anwendung dieser Naturprodukte ersetzt nicht die \u00e4rztliche Beratung.<\/p><\/blockquote>\n<\/li>\n<li>\n<blockquote><p>Sie impliziert in keiner Weise medizinische Behauptungen \u00fcber die F\u00e4higkeit oder Wirksamkeit eines unserer Produkte zur Behandlung, Vorbeugung oder Linderung einer Krankheit oder eines Leidens.<\/p><\/blockquote>\n<\/li>\n<li>\n<blockquote><p>Die Verwendung und Anwendung unserer Produkte liegt in der alleinigen Verantwortung des Kunden.<\/p><\/blockquote>\n<\/li>\n<li>\n<blockquote><p>Diese Wirkungen dieses Produkts werden durch die empirischen Erfahrungen der alten traditionellen Medizin mit hervorragenden Ergebnissen unterst\u00fctzt.<\/p><\/blockquote>\n<\/li>\n<li>\n<blockquote><p>Das Fehlen sch\u00e4dlicher Nebenwirkungen, wenn es in der richtigen Dosis verabreicht wird. Die hier genannten Informationen sind jedoch keineswegs eine Verordnung oder Vorschrift. <\/p><\/blockquote>\n<\/li>\n<li>\n<blockquote><p>Die darin enthaltenen Aussagen und Links zu Websites wurden nicht von der FDA oder internationalen Lebensmittel- und Arzneimittelbeh\u00f6rden bewertet.<\/p><\/blockquote>\n<\/li>\n<\/ul>\n","protected":false},"excerpt":{"rendered":"<p>BOBINSANA-PULVER: Die Wunder der Calliandra Angustifolia entr\u00e4tseln Entdeckung der Wunder des Bobinsana-Pulvers Willkommen in der bezaubernden Welt von Bobinsana Powder, einem einzigartigen Produkt, das aus der Calliandra Angustifolia Pflanze gewonnen wird. Auf dieser faszinierenden Reise werden wir die au\u00dfergew\u00f6hnlichen Eigenschaften und die vielf\u00e4ltigen Verwendungsm\u00f6glichkeiten dieses Naturjuwels kennen lernen. Enth\u00fcllung von Bobinsana-Pulver Bobinsana-Pulver: Ein Naturwunder Bobinsana [&hellip;]<\/p>\n","protected":false},"featured_media":59872,"comment_status":"open","ping_status":"closed","template":"","meta":{"_joinchat":[]},"product_brand":[242],"product_cat":[3266,2596],"product_tag":[],"giftcard-category":[],"class_list":{"0":"post-32638","1":"product","2":"type-product","3":"status-publish","4":"has-post-thumbnail","6":"product_brand-ok-natura","7":"product_cat-heilige-krauter-fuer-den-verkauf","8":"product_cat-neue-ankunfte","9":"product_shipping_class-general-shipping-de","10":"pa_5f9677095fb8c1603696393-bobinsana-powder-1kg-calliandra-angustifolia-100-pure-natural-organic-leaf-bark-hierbas-947-jpgoptimizednullid21779439943832pid5903745777816original_filenameajo-sacha-2_e4e452b9-b-de","11":"pa_6025efafb474b1613098927-bobinsana-powder-200gr-1kg-calliandra-angustifolia-100-pure-natural-organic-569-jpgoptimized921663c0c14b67aca6a7e264b57fca92id26060456296600pid5903745777816original_filenameajo-de","12":"pa_badge-1-rezension","13":"pa_description_tag-wussten-sie-dass-bobinsana-for-sale-pulver-sehr-gut-ist-wenn-sie-es-mit-ayahuasca-mischen-nun-eine-anregende-pflanze-zu-sein-gibt-kraft-und-energie","14":"pa_rating-scale_min1-0scale_max5-0value5-0-de","15":"pa_rating_count-1-de","16":"pa_review_count-25-de","17":"pa_review_enabled-1-de","18":"pa_review_rating-5-de","19":"pa_talla-10kg-de","20":"pa_talla-1kg-de","21":"pa_talla-200gr-de","22":"pa_talla-2kg-de","23":"pa_talla-4kg-de","24":"pa_talla-500gr-de","25":"pa_title_tag-bobinsana-for-sale-powder-calliandra-angustifolia-naturlich","26":"pa_widget-jdgm-rev-widg-display-none-kundenrezensionen-basierend-auf-1-rezension-schreiben-sie-eine-rezension-100-1-0-0-0-0-0-0-0-0-j","28":"first","29":"instock","30":"sale","31":"shipping-taxable","32":"purchasable","33":"product-type-variable"},"_links":{"self":[{"href":"https:\/\/oknatura.com\/de\/wp-json\/wp\/v2\/product\/32638","targetHints":{"allow":["GET"]}}],"collection":[{"href":"https:\/\/oknatura.com\/de\/wp-json\/wp\/v2\/product"}],"about":[{"href":"https:\/\/oknatura.com\/de\/wp-json\/wp\/v2\/types\/product"}],"replies":[{"embeddable":true,"href":"https:\/\/oknatura.com\/de\/wp-json\/wp\/v2\/comments?post=32638"}],"version-history":[{"count":1,"href":"https:\/\/oknatura.com\/de\/wp-json\/wp\/v2\/product\/32638\/revisions"}],"predecessor-version":[{"id":46217,"href":"https:\/\/oknatura.com\/de\/wp-json\/wp\/v2\/product\/32638\/revisions\/46217"}],"wp:featuredmedia":[{"embeddable":true,"href":"https:\/\/oknatura.com\/de\/wp-json\/wp\/v2\/media\/59872"}],"wp:attachment":[{"href":"https:\/\/oknatura.com\/de\/wp-json\/wp\/v2\/media?parent=32638"}],"wp:term":[{"taxonomy":"product_brand","embeddable":true,"href":"https:\/\/oknatura.com\/de\/wp-json\/wp\/v2\/product_brand?post=32638"},{"taxonomy":"product_cat","embeddable":true,"href":"https:\/\/oknatura.com\/de\/wp-json\/wp\/v2\/product_cat?post=32638"},{"taxonomy":"product_tag","embeddable":true,"href":"https:\/\/oknatura.com\/de\/wp-json\/wp\/v2\/product_tag?post=32638"},{"taxonomy":"giftcard-category","embeddable":true,"href":"https:\/\/oknatura.com\/de\/wp-json\/wp\/v2\/giftcard-category?post=32638"}],"curies":[{"name":"wp","href":"https:\/\/api.w.org\/{rel}","templated":true}]}}