{"id":40869,"date":"2024-04-20T11:32:51","date_gmt":"2024-04-20T16:32:51","guid":{"rendered":"https:\/\/oknatura.com\/?post_type=product&#038;p=40869"},"modified":"2026-02-23T17:14:12","modified_gmt":"2026-02-23T22:14:12","slug":"mambe-premium-tribe-huitoto-coca-leaf-sonderedition","status":"publish","type":"product","link":"https:\/\/oknatura.com\/de\/produkte\/mambe-premium-tribe-huitoto-coca-leaf-sonderedition\/","title":{"rendered":"MAMBE PREMIUM - Stamm Huitoto \/ 30gr bis 10kg \/ - Coca-Blatt + Cetico-Asche - SPECIAL EDITION"},"content":{"rendered":"<h2><strong>MAMBE PREMIUM - Stamm Huitoto - SPECIAL EDITION<\/strong><\/h2>\n<h3><strong>Energetisieren Sie Ihren Geist mit Mambe Premium - Tribe Huitoto - SPECIAL EDITION<\/strong><\/h3>\n<p>Mambe Premium - Tribe Huitoto - SPECIAL EDITION ist nicht nur ein Produkt, es ist eine Erfahrung. Diese mit Sorgfalt und Respekt vor der Tradition hergestellte Sonderedition von Mambe bietet eine einzigartige Reise in das Herz des Amazonas-Regenwaldes. Lassen Sie uns die Verwendung, die Vorteile und wie Sie dieses bemerkenswerte Produkt genie\u00dfen k\u00f6nnen erkunden.  <\/p>\n<h3><strong>Beschreibung<\/strong><\/h3>\n<p>Mambe Premium - Tribe Huitoto - SPECIAL EDITION ist eine Mischung aus Coca-Bl\u00e4ttern und Cetico-Asche, sorgf\u00e4ltig ausgew\u00e4hlt und zubereitet, um die Traditionen des Huitoto-Stammes zu ehren. Diese Sonderedition von Mambe ist bekannt f\u00fcr ihre anregende und belebende Wirkung, was sie zu einem beliebten Getr\u00e4nk f\u00fcr alle macht, die einen nat\u00fcrlichen Kick f\u00fcr den Tag suchen. <\/p>\n<h3><strong>Traditionelle und wenig bekannte Verwendungen<\/strong><\/h3>\n<p>Traditionell wird Mambe vom Stamm der Huitoto wegen seiner energetisierenden Eigenschaften verwendet. Es wird aber auch in spirituellen Zeremonien verwendet, um die Konzentration und Klarheit der Gedanken zu verbessern. Au\u00dferdem wird angenommen, dass Mambe die spirituelle Verbindung mit der Natur und der Welt um uns herum vertieft.  <\/p>\n<h3><strong>Pro und Kontra<\/strong><\/h3>\n<h3><strong>Vorteile:<\/strong><\/h3>\n<ul>\n<li>Belebend und anregend<\/li>\n<li>Verbessert die Konzentration und geistige Klarheit<\/li>\n<li>Vertieft die spirituelle Verbindung<\/li>\n<li>Hergestellt mit nat\u00fcrlichen Zutaten<\/li>\n<\/ul>\n<h3><strong>Nachteile:<\/strong><\/h3>\n<ul>\n<li>Suchtpotenzial bei \u00fcberm\u00e4\u00dfigem Gebrauch<\/li>\n<li>Kann bei empfindlichen Personen Unruhe oder Schlaflosigkeit verursachen<\/li>\n<\/ul>\n<h3><strong>Anweisungen und Empfehlungen<\/strong><\/h3>\n<p>Um Mambe Premium - Tribe Huitoto - SPECIAL EDITION zu genie\u00dfen, fangen Sie mit einer kleinen Menge an und erh\u00f6hen Sie diese allm\u00e4hlich nach Bedarf. Er wird am besten in einer ruhigen und friedlichen Umgebung konsumiert, um seine Wirkung voll zu entfalten. Vermeiden Sie es, Mambe sp\u00e4t am Tag einzunehmen, um Schlafst\u00f6rungen zu vermeiden.<\/p>\n<h3><strong>Andere Namen<\/strong><\/h3>\n<p>Mambe ist in der Sprache der Huitoto auch als \u201eYpad\u00fa\u201c bekannt, was seine Bedeutung in ihrer Kultur und Tradition widerspiegelt.<\/p>\n<h3><strong>Fazit<\/strong><\/h3>\n<p>Zusammenfassend l\u00e4sst sich sagen, dass Mambe Premium - Tribe Huitoto - SPECIAL EDITION mehr als nur ein Produkt bietet; es bietet eine kulturelle Erfahrung. Mit seiner reichen Geschichte und seiner kraftvollen Wirkung bietet es eine einzigartige M\u00f6glichkeit, sich mit der Weisheit des Amazonas zu verbinden. Testen Sie Mambe noch heute und begeben Sie sich auf eine Reise der Entdeckung und Erleuchtung.  <\/p>\n<blockquote><p><strong>Anmerkung:<\/strong><\/p>\n<p>Die Produkte von OK Natural werden in ihrem reinen Zustand und zu 100 % nat\u00fcrlichen Ursprungs gewonnen und an die einheimische Bev\u00f6lkerung verkauft. Sie enthalten keine Pestizide, Chemikalien, Herbizide oder andere k\u00fcnstliche Stoffe. <\/p>\n<p><strong>Haftungsausschluss:<\/strong><\/p><\/blockquote>\n<ul>\n<li>\n<blockquote><p>Alle Produkte sind in unserem Herkunftsland legal, es liegt in der Verantwortung des Kunden, die Legalit\u00e4t im Zielland zu pr\u00fcfen.<\/p><\/blockquote>\n<\/li>\n<li>\n<blockquote><p>Die Anwendung dieser Naturprodukte ersetzt nicht die \u00e4rztliche Beratung.<\/p><\/blockquote>\n<\/li>\n<li>\n<blockquote><p>Sie impliziert in keiner Weise medizinische Behauptungen \u00fcber die F\u00e4higkeit oder Wirksamkeit eines unserer Produkte zur Behandlung, Vorbeugung oder Linderung einer Krankheit oder eines Leidens.<\/p><\/blockquote>\n<\/li>\n<li>\n<blockquote><p>Die Verwendung und Anwendung unserer Produkte liegt in der alleinigen Verantwortung des Kunden.<\/p><\/blockquote>\n<\/li>\n<li>\n<blockquote><p>Diese Wirkungen dieses Produkts werden durch die empirischen Erfahrungen der alten traditionellen Medizin mit hervorragenden Ergebnissen unterst\u00fctzt.<\/p><\/blockquote>\n<\/li>\n<li>\n<blockquote><p>Das Fehlen sch\u00e4dlicher Nebenwirkungen, wenn es in der richtigen Dosis verabreicht wird. Die hier genannten Informationen sind jedoch keineswegs eine Verordnung oder Vorschrift. <\/p><\/blockquote>\n<\/li>\n<li>\n<blockquote><p>Die darin enthaltenen Aussagen und Links zu Websites wurden nicht von der FDA oder internationalen Lebensmittel- und Arzneimittelbeh\u00f6rden bewertet.<\/p><\/blockquote>\n<\/li>\n<\/ul>\n","protected":false},"excerpt":{"rendered":"<p>MAMBE PREMIUM - Stamm Huitoto - SPECIAL EDITION Energetisieren Sie Ihren Geist mit Mambe Premium - Tribe Huitoto - SPECIAL EDITION Mambe Premium - Tribe Huitoto - SPECIAL EDITION ist nicht nur ein Produkt, es ist eine Erfahrung. Diese mit Sorgfalt und Respekt vor der Tradition hergestellte Sonderedition von Mambe bietet eine einzigartige Reise in [&hellip;]<\/p>\n","protected":false},"featured_media":63961,"comment_status":"open","ping_status":"closed","template":"","meta":{"_joinchat":[]},"product_brand":[],"product_cat":[3093,2661],"product_tag":[],"giftcard-category":[],"class_list":{"0":"post-40869","1":"product","2":"type-product","3":"status-publish","4":"has-post-thumbnail","6":"product_cat-mambe-coca-de","7":"product_cat-verkauf-nationale-post","8":"product_shipping_class-paste-extract-de","9":"pa_5f9675d9b1bdd1603696089-mambe-30gr-500gr-coca-leaf-cetico-ash-597-pngoptimizednullid21779067273368pid5879639507096original_filenamemambe11655_6155649b-7e3c-489d-b311-5be38407c286-pngvariant_idsp-de","10":"pa_5fd91cd2420e41608064210-mambe-30gr-2kg-coca-leaf-cetico-ash-matcha-mortar-pestle-934-jpgoptimized921663c0c14b67aca6a7e264b57fca92id24298305552536pid5879639507096original_filenamemambe11655_6155649b-7e3-de","11":"pa_badge-12-bewertungen","12":"pa_description_tag-erleben-sie-die-belebende-kraft-von-mambe-beleben-sie-ihre-sinne-mit-diesem-traditionellen-energizer-und-entdecken-sie-eine-neue-art-ihre-vitalitat-zu-wecken-probieren-sie-mambe-noch-heute-aus","13":"pa_rating-scale_min1-0scale_max5-0value4-5-de","14":"pa_rating_count-12-de","15":"pa_review_count-50-de","16":"pa_review_enabled-1-de","17":"pa_review_rating-4-9-de","18":"pa_reviews-spr-container-padding-24px-border-color-ececec-spr-review-spr-form-border-color-ececec-kundenrezensionen-basierend-auf-1-re","19":"pa_talla-100gr-de","20":"pa_talla-10kg-de","21":"pa_talla-1kg-de","22":"pa_talla-2kg-de","23":"pa_talla-300gr-de","24":"pa_talla-30gr-de","25":"pa_talla-4kg-de","26":"pa_talla-500gr-de","27":"pa_talla-50gr-de","28":"pa_title_tag-mambe-for-sale-coca-leaf-cetico-ash-amazonia-natural-food-de","29":"pa_widget-jdgm-rev-widg-display-none-kundenrezensionen-basierend-auf-12-rezensionen-schreibe-eine-rezension-75-9-8-1-8-1-8-1-0-0-80-0-a","31":"first","32":"instock","33":"sale","34":"shipping-taxable","35":"purchasable","36":"product-type-variable"},"_links":{"self":[{"href":"https:\/\/oknatura.com\/de\/wp-json\/wp\/v2\/product\/40869","targetHints":{"allow":["GET"]}}],"collection":[{"href":"https:\/\/oknatura.com\/de\/wp-json\/wp\/v2\/product"}],"about":[{"href":"https:\/\/oknatura.com\/de\/wp-json\/wp\/v2\/types\/product"}],"replies":[{"embeddable":true,"href":"https:\/\/oknatura.com\/de\/wp-json\/wp\/v2\/comments?post=40869"}],"version-history":[{"count":1,"href":"https:\/\/oknatura.com\/de\/wp-json\/wp\/v2\/product\/40869\/revisions"}],"predecessor-version":[{"id":57392,"href":"https:\/\/oknatura.com\/de\/wp-json\/wp\/v2\/product\/40869\/revisions\/57392"}],"wp:featuredmedia":[{"embeddable":true,"href":"https:\/\/oknatura.com\/de\/wp-json\/wp\/v2\/media\/63961"}],"wp:attachment":[{"href":"https:\/\/oknatura.com\/de\/wp-json\/wp\/v2\/media?parent=40869"}],"wp:term":[{"taxonomy":"product_brand","embeddable":true,"href":"https:\/\/oknatura.com\/de\/wp-json\/wp\/v2\/product_brand?post=40869"},{"taxonomy":"product_cat","embeddable":true,"href":"https:\/\/oknatura.com\/de\/wp-json\/wp\/v2\/product_cat?post=40869"},{"taxonomy":"product_tag","embeddable":true,"href":"https:\/\/oknatura.com\/de\/wp-json\/wp\/v2\/product_tag?post=40869"},{"taxonomy":"giftcard-category","embeddable":true,"href":"https:\/\/oknatura.com\/de\/wp-json\/wp\/v2\/giftcard-category?post=40869"}],"curies":[{"name":"wp","href":"https:\/\/api.w.org\/{rel}","templated":true}]}}