{"id":44403,"date":"2025-03-17T18:09:03","date_gmt":"2025-03-17T23:09:03","guid":{"rendered":"https:\/\/oknatura.com\/products\/mambe-super-premium-tribe-murui-30gr-bis-10kg-coca-blatt-cetico-asche-limited-edition\/"},"modified":"2025-12-16T06:50:22","modified_gmt":"2025-12-16T11:50:22","slug":"mambe-super-premium-tribe-murui-30gr-bis-10kg-coca-blatt-cetico-asche-limited-edition","status":"publish","type":"product","link":"https:\/\/oknatura.com\/de\/produkte\/mambe-super-premium-tribe-murui-30gr-bis-10kg-coca-blatt-cetico-asche-limited-edition\/","title":{"rendered":"MAMBE SUPER-PREMIUM - Tribe Murui \/ 30gr bis 10kg \/ - Coca-Blatt + Cetico-Asche - LIMITED EDITION"},"content":{"rendered":"<h2><strong>MAMBE SUPER-PREMIUM - Tribe Murui - LIMITED EDITION<\/strong><\/h2>\n<h3><strong>Erh\u00f6hen Sie Ihre Sinne mit Mambe Premium - Tribe Murui - LIMITED EDITION<\/strong><\/h3>\n<p>Schwelgen Sie in den reichen Traditionen des Stammes Murui mit Mambe Super-Premium - Tribe Murui - LIMITED EDITION. Diese sorgf\u00e4ltig gefertigte und nur begrenzt verf\u00fcgbare Sonderausgabe der Mambe bietet ein einzigartiges Erlebnis, das \u00fcber das Gew\u00f6hnliche hinausgeht.<\/p>\n<h3><strong>Beschreibung<\/strong><\/h3>\n<p>Mambe Super-Premium - Tribe Murui - LIMITED EDITION ist eine Mischung aus Coca-Bl\u00e4ttern und Cetico-Asche, die sorgf\u00e4ltig zubereitet wird, um die Br\u00e4uche des Stammes der Murui zu ehren. Diese limitierte Auflage von Mambe ist f\u00fcr ihre au\u00dfergew\u00f6hnliche Qualit\u00e4t und ihren exquisiten Geschmack bekannt und damit eine gefragte Wahl f\u00fcr alle, die ein Premium-Erlebnis suchen.<\/p>\n<h3><strong>Traditionelle und wenig bekannte Verwendungen<\/strong><\/h3>\n<p>Traditionell wird Mambe vom Stamm der Murui wegen seiner aufbauenden Eigenschaften verwendet. Es wird aber auch in spirituellen Zeremonien verwendet, um die Konzentration zu verbessern und ein Gef\u00fchl des Wohlbefindens zu f\u00f6rdern. Au\u00dferdem soll Mambe die Verdauung f\u00f6rdern und einen nat\u00fcrlichen Energieschub geben.<\/p>\n<h3><strong>Pro und Kontra<\/strong><\/h3>\n<h3><strong>Vorteile:<\/strong><\/h3>\n<ul>\n<li>Aufmunternd und anregend<\/li>\n<li>Verbessert die Konzentration und geistige Klarheit<\/li>\n<li>F\u00f6rdert das Wohlbefinden<\/li>\n<li>Limitierte Auflage, die Exklusivit\u00e4t garantiert<\/li>\n<\/ul>\n<h3><strong>Nachteile:<\/strong><\/h3>\n<ul>\n<li>Begrenzte Verf\u00fcgbarkeit<\/li>\n<li>Kann f\u00fcr manche Personen zu stark sein<\/li>\n<\/ul>\n<h3><strong>Anweisungen und Empfehlungen<\/strong><\/h3>\n<p>Um Mambe Super-Premium - Tribe Murui - LIMITED EDITION zu genie\u00dfen, fangen Sie mit einer kleinen Menge an und erh\u00f6hen Sie diese nach Bedarf. Er wird am besten in einer ruhigen und friedlichen Umgebung konsumiert, um seine Wirkung voll zu entfalten. Vermeiden Sie es, Mambe sp\u00e4t am Tag einzunehmen, um Schlafst\u00f6rungen zu vermeiden.<\/p>\n<h3><strong>Andere Namen<\/strong><\/h3>\n<p>Mambe oder Ypadu ist in der Sprache der Murui auch als &#8222;Mambi&#8220; bekannt, was seine Bedeutung in ihrem kulturellen Erbe widerspiegelt.<\/p>\n<h3><strong>Fazit <\/strong><\/h3>\n<p>Zusammenfassend l\u00e4sst sich sagen, dass Mambe Super-Premium - Tribe Murui - LIMITED EDITION nicht nur ein Produkt ist, sondern ein Erlebnis. Mit seiner reichen Geschichte und au\u00dfergew\u00f6hnlichen Qualit\u00e4t bietet es eine einzigartige M\u00f6glichkeit, sich mit den Traditionen des Murui-Stammes zu verbinden. Probieren Sie Mambe noch heute und erheben Sie Ihre Sinne in neue H\u00f6hen.<\/p>\n<blockquote><p><strong>Anmerkung:<\/strong><\/p>\n<p>Die Produkte von OK Natural werden in ihrem reinen Zustand und zu 100 % nat\u00fcrlichen Ursprungs gewonnen und an die einheimische Bev\u00f6lkerung verkauft. Sie enthalten keine Pestizide, Chemikalien, Herbizide oder andere k\u00fcnstliche Stoffe.<\/p>\n<p><strong>Haftungsausschluss:<\/strong><\/p><\/blockquote>\n<ul>\n<li>\n<blockquote><p>Alle Produkte sind in unserem Herkunftsland legal, es liegt in der Verantwortung des Kunden, die Legalit\u00e4t im Zielland zu pr\u00fcfen.<\/p><\/blockquote>\n<\/li>\n<li>\n<blockquote><p>Die Anwendung dieser Naturprodukte ersetzt nicht die \u00e4rztliche Beratung.<\/p><\/blockquote>\n<\/li>\n<li>\n<blockquote><p>Sie impliziert in keiner Weise medizinische Behauptungen \u00fcber die F\u00e4higkeit oder Wirksamkeit eines unserer Produkte zur Behandlung, Vorbeugung oder Linderung einer Krankheit oder eines Leidens.<\/p><\/blockquote>\n<\/li>\n<li>\n<blockquote><p>Die Verwendung und Anwendung unserer Produkte liegt in der alleinigen Verantwortung des Kunden.<\/p><\/blockquote>\n<\/li>\n<li>\n<blockquote><p>Diese Wirkungen dieses Produkts werden durch die empirischen Erfahrungen der alten traditionellen Medizin mit hervorragenden Ergebnissen unterst\u00fctzt.<\/p><\/blockquote>\n<\/li>\n<li>\n<blockquote><p>Das Fehlen sch\u00e4dlicher Nebenwirkungen, wenn es in der richtigen Dosis verabreicht wird. Die hier genannten Informationen sind jedoch keineswegs eine Verordnung oder Vorschrift.<\/p><\/blockquote>\n<\/li>\n<li>\n<blockquote><p>Die darin enthaltenen Aussagen und Links zu Websites wurden nicht von der FDA oder internationalen Lebensmittel- und Arzneimittelbeh\u00f6rden bewertet.<\/p><\/blockquote>\n<\/li>\n<\/ul>\n","protected":false},"excerpt":{"rendered":"<p>MAMBE SUPER-PREMIUM - Tribe Murui - LIMITED EDITION Erh\u00f6hen Sie Ihre Sinne mit Mambe Premium - Tribe Murui - LIMITED EDITION Schwelgen Sie in den reichen Traditionen des Stammes Murui mit Mambe Super-Premium - Tribe Murui - LIMITED EDITION. Diese sorgf\u00e4ltig gefertigte und nur begrenzt verf\u00fcgbare Sonderausgabe der Mambe bietet ein einzigartiges Erlebnis, das \u00fcber [&hellip;]<\/p>\n","protected":false},"featured_media":63977,"comment_status":"open","ping_status":"closed","template":"","meta":{"_joinchat":[]},"product_brand":[],"product_cat":[3093,2661],"product_tag":[],"giftcard-category":[],"class_list":{"0":"post-44403","1":"product","2":"type-product","3":"status-publish","4":"has-post-thumbnail","6":"product_cat-mambe-coca-de","7":"product_cat-verkauf-nationale-post","8":"product_shipping_class-paste-extract-de","9":"pa_5f9675d9b1bdd1603696089-mambe-30gr-500gr-coca-leaf-cetico-ash-597-pngoptimizednullid21779067273368pid5879639507096original_filenamemambe11655_6155649b-7e3c-489d-b311-5be38407c286-pngvariant_idsp-de","10":"pa_5fd91cd2420e41608064210-mambe-30gr-2kg-coca-leaf-cetico-ash-matcha-mortar-pestle-934-jpgoptimized921663c0c14b67aca6a7e264b57fca92id24298305552536pid5879639507096original_filenamemambe11655_6155649b-7e3-de","11":"pa_badge-12-bewertungen","12":"pa_description_tag-erleben-sie-die-belebende-kraft-von-mambe-beleben-sie-ihre-sinne-mit-diesem-traditionellen-energizer-und-entdecken-sie-eine-neue-art-ihre-vitalitat-zu-wecken-probieren-sie-mambe-noch-heute-aus","13":"pa_rating-scale_min1-0scale_max5-0value4-5-de","14":"pa_rating_count-12-de","15":"pa_review_count-50-de","16":"pa_review_enabled-1-de","17":"pa_review_rating-4-9-de","18":"pa_reviews-spr-container-padding-24px-border-color-ececec-spr-review-spr-form-border-color-ececec-kundenrezensionen-basierend-auf-1-re","19":"pa_talla-100gr-de","20":"pa_talla-10kg-de","21":"pa_talla-1kg-de","22":"pa_talla-2kg-de","23":"pa_talla-300gr-de","24":"pa_talla-30gr-de","25":"pa_talla-4kg-de","26":"pa_talla-500gr-de","27":"pa_talla-50gr-de","28":"pa_title_tag-mambe-for-sale-coca-leaf-cetico-ash-amazonia-natural-food-de","29":"pa_widget-jdgm-rev-widg-display-none-kundenrezensionen-basierend-auf-12-rezensionen-schreibe-eine-rezension-75-9-8-1-8-1-8-1-0-0-80-0-a","31":"first","32":"instock","33":"sale","34":"shipping-taxable","35":"purchasable","36":"product-type-variable"},"_links":{"self":[{"href":"https:\/\/oknatura.com\/de\/wp-json\/wp\/v2\/product\/44403","targetHints":{"allow":["GET"]}}],"collection":[{"href":"https:\/\/oknatura.com\/de\/wp-json\/wp\/v2\/product"}],"about":[{"href":"https:\/\/oknatura.com\/de\/wp-json\/wp\/v2\/types\/product"}],"replies":[{"embeddable":true,"href":"https:\/\/oknatura.com\/de\/wp-json\/wp\/v2\/comments?post=44403"}],"version-history":[{"count":1,"href":"https:\/\/oknatura.com\/de\/wp-json\/wp\/v2\/product\/44403\/revisions"}],"predecessor-version":[{"id":66805,"href":"https:\/\/oknatura.com\/de\/wp-json\/wp\/v2\/product\/44403\/revisions\/66805"}],"wp:featuredmedia":[{"embeddable":true,"href":"https:\/\/oknatura.com\/de\/wp-json\/wp\/v2\/media\/63977"}],"wp:attachment":[{"href":"https:\/\/oknatura.com\/de\/wp-json\/wp\/v2\/media?parent=44403"}],"wp:term":[{"taxonomy":"product_brand","embeddable":true,"href":"https:\/\/oknatura.com\/de\/wp-json\/wp\/v2\/product_brand?post=44403"},{"taxonomy":"product_cat","embeddable":true,"href":"https:\/\/oknatura.com\/de\/wp-json\/wp\/v2\/product_cat?post=44403"},{"taxonomy":"product_tag","embeddable":true,"href":"https:\/\/oknatura.com\/de\/wp-json\/wp\/v2\/product_tag?post=44403"},{"taxonomy":"giftcard-category","embeddable":true,"href":"https:\/\/oknatura.com\/de\/wp-json\/wp\/v2\/giftcard-category?post=44403"}],"curies":[{"name":"wp","href":"https:\/\/api.w.org\/{rel}","templated":true}]}}