{"id":26440,"date":"2023-10-08T15:05:59","date_gmt":"2023-10-08T20:05:59","guid":{"rendered":"https:\/\/oknatura.com\/politica-de-privacidad-ok-natura"},"modified":"2025-09-05T05:16:16","modified_gmt":"2025-09-05T10:16:16","slug":"politica-de-privacidad-ok-natura","status":"publish","type":"page","link":"https:\/\/oknatura.com\/es\/politica-de-privacidad-ok-natura\/","title":{"rendered":"Pol\u00edtica de privacidad | Ok Natura"},"content":{"rendered":"\t\t<div data-elementor-type=\"wp-page\" data-elementor-id=\"26440\" class=\"elementor elementor-26440 elementor-22606\" data-elementor-post-type=\"page\">\n\t\t\t\t\t\t<section data-particle_enable=\"false\" data-particle-mobile-disabled=\"false\" class=\"porto-full-no-gap elementor-section elementor-top-section elementor-element elementor-element-fa075e9 elementor-section-full_width elementor-section-height-min-height elementor-section-height-default elementor-section-items-middle\" data-id=\"fa075e9\" data-element_type=\"section\" data-e-type=\"section\" data-settings=\"{&quot;background_background&quot;:&quot;classic&quot;}\">\r\n\t\t\r\n\t\t\t\t\t\t\t<div class=\"elementor-container elementor-column-gap-no\">\r\n\t\t\t\t\t\t\t\t\t\t\t<div class=\"elementor-column elementor-col-100 elementor-top-column elementor-element elementor-element-93a0a60\" data-id=\"93a0a60\" data-element_type=\"column\" data-e-type=\"column\">\r\n\t\t\t\t\t<div class=\"elementor-widget-wrap\">\r\n\t\t\t\t\t\t\t\t\t<\/div>\r\n\t\t\t\t<\/div>\r\n\t\t\t\t\t<\/div>\r\n\t\t\t\t<\/section>\r\n\t\t\t\t<section data-particle_enable=\"false\" data-particle-mobile-disabled=\"false\" class=\"elementor-section elementor-top-section elementor-element elementor-element-78469c2 elementor-section-content-middle elementor-section-boxed elementor-section-height-default elementor-section-height-default\" data-id=\"78469c2\" data-element_type=\"section\" data-e-type=\"section\">\r\n\t\t\r\n\t\t\t\t\t\t\t<div class=\"elementor-container elementor-column-gap-no\">\r\n\t\t\t\t\t\t\t\t\t\t\t<div class=\"elementor-column elementor-col-50 elementor-top-column elementor-element elementor-element-b94fde7\" data-id=\"b94fde7\" data-element_type=\"column\" data-e-type=\"column\">\r\n\t\t\t\t\t<div class=\"elementor-widget-wrap elementor-element-populated\">\r\n\t\t\t\t\t\t\t\t<div class=\"elementor-element elementor-element-6ca62b5 animated-slow elementor-invisible elementor-widget elementor-widget-heading\" data-id=\"6ca62b5\" data-element_type=\"widget\" data-e-type=\"widget\" data-settings=\"{&quot;_animation&quot;:&quot;fadeInUp&quot;,&quot;_animation_delay&quot;:300}\" data-widget_type=\"heading.default\">\n\t\t\t\t\t<h1 class=\"elementor-heading-title elementor-size-default\">Pol\u00edtica de privacidad | Ok Natura<\/h1>\t\t\t\t<\/div>\n\t\t\t\t<div class=\"elementor-element elementor-element-21903be elementor-icon-list--layout-inline animated-slow elementor-list-item-link-full_width elementor-invisible elementor-widget elementor-widget-icon-list\" data-id=\"21903be\" data-element_type=\"widget\" data-e-type=\"widget\" data-settings=\"{&quot;_animation&quot;:&quot;fadeInUp&quot;,&quot;_animation_delay&quot;:300}\" data-widget_type=\"icon-list.default\">\n\t\t\t\t\t\t\t<ul class=\"elementor-icon-list-items elementor-inline-items\">\n\t\t\t\t\t\t\t<li class=\"elementor-icon-list-item elementor-inline-item\">\n\t\t\t\t\t\t\t\t\t\t\t<a href=\"https:\/\/oknatura.com\/es\/\">\n\n\t\t\t\t\t\t\t\t\t\t\t<span class=\"elementor-icon-list-text\">Volver al inicio<\/span>\n\t\t\t\t\t\t\t\t\t\t\t<\/a>\n\t\t\t\t\t\t\t\t\t<\/li>\n\t\t\t\t\t\t<\/ul>\n\t\t\t\t\t\t<\/div>\n\t\t\t\t\t<\/div>\r\n\t\t\t\t<\/div>\r\n\t\t\t\t<div class=\"elementor-column elementor-col-50 elementor-top-column elementor-element elementor-element-3aadd4e\" data-id=\"3aadd4e\" data-element_type=\"column\" data-e-type=\"column\">\r\n\t\t\t\t\t<div class=\"elementor-widget-wrap elementor-element-populated\">\r\n\t\t\t\t\t\t\t\t<div class=\"elementor-element elementor-element-9b317b0 animated-slow elementor-invisible elementor-widget elementor-widget-image\" data-id=\"9b317b0\" data-element_type=\"widget\" data-e-type=\"widget\" data-settings=\"{&quot;_animation&quot;:&quot;fadeIn&quot;,&quot;_animation_delay&quot;:300}\" data-widget_type=\"image.default\">\n\t\t\t\t\t\t\t\t\t\t\t\t\t\t\t<img fetchpriority=\"high\" decoding=\"async\" width=\"860\" height=\"210\" src=\"https:\/\/oknatura.com\/wp-content\/uploads\/2023\/10\/selva.jpg\" class=\"attachment-full size-full wp-image-26465\" alt=\"Collections - Descargo de Responsabilidad - Lista de Deseos - Nuestra historia - colecciones\" srcset=\"https:\/\/oknatura.com\/wp-content\/uploads\/2023\/10\/selva.jpg 860w, https:\/\/oknatura.com\/wp-content\/uploads\/2023\/10\/selva-768x188.jpg 768w, https:\/\/oknatura.com\/wp-content\/uploads\/2023\/10\/selva-640x156.jpg 640w, https:\/\/oknatura.com\/wp-content\/uploads\/2023\/10\/selva-400x98.jpg 400w, https:\/\/oknatura.com\/wp-content\/uploads\/2023\/10\/selva-600x147.jpg 600w\" sizes=\"(max-width: 860px) 100vw, 860px\" title=\"\">\t\t\t\t\t\t\t\t\t\t\t\t\t\t\t<\/div>\n\t\t\t\t\t<\/div>\r\n\t\t\t\t<\/div>\r\n\t\t\t\t\t<\/div>\r\n\t\t\t\t<\/section>\r\n\t\t<div data-particle_enable=\"false\" data-particle-mobile-disabled=\"false\" class=\"elementor-element elementor-element-831d67a e-flex e-con-boxed e-con e-parent\" data-id=\"831d67a\" data-element_type=\"container\" data-e-type=\"container\">\r\n\t\t\t\t\t<div class=\"e-con-inner\">\r\n\t\t\t\t<div class=\"elementor-element elementor-element-835b419 elementor-widget elementor-widget-heading\" data-id=\"835b419\" data-element_type=\"widget\" data-e-type=\"widget\" data-widget_type=\"heading.default\">\n\t\t\t\t\t<h1 class=\"elementor-heading-title elementor-size-default\">Pol\u00edtica de privacidad<\/h1>\t\t\t\t<\/div>\n\t\t\t\t<div class=\"elementor-element elementor-element-2d18345 elementor-widget elementor-widget-text-editor\" data-id=\"2d18345\" data-element_type=\"widget\" data-e-type=\"widget\" data-widget_type=\"text-editor.default\">\n\t\t\t\t\t\t\t\t\t<p>Esta Pol\u00edtica de Privacidad describe c\u00f3mo oknatura.com (el \u00abSitio\u00bb o \u00abnosotros\u00bb) recopila, utiliza y divulga tu Informaci\u00f3n Personal cuando visitas o realizas una compra en el Sitio.<\/p><h2>Recogida de informaci\u00f3n personal<\/h2><p>Cuando visitas el Sitio, recopilamos cierta informaci\u00f3n sobre tu dispositivo, tu interacci\u00f3n con el Sitio y la informaci\u00f3n necesaria para procesar tus compras. Tambi\u00e9n podemos recopilar informaci\u00f3n adicional si te pones en contacto con nosotros para solicitar asistencia al cliente. En esta Pol\u00edtica de Privacidad, nos referimos a cualquier informaci\u00f3n que pueda identificar de forma exclusiva a un individuo (incluida la informaci\u00f3n que figura a continuaci\u00f3n) como \u00abInformaci\u00f3n Personal\u00bb. Consulta la lista siguiente para obtener m\u00e1s informaci\u00f3n sobre qu\u00e9 Datos Personales recopilamos y por qu\u00e9.   <\/p><p><u>Informaci\u00f3n del dispositivo<\/u><\/p><ul><li><strong>Ejemplos de Datos Personales recogidos:<\/strong> versi\u00f3n del navegador web, direcci\u00f3n IP, zona horaria, informaci\u00f3n sobre cookies, qu\u00e9 sitios o productos ves, t\u00e9rminos de b\u00fasqueda y c\u00f3mo interact\u00faas con el Sitio.<\/li><li><strong>Finalidad de la recogida:<\/strong> cargar el Sitio con precisi\u00f3n para ti, y realizar an\u00e1lisis sobre el uso del Sitio para optimizar nuestro Sitio.<\/li><li><strong>Fuente de recogida:<\/strong> Recogida autom\u00e1tica cuando accedes a nuestro Sitio mediante cookies, archivos de registro, balizas web, etiquetas o p\u00edxeles  <\/li><li><strong>Divulgaci\u00f3n con fines comerciales:<\/strong> compartida con nuestro procesador Oknatura.com <em>y Google<\/em><\/li><\/ul><p><u>Informaci\u00f3n sobre pedidos<\/u><\/p><ul><li><strong>Ejemplos de Datos Personales recogidos:<\/strong> nombre, direcci\u00f3n de facturaci\u00f3n, direcci\u00f3n de env\u00edo, informaci\u00f3n de pago (incluyendo n\u00fameros de tarjeta de cr\u00e9dito Paypal, \u00abMercado Pago\u00bb y Western Union), direcci\u00f3n de correo electr\u00f3nico y n\u00famero de tel\u00e9fono.<\/li><li><strong>Finalidad de la recogida:<\/strong> proporcionarte productos o servicios para cumplir nuestro contrato, procesar tu informaci\u00f3n de pago, organizar el env\u00edo y proporcionarte facturas a petici\u00f3n del cliente y\/o confirmaciones de pedido, comunicarnos contigo, examinar nuestros pedidos para detectar posibles riesgos o fraudes y, cuando est\u00e9 en consonancia con las preferencias que has compartido con nosotros, proporcionarte informaci\u00f3n o publicidad relacionada con nuestros productos o servicios.<\/li><li><strong>Fuente de recogida:<\/strong> recogida de ti.<\/li><li><strong>Divulgaci\u00f3n con fines comerciales:<\/strong> compartida con nuestro procesador Oknatura.com, <em>Google, Paypal, \u00abMercado Pago\u00bb y Western Union.<\/em><em> <\/em><\/li><\/ul><p><u>Informaci\u00f3n de atenci\u00f3n al cliente<\/u><\/p><ul><li><strong>Ejemplos de Datos Personales recogidos:<\/strong> Nombre completo, pa\u00eds, direcci\u00f3n, n\u00famero de tel\u00e9fono y correo electr\u00f3nico<\/li><li><strong>Finalidad de la recogida:<\/strong> proporcionar asistencia al cliente.<\/li><li><strong>Fuente de recogida:<\/strong> recogida de ti.<\/li><li><strong>Divulgaci\u00f3n con fines comerciales:<\/strong> Compartir informaci\u00f3n b\u00e1sica del cliente al contratar el servicio de transporte, como DHL o el Servicio Postal Nacional<strong>.<\/strong> <\/li><\/ul><h2>Menores<\/h2><p>El Sitio no est\u00e1 destinado a personas menores de <em>[18 a\u00f1os]<\/em>. No recopilamos intencionadamente Informaci\u00f3n Personal de menores. Si eres el padre o tutor y crees que tu hijo nos ha proporcionado Informaci\u00f3n Personal, ponte en contacto con nosotros en la direcci\u00f3n que aparece a continuaci\u00f3n para solicitar su eliminaci\u00f3n: info@oknatura.com.  <\/p><h2>Compartir informaci\u00f3n personal<\/h2><p>Compartimos tus Datos Personales con proveedores de servicios para que nos ayuden a prestar nuestros servicios y cumplir nuestros contratos contigo, como se ha descrito anteriormente. Por ejemplo: <\/p><ul><li>Utilizamos Oknatura.com para impulsar nuestra tienda online. Puedes leer m\u00e1s sobre c\u00f3mo Oknatura.com utiliza tus Datos Personales aqu\u00ed: <a href=\"https:\/\/www.shopify.com\/legal\/privacy\" rel=\"nofollow noopener\" target=\"_blank\">https:\/\/oknatura.com.com\/legal\/privacy.<\/a> <\/li><li>Podemos compartir tus Datos Personales para cumplir las leyes y normativas aplicables, para responder a una citaci\u00f3n, orden de registro u otra solicitud legal de informaci\u00f3n que recibamos, o para proteger de otro modo nuestros derechos.<\/li><\/ul><p> <\/p><h2>Publicidad comportamental<\/h2><p>Como se ha descrito anteriormente, utilizamos tus Datos Personales para proporcionarte publicidad o comunicaciones de marketing espec\u00edficas que creemos que pueden ser de tu inter\u00e9s. Por ejemplo: <\/p><ul><li>Utilizamos Google Analytics para ayudarnos a comprender c\u00f3mo utilizan el Sitio nuestros clientes. Puedes obtener m\u00e1s informaci\u00f3n sobre c\u00f3mo utiliza Google tu Informaci\u00f3n Personal aqu\u00ed: <a href=\"https:\/\/policies.google.com\/privacy?hl=en\" rel=\"nofollow noopener\" target=\"_blank\">https:\/\/policies.google.com\/privacy?hl=en.You<\/a>. Tambi\u00e9n puedes inhabilitar Google Analytics aqu\u00ed: <a href=\"https:\/\/tools.google.com\/dlpage\/gaoptout\" rel=\"nofollow noopener\" target=\"_blank\">https:\/\/tools.google.com\/dlpage\/gaoptout.<\/a> <\/li><li>Compartimos informaci\u00f3n sobre tu uso del Sitio, tus compras y tu interacci\u00f3n con nuestros anuncios en otros sitios web con nuestros socios publicitarios. Recopilamos y compartimos parte de esta informaci\u00f3n directamente con nuestros socios publicitarios, y en algunos casos mediante el uso de cookies u otras tecnolog\u00edas similares (que puedes consentir, dependiendo de tu ubicaci\u00f3n). <\/li><\/ul><p>Para m\u00e1s informaci\u00f3n sobre c\u00f3mo funciona la publicidad dirigida, puedes visitar la p\u00e1gina educativa de la Network Advertising Initiative (\u00abNAI\u00bb) en <a href=\"http:\/\/www.networkadvertising.org\/understanding-online-advertising\/how-does-it-work\" rel=\"nofollow noopener\" target=\"_blank\">http:\/\/www.networkadvertising.org\/understanding-online-advertising\/how-does-it-work.<\/a><\/p><p>Puedes excluirte de la publicidad dirigida:<\/p><p> <\/p><h2>Utilizar informaci\u00f3n personal<\/h2><p>Utilizamos tus Datos personales para prestarte nuestros servicios, que incluyen: ofrecer productos a la venta, procesar pagos, enviar y cumplir tu pedido, y mantenerte al d\u00eda sobre nuevos productos, servicios y ofertas.<\/p><h2>Base legal<\/h2><p>De conformidad con el Reglamento General de Protecci\u00f3n de Datos (\u00abRGPD\u00bb), si eres residente del Espacio Econ\u00f3mico Europeo (\u00abEEE\u00bb), procesamos tu informaci\u00f3n personal bajo las siguientes bases legales:<\/p><ul><li>Tu consentimiento;<\/li><li>La ejecuci\u00f3n del contrato entre t\u00fa y el Sitio;<\/li><li>Cumplimiento de nuestras obligaciones legales;<\/li><li>Para proteger tus intereses vitales;<\/li><li>Para realizar una tarea de inter\u00e9s p\u00fablico;<\/li><li>Por nuestros intereses leg\u00edtimos, que no prevalecen sobre tus derechos y libertades fundamentales.<\/li><\/ul><h2>Retenci\u00f3n<\/h2><p>Cuando realices un pedido a trav\u00e9s del Sitio, conservaremos tus Datos Personales para nuestros registros, a menos y hasta que nos pidas que los borremos. Para obtener m\u00e1s informaci\u00f3n sobre tu derecho de borrado, consulta la secci\u00f3n \u00abTus derechos\u00bb m\u00e1s abajo. <\/p><h2>Toma de decisiones autom\u00e1tica<\/h2><p>Si resides en el EEE, tienes derecho a oponerte al tratamiento basado \u00fanicamente en la toma de decisiones automatizada (que incluye la elaboraci\u00f3n de perfiles), cuando dicha toma de decisiones tenga efectos jur\u00eddicos sobre ti o te afecte significativamente de otro modo.<\/p><p><em> NO<\/em> tomamos decisiones totalmente automatizadas que tengan un efecto legal o significativo utilizando los datos de los clientes.<\/p><p>Nuestro procesador Oknatura.com utiliza una toma de decisiones automatizada limitada para prevenir el fraude que no tenga un efecto legal o significativo sobre ti.<\/p><p>Los servicios que incluyen elementos de toma de decisiones automatizada incluyen<\/p><ul><li>Lista negativa temporal de direcciones IP asociadas a transacciones fallidas repetidas. Esta lista de denegaci\u00f3n persiste durante un peque\u00f1o n\u00famero de horas. <\/li><li>Lista denegada temporal de tarjetas de cr\u00e9dito asociadas a direcciones IP denegadas. Esta lista de denegaci\u00f3n persiste durante un peque\u00f1o n\u00famero de d\u00edas. <\/li><\/ul><p> <\/p><h2>Tus derechos<\/h2><h2>GDPR<\/h2><p>Si resides en el EEE, tienes derecho a acceder a los Datos Personales que tenemos sobre ti, a portarlos a un nuevo servicio y a solicitar que tus Datos Personales sean corregidos, actualizados o borrados. Si deseas ejercer estos derechos, ponte en contacto con nosotros a trav\u00e9s de la informaci\u00f3n de contacto que figura a continuaci\u00f3n   <\/p><p>Tus Datos Personales se procesar\u00e1n inicialmente en Irlanda y luego se transferir\u00e1n fuera de Europa para su almacenamiento y posterior procesamiento, incluso a Canad\u00e1 y Estados Unidos. Para obtener m\u00e1s informaci\u00f3n sobre c\u00f3mo las transferencias de datos cumplen con el GDPR, consulta el Libro Blanco sobre el GDPR de Oknatura.com: <a href=\"https:\/\/help.shopify.com\/en\/manual\/your-account\/privacy\/GDPR\" rel=\"nofollow noopener\" target=\"_blank\">https:\/\/help.oknatura.com.com\/en\/manual\/your-account\/privacy\/GDPR.<\/a> <\/p><p> <\/p><h2>CCPA<\/h2><p>Si resides en California, tienes derecho a acceder a los Datos Personales que tenemos sobre ti (tambi\u00e9n conocido como \u00abDerecho a Saber\u00bb), a portarlos a un nuevo servicio y a solicitar que tus Datos Personales sean corregidos, actualizados o borrados. Si deseas ejercer estos derechos, ponte en contacto con nosotros a trav\u00e9s de la informaci\u00f3n de contacto que figura a continuaci\u00f3n   <\/p><p>Si deseas designar a un agente autorizado para que presente estas solicitudes en tu nombre, ponte en contacto con nosotros en la direcci\u00f3n que figura a continuaci\u00f3n.<\/p><h2>Cookies<\/h2><p>Una cookie es una peque\u00f1a cantidad de informaci\u00f3n que se descarga en tu ordenador o dispositivo cuando visitas nuestro Sitio. Utilizamos diferentes tipos de cookies, como cookies funcionales, de rendimiento, publicitarias y de redes sociales o de contenido. Las cookies mejoran tu experiencia de navegaci\u00f3n al permitir que el sitio web recuerde tus acciones y preferencias (como el inicio de sesi\u00f3n y la selecci\u00f3n de regi\u00f3n). Esto significa que no tienes que volver a introducir esta informaci\u00f3n cada vez que vuelvas al sitio o navegues de una p\u00e1gina a otra. Las cookies tambi\u00e9n proporcionan informaci\u00f3n sobre la forma en que las personas utilizan el sitio web, por ejemplo, si es la primera vez que lo visitan o si son visitantes frecuentes.    <\/p><p>Utilizamos las siguientes cookies para optimizar tu experiencia en nuestro Sitio y para prestar nuestros servicios.<\/p><h2>Cookies Necesarias para el Funcionamiento de la Tienda<\/h2><table width=\"534\"><thead><tr><td><p><strong>Nombre<\/strong><\/p><\/td><td><p><strong>Funci\u00f3n<\/strong><\/p><\/td><\/tr><\/thead><tbody><tr><td><p><em>_ab<\/em><\/p><\/td><td><p>Se utiliza en relaci\u00f3n con el acceso a admin.<\/p><\/td><\/tr><tr><td><p><em>_secure_session_id<\/em><\/p><\/td><td><p>Se utiliza en relaci\u00f3n con la navegaci\u00f3n por un escaparate.<\/p><\/td><\/tr><tr><td><p><em>carro<\/em><\/p><\/td><td><p>Se utiliza en relaci\u00f3n con el carrito de la compra.<\/p><\/td><\/tr><tr><td><p><em>carrito_sig<\/em><\/p><\/td><td><p>Se utiliza en relaci\u00f3n con el pago.<\/p><\/td><\/tr><tr><td><p><em>carrito_ts<\/em><\/p><\/td><td><p>Se utiliza en relaci\u00f3n con el pago.<\/p><\/td><\/tr><tr><td><p><em>ficha_de_compra<\/em><\/p><\/td><td><p>Se utiliza en relaci\u00f3n con el pago.<\/p><\/td><\/tr><tr><td><p><em>secreto<\/em><\/p><\/td><td><p>Se utiliza en relaci\u00f3n con el pago.<\/p><\/td><\/tr><tr><td><p><em>secure_customer_sig<\/em><\/p><\/td><td><p>Se utiliza en relaci\u00f3n con el inicio de sesi\u00f3n del cliente.<\/p><\/td><\/tr><tr><td><p><em>storefront_digest<\/em><\/p><\/td><td><p>Se utiliza en relaci\u00f3n con el inicio de sesi\u00f3n del cliente.<\/p><\/td><\/tr><tr><td><p><em>_oknatura.com_u<\/em><\/p><\/td><td><p>Se utiliza para facilitar la actualizaci\u00f3n de la informaci\u00f3n de la cuenta del cliente.<\/p><\/td><\/tr><\/tbody><\/table><h2>Informes y an\u00e1lisis<\/h2><table width=\"534\"><tbody><tr><td><p><strong>Nombre<\/strong><\/p><\/td><td><p><strong>Funci\u00f3n<\/strong><\/p><\/td><\/tr><tr><td><p><em>seguimiento_consentimiento<\/em><\/p><\/td><td><p>Preferencias de seguimiento.<\/p><\/td><\/tr><tr><td><p><em>p\u00e1gina_de_aterrizaje<\/em><\/p><\/td><td><p>Rastrea las p\u00e1ginas de destino<\/p><\/td><\/tr><tr><td><p><em>_orig_referrer<\/em><\/p><\/td><td><p>Rastrea las p\u00e1ginas de destino<\/p><\/td><\/tr><tr><td><p><em>_s<\/em><\/p><\/td><td><p>An\u00e1lisis de Oknatura.com.<\/p><\/td><\/tr><tr><td><p><em>_oknatura.com_fs<\/em><\/p><\/td><td><p>An\u00e1lisis de Oknatura.com.<\/p><\/td><\/tr><tr><td><p><em>_oknatura.com_s<\/em><\/p><\/td><td><p>An\u00e1lisis de Oknatura.com.<\/p><\/td><\/tr><tr><td><p><em>_oknatura.com_sa_p<\/em><\/p><\/td><td><p>Anal\u00edtica de Oknatura.com relacionada con el marketing y las referencias.<\/p><\/td><\/tr><tr><td><p><em>_oknatura.com_sa_t<\/em><\/p><\/td><td><p>Anal\u00edtica de Oknatura.com relacionada con el marketing y las referencias.<\/p><\/td><\/tr><tr><td><p><em>_oknatura.com_y<\/em><\/p><\/td><td><p>An\u00e1lisis de Oknatura.com.<\/p><\/td><\/tr><tr><td><p><em>_y<\/em><\/p><\/td><td><p>An\u00e1lisis de Oknatura.com.<\/p><\/td><\/tr><\/tbody><\/table><p> <\/p><p>Puedes controlar y gestionar las cookies de varias maneras. Ten en cuenta que eliminar o bloquear las cookies puede afectar negativamente a tu experiencia de usuario y es posible que algunas partes de nuestro sitio web dejen de ser totalmente accesibles. <\/p><p> <\/p><h2>No rastrear<\/h2><p>Ten en cuenta que, debido a que no existe un entendimiento coherente en la industria sobre c\u00f3mo responder a las se\u00f1ales \u00abDo Not Track\u00bb, no alteramos nuestras pr\u00e1cticas de recopilaci\u00f3n y uso de datos cuando detectamos una se\u00f1al de este tipo de tu navegador.<\/p><h2>Cambios<\/h2><p>Podemos actualizar esta Pol\u00edtica de Privacidad de vez en cuando para reflejar, por ejemplo, cambios en nuestras pr\u00e1cticas o por otras razones operativas, legales o normativas.<\/p><h2>Ponte en contacto con<\/h2><p>Para obtener m\u00e1s informaci\u00f3n sobre nuestras pr\u00e1cticas de privacidad, si tienes preguntas o si quieres presentar una queja, ponte en contacto con nosotros por correo electr\u00f3nico en info@oknatura.com.<\/p><p> <\/p>\t\t\t\t\t\t\t\t<\/div>\n\t\t\t\t\t<\/div>\n\t\t\t\t<\/div>\n\t\t<div data-particle_enable=\"false\" data-particle-mobile-disabled=\"false\" class=\"elementor-element elementor-element-dbdcf3f elementor-hidden-desktop elementor-hidden-tablet elementor-hidden-mobile e-flex e-con-boxed e-con e-parent\" data-id=\"dbdcf3f\" data-element_type=\"container\" data-e-type=\"container\">\r\n\t\t\t\t\t<div class=\"e-con-inner\">\r\n\t\t\t\t<div class=\"elementor-element elementor-element-352ea2a elementor-widget elementor-widget-text-editor\" data-id=\"352ea2a\" data-element_type=\"widget\" data-e-type=\"widget\" data-widget_type=\"text-editor.default\">\n\t\t\t\t\t\t\t\t\t<h2>Pol\u00edtica de privacidad de Ok Natura<\/h2><p>\u00a1Bienvenido a Ok Natura! Nos preocupamos por tu privacidad y queremos que te sientas seguro cuando visites nuestro sitio web. Por eso hemos creado esta pol\u00edtica de privacidad para explicarte c\u00f3mo recogemos, utilizamos y protegemos tu informaci\u00f3n.  <\/p><h3>Informaci\u00f3n que recogemos para la Pol\u00edtica de Privacidad<\/h3><p>Cuando visitas nuestro sitio web, recogemos cierta informaci\u00f3n autom\u00e1ticamente, como tu direcci\u00f3n IP, el tipo de navegador, las p\u00e1ginas visitadas y la duraci\u00f3n de tu visita. Tambi\u00e9n recogemos informaci\u00f3n personal que nos proporcionas voluntariamente cuando te registras, realizas una compra o te suscribes a nuestro bolet\u00edn de noticias. <\/p><h3>Uso de la informaci\u00f3n<\/h3><p>Utilizamos la informaci\u00f3n recopilada para mejorar nuestro sitio web, personalizar tu experiencia, procesar tus pedidos y enviarte informaci\u00f3n relevante sobre nuestros productos y promociones. No compartimos tu informaci\u00f3n personal con terceros, excepto cuando es necesario para cumplir la ley o proteger nuestros derechos. <\/p><h3>Cookies y tecnolog\u00edas similares<\/h3><p>Utilizamos cookies y tecnolog\u00edas similares para mejorar tu experiencia en nuestro sitio web y ofrecerte contenidos personalizados. Puedes aceptar o rechazar las cookies en cualquier momento desde la configuraci\u00f3n de tu navegador. <\/p><h3>Seguridad de la Informaci\u00f3n en la Pol\u00edtica de Privacidad<\/h3><p>Aplicamos medidas de seguridad para proteger tus datos personales contra el acceso o la divulgaci\u00f3n no autorizados. Sin embargo, no podemos garantizar la seguridad absoluta de tus datos en l\u00ednea. <\/p><h3>Cambios en la Pol\u00edtica de Privacidad<\/h3><p>Nos reservamos el derecho a modificar esta pol\u00edtica de privacidad en cualquier momento. Te animamos a que consultes peri\u00f3dicamente esta p\u00e1gina para comprobar si se han producido cambios. <\/p><p>Al utilizar nuestro sitio web, aceptas los t\u00e9rminos de esta pol\u00edtica de privacidad. Si tienes alguna pregunta o duda sobre nuestra pol\u00edtica de privacidad, no dudes en ponerte en contacto con nosotros. <\/p>\t\t\t\t\t\t\t\t<\/div>\n\t\t\t\t\t<\/div>\n\t\t\t\t<\/div>\n\t\t<div data-particle_enable=\"false\" data-particle-mobile-disabled=\"false\" class=\"elementor-element elementor-element-31f87f0 elementor-hidden-desktop elementor-hidden-tablet elementor-hidden-mobile e-flex e-con-boxed e-con e-parent\" data-id=\"31f87f0\" data-element_type=\"container\" data-e-type=\"container\">\r\n\t\t\t\t\t<div class=\"e-con-inner\">\r\n\t\t\t\t<div class=\"elementor-element elementor-element-d2a38fc elementor-widget elementor-widget-image\" data-id=\"d2a38fc\" data-element_type=\"widget\" data-e-type=\"widget\" data-widget_type=\"image.default\">\n\t\t\t\t\t\t\t\t\t\t\t\t\t\t\t<img decoding=\"async\" width=\"1024\" height=\"326\" src=\"https:\/\/oknatura.com\/wp-content\/uploads\/2023\/10\/1681408253192-1024x326.png\" class=\"attachment-large size-large wp-image-34709\" alt=\"Pol\u00edtica de privacidad - Pedido - No vender mis datos Personales\" srcset=\"https:\/\/oknatura.com\/wp-content\/uploads\/2023\/10\/1681408253192-1024x326.png 1024w, https:\/\/oknatura.com\/wp-content\/uploads\/2023\/10\/1681408253192-768x244.png 768w, https:\/\/oknatura.com\/wp-content\/uploads\/2023\/10\/1681408253192-640x204.png 640w, https:\/\/oknatura.com\/wp-content\/uploads\/2023\/10\/1681408253192-400x127.png 400w, https:\/\/oknatura.com\/wp-content\/uploads\/2023\/10\/1681408253192-600x191.png 600w\" sizes=\"(max-width: 1024px) 100vw, 1024px\" title=\"\">\t\t\t\t\t\t\t\t\t\t\t\t\t\t\t<\/div>\n\t\t\t\t\t<\/div>\n\t\t\t\t<\/div>\n\t\t\t\t<\/div>\n\t\t","protected":false},"excerpt":{"rendered":"<p>Pol\u00edtica de privacidad | Ok Natura Volver al inicio Pol\u00edtica de privacidad Esta Pol\u00edtica de Privacidad describe c\u00f3mo oknatura.com (el \u00abSitio\u00bb o \u00abnosotros\u00bb) recopila, utiliza y divulga tu Informaci\u00f3n Personal cuando visitas o realizas una compra en el Sitio. Recogida de informaci\u00f3n personal Cuando visitas el Sitio, recopilamos cierta informaci\u00f3n sobre tu dispositivo, tu interacci\u00f3n [&hellip;]<\/p>\n","protected":false},"author":4254,"featured_media":0,"parent":0,"menu_order":0,"comment_status":"closed","ping_status":"closed","template":"","meta":{"_joinchat":[],"footnotes":""},"class_list":["post-26440","page","type-page","status-publish","hentry"],"_links":{"self":[{"href":"https:\/\/oknatura.com\/es\/wp-json\/wp\/v2\/pages\/26440","targetHints":{"allow":["GET"]}}],"collection":[{"href":"https:\/\/oknatura.com\/es\/wp-json\/wp\/v2\/pages"}],"about":[{"href":"https:\/\/oknatura.com\/es\/wp-json\/wp\/v2\/types\/page"}],"author":[{"embeddable":true,"href":"https:\/\/oknatura.com\/es\/wp-json\/wp\/v2\/users\/4254"}],"replies":[{"embeddable":true,"href":"https:\/\/oknatura.com\/es\/wp-json\/wp\/v2\/comments?post=26440"}],"version-history":[{"count":2,"href":"https:\/\/oknatura.com\/es\/wp-json\/wp\/v2\/pages\/26440\/revisions"}],"predecessor-version":[{"id":67555,"href":"https:\/\/oknatura.com\/es\/wp-json\/wp\/v2\/pages\/26440\/revisions\/67555"}],"wp:attachment":[{"href":"https:\/\/oknatura.com\/es\/wp-json\/wp\/v2\/media?parent=26440"}],"curies":[{"name":"wp","href":"https:\/\/api.w.org\/{rel}","templated":true}]}}