{"id":26451,"date":"2023-10-08T15:07:39","date_gmt":"2023-10-08T20:07:39","guid":{"rendered":"https:\/\/oknatura.com\/envio-y-pago-ok-natura"},"modified":"2025-09-05T05:36:13","modified_gmt":"2025-09-05T10:36:13","slug":"envio-y-pago-ok-natura","status":"publish","type":"page","link":"https:\/\/oknatura.com\/es\/envio-y-pago-ok-natura\/","title":{"rendered":"Env\u00edo y pago | Ok Natura"},"content":{"rendered":"\t\t<div data-elementor-type=\"wp-page\" data-elementor-id=\"26451\" class=\"elementor elementor-26451 elementor-22612\" data-elementor-post-type=\"page\">\n\t\t\t\t\t\t<section data-particle_enable=\"false\" data-particle-mobile-disabled=\"false\" class=\"porto-full-no-gap elementor-section elementor-top-section elementor-element elementor-element-c762f4e elementor-section-full_width elementor-section-height-min-height elementor-section-height-default elementor-section-items-middle\" data-id=\"c762f4e\" data-element_type=\"section\" data-e-type=\"section\" data-settings=\"{&quot;background_background&quot;:&quot;classic&quot;}\">\r\n\t\t\r\n\t\t\t\t\t\t\t<div class=\"elementor-container elementor-column-gap-no\">\r\n\t\t\t\t\t\t\t\t\t\t\t<div class=\"elementor-column elementor-col-100 elementor-top-column elementor-element elementor-element-5d6faea\" data-id=\"5d6faea\" data-element_type=\"column\" data-e-type=\"column\">\r\n\t\t\t\t\t<div class=\"elementor-widget-wrap\">\r\n\t\t\t\t\t\t\t\t\t<\/div>\r\n\t\t\t\t<\/div>\r\n\t\t\t\t\t<\/div>\r\n\t\t\t\t<\/section>\r\n\t\t\t\t<section data-particle_enable=\"false\" data-particle-mobile-disabled=\"false\" class=\"elementor-section elementor-top-section elementor-element elementor-element-189ae9c elementor-section-content-middle elementor-section-boxed elementor-section-height-default elementor-section-height-default\" data-id=\"189ae9c\" data-element_type=\"section\" data-e-type=\"section\">\r\n\t\t\r\n\t\t\t\t\t\t\t<div class=\"elementor-container elementor-column-gap-no\">\r\n\t\t\t\t\t\t\t\t\t\t\t<div class=\"elementor-column elementor-col-50 elementor-top-column elementor-element elementor-element-1e6d974\" data-id=\"1e6d974\" data-element_type=\"column\" data-e-type=\"column\">\r\n\t\t\t\t\t<div class=\"elementor-widget-wrap elementor-element-populated\">\r\n\t\t\t\t\t\t\t\t<div class=\"elementor-element elementor-element-50df2aa animated-slow elementor-invisible elementor-widget elementor-widget-heading\" data-id=\"50df2aa\" data-element_type=\"widget\" data-e-type=\"widget\" data-settings=\"{&quot;_animation&quot;:&quot;fadeInUp&quot;,&quot;_animation_delay&quot;:300}\" data-widget_type=\"heading.default\">\n\t\t\t\t\t<h1 class=\"elementor-heading-title elementor-size-default\">Env\u00edo y pago | Ok Natura<\/h1>\t\t\t\t<\/div>\n\t\t\t\t<div class=\"elementor-element elementor-element-dd12e32 elementor-icon-list--layout-inline animated-slow elementor-list-item-link-full_width elementor-invisible elementor-widget elementor-widget-icon-list\" data-id=\"dd12e32\" data-element_type=\"widget\" data-e-type=\"widget\" data-settings=\"{&quot;_animation&quot;:&quot;fadeInUp&quot;,&quot;_animation_delay&quot;:300}\" data-widget_type=\"icon-list.default\">\n\t\t\t\t\t\t\t<ul class=\"elementor-icon-list-items elementor-inline-items\">\n\t\t\t\t\t\t\t<li class=\"elementor-icon-list-item elementor-inline-item\">\n\t\t\t\t\t\t\t\t\t\t\t<a href=\"https:\/\/oknatura.com\/es\/\" rel=\"nofollow\">\n\n\t\t\t\t\t\t\t\t\t\t\t<span class=\"elementor-icon-list-text\">Volver al inicio<\/span>\n\t\t\t\t\t\t\t\t\t\t\t<\/a>\n\t\t\t\t\t\t\t\t\t<\/li>\n\t\t\t\t\t\t<\/ul>\n\t\t\t\t\t\t<\/div>\n\t\t\t\t\t<\/div>\r\n\t\t\t\t<\/div>\r\n\t\t\t\t<div class=\"elementor-column elementor-col-50 elementor-top-column elementor-element elementor-element-2f13eb4\" data-id=\"2f13eb4\" data-element_type=\"column\" data-e-type=\"column\">\r\n\t\t\t\t\t<div class=\"elementor-widget-wrap elementor-element-populated\">\r\n\t\t\t\t\t\t\t\t<div class=\"elementor-element elementor-element-09b18bf animated-slow elementor-invisible elementor-widget elementor-widget-image\" data-id=\"09b18bf\" data-element_type=\"widget\" data-e-type=\"widget\" data-settings=\"{&quot;_animation&quot;:&quot;fadeIn&quot;,&quot;_animation_delay&quot;:300}\" data-widget_type=\"image.default\">\n\t\t\t\t\t\t\t\t\t\t\t\t\t\t\t<img fetchpriority=\"high\" decoding=\"async\" width=\"860\" height=\"210\" src=\"https:\/\/oknatura.com\/wp-content\/uploads\/2023\/10\/selva.jpg\" class=\"attachment-full size-full wp-image-26465\" alt=\"Collections - Descargo de Responsabilidad - Lista de Deseos - Nuestra historia - colecciones\" srcset=\"https:\/\/oknatura.com\/wp-content\/uploads\/2023\/10\/selva.jpg 860w, https:\/\/oknatura.com\/wp-content\/uploads\/2023\/10\/selva-768x188.jpg 768w, https:\/\/oknatura.com\/wp-content\/uploads\/2023\/10\/selva-640x156.jpg 640w, https:\/\/oknatura.com\/wp-content\/uploads\/2023\/10\/selva-400x98.jpg 400w, https:\/\/oknatura.com\/wp-content\/uploads\/2023\/10\/selva-600x147.jpg 600w\" sizes=\"(max-width: 860px) 100vw, 860px\" title=\"\">\t\t\t\t\t\t\t\t\t\t\t\t\t\t\t<\/div>\n\t\t\t\t\t<\/div>\r\n\t\t\t\t<\/div>\r\n\t\t\t\t\t<\/div>\r\n\t\t\t\t<\/section>\r\n\t\t<div data-particle_enable=\"false\" data-particle-mobile-disabled=\"false\" class=\"elementor-element elementor-element-c8249fb e-flex e-con-boxed e-con e-parent\" data-id=\"c8249fb\" data-element_type=\"container\" data-e-type=\"container\">\r\n\t\t\t\t\t<div class=\"e-con-inner\">\r\n\t\t\t\t<div class=\"elementor-element elementor-element-8c5fc8b elementor-widget elementor-widget-heading\" data-id=\"8c5fc8b\" data-element_type=\"widget\" data-e-type=\"widget\" data-widget_type=\"heading.default\">\n\t\t\t\t\t<h1 class=\"elementor-heading-title elementor-size-default\">Env\u00edo y pago<\/h1>\t\t\t\t<\/div>\n\t\t\t\t<div class=\"elementor-element elementor-element-331beae elementor-widget elementor-widget-text-editor\" data-id=\"331beae\" data-element_type=\"widget\" data-e-type=\"widget\" data-widget_type=\"text-editor.default\">\n\t\t\t\t\t\t\t\t\t<h2><strong>Env\u00edo y pago  <\/strong><\/h2><p>Es responsabilidad total del cliente asegurarse de que las aduanas de su pa\u00eds no tienen restricciones sobre los productos vegetales y naturales.  <br><br>Oknatura.com, sus agentes, afiliados, socios, empleados, fundadores y propietarios no se hacen responsables de ninguna responsabilidad, derivada de pedidos que hayan sido incautados, confiscados, destruidos, perdidos, retrasados o devueltos por Aduanas y\/o servicios postales internacionales.<\/p><p>Adem\u00e1s, no podemos aceptar ninguna responsabilidad por da\u00f1os, p\u00e9rdida o contaminaci\u00f3n del paquete y su contenido durante el env\u00edo internacional o el proceso aduanero.<\/p><p>Adem\u00e1s, no podemos aceptar ninguna responsabilidad por retrasos en el env\u00edo debidos a \u00abfuerzas mayores\u00bb, que est\u00e1n fuera de nuestro control, como cat\u00e1strofes naturales, terremotos, huracanes, tifones, etc. Esto tambi\u00e9n incluye acciones industriales, como huelgas postales o a\u00e9reas. Huelgas o cualquier asunto pol\u00edtico importante que cause problemas con los servicios postales.  <\/p><p> <\/p><h2><strong>Pol\u00edtica de devoluciones<\/strong><\/h2><p>Todas las ventas son definitivas y no reembolsables. Oknatura.com proporciona toda la informaci\u00f3n para que sea precisa en la medida de nuestras posibilidades, y todos nuestros productos son de la m\u00e1xima calidad. El cliente exime e indemniza a Oknatura.com, sus agentes, afiliados, socios, empleados, fundadores y propietarios de cualquier responsabilidad que surja si el cliente decide cambiar de opini\u00f3n despu\u00e9s de que se haya realizado el pago y se haya enviado el pedido.  <\/p><p> <\/p><h2><strong>Reembolso de pedidos devueltos<\/strong><\/h2><p>Oknatura.com cobrar\u00e1 al cliente el reenv\u00edo de su pedido si \u00e9ste, por cualquier motivo ajeno a Oknatura.com, fuera devuelto. No reembolsamos los pedidos devueltos, porque los productos son naturales y caducan y no son aptos para su reposici\u00f3n. Oknatura.com se reserva el derecho a ofrecer reembolsos en determinadas circunstancias atenuantes de los pedidos, pero no de los gastos de env\u00edo.  <\/p><p> <\/p><h2><strong>Plazo de entrega<\/strong><\/h2><p>El cliente exime e indemniza a Oknatura.com, sus agentes, afiliados, socios, empleados, fundadores y propietarios de cualquier responsabilidad derivada del retraso en la recepci\u00f3n de su pedido.<br>Todos los pedidos salen de Per\u00fa, y Oknatura.com utiliza una calculadora de env\u00edos que puede dar al cliente una aproximaci\u00f3n del plazo normal de entrega. El cliente reconoce que existe la posibilidad de que su pedido sea abierto e inspeccionado por autoridades, aduanas, reguladores sanitarios, etc. Por lo tanto, puede retrasarse la recepci\u00f3n de su pedido.  <br><br>Adem\u00e1s, no podemos aceptar ninguna responsabilidad por retrasos en el env\u00edo debidos a \u00abfuerzas mayores\u00bb, que est\u00e1n fuera de nuestro control, como cat\u00e1strofes naturales, terremotos, huracanes, tifones, etc. Esto tambi\u00e9n incluye acciones industriales, como huelgas postales o a\u00e9reas. Huelgas o cualquier asunto pol\u00edtico importante que cause problemas con los servicios postales.  <\/p><p> <\/p><h2><strong>Seguimiento del env\u00edo<\/strong><\/h2><p>Todos los pedidos enviados son rastreables y requerir\u00e1n una firma. Todos los paquetes ser\u00e1n devueltos a Oknatura.com si el pedido no ha podido ser entregado. <br><br>Todos los pedidos se env\u00edan de forma discreta, r\u00e1pida y segura, y con la confirmaci\u00f3n de la firma hacemos todo lo posible para que recibas tu pedido de la forma m\u00e1s segura y r\u00e1pida posible.<br>Una vez que hayamos recibido el pago de tu pedido y \u00e9ste haya sido enviado.<br>Una vez enviado el paquete, recibir\u00e1s un correo electr\u00f3nico de confirmaci\u00f3n con el n\u00famero de seguimiento y el enlace al sitio web de seguimiento.<\/p><p> <\/p><h2><strong>Derechos de autor<\/strong><\/h2><p>Todo el contenido, incluidas las im\u00e1genes, los medios y el contenido, est\u00e1 protegido por derechos de autor. La redistribuci\u00f3n, retransmisi\u00f3n, republicaci\u00f3n para uso privado o comercial est\u00e1 expresamente prohibida sin el consentimiento de los propietarios de Oknatura.com. Oknatura.com se reserva todos los derechos.  <\/p><p> <\/p><h2><strong>Responsabilidad limitada<\/strong><\/h2><p>El cliente exime e indemniza a Oknatura.com, sus agentes, afiliados, socios, empleados, fundadores y propietarios impl\u00edcita y expl\u00edcitamente de cualquier responsabilidad derivada de da\u00f1os y\/o perjuicios derivados de la informaci\u00f3n, productos, comentarios, blogs o cualquier otro medio o transmisi\u00f3n. Lo que puede conllevar. <\/p><p> <\/p><h2><strong>Descargo de responsabilidad<\/strong><\/h2><p>Toda la informaci\u00f3n, productos y contenidos proporcionados por Oknatura.com, sus agentes, afiliados, socios, empleados, fundadores y propietarios, impl\u00edcita y expl\u00edcitamente, se facilitan sin garant\u00edas, avales, recomendaciones, consejos, tratamiento, cura o diagn\u00f3stico. Todas las ventas son definitivas y todos los productos se venden tal cual. <\/p><p>Todas las declaraciones, art\u00edculos, entradas de blog, comentarios e im\u00e1genes que muestran productos bot\u00e1nicos y todos y cada uno de los productos de Oknatura.com NO han sido evaluados, aprobados ni respaldados por funcionarios o autoridades de Alimentaci\u00f3n y Salud, incluidos:<\/p><p><strong>Argentina:<\/strong> Ministerio de Econom\u00eda, Ministerio de Agricultura, Ganader\u00eda, Pesca y Alimentos, Servicio Nacional de Calidad e Inocuidad Alimentaria (SENASA) Servicio Nacional de Sanidad y Calidad Agroalimentaria<\/p><p><strong>Brasil<\/strong>: Ministerio de Salud de Brasil, Agencia Nacional de Vigilancia Sanitaria<\/p><p><strong>Per\u00fa<\/strong>: Ministerio de Salud, Direcci\u00f3n General de Productos Farmac\u00e9uticos, Dispositivos y Medicamentos<\/p><p><strong>Chile<\/strong>: Instituto de Salud P\u00fablica de Chile<\/p><p><strong>Colombia<\/strong>: INVIMA Instituto Nacional de Vigilancia de Medicamentos y Alimentos<\/p><p><strong>M\u00e9xico<\/strong>: Comisi\u00f3n Federal para la Protecci\u00f3n contra Riesgos Sanitarios, Secretar\u00eda de Salud, Instituto Nacional de Salud P\u00fablica, Secretar\u00eda de Salud, Comisi\u00f3n Federal para la Protecci\u00f3n de Riesgos Sanitarios.<\/p><p><strong>Canad\u00e1<\/strong>: Ministro de Agricultura, Agricultura y Agroalimentaci\u00f3n de Canad\u00e1, Agencia Canadiense de Inspecci\u00f3n Alimentaria (CFIA), Ministro de Sanidad, Health Canada, Food and Health Products Branch, Guelph Center for Food Technology<\/p><p><strong>Estados Unidos de Am\u00e9rica<\/strong>: United States Food and Drug Administration (FDA), Center for Food Safety and Applied Nutrition (CFSAN), International Food Protection Training Institute (IFPTI), Joint Committee of Experts on Food Additives (JECFA), United States Department of Agriculture (USDA), Under Secretary for Food Safety, Food Safety and Inspection Service (FSIS)<\/p><p><strong>China<\/strong>: Administraci\u00f3n General de Supervisi\u00f3n de Calidad, Inspecci\u00f3n y Cuarentena Administraci\u00f3n Estatal de Alimentos y Medicamentos<\/p><p><strong>Tailandia<\/strong>: Administraci\u00f3n de Alimentos y Medicamentos, Ministerio de Salud P\u00fablica<\/p><p><strong>India<\/strong>: Autoridad India de Seguridad Alimentaria y Normas, Ministerio de Sanidad y Bienestar Familiar, Organizaci\u00f3n Central de Control de Normas de Medicamentos (CDSCO).<\/p><p><strong>Filipinas<\/strong>: Administraci\u00f3n de Alimentos y Medicamentos<\/p><p><strong>Corea del Sur<\/strong>: Ministerio de Seguridad Alimentaria y Farmac\u00e9utica (MFDS), Ministerio de Sanidad, Bienestar y Asuntos Familiares, Oficina de Pol\u00edtica Sanitaria<\/p><p><strong>Jap\u00f3n<\/strong>: Agencia de Productos Farmac\u00e9uticos y Dispositivos M\u00e9dicos, Ministerio de Sanidad, Trabajo y Bienestar.<\/p><p><strong>Uni\u00f3n Europea:<\/strong> Comisi\u00f3n de Medio Ambiente, Salud P\u00fablica y Seguridad Alimentaria (UE), Autoridad Europea de Seguridad Alimentaria SAFE FOODS, Consejo para la Promoci\u00f3n de la Seguridad Alimentaria<\/p><p><strong>Alemania<\/strong>: Ministerio Federal de Alimentaci\u00f3n, Agricultura y Protecci\u00f3n de los Consumidores, Bundesamt f\u00fcr Verbraucherschutz und Lebensmittelsicherheit, Bundesanstalt f\u00fcr Landwirtschaft und Ern\u00e4hrung.<\/p><p><strong>Suiza<\/strong>: Oficina Federal de Salud P\u00fablica, Swissmedic<\/p><p><strong>Pa\u00edses Bajos<\/strong>: Ministerio de Econom\u00eda, Agricultura e Innovaci\u00f3n (ELI), Nieuwe Voedsel en Waren Autoriteit (nVWA), Rijks Kwaliteitsinstituut voor Land- en Tuinbouwproducten (RiKILT), Rijksinstituut voor Volksgezondheid en Milieu (RiVM), Stichumting Nederlandingstr<\/p><p><strong>Noruega<\/strong>: Ministerio de Agricultura y Alimentaci\u00f3n de Noruega Landbruks- og matdepartementet, Autoridad Noruega de Seguridad Alimentaria Mattilsynet<\/p><p><strong>Italia<\/strong>: Instituto Nacional de Salud, Agencia Italiana del Medicamento<\/p><p><strong>Espa\u00f1a<\/strong>: Departamento de Salud de la Generalitat de Catalunya, Agencia Catalana de Seguridad Alimentaria, Ministerio de Sanidad, Agencia Espa\u00f1ola del Medicamento, Ministerio de Sanidad y Consumo,<\/p><p><strong>Portugal<\/strong>: Comit\u00e9 de \u00c9tica Sanitaria<\/p><p><strong>Rusia<\/strong>: Servicio Federal de Control de Medicamentos de la Federaci\u00f3n Rusa (FSKN), Comit\u00e9 de Agricultura de la Duma, Ministerio de Sanidad de la Federaci\u00f3n Rusa.<\/p><p><strong>Polonia<\/strong>: Instituto de Medicamentos, Ministerio de Sanidad, Oficina de Registro de Medicamentos, Productos Sanitarios y Bi\u00f3sidos.<\/p><p><strong>Ruman\u00eda<\/strong>: Agencia Nacional de Medicamentos, Instituto Estatal de Control de Drogas<\/p><p><strong>Reino Unido<\/strong>: Department of Environment, Food and Rural Affairs, Animal Health, Pesticide Safety Directorate, UK Government Decontamination Service, Veterinary Medicines Directorate, Food Standards Agency, Advisory Committee on Microbiological Food Safety<\/p><p><strong>Francia<\/strong>: Agence nationale de s\u00e9curit\u00e9 sanitaire de l&#8217;alimentation, de l&#8217;environnement et du travail, Afssaps - Agencia Francesa de Seguridad de los Productos Sanitarios, Ministerio de Sanidad, Comit\u00e9 Consultivo Nacional de \u00c9tica de las Ciencias de la Salud y de la Vida.<\/p><p><strong>Multinacional<\/strong>: Normas alimentarias Australia Nueva Zelanda (FSANZ)<\/p><p><strong>Australia<\/strong>: Ministro de Agricultura, Pesca y Silvicultura, Departamento de Agricultura (DAFF), Servicio Australiano de Cuarentena e Inspecci\u00f3n (AQIS), Biosecurity Australia, Gobierno de Nueva Gales del Sur, Ministro de Industrias Primarias (NSW), Autoridad Alimentaria de Nueva Gales del Sur.<\/p><p><strong>Nueva Zelanda<\/strong>: Ministro de Seguridad Alimentaria, Autoridad de Seguridad Alimentaria de Nueva Zelanda (NZFSA)<\/p>\t\t\t\t\t\t\t\t<\/div>\n\t\t\t\t\t<\/div>\n\t\t\t\t<\/div>\n\t\t<div data-particle_enable=\"false\" data-particle-mobile-disabled=\"false\" class=\"elementor-element elementor-element-5867522 elementor-hidden-tablet elementor-hidden-mobile e-flex e-con-boxed e-con e-parent\" data-id=\"5867522\" data-element_type=\"container\" data-e-type=\"container\">\r\n\t\t\t\t\t<div class=\"e-con-inner\">\r\n\t\t\t\t<div class=\"elementor-element elementor-element-0cf5b2b elementor-hidden-desktop elementor-hidden-tablet elementor-hidden-mobile elementor-widget elementor-widget-image\" data-id=\"0cf5b2b\" data-element_type=\"widget\" data-e-type=\"widget\" data-widget_type=\"image.default\">\n\t\t\t\t\t\t\t\t\t\t\t\t\t\t\t\t<a href=\"https:\/\/www.facebook.com\/ok.natura.pe?locale=es_LA\" rel=\"nofollow noopener\" target=\"_blank\">\n\t\t\t\t\t\t\t<img decoding=\"async\" width=\"1024\" height=\"326\" src=\"https:\/\/oknatura.com\/wp-content\/uploads\/2023\/10\/Fedex-1024x326.jpg\" class=\"attachment-large size-large wp-image-34711\" alt=\"Pol\u00edtica de Devoluciones - Env\u00edo\" srcset=\"https:\/\/oknatura.com\/wp-content\/uploads\/2023\/10\/Fedex-1024x326.jpg 1024w, https:\/\/oknatura.com\/wp-content\/uploads\/2023\/10\/Fedex-768x244.jpg 768w, https:\/\/oknatura.com\/wp-content\/uploads\/2023\/10\/Fedex-640x204.jpg 640w, https:\/\/oknatura.com\/wp-content\/uploads\/2023\/10\/Fedex-400x127.jpg 400w, https:\/\/oknatura.com\/wp-content\/uploads\/2023\/10\/Fedex-600x191.jpg 600w\" sizes=\"(max-width: 1024px) 100vw, 1024px\" title=\"\">\t\t\t\t\t\t\t\t<\/a>\n\t\t\t\t\t\t\t\t\t\t\t\t\t\t\t<\/div>\n\t\t\t\t\t<\/div>\n\t\t\t\t<\/div>\n\t\t\t\t<\/div>\n\t\t","protected":false},"excerpt":{"rendered":"<p>Env\u00edo y pago | Ok Natura Volver al inicio Env\u00edo y pago Env\u00edo y pago Es responsabilidad total del cliente asegurarse de que las aduanas de su pa\u00eds no tienen restricciones sobre los productos vegetales y naturales. Oknatura.com, sus agentes, afiliados, socios, empleados, fundadores y propietarios no se hacen responsables de ninguna responsabilidad, derivada de [&hellip;]<\/p>\n","protected":false},"author":4254,"featured_media":0,"parent":0,"menu_order":0,"comment_status":"closed","ping_status":"closed","template":"","meta":{"_joinchat":[],"footnotes":""},"class_list":["post-26451","page","type-page","status-publish","hentry"],"_links":{"self":[{"href":"https:\/\/oknatura.com\/es\/wp-json\/wp\/v2\/pages\/26451","targetHints":{"allow":["GET"]}}],"collection":[{"href":"https:\/\/oknatura.com\/es\/wp-json\/wp\/v2\/pages"}],"about":[{"href":"https:\/\/oknatura.com\/es\/wp-json\/wp\/v2\/types\/page"}],"author":[{"embeddable":true,"href":"https:\/\/oknatura.com\/es\/wp-json\/wp\/v2\/users\/4254"}],"replies":[{"embeddable":true,"href":"https:\/\/oknatura.com\/es\/wp-json\/wp\/v2\/comments?post=26451"}],"version-history":[{"count":2,"href":"https:\/\/oknatura.com\/es\/wp-json\/wp\/v2\/pages\/26451\/revisions"}],"predecessor-version":[{"id":67634,"href":"https:\/\/oknatura.com\/es\/wp-json\/wp\/v2\/pages\/26451\/revisions\/67634"}],"wp:attachment":[{"href":"https:\/\/oknatura.com\/es\/wp-json\/wp\/v2\/media?parent=26451"}],"curies":[{"name":"wp","href":"https:\/\/api.w.org\/{rel}","templated":true}]}}