{"id":26510,"date":"2023-10-07T19:34:59","date_gmt":"2023-10-08T00:34:59","guid":{"rendered":"https:\/\/oknatura.com\/servicios-de-entrega-de-importaciones-ok-natura"},"modified":"2025-09-05T05:34:59","modified_gmt":"2025-09-05T10:34:59","slug":"servicios-de-entrega-de-importaciones-ok-natura","status":"publish","type":"page","link":"https:\/\/oknatura.com\/es\/servicios-de-entrega-de-importaciones-ok-natura\/","title":{"rendered":"Servicios de entrega de importaciones | Ok Natura"},"content":{"rendered":"\t\t<div data-elementor-type=\"wp-page\" data-elementor-id=\"26510\" class=\"elementor elementor-26510 elementor-21953\" data-elementor-post-type=\"page\">\n\t\t\t\t\t\t<section data-particle_enable=\"false\" data-particle-mobile-disabled=\"false\" class=\"porto-full-no-gap elementor-section elementor-top-section elementor-element elementor-element-a747d90 elementor-section-full_width elementor-section-height-min-height elementor-section-height-default elementor-section-items-middle\" data-id=\"a747d90\" data-element_type=\"section\" data-e-type=\"section\" data-settings=\"{&quot;background_background&quot;:&quot;classic&quot;}\">\r\n\t\t\r\n\t\t\t\t\t\t\t<div class=\"elementor-container elementor-column-gap-no\">\r\n\t\t\t\t\t\t\t\t\t\t\t<div class=\"elementor-column elementor-col-100 elementor-top-column elementor-element elementor-element-da11f58\" data-id=\"da11f58\" data-element_type=\"column\" data-e-type=\"column\">\r\n\t\t\t\t\t<div class=\"elementor-widget-wrap\">\r\n\t\t\t\t\t\t\t\t\t<\/div>\r\n\t\t\t\t<\/div>\r\n\t\t\t\t\t<\/div>\r\n\t\t\t\t<\/section>\r\n\t\t\t\t<section data-particle_enable=\"false\" data-particle-mobile-disabled=\"false\" class=\"elementor-section elementor-top-section elementor-element elementor-element-34bad9d elementor-section-content-middle elementor-section-boxed elementor-section-height-default elementor-section-height-default\" data-id=\"34bad9d\" data-element_type=\"section\" data-e-type=\"section\">\r\n\t\t\r\n\t\t\t\t\t\t\t<div class=\"elementor-container elementor-column-gap-no\">\r\n\t\t\t\t\t\t\t\t\t\t\t<div class=\"elementor-column elementor-col-50 elementor-top-column elementor-element elementor-element-38cfc21\" data-id=\"38cfc21\" data-element_type=\"column\" data-e-type=\"column\">\r\n\t\t\t\t\t<div class=\"elementor-widget-wrap elementor-element-populated\">\r\n\t\t\t\t\t\t\t\t<div class=\"elementor-element elementor-element-914a593 animated-slow elementor-invisible elementor-widget elementor-widget-heading\" data-id=\"914a593\" data-element_type=\"widget\" data-e-type=\"widget\" data-settings=\"{&quot;_animation&quot;:&quot;fadeInUp&quot;,&quot;_animation_delay&quot;:300}\" data-widget_type=\"heading.default\">\n\t\t\t\t\t<h1 class=\"elementor-heading-title elementor-size-default\">Servicios de entrega de importaciones | Ok Natura<\/h1>\t\t\t\t<\/div>\n\t\t\t\t<div class=\"elementor-element elementor-element-8e1df64 elementor-icon-list--layout-inline animated-slow elementor-list-item-link-full_width elementor-invisible elementor-widget elementor-widget-icon-list\" data-id=\"8e1df64\" data-element_type=\"widget\" data-e-type=\"widget\" data-settings=\"{&quot;_animation&quot;:&quot;fadeInUp&quot;,&quot;_animation_delay&quot;:300}\" data-widget_type=\"icon-list.default\">\n\t\t\t\t\t\t\t<ul class=\"elementor-icon-list-items elementor-inline-items\">\n\t\t\t\t\t\t\t<li class=\"elementor-icon-list-item elementor-inline-item\">\n\t\t\t\t\t\t\t\t\t\t\t<a href=\"https:\/\/oknatura.com\/es\/\">\n\n\t\t\t\t\t\t\t\t\t\t\t<span class=\"elementor-icon-list-text\">Volver al inicio<\/span>\n\t\t\t\t\t\t\t\t\t\t\t<\/a>\n\t\t\t\t\t\t\t\t\t<\/li>\n\t\t\t\t\t\t<\/ul>\n\t\t\t\t\t\t<\/div>\n\t\t\t\t\t<\/div>\r\n\t\t\t\t<\/div>\r\n\t\t\t\t<div class=\"elementor-column elementor-col-50 elementor-top-column elementor-element elementor-element-02b7dc3\" data-id=\"02b7dc3\" data-element_type=\"column\" data-e-type=\"column\">\r\n\t\t\t\t\t<div class=\"elementor-widget-wrap elementor-element-populated\">\r\n\t\t\t\t\t\t\t\t<div class=\"elementor-element elementor-element-d0bddab animated-slow elementor-invisible elementor-widget elementor-widget-image\" data-id=\"d0bddab\" data-element_type=\"widget\" data-e-type=\"widget\" data-settings=\"{&quot;_animation&quot;:&quot;fadeIn&quot;,&quot;_animation_delay&quot;:300}\" data-widget_type=\"image.default\">\n\t\t\t\t\t\t\t\t\t\t\t\t\t\t\t<img fetchpriority=\"high\" decoding=\"async\" width=\"860\" height=\"210\" src=\"https:\/\/oknatura.com\/wp-content\/uploads\/2023\/10\/selva.jpg\" class=\"attachment-full size-full wp-image-26465\" alt=\"Collections - Descargo de Responsabilidad - Lista de Deseos - Nuestra historia - colecciones\" srcset=\"https:\/\/oknatura.com\/wp-content\/uploads\/2023\/10\/selva.jpg 860w, https:\/\/oknatura.com\/wp-content\/uploads\/2023\/10\/selva-768x188.jpg 768w, https:\/\/oknatura.com\/wp-content\/uploads\/2023\/10\/selva-640x156.jpg 640w, https:\/\/oknatura.com\/wp-content\/uploads\/2023\/10\/selva-400x98.jpg 400w, https:\/\/oknatura.com\/wp-content\/uploads\/2023\/10\/selva-600x147.jpg 600w\" sizes=\"(max-width: 860px) 100vw, 860px\" title=\"\">\t\t\t\t\t\t\t\t\t\t\t\t\t\t\t<\/div>\n\t\t\t\t\t<\/div>\r\n\t\t\t\t<\/div>\r\n\t\t\t\t\t<\/div>\r\n\t\t\t\t<\/section>\r\n\t\t<div data-particle_enable=\"false\" data-particle-mobile-disabled=\"false\" class=\"elementor-element elementor-element-a6bc934 e-flex e-con-boxed e-con e-parent\" data-id=\"a6bc934\" data-element_type=\"container\" data-e-type=\"container\">\r\n\t\t\t\t\t<div class=\"e-con-inner\">\r\n\t\t\t\t<div class=\"elementor-element elementor-element-1911dad elementor-widget elementor-widget-heading\" data-id=\"1911dad\" data-element_type=\"widget\" data-e-type=\"widget\" data-widget_type=\"heading.default\">\n\t\t\t\t\t<h2 class=\"elementor-heading-title elementor-size-default\">Servicios de entrega de importaciones<\/h2>\t\t\t\t<\/div>\n\t\t\t\t<div class=\"elementor-element elementor-element-fd9c068 elementor-widget elementor-widget-text-editor\" data-id=\"fd9c068\" data-element_type=\"widget\" data-e-type=\"widget\" data-widget_type=\"text-editor.default\">\n\t\t\t\t\t\t\t\t\t<p>Los servicios de importaci\u00f3n son de DHL o FedEx, si quieres importar tienes que avisarnos con antelaci\u00f3n y seguir estos pasos:<\/p><ol><li><h4><span style=\"font-size: 17px; color: #000000;\">Debes escribir al correo electr\u00f3nico info@oknatura.com con el asunto \u00ab\u00bbImport Express DHL o FedEx\u00bb\u00bb seg\u00fan la empresa de transporte que desees. Adem\u00e1s de indicar qu\u00e9 productos quieres y cantidades. <\/span><\/h4><\/li><li><h4><span style=\"font-size: 17px; color: #000000;\"><span class=\"jCAhz ChMk0b\"><span class=\"ryNqvb\">Escribe al usuario, si tienes un usuario registrado con las direcciones y toda la informaci\u00f3n de la persona a la que quieres que llegue el pedido.<\/span><\/span> <span class=\"jCAhz ChMk0b\"><span class=\"ryNqvb\">Tambi\u00e9n puedes adjuntar los datos al mismo correo electr\u00f3nico.<\/span><\/span><\/span><\/h4><\/li><li><h4><span style=\"font-size: 17px; color: #000000;\">Debes esperar a que se te env\u00ede el pedido preliminar de acuerdo con los datos que proporcionaste en el correo electr\u00f3nico para tu aprobaci\u00f3n.<\/span><\/h4><\/li><li><h4><span style=\"font-size: 17px; color: #000000;\">Una vez aprobado el pedido preliminar, proceder\u00e1s a realizar el pago del mismo cuando se te env\u00ede un correo electr\u00f3nico para hacerlo.<\/span><\/h4><\/li><li><h4><span style=\"font-size: 17px; color: #000000;\">Una vez realizado el pago, se te enviar\u00e1 la factura comercial en la que pondremos los nombres, cantidades y valor de los productos que has pedido.<\/span><\/h4><\/li><li><h4><span style=\"font-size: 17px; color: #000000;\">Una vez con la factura comercial encontrar\u00e1s todos los datos que necesitar\u00e1s para realizar la gu\u00eda de DHL o FedEx, tendr\u00e1s que anotar los datos de recogida y las descripciones que deben ser exactas a como est\u00e1 en la factura comercial que te enviaron.<\/span><\/h4><\/li><li><h4><span style=\"font-size: 17px; color: #000000;\">Una vez preparado esto, debes esperar a que te confirmemos que el paquete est\u00e1 listo para que puedas programar la recogida.<\/span><\/h4><\/li><li><h4><span style=\"font-size: 17px; color: #000000;\">Una vez recogido el paquete, s\u00f3lo tendr\u00e1s que esperar a que llegue, adem\u00e1s de estar atento a cualquier comunicaci\u00f3n que DHL pueda hacerte.<\/span><\/h4><\/li><\/ol><p><strong>Nota:<\/strong> El env\u00edo lo pagar\u00e1s t\u00fa directamente a DHL o FedEx, nosotros haremos el pedido <span style=\"font-size: 17px;\">previo<\/span> descontando el coste de env\u00edo.<\/p><p>El mismo procedimiento se aplica si tienes o piensas tener tu propia cuenta de DHL o FedEx.<\/p>\t\t\t\t\t\t\t\t<\/div>\n\t\t\t\t\t<\/div>\n\t\t\t\t<\/div>\n\t\t<div data-particle_enable=\"false\" data-particle-mobile-disabled=\"false\" class=\"elementor-element elementor-element-ee7b69d elementor-hidden-desktop elementor-hidden-tablet elementor-hidden-mobile e-flex e-con-boxed e-con e-parent\" data-id=\"ee7b69d\" data-element_type=\"container\" data-e-type=\"container\">\r\n\t\t\t\t\t<div class=\"e-con-inner\">\r\n\t\t\t\t<div class=\"elementor-element elementor-element-d873576 elementor-widget elementor-widget-heading\" data-id=\"d873576\" data-element_type=\"widget\" data-e-type=\"widget\" data-widget_type=\"heading.default\">\n\t\t\t\t\t<h2 class=\"elementor-heading-title elementor-size-default\">Servicios de entrega de importaciones<\/h2>\t\t\t\t<\/div>\n\t\t\t\t\t<\/div>\n\t\t\t\t<\/div>\n\t\t<div data-particle_enable=\"false\" data-particle-mobile-disabled=\"false\" class=\"elementor-element elementor-element-0165c3b elementor-hidden-desktop elementor-hidden-tablet elementor-hidden-mobile e-flex e-con-boxed e-con e-parent\" data-id=\"0165c3b\" data-element_type=\"container\" data-e-type=\"container\">\r\n\t\t\t\t\t<div class=\"e-con-inner\">\r\n\t\t\t\t<div class=\"elementor-element elementor-element-128470a elementor-widget elementor-widget-image\" data-id=\"128470a\" data-element_type=\"widget\" data-e-type=\"widget\" data-widget_type=\"image.default\">\n\t\t\t\t\t\t\t\t\t\t\t\t\t\t\t\t<a href=\"https:\/\/www.facebook.com\/ok.natura.pe?locale=es_LA\" rel=\"nofollow noopener\" target=\"_blank\">\n\t\t\t\t\t\t\t<img decoding=\"async\" width=\"1024\" height=\"326\" src=\"https:\/\/oknatura.com\/wp-content\/uploads\/2024\/02\/SERVICIOS-DE-ENTREGA-DE-IMPORTACIONES-1024x326.jpg\" class=\"attachment-large size-large wp-image-38762\" alt=\"Servicios de entrega de importaciones\" srcset=\"https:\/\/oknatura.com\/wp-content\/uploads\/2024\/02\/SERVICIOS-DE-ENTREGA-DE-IMPORTACIONES-1024x326.jpg 1024w, https:\/\/oknatura.com\/wp-content\/uploads\/2024\/02\/SERVICIOS-DE-ENTREGA-DE-IMPORTACIONES-600x191.jpg 600w, https:\/\/oknatura.com\/wp-content\/uploads\/2024\/02\/SERVICIOS-DE-ENTREGA-DE-IMPORTACIONES-768x244.jpg 768w, https:\/\/oknatura.com\/wp-content\/uploads\/2024\/02\/SERVICIOS-DE-ENTREGA-DE-IMPORTACIONES-640x204.jpg 640w, https:\/\/oknatura.com\/wp-content\/uploads\/2024\/02\/SERVICIOS-DE-ENTREGA-DE-IMPORTACIONES-400x127.jpg 400w\" sizes=\"(max-width: 1024px) 100vw, 1024px\" title=\"\">\t\t\t\t\t\t\t\t<\/a>\n\t\t\t\t\t\t\t\t\t\t\t\t\t\t\t<\/div>\n\t\t\t\t\t<\/div>\n\t\t\t\t<\/div>\n\t\t<div data-particle_enable=\"false\" data-particle-mobile-disabled=\"false\" class=\"elementor-element elementor-element-3d3dabd elementor-hidden-desktop elementor-hidden-tablet elementor-hidden-mobile e-flex e-con-boxed e-con e-parent\" data-id=\"3d3dabd\" data-element_type=\"container\" data-e-type=\"container\">\r\n\t\t\t\t\t<div class=\"e-con-inner\">\r\n\t\t<div data-particle_enable=\"false\" data-particle-mobile-disabled=\"false\" class=\"elementor-element elementor-element-be74ed0 e-con-full e-flex e-con e-child\" data-id=\"be74ed0\" data-element_type=\"container\" data-e-type=\"container\">\r\n\t\t\t\t<div class=\"elementor-element elementor-element-5360dfe elementor-widget elementor-widget-image\" data-id=\"5360dfe\" data-element_type=\"widget\" data-e-type=\"widget\" data-widget_type=\"image.default\">\n\t\t\t\t\t\t\t\t\t\t\t\t\t\t\t<img decoding=\"async\" width=\"1000\" height=\"1000\" src=\"https:\/\/oknatura.com\/wp-content\/uploads\/2024\/02\/EXPORTACIONES.jpg\" class=\"attachment-large size-large wp-image-38770\" alt=\"\" srcset=\"https:\/\/oknatura.com\/wp-content\/uploads\/2024\/02\/EXPORTACIONES.jpg 1000w, https:\/\/oknatura.com\/wp-content\/uploads\/2024\/02\/EXPORTACIONES-600x600.jpg 600w, https:\/\/oknatura.com\/wp-content\/uploads\/2024\/02\/EXPORTACIONES-768x768.jpg 768w, https:\/\/oknatura.com\/wp-content\/uploads\/2024\/02\/EXPORTACIONES-640x640.jpg 640w, https:\/\/oknatura.com\/wp-content\/uploads\/2024\/02\/EXPORTACIONES-400x400.jpg 400w\" sizes=\"(max-width: 1000px) 100vw, 1000px\" title=\"\">\t\t\t\t\t\t\t\t\t\t\t\t\t\t\t<\/div>\n\t\t\t\t<\/div>\n\t\t<div data-particle_enable=\"false\" data-particle-mobile-disabled=\"false\" class=\"elementor-element elementor-element-2835a72 e-con-full e-flex e-con e-child\" data-id=\"2835a72\" data-element_type=\"container\" data-e-type=\"container\">\r\n\t\t\t\t<div class=\"elementor-element elementor-element-7127df2 elementor-widget elementor-widget-image\" data-id=\"7127df2\" data-element_type=\"widget\" data-e-type=\"widget\" data-widget_type=\"image.default\">\n\t\t\t\t\t\t\t\t\t\t\t\t\t\t\t<img loading=\"lazy\" decoding=\"async\" width=\"1000\" height=\"1000\" src=\"https:\/\/oknatura.com\/wp-content\/uploads\/2024\/02\/EXPO.jpg\" class=\"attachment-large size-large wp-image-38774\" alt=\"\" srcset=\"https:\/\/oknatura.com\/wp-content\/uploads\/2024\/02\/EXPO.jpg 1000w, https:\/\/oknatura.com\/wp-content\/uploads\/2024\/02\/EXPO-600x600.jpg 600w, https:\/\/oknatura.com\/wp-content\/uploads\/2024\/02\/EXPO-768x768.jpg 768w, https:\/\/oknatura.com\/wp-content\/uploads\/2024\/02\/EXPO-640x640.jpg 640w, https:\/\/oknatura.com\/wp-content\/uploads\/2024\/02\/EXPO-400x400.jpg 400w\" sizes=\"(max-width: 1000px) 100vw, 1000px\" title=\"\">\t\t\t\t\t\t\t\t\t\t\t\t\t\t\t<\/div>\n\t\t\t\t<\/div>\n\t\t\t\t\t<\/div>\n\t\t\t\t<\/div>\n\t\t\t\t<\/div>\n\t\t","protected":false},"excerpt":{"rendered":"<p>Servicios de entrega de importaciones | Ok Natura Volver al inicio Servicios de entrega de importaciones Los servicios de importaci\u00f3n son de DHL o FedEx, si quieres importar tienes que avisarnos con antelaci\u00f3n y seguir estos pasos: Debes escribir al correo electr\u00f3nico info@oknatura.com con el asunto \u00ab\u00bbImport Express DHL o FedEx\u00bb\u00bb seg\u00fan la empresa de [&hellip;]<\/p>\n","protected":false},"author":4254,"featured_media":0,"parent":0,"menu_order":0,"comment_status":"closed","ping_status":"closed","template":"","meta":{"_joinchat":[],"footnotes":""},"class_list":["post-26510","page","type-page","status-publish","hentry"],"_links":{"self":[{"href":"https:\/\/oknatura.com\/es\/wp-json\/wp\/v2\/pages\/26510","targetHints":{"allow":["GET"]}}],"collection":[{"href":"https:\/\/oknatura.com\/es\/wp-json\/wp\/v2\/pages"}],"about":[{"href":"https:\/\/oknatura.com\/es\/wp-json\/wp\/v2\/types\/page"}],"author":[{"embeddable":true,"href":"https:\/\/oknatura.com\/es\/wp-json\/wp\/v2\/users\/4254"}],"replies":[{"embeddable":true,"href":"https:\/\/oknatura.com\/es\/wp-json\/wp\/v2\/comments?post=26510"}],"version-history":[{"count":2,"href":"https:\/\/oknatura.com\/es\/wp-json\/wp\/v2\/pages\/26510\/revisions"}],"predecessor-version":[{"id":67621,"href":"https:\/\/oknatura.com\/es\/wp-json\/wp\/v2\/pages\/26510\/revisions\/67621"}],"wp:attachment":[{"href":"https:\/\/oknatura.com\/es\/wp-json\/wp\/v2\/media?parent=26510"}],"curies":[{"name":"wp","href":"https:\/\/api.w.org\/{rel}","templated":true}]}}