{"id":26371,"date":"2023-10-20T18:58:11","date_gmt":"2023-10-20T23:58:11","guid":{"rendered":"https:\/\/oknatura.com\/products\/tarjeta-regalo-el-regalo-perfecto-para-cada-ocasion"},"modified":"2025-06-13T05:39:56","modified_gmt":"2025-06-13T10:39:56","slug":"tarjeta-regalo","status":"publish","type":"product","link":"https:\/\/oknatura.com\/es\/productos\/tarjeta-regalo\/","title":{"rendered":"Tarjeta regalo: El regalo perfecto para cada ocasi\u00f3n"},"content":{"rendered":"<h1>Tarjeta Regalo - Ok Natura: El regalo perfecto para cualquier ocasi\u00f3n<\/h1>\n<h2>Descripci\u00f3n del producto<\/h2>\n<p>\u00bfEst\u00e1 buscando el regalo definitivo que le garantice una sonrisa? No busque m\u00e1s. La Tarjeta Regalo Ok Natura es tu pasaporte a un mundo de deliciosas opciones. Ya sea para cumplea\u00f1os, vacaciones o simplemente para demostrar a alguien que te importa, nuestra tarjeta regalo abre la puerta a una experiencia de compra adaptada a las preferencias individuales.<\/p>\n<p>Esta tarjeta digital es un regalo vers\u00e1til y atento, que permite a sus seres queridos explorar y elegir entre nuestra variada gama de productos. Desde productos esenciales para el bienestar hasta maravillas naturales, la Tarjeta Regalo Ok Natura es la llave para abrir un mundo de posibilidades.<\/p>\n<h2>Instrucciones y recomendaciones: Descubre la alegr\u00eda de Ok Natura<\/h2>\n<h3>C\u00f3mo preparar y utilizar la tarjeta regalo:<\/h3>\n<ol>\n<li><strong>Una delicia digital:<\/strong> La Tarjeta Ok Natura es un tesoro digital. Tras la compra, lo recibir\u00e1s en tu correo electr\u00f3nico, listo para enviarlo al destinatario que elijas.<\/li>\n<li><strong>Canje f\u00e1cil:<\/strong> Para canjearlo, el afortunado destinatario s\u00f3lo tiene que introducir el c\u00f3digo \u00fanico en la caja de la web de Ok Natura.<\/li>\n<li><strong>Amplia selecci\u00f3n:<\/strong> Desde productos ecol\u00f3gicos para el cuidado de la piel hasta suplementos de superalimentos, la Tarjeta Regalo puede utilizarse para explorar y darse un capricho con una pl\u00e9tora de productos de bienestar.<\/li>\n<\/ol>\n<h3>Dosis de alegr\u00eda:<\/h3>\n<ul>\n<li><strong>Elija su valor:<\/strong> La Tarjeta Regalo viene en varias denominaciones, lo que le permite adaptar el regalo a su presupuesto y a las preferencias del destinatario.<\/li>\n<li><strong>Sin fecha de caducidad:<\/strong> \u00a1La alegr\u00eda de Ok Natura es atemporal! Nuestros Regalos no tienen fecha de caducidad, lo que da al destinatario la libertad de comprar a su ritmo.<\/li>\n<\/ul>\n<h3>Curiosidades sobre la utilidad de la tarjeta regalo:<\/h3>\n<ul>\n<li><strong>Compras personalizadas:<\/strong> El Regalo Ok Natura es la personificaci\u00f3n del regalo personalizado. Deje que sus seres queridos elijan exactamente lo que necesitan o desean.<\/li>\n<li><strong>Ecol\u00f3gico:<\/strong> En l\u00ednea con el compromiso de Ok Natura con la sostenibilidad, nuestros Regalos son digitales, lo que reduce la necesidad de recursos f\u00edsicos.<\/li>\n<\/ul>\n<h2>Conclusi\u00f3n: Mejore sus regalos con Ok Natura<\/h2>\n<p>Cuando pienses en la Tarjeta Regalo Ok Natura, imagina la alegr\u00eda que proporcionar\u00e1 a tus amigos y familiares. No es s\u00f3lo un regalo, es una oportunidad para que dise\u00f1en su viaje hacia el bienestar. No pierda la oportunidad de regalar una experiencia, un momento de placer y un toque de bondad natural.<\/p>\n","protected":false},"excerpt":{"rendered":"<p>Tarjeta Regalo - Ok Natura: El regalo perfecto para cualquier ocasi\u00f3n Descripci\u00f3n del producto \u00bfEst\u00e1 buscando el regalo definitivo que le garantice una sonrisa? No busque m\u00e1s. La Tarjeta Regalo Ok Natura es tu pasaporte a un mundo de deliciosas opciones. Ya sea para cumplea\u00f1os, vacaciones o simplemente para demostrar a alguien que te importa, [&hellip;]<\/p>\n","protected":false},"featured_media":63900,"comment_status":"open","ping_status":"closed","template":"","meta":{"_joinchat":[]},"product_brand":[],"product_cat":[2607,2599],"product_tag":[],"giftcard-category":[2582],"class_list":{"0":"post-26371","1":"product","2":"type-product","3":"status-publish","4":"has-post-thumbnail","6":"product_cat-recien-llegados","7":"product_cat-ventas-correo-nacional","8":"product_shipping_class-general-shipping-es","9":"giftcard-category-all","11":"first","12":"instock","13":"purchasable","14":"product-type-variable"},"_links":{"self":[{"href":"https:\/\/oknatura.com\/es\/wp-json\/wp\/v2\/product\/26371","targetHints":{"allow":["GET"]}}],"collection":[{"href":"https:\/\/oknatura.com\/es\/wp-json\/wp\/v2\/product"}],"about":[{"href":"https:\/\/oknatura.com\/es\/wp-json\/wp\/v2\/types\/product"}],"replies":[{"embeddable":true,"href":"https:\/\/oknatura.com\/es\/wp-json\/wp\/v2\/comments?post=26371"}],"version-history":[{"count":1,"href":"https:\/\/oknatura.com\/es\/wp-json\/wp\/v2\/product\/26371\/revisions"}],"predecessor-version":[{"id":57535,"href":"https:\/\/oknatura.com\/es\/wp-json\/wp\/v2\/product\/26371\/revisions\/57535"}],"wp:featuredmedia":[{"embeddable":true,"href":"https:\/\/oknatura.com\/es\/wp-json\/wp\/v2\/media\/63900"}],"wp:attachment":[{"href":"https:\/\/oknatura.com\/es\/wp-json\/wp\/v2\/media?parent=26371"}],"wp:term":[{"taxonomy":"product_brand","embeddable":true,"href":"https:\/\/oknatura.com\/es\/wp-json\/wp\/v2\/product_brand?post=26371"},{"taxonomy":"product_cat","embeddable":true,"href":"https:\/\/oknatura.com\/es\/wp-json\/wp\/v2\/product_cat?post=26371"},{"taxonomy":"product_tag","embeddable":true,"href":"https:\/\/oknatura.com\/es\/wp-json\/wp\/v2\/product_tag?post=26371"},{"taxonomy":"giftcard-category","embeddable":true,"href":"https:\/\/oknatura.com\/es\/wp-json\/wp\/v2\/giftcard-category?post=26371"}],"curies":[{"name":"wp","href":"https:\/\/api.w.org\/{rel}","templated":true}]}}