{"id":27702,"date":"2023-09-06T19:39:28","date_gmt":"2023-09-06T19:39:28","guid":{"rendered":"https:\/\/oknatura.com\/products\/rape-snuff-girasol-menta-de-brasil-5gr-a-100gr-100-hecho-por-tribus-nativas-del-amazonas"},"modified":"2025-06-12T14:37:05","modified_gmt":"2025-06-12T19:37:05","slug":"rape-snuff-girasol-menta-de-tribus-nativas-de-brasil","status":"publish","type":"product","link":"https:\/\/oknatura.com\/es\/productos\/rape-snuff-girasol-menta-de-tribus-nativas-de-brasil\/","title":{"rendered":"RAP\u00c9 SNUFF * GIRASOL MENTA (DE BRASIL) \/ 5gr a 100gr \/ - 100 % hecho por Tribus Nativas del Amazonas"},"content":{"rendered":"<h2>RAP\u00c9 SNUFF * GIRASOL MENTA (DE BRASIL) - 100 % hecho por Tribus Nativas del Amazonas<\/h2>\n<p><strong>\u00bfPara qu\u00e9 se utiliza GIRASOL MENTA RAP\u00c9 SNUFF?<\/strong><\/p>\n<ul>\n<li>Se trata de un rap\u00e9 amaz\u00f3nico tradicional utilizado con fines espirituales y curativos.<\/li>\n<li>Se cree que ayuda a despejar la mente, mejorar la concentraci\u00f3n y promover la claridad mental.<\/li>\n<li>Puede utilizarse como apoyo a la meditaci\u00f3n y otras pr\u00e1cticas espirituales.<\/li>\n<li>Tambi\u00e9n se utiliza en ceremonias tribales para la purificaci\u00f3n y el enraizamiento.<\/li>\n<\/ul>\n<p><strong>C\u00f3mo utilizarlo, dosis y utilidades:<\/strong><\/p>\n<ul>\n<li>El GIRASOL MENTA RAP\u00c9 SNUFF se suele soplar en la nariz con una pipa o un utensilio llamado kuripe.<\/li>\n<li>La dosis puede variar en funci\u00f3n de las necesidades y preferencias individuales, pero se recomienda empezar con una peque\u00f1a cantidad e ir aument\u00e1ndola gradualmente.<\/li>\n<li>A menudo se utiliza antes de la meditaci\u00f3n o las pr\u00e1cticas espirituales para potenciar sus efectos.<\/li>\n<li>Tambi\u00e9n puede utilizarse como herramienta para conectarse a tierra y con la naturaleza.<\/li>\n<\/ul>\n<p><strong>Pros (Ventajas):<\/strong><\/p>\n<ul>\n<li>GIRASOL MENTA RAP\u00c9 SNUFF es un producto tradicional elaborado por las tribus ind\u00edgenas amaz\u00f3nicas.<\/li>\n<li>Tiene una larga historia de uso con fines espirituales y curativos.<\/li>\n<li>Puede ser una herramienta \u00fatil para la meditaci\u00f3n y otras pr\u00e1cticas espirituales.<\/li>\n<li>Puede favorecer la claridad mental y la concentraci\u00f3n.<\/li>\n<\/ul>\n<p><strong>Contras (Advertencias y seguridad):<\/strong><\/p>\n<ul>\n<li>El uso de GIRASOL MENTA RAP\u00c9 SNUFF debe abordarse con respeto y precauci\u00f3n.<\/li>\n<li>Es importante utilizarla de forma segura y responsable.<\/li>\n<li>No debe ser utilizado por mujeres embarazadas o en per\u00edodo de lactancia, y las personas con enfermedades preexistentes deben consultar con un profesional sanitario antes de usarlo.<\/li>\n<li>El uso excesivo puede tener efectos negativos en el cuerpo y la mente.<\/li>\n<\/ul>\n<p><em><strong>Nota:<\/strong><\/em><br \/>\nLos productos OK Natural se obtienen y comercializan en estado puro y de origen 100% natural a las comunidades aut\u00f3ctonas. No contienen ning\u00fan tipo de pesticida, producto qu\u00edmico, herbicida ni ninguna otra sustancia artificial.<\/p>\n<p><em><strong>Descargo de responsabilidad:<\/strong><\/em><br \/>\n- Los efectos de este producto est\u00e1n respaldados por la experiencia emp\u00edrica de la antigua medicina tradicional con excelentes resultados. La ausencia de efectos secundarios nocivos si se administra en la dosis correcta. Pero la informaci\u00f3n aqu\u00ed se\u00f1alada no constituye en modo alguno una ordenanza o prescripci\u00f3n.<br \/>\n- El uso de estos productos naturales no sustituye a una consulta m\u00e9dica.<br \/>\n- Todos los productos son legales en nuestro pa\u00eds de origen, es responsabilidad del cliente investigar la legalidad del mismo en el pa\u00eds de destino.<br \/>\n- Las declaraciones y enlaces a sitios web que contiene no han sido evaluados por la FDA ni por las autoridades internacionales de alimentos y medicamentos.<br \/>\n- En ning\u00fan caso implican afirmaciones m\u00e9dicas sobre la capacidad o eficacia de cualquiera de nuestros productos para tratar, prevenir o mitigar cualquier enfermedad o dolencia.<br \/>\n- El uso y la aplicaci\u00f3n de nuestros productos son responsabilidad exclusiva del cliente.<\/p>\n","protected":false},"excerpt":{"rendered":"<p>RAP\u00c9 SNUFF * GIRASOL MENTA (DE BRASIL) - 100 % hecho por Tribus Nativas del Amazonas \u00bfPara qu\u00e9 se utiliza GIRASOL MENTA RAP\u00c9 SNUFF? Se trata de un rap\u00e9 amaz\u00f3nico tradicional utilizado con fines espirituales y curativos. Se cree que ayuda a despejar la mente, mejorar la concentraci\u00f3n y promover la claridad mental. Puede utilizarse [&hellip;]<\/p>\n","protected":false},"featured_media":63588,"comment_status":"open","ping_status":"closed","template":"","meta":{"_joinchat":[]},"product_brand":[242],"product_cat":[2607,2715],"product_tag":[],"giftcard-category":[],"class_list":{"0":"post-27702","1":"product","2":"type-product","3":"status-publish","4":"has-post-thumbnail","6":"product_brand-ok-natura","7":"product_cat-recien-llegados","8":"product_cat-rape-en-venta","9":"product_shipping_class-general-shipping-es","10":"pa_607093e2895771617990626-rape-snuff-nawa-5gr-100gr-rapes-brasileiro-100-made-natives-amazon-tribes-food-571-jpgoptimized921663c0c14b67aca6a7e264b57fca92id28886545531032pid5903926362264original_filenamer","11":"pa_badge-sin-comentarios","12":"pa_description_tag-composicion-tabaco-ceniza-de-menta-brasilena-usos-consigue-relajarte-y-deshacerte-de-la-ansiedad-usos-medicinales-muy-fuerte-e-intenso-ayuda-a-meditar","13":"pa_review_count-52-es","14":"pa_review_enabled-1-es","15":"pa_review_rating-5-es","16":"pa_talla-100gr-es-2","17":"pa_talla-10gr-es-2","18":"pa_talla-1kg-es","19":"pa_talla-20gr-es","20":"pa_talla-30gr-es-2","21":"pa_talla-4-kg","22":"pa_talla-50gr-es","23":"pa_talla-5gr-es","24":"pa_title_tag-rape-snuff-girasol-menta-en-venta-de-brasil-nativos","25":"pa_widget-jdgm-rev-widg-display-none-opiniones-de-clientes-se-el-primero-en-escribir-una-opinion-escribe-una-opinion-0-0-0-0-0-0-0-0-0-0","27":"first","28":"instock","29":"sale","30":"shipping-taxable","31":"purchasable","32":"product-type-variable"},"_links":{"self":[{"href":"https:\/\/oknatura.com\/es\/wp-json\/wp\/v2\/product\/27702","targetHints":{"allow":["GET"]}}],"collection":[{"href":"https:\/\/oknatura.com\/es\/wp-json\/wp\/v2\/product"}],"about":[{"href":"https:\/\/oknatura.com\/es\/wp-json\/wp\/v2\/types\/product"}],"replies":[{"embeddable":true,"href":"https:\/\/oknatura.com\/es\/wp-json\/wp\/v2\/comments?post=27702"}],"version-history":[{"count":1,"href":"https:\/\/oknatura.com\/es\/wp-json\/wp\/v2\/product\/27702\/revisions"}],"predecessor-version":[{"id":54138,"href":"https:\/\/oknatura.com\/es\/wp-json\/wp\/v2\/product\/27702\/revisions\/54138"}],"wp:featuredmedia":[{"embeddable":true,"href":"https:\/\/oknatura.com\/es\/wp-json\/wp\/v2\/media\/63588"}],"wp:attachment":[{"href":"https:\/\/oknatura.com\/es\/wp-json\/wp\/v2\/media?parent=27702"}],"wp:term":[{"taxonomy":"product_brand","embeddable":true,"href":"https:\/\/oknatura.com\/es\/wp-json\/wp\/v2\/product_brand?post=27702"},{"taxonomy":"product_cat","embeddable":true,"href":"https:\/\/oknatura.com\/es\/wp-json\/wp\/v2\/product_cat?post=27702"},{"taxonomy":"product_tag","embeddable":true,"href":"https:\/\/oknatura.com\/es\/wp-json\/wp\/v2\/product_tag?post=27702"},{"taxonomy":"giftcard-category","embeddable":true,"href":"https:\/\/oknatura.com\/es\/wp-json\/wp\/v2\/giftcard-category?post=27702"}],"curies":[{"name":"wp","href":"https:\/\/api.w.org\/{rel}","templated":true}]}}