{"id":29008,"date":"2021-04-10T12:36:13","date_gmt":"2021-04-10T12:36:13","guid":{"rendered":"https:\/\/oknatura.com\/products\/collar-de-ayahuasca-con-piedras-hecho-a-mano-con-pedazo-de-ayahuasca-y-piedras-minerales-original-y"},"modified":"2025-06-12T14:34:56","modified_gmt":"2025-06-12T19:34:56","slug":"collar-ayahuasca-piedras-hecho-a-mano-original","status":"publish","type":"product","link":"https:\/\/oknatura.com\/es\/productos\/collar-ayahuasca-piedras-hecho-a-mano-original\/","title":{"rendered":"COLLAR DE AYAHUASCA CON PIEDRAS - Hecho a mano con pedazo de Ayahuasca y Piedras Minerales, Original y"},"content":{"rendered":"<h1>COLLAR AYAHUASCA CON PIEDRAS - Desvela el poder de las joyas de la naturaleza<\/h1>\n<p><strong>Cualidad destacable:<\/strong><\/p>\n<p><strong>COLLAR AYAHUASCA CON PIEDRAS - La elegancia de la naturaleza en joyer\u00eda artesanal<\/strong><\/p>\n<h2>El Exquisito COLLAR AYAHUASCA CON PIEDRAS<\/h2>\n<p><strong>Descripci\u00f3n:<\/strong><\/p>\n<p><strong>AYAHUASCA COLLAR CON PI<\/strong> EDRAS es m\u00e1s que una simple joya; es una obra de arte que mezcla el poder espiritual de la Ayahuasca con la belleza natural de las piedras minerales. Hechos a mano con dedicaci\u00f3n y esmero, estos collares encapsulan la profunda esencia de las joyas de la naturaleza, a\u00f1adiendo un toque de espiritualidad a su estilo personal.<\/p>\n<h2>M\u00e1s all\u00e1 de la joyer\u00eda: usos polifac\u00e9ticos<\/h2>\n<p><strong>Aplicaciones tradicionales:<\/strong><\/p>\n<ul>\n<li><strong>Elegancia espiritual:<\/strong> En las ceremonias y rituales tradicionales, el <strong>COLLAR AYAHUASCA CON PIEDRAS<\/strong> es un s\u00edmbolo de conexi\u00f3n espiritual. Potencia la conexi\u00f3n con los esp\u00edritus de la planta, lo que la convierte en un objeto muy apreciado entre los entusiastas de la ayahuasca.<\/li>\n<\/ul>\n<p><strong>Dimensiones menos conocidas:<\/strong><\/p>\n<ul>\n<li><strong>Elegancia cotidiana:<\/strong> M\u00e1s all\u00e1 de las ceremonias, estos collares son una opci\u00f3n perfecta para realzar su estilo diario. Llevarlas puede recordarte la profunda conexi\u00f3n con la naturaleza y la sabidur\u00eda de la Ayahuasca.<\/li>\n<li><strong>Ayuda a la meditaci\u00f3n:<\/strong> Algunos utilizan estos collares como ayuda para la meditaci\u00f3n, sujetando las piedras durante su pr\u00e1ctica. Se cree que las piedras son portadoras de energ\u00edas \u00fanicas que pueden facilitar experiencias de meditaci\u00f3n m\u00e1s profundas.<\/li>\n<\/ul>\n<h2>Ventajas e inconvenientes<\/h2>\n<p><strong>Los Pros (Beneficios):<\/strong><\/p>\n<ul>\n<li><strong>Adorno espiritual:<\/strong> <strong>COLLAR DE AYAHUASCA CON PI<\/strong> EDRAS combina maravillosamente la esencia espiritual de la Ayahuasca con la belleza natural de los minerales. Llevarlo es una forma de llevar contigo el poder de la Ayahuasca y los elementos de la Tierra.<\/li>\n<li><strong>Belleza artesanal:<\/strong> Cada collar es una obra de arte, cuidadosamente elaborada a mano a la perfecci\u00f3n. Por su belleza y su significado, son una excelente elecci\u00f3n como adorno personal o como regalo.<\/li>\n<li><strong>Propiedades energ\u00e9ticas:<\/strong> Se cree que las piedras del collar tienen propiedades energ\u00e9ticas \u00fanicas. Cuando se llevan cerca del cuerpo, pueden influir positivamente en la energ\u00eda y el aura.<\/li>\n<\/ul>\n<p><strong>Los contras (advertencias y seguridad):<\/strong><\/p>\n<ul>\n<li><strong>Naturaleza fr\u00e1gil:<\/strong> Al estar hechos a mano e incorporar piedras delicadas, estos collares pueden ser fr\u00e1giles. Man\u00e9jelos con cuidado para evitar da\u00f1os.<\/li>\n<li><strong>Experiencias individuales:<\/strong> Aunque se cree que estos collares mejoran las conexiones espirituales, la experiencia puede variar de una persona a otra.<\/li>\n<\/ul>\n<h2>C\u00f3mo aprovechar el poder de las joyas de la naturaleza<\/h2>\n<p>Aqu\u00ed tienes algunas recomendaciones para que saques el m\u00e1ximo partido a tu <strong>COLLAR AYAHUASCA CON PIEDRAS<\/strong>: <\/p>\n<ol>\n<li><strong>Vestimenta ceremonial:<\/strong> Lleva el collar durante ceremonias de Ayahuasca u otros rituales espirituales. Simboliza tu conexi\u00f3n con la Ayahuasca y el mundo natural.<\/li>\n<li><strong>Adorno diario:<\/strong> Incorpora el collar a tu atuendo diario. Al hacerlo, llevas contigo el poder de las joyas de la naturaleza y de la Ayahuasca durante todo el d\u00eda.<\/li>\n<li><strong>Compa\u00f1ero de meditaci\u00f3n:<\/strong> Utiliza el collar durante las sesiones de meditaci\u00f3n. Sujeta las piedras mientras meditas para amplificar tu experiencia y conectar con las energ\u00edas de la Tierra.<\/li>\n<\/ol>\n<h2>Otros nombres para COLLAR AYAHUASCA CON PIEDRAS<\/h2>\n<p>El <strong>COLLAR AYAHUASCA<\/strong> <strong>CON PIEDRAS<\/strong> tambi\u00e9n se conoce como <strong>Collar Espiritual con Minerales<\/strong>, <strong>Pieza de Adorno de la Naturaleza<\/strong> y <strong>Joyer\u00eda con Infusi\u00f3n de Ayahuasca<\/strong>.<\/p>\n<h2>Conclusi\u00f3n: Desbloquea el poder de las joyas de la naturaleza<\/h2>\n<p>En conclusi\u00f3n, el <strong>COLLAR AYAHUASCA CON<\/strong> PIEDRAS le ofrece una forma \u00fanica de abrazar la conexi\u00f3n espiritual de la Ayahuasca y la belleza en bruto de las piedras minerales. Tanto si lo lleva en ceremonias, como adorno diario o para meditar, este collar es un s\u00edmbolo de elegancia y espiritualidad. Con cada mirada, recuerdas la profunda sabidur\u00eda de la Ayahuasca y los dones de la Tierra.<\/p>\n<blockquote><p><strong>Nota:<\/strong><\/p>\n<p>Los productos de OK Natural se obtienen y venden en estado puro y de origen 100% natural a las comunidades aut\u00f3ctonas. No contienen ning\u00fan tipo de pesticida, producto qu\u00edmico, herbicida ni ninguna otra sustancia artificial. <\/p>\n<p><strong>Descargo de responsabilidad:<\/strong><\/p><\/blockquote>\n<ul>\n<li>\n<blockquote><p>Todos los productos son legales en nuestro pa\u00eds de origen, es responsabilidad del cliente investigar su legalidad en el pa\u00eds de destino.<\/p><\/blockquote>\n<\/li>\n<li>\n<blockquote><p>El uso de estos productos naturales no sustituye a una consulta m\u00e9dica.<\/p><\/blockquote>\n<\/li>\n<li>\n<blockquote><p>En ning\u00fan caso implica afirmaciones m\u00e9dicas sobre la capacidad o eficacia de cualquiera de nuestros productos para tratar, prevenir o mitigar cualquier enfermedad o dolencia.<\/p><\/blockquote>\n<\/li>\n<li>\n<blockquote><p>El uso y la aplicaci\u00f3n de nuestros productos son responsabilidad exclusiva del cliente.<\/p><\/blockquote>\n<\/li>\n<li>\n<blockquote><p>Estos efectos de este producto est\u00e1n avalados por la experiencia emp\u00edrica de la medicina tradicional ancestral con excelentes resultados.<\/p><\/blockquote>\n<\/li>\n<li>\n<blockquote><p>La ausencia de efectos secundarios nocivos si se administra en la dosis correcta. Pero la informaci\u00f3n aqu\u00ed se\u00f1alada no constituye en modo alguno una ordenanza o prescripci\u00f3n. <\/p><\/blockquote>\n<\/li>\n<li>\n<blockquote><p>Las declaraciones y enlaces a sitios web que contiene no han sido evaluados por la FDA ni por las autoridades internacionales de alimentos y medicamentos.<\/p><\/blockquote>\n<\/li>\n<\/ul>\n","protected":false},"excerpt":{"rendered":"<p>COLLAR AYAHUASCA CON PIEDRAS - Desvela el poder de las joyas de la naturaleza Cualidad destacable: COLLAR AYAHUASCA CON PIEDRAS - La elegancia de la naturaleza en joyer\u00eda artesanal El Exquisito COLLAR AYAHUASCA CON PIEDRAS Descripci\u00f3n: AYAHUASCA COLLAR CON PI EDRAS es m\u00e1s que una simple joya; es una obra de arte que mezcla el [&hellip;]<\/p>\n","protected":false},"featured_media":62836,"comment_status":"open","ping_status":"closed","template":"","meta":{"_joinchat":[]},"product_brand":[242],"product_cat":[3196,2607],"product_tag":[2861],"giftcard-category":[],"class_list":{"0":"post-29008","1":"product","2":"type-product","3":"status-publish","4":"has-post-thumbnail","6":"product_brand-ok-natura","7":"product_cat-arte-amazonico-en-venta","8":"product_cat-recien-llegados","9":"product_tag-ayahuasca","10":"product_shipping_class-general-shipping-es","11":"pa_6086def65eaca1619451638-ayahuasca-necklace-stones-handmade-piece-mineral-original-01-und-arte-amazonico-882-jpgoptimized921663c0c14b67aca6a7e264b57fca92id29558856646808pid6644054392984original_filename-es","12":"pa_badge-1-revision","13":"pa_description_tag-collar-de-ayahuasca-con-piedras-es-un-amuleto-expulsa-la-negatividad-y-atrae-todo-lo-bueno-a-su-alrededor-este-amuleto-es-una-pieza-necesaria-en-casa-y-en-el-trabajo","14":"pa_rating-scale_min1-0scale_max5-0value5-0-es","15":"pa_rating_count-2837","16":"pa_review_count-29-es","17":"pa_review_enabled-1-es","18":"pa_review_rating-5-es","19":"pa_talla-01-und-es","20":"pa_title_tag-collar-de-ayahuasca-con-piedras-pieza-de-ayahuasca-y-mineral","21":"pa_widget-jdgm-rev-widg-display-none-opiniones-de-clientes-basadas-en-1-opinion-escribe-una-opinion-100-1-0-0-0-0-0-0-0-0-p","23":"first","24":"instock","25":"sale","26":"shipping-taxable","27":"purchasable","28":"product-type-variable"},"_links":{"self":[{"href":"https:\/\/oknatura.com\/es\/wp-json\/wp\/v2\/product\/29008","targetHints":{"allow":["GET"]}}],"collection":[{"href":"https:\/\/oknatura.com\/es\/wp-json\/wp\/v2\/product"}],"about":[{"href":"https:\/\/oknatura.com\/es\/wp-json\/wp\/v2\/types\/product"}],"replies":[{"embeddable":true,"href":"https:\/\/oknatura.com\/es\/wp-json\/wp\/v2\/comments?post=29008"}],"version-history":[{"count":1,"href":"https:\/\/oknatura.com\/es\/wp-json\/wp\/v2\/product\/29008\/revisions"}],"predecessor-version":[{"id":53535,"href":"https:\/\/oknatura.com\/es\/wp-json\/wp\/v2\/product\/29008\/revisions\/53535"}],"wp:featuredmedia":[{"embeddable":true,"href":"https:\/\/oknatura.com\/es\/wp-json\/wp\/v2\/media\/62836"}],"wp:attachment":[{"href":"https:\/\/oknatura.com\/es\/wp-json\/wp\/v2\/media?parent=29008"}],"wp:term":[{"taxonomy":"product_brand","embeddable":true,"href":"https:\/\/oknatura.com\/es\/wp-json\/wp\/v2\/product_brand?post=29008"},{"taxonomy":"product_cat","embeddable":true,"href":"https:\/\/oknatura.com\/es\/wp-json\/wp\/v2\/product_cat?post=29008"},{"taxonomy":"product_tag","embeddable":true,"href":"https:\/\/oknatura.com\/es\/wp-json\/wp\/v2\/product_tag?post=29008"},{"taxonomy":"giftcard-category","embeddable":true,"href":"https:\/\/oknatura.com\/es\/wp-json\/wp\/v2\/giftcard-category?post=29008"}],"curies":[{"name":"wp","href":"https:\/\/api.w.org\/{rel}","templated":true}]}}