{"id":32384,"date":"2020-10-15T00:31:48","date_gmt":"2020-10-15T00:31:48","guid":{"rendered":"https:\/\/oknatura.com\/products\/pasta-de-chacruna-10gr-a-1kg-psychotria-viridis-100-extracto-puro-de-pasta"},"modified":"2025-08-19T23:34:41","modified_gmt":"2025-08-20T04:34:41","slug":"chacruna-en-pasta-en-venta-psychotria-viridis-extracto","status":"publish","type":"product","link":"https:\/\/oknatura.com\/es\/productos\/chacruna-en-pasta-en-venta-psychotria-viridis-extracto\/","title":{"rendered":"PASTA DE CHACRUNA \/ 10gr a 1kg \/ - (Psychotria viridis) 100% Extracto Puro de Pasta"},"content":{"rendered":"\t\t<div data-elementor-type=\"product-post\" data-elementor-id=\"32384\" class=\"elementor elementor-32384 elementor-603\" data-elementor-post-type=\"product\">\n\t\t\t\t<div data-particle_enable=\"false\" data-particle-mobile-disabled=\"false\" class=\"elementor-element elementor-element-3487751 e-flex e-con-boxed e-con e-parent\" data-id=\"3487751\" data-element_type=\"container\" data-e-type=\"container\">\r\n\t\t\t\t\t<div class=\"e-con-inner\">\r\n\t\t\t\t<div class=\"elementor-element elementor-element-7644b21e elementor-widget elementor-widget-text-editor\" data-id=\"7644b21e\" data-element_type=\"widget\" data-e-type=\"widget\" data-widget_type=\"text-editor.default\">\n\t\t\t\t\t\t\t\t\t<h1>Pasta Chacruna - Nutre tu viaje espiritual<p>En el coraz\u00f3n m\u00edstico de la selva amaz\u00f3nica yace un secreto, un antiguo regalo de la propia Madre Naturaleza: la Pasta Chacruna. Un extraordinario brebaje derivado de las hojas de la venerada planta Psychotria viridis. Prep\u00e1rate para desbloquear la puerta de tu exploraci\u00f3n espiritual, una que ha fascinado a las tribus amaz\u00f3nicas durante generaciones.<h2>Desvelando la Pasta Chacruna  <p><strong>Pasta Chacruna: Un Tesoro Oculto La Pasta Chacruna es algo m\u00e1s que una sustancia; es un poderoso catalizador de la iluminaci\u00f3n espiritual. Est\u00e1 elaborada con sumo cuidado, con la planta Psychotria viridis, conocida por su ingrediente clave, la N,N-dimetiltriptamina (DMT). Piensa en ella como un puente entre mundos, que te conecta con reinos de profunda percepci\u00f3n.  <p><strong>Conoce la Psychotria Viridis Este vibrante arbusto de hoja perenne exhibe hojas lustrosas que brillan bajo la luz moteada del sol del Amazonas. Pero la Psychotria viridis guarda un secreto m\u00e1s profundo en su follaje, un secreto que chamanes y buscadores han venerado durante siglos.<h2>Maravillosos usos de la pasta de chacruna<p>La pasta de chacruna tiene una serie de aplicaciones que van m\u00e1s all\u00e1 de su famosa asociaci\u00f3n con la ayahuasca: <ul><li><strong>Autoexploraci\u00f3n: Si alguna vez has contemplado los misterios de tu propia conciencia, la Pasta Chacruna es tu gu\u00eda. Te invita a explorar tus paisajes interiores, navegar por tus miedos y desenterrar los patrones ocultos que dan forma a tu realidad. <li><strong>Poder curativo: Los curanderos amaz\u00f3nicos tradicionales reconocen desde hace mucho tiempo las profundas capacidades curativas de la Pasta de Chacruna. No se trata s\u00f3lo de curar el cuerpo; se trata de reparar el esp\u00edritu y nutrir el alma. <li><strong>Inspiraci\u00f3n Creativa: Los artistas y visionarios buscan la Pasta Chacruna por su capacidad para despertar su creatividad. Act\u00faa como un portal a un reino de nuevas ideas e imaginaci\u00f3n sin l\u00edmites. <li><strong>Conexi\u00f3n Espiritual: Para los que emprenden un viaje espiritual, la Pasta Chacruna es su compa\u00f1era. Te ayuda a conectar con estados superiores de conciencia y a experimentar profundas revelaciones.<h2>Ventajas e inconvenientes de la Pasta Chacruna <p><strong>Los Pros (Beneficios):<ul><li><strong>Experiencias Espirituales e Introspectivas: La Pasta Chacruna abre la puerta a profundos viajes espirituales, gui\u00e1ndote a explorar tu interior como nunca antes lo hab\u00edas hecho.<li><strong>Potencial curativo: El uso tradicional sugiere que puede conducir a una profunda curaci\u00f3n y transformaci\u00f3n personal.<li><strong>Respetada por las Tribus Ind\u00edgenas: Esta planta sagrada es venerada como gu\u00eda espiritual por las tribus amaz\u00f3nicas.<p><strong>Los contras (precauciones y seguridad):<ul><li><strong>No para recreo: No es una sustancia recreativa. Es una potente herramienta psicoactiva y debe abordarse con respeto y reverencia. <li><strong>Entorno ceremonial: La Pasta Chacruna s\u00f3lo debe consumirse en un contexto ceremonial, guiado por un cham\u00e1n o facilitador experimentado.<li><strong>La seguridad ante todo: Deben seguirse unas estrictas directrices de seguridad para garantizar un viaje significativo y seguro.<h2>Embarcarse en la Experiencia Chacruna<p>Embarcarse en la Experiencia Chacruna es un viaje transformador. He aqu\u00ed c\u00f3mo embarcarte: <ol><li><strong>Prepara el escenario: Crea un entorno seguro y controlado para tu experiencia Chacruna. Nunca intentes este viaje solo o de forma casual. Busca la gu\u00eda de un cham\u00e1n o facilitador experimentado que cree el entorno ceremonial adecuado.  <li><strong>Cuidado con la dosis: La dosis puede variar de una persona a otra. Conf\u00eda en tu gu\u00eda experimentado para determinar la dosis adecuada adaptada a tus necesidades \u00fanicas. <p><strong>Dato curioso: A menudo se hace referencia a la Pasta de Chacruna como la planta \u00abmaestra\u00bb en las culturas amaz\u00f3nicas, que gu\u00eda a las personas en sus viajes de autodescubrimiento e iluminaci\u00f3n espiritual.<h2>Otros nombres por los que se conoce la Pasta de Chacruna<p>La Pasta de Chacruna recibe diversos nombres en las culturas ind\u00edgenas amaz\u00f3nicas, como \u00abRainha\u00bb y \u00abSamer\u00e1\u00bb. Pero independientemente del nombre, su significado espiritual permanece inalterado.<h2>Tu viaje espiritual comienza<p>En conclusi\u00f3n, la Pasta Chacruna te ofrece un pasaporte a un reino de exploraci\u00f3n espiritual, curaci\u00f3n y autodescubrimiento. Es una llave sagrada para desvelar los profundos misterios del Amazonas y de tu propia conciencia. Si est\u00e1s preparado para embarcarte en este extraordinario viaje, para aprender de la sabidur\u00eda de la selva tropical y de sus gentes, la Pasta Chacruna es tu gu\u00eda.   <p><strong>Nota:<p>Los productos OK Natural se obtienen y venden en estado puro y de origen 100% natural a las comunidades aut\u00f3ctonas. No contienen ning\u00fan tipo de pesticida, producto qu\u00edmico, herbicida ni ninguna otra sustancia artificial. <p><strong>Descargo de responsabilidad:<ul><li>Todos los productos son legales en nuestro pa\u00eds de origen, es responsabilidad del cliente investigar su legalidad en el pa\u00eds de destino.<li>El uso de estos productos naturales no sustituye a la consulta m\u00e9dica.<li>En ning\u00fan caso implica afirmaciones m\u00e9dicas sobre la capacidad o eficacia de ninguno de nuestros productos para tratar, prevenir o mitigar ninguna enfermedad o dolencia.<li>El uso y la aplicaci\u00f3n de nuestros productos son responsabilidad exclusiva del cliente.<li>Estos efectos de este producto est\u00e1n respaldados por la experiencia emp\u00edrica de la antigua medicina tradicional con excelentes resultados.<li>La ausencia de efectos secundarios perjudiciales si se administra en la dosis correcta. Pero la informaci\u00f3n aqu\u00ed identificada no constituye en modo alguno una ordenanza o prescripci\u00f3n.<li>Las afirmaciones y enlaces a sitios web aqu\u00ed contenidos no han sido evaluados por la FDA ni por las autoridades internacionales de alimentos y medicamentos. <p> \t\t\t\t\t\t\t\t<\/div>\n\t\t\t\t\t<\/div>\n\t\t\t\t<\/div>\n\t\t\t\t<\/div>\n\t\t","protected":false},"excerpt":{"rendered":"<p>Pasta Chacruna - Nutre tu viaje espiritual En el coraz\u00f3n m\u00edstico de la selva amaz\u00f3nica yace un secreto, un antiguo regalo de la propia Madre Naturaleza: la Pasta Chacruna. Un extraordinario brebaje derivado de las hojas de la venerada planta Psychotria viridis. Prep\u00e1rate para desbloquear la puerta de tu exploraci\u00f3n espiritual, una que ha fascinado [&hellip;]<\/p>\n","protected":false},"featured_media":60171,"comment_status":"open","ping_status":"closed","template":"","meta":{"_joinchat":[]},"product_brand":[242],"product_cat":[2597,2860,2599],"product_tag":[2601],"giftcard-category":[],"class_list":{"0":"post-32384","1":"product","2":"type-product","3":"status-publish","4":"has-post-thumbnail","6":"product_brand-ok-natura","7":"product_cat-ayahuasca-para-la-venta","8":"product_cat-extracto-en-pasta-en-venta","9":"product_cat-ventas-correo-nacional","10":"product_tag-chacruna-es","11":"product_shipping_class-paste-extract-es","12":"pa_5f967785bba311603696517-chacruna-paste-10gr-500gr-psychotria-viridis-100-pure-extract-extracto-en-pasta-676-pngoptimizednullid21779574161560pid5940264304792original_filenameextractito_93e9a13d-c572-4adf-es","13":"pa_5fd91e34ee9a51608064564-chacruna-paste-10gr-1kg-psychotria-viridis-100-pure-extract-extracto-en-pasta-458-jpgoptimized921663c0c14b67aca6a7e264b57fca92id24549643911320pid5940264304792original_filenameex-es","14":"pa_badge-3-criticas","15":"pa_description_tag-chacruna-la-planta-que-te-permite-ver-colores-en-la-oscuridad-gracias-a-la-chacruna-puedes-tener-una-experiencia-inolvidable-en-tu-ceremonia-con-ayahuasca","16":"pa_rating-scale_min1-0scale_max5-0value4-33","17":"pa_rating_count-3-es","18":"pa_review_count-51-es","19":"pa_review_enabled-1-es","20":"pa_review_rating-5-es","21":"pa_talla-10-kg","22":"pa_talla-10gr-es-2","23":"pa_talla-120gr-es","24":"pa_talla-1kg-es","25":"pa_talla-240gr-es","26":"pa_talla-30gr-es-2","27":"pa_talla-360gr-es","28":"pa_talla-4-kg","29":"pa_talla-480gr-es","30":"pa_talla-60gr-es","31":"pa_title_tag-venta-de-pasta-de-chacruna-psychotria-viridis-extracto-puro","32":"pa_widget-jdgm-rev-widg-display-none-opiniones-de-clientes-basadas-en-3-opiniones-escribe-una-opinion-67-2-0-0-33-1-0-0-0-0-j","34":"first","35":"instock","36":"sale","37":"shipping-taxable","38":"purchasable","39":"product-type-variable"},"_links":{"self":[{"href":"https:\/\/oknatura.com\/es\/wp-json\/wp\/v2\/product\/32384","targetHints":{"allow":["GET"]}}],"collection":[{"href":"https:\/\/oknatura.com\/es\/wp-json\/wp\/v2\/product"}],"about":[{"href":"https:\/\/oknatura.com\/es\/wp-json\/wp\/v2\/types\/product"}],"replies":[{"embeddable":true,"href":"https:\/\/oknatura.com\/es\/wp-json\/wp\/v2\/comments?post=32384"}],"version-history":[{"count":3,"href":"https:\/\/oknatura.com\/es\/wp-json\/wp\/v2\/product\/32384\/revisions"}],"predecessor-version":[{"id":65493,"href":"https:\/\/oknatura.com\/es\/wp-json\/wp\/v2\/product\/32384\/revisions\/65493"}],"wp:featuredmedia":[{"embeddable":true,"href":"https:\/\/oknatura.com\/es\/wp-json\/wp\/v2\/media\/60171"}],"wp:attachment":[{"href":"https:\/\/oknatura.com\/es\/wp-json\/wp\/v2\/media?parent=32384"}],"wp:term":[{"taxonomy":"product_brand","embeddable":true,"href":"https:\/\/oknatura.com\/es\/wp-json\/wp\/v2\/product_brand?post=32384"},{"taxonomy":"product_cat","embeddable":true,"href":"https:\/\/oknatura.com\/es\/wp-json\/wp\/v2\/product_cat?post=32384"},{"taxonomy":"product_tag","embeddable":true,"href":"https:\/\/oknatura.com\/es\/wp-json\/wp\/v2\/product_tag?post=32384"},{"taxonomy":"giftcard-category","embeddable":true,"href":"https:\/\/oknatura.com\/es\/wp-json\/wp\/v2\/giftcard-category?post=32384"}],"curies":[{"name":"wp","href":"https:\/\/api.w.org\/{rel}","templated":true}]}}