{"id":32958,"date":"2021-04-08T17:27:56","date_gmt":"2021-04-08T17:27:56","guid":{"rendered":"https:\/\/oknatura.com\/products\/rape-snuff-piri-piri-5gr-a-100gr-eleuterina-bulbosa-polvo-vegetal-100-natural"},"modified":"2025-06-12T14:36:17","modified_gmt":"2025-06-12T19:36:17","slug":"rape-snuff-a-la-venta-piri-piri-eleutherine-bulbosa","status":"publish","type":"product","link":"https:\/\/oknatura.com\/es\/productos\/rape-snuff-a-la-venta-piri-piri-eleutherine-bulbosa\/","title":{"rendered":"RAP\u00c9 SNUFF - PIRI PIRI \/ 5gr a 100gr \/ - (Eleuterina Bulbosa) - Polvo Vegetal 100% Natural"},"content":{"rendered":"<h1>RAP\u00c9 SNUFF - PIRI PIRI: Una puerta al mundo de la bulbosa eleuterina<\/h1>\n<p><strong>Cualidad destacable:<\/strong><\/p>\n<p><strong>RAP\u00c9 SNUFF - PIRI PIRI: Desvelar el potencial de la bulbosa eleuterina<\/strong><\/p>\n<h2>Introducci\u00f3n al RAP\u00c9 SNUFF - PIRI PIRI<\/h2>\n<p><strong>Descripci\u00f3n:<\/strong><\/p>\n<p>Bienvenido al fascinante mundo de <strong>RAP\u00c9 SNUFF - PIRI PIRI,<\/strong>una mezcla \u00fanica y m\u00edstica que le introduce en las maravillas de la Bulbosa Eleuterina. En este viaje, descubrir\u00e1 los innumerables usos y el potencial oculto de este exquisito rap\u00e9, al tiempo que experimenta sus beneficios y toma las precauciones necesarias.<\/p>\n<h2>Usos tradicionales y menos conocidos<\/h2>\n<p><strong>Usos tradicionales:<\/strong><\/p>\n<ul>\n<li><strong>Conexi\u00f3n espiritual:<\/strong> <strong>RAP\u00c9 SNUFF - PIRI PIRI<\/strong> tiene profundas ra\u00edces en las culturas ind\u00edgenas amaz\u00f3nicas, donde se considera una herramienta sagrada para mejorar la conexi\u00f3n espiritual. Se utiliza para despejar la mente, equilibrar las energ\u00edas y preparar rituales y ceremonias.<\/li>\n<\/ul>\n<p><strong>Aplicaciones menos conocidas:<\/strong><\/p>\n<ul>\n<li><strong>Concentraci\u00f3n y claridad:<\/strong> Algunos usuarios afirman experimentar una mayor concentraci\u00f3n y claridad mental despu\u00e9s de usar <strong>RAP\u00c9 SNUFF - PIRI PIRI<\/strong>. Puede ayudar a despejar la niebla mental y mejorar la concentraci\u00f3n.<\/li>\n<li><strong>Ayuda respiratoria:<\/strong> Aunque no es un producto medicinal, algunas personas encuentran que el acto de soplar el rap\u00e9 en las fosas nasales puede ofrecer un alivio temporal para la congesti\u00f3n nasal o molestias respiratorias leves.<\/li>\n<\/ul>\n<h2>Ventajas e inconvenientes de RAP\u00c9 SNUFF - PIRI PIRI<\/h2>\n<p><strong>Los Pros (Beneficios):<\/strong><\/p>\n<ul>\n<li><strong>Mejora espiritual:<\/strong> Para aquellos que buscan el crecimiento espiritual y una conexi\u00f3n m\u00e1s profunda con su interior, <strong>RAP\u00c9 SNUFF - PIRI PIRI<\/strong> proporciona una herramienta \u00fanica.<\/li>\n<li><strong>Claridad mental:<\/strong> Experimenta un pensamiento m\u00e1s claro, mayor concentraci\u00f3n y agudeza mental, fomentando la productividad en diversos aspectos de la vida.<\/li>\n<li><strong>Ayuda respiratoria leve:<\/strong> Aunque no es un sustituto del tratamiento m\u00e9dico, algunos usuarios han informado de un efecto calmante temporal en molestias respiratorias leves.<\/li>\n<\/ul>\n<p><strong>Los contras (advertencias y seguridad):<\/strong><\/p>\n<ul>\n<li><strong>Conocimiento de la dosis:<\/strong> Al igual que con todos los rap\u00e9s sagrados, la dosis de <strong>RAP\u00c9 SNUFF - PIRI PIRI<\/strong> debe utilizarse con criterio. Es esencial empezar con un peque\u00f1o pellizco e ir aumentando gradualmente para evitar molestias.<\/li>\n<li><strong>Sensibilidad individual:<\/strong> La experiencia de cada persona puede ser diferente. Es crucial respetar la respuesta \u00fanica de tu cuerpo al tabaco, especialmente si tienes sensibilidad respiratoria.<\/li>\n<\/ul>\n<h2>Instrucciones y recomendaciones<\/h2>\n<p>Para una experiencia segura y enriquecedora con <strong>RAP\u00c9 SNUFF - PIRI PIRI<\/strong>, siga estas instrucciones y recomendaciones: <\/p>\n<ol>\n<li><strong>Precauci\u00f3n de dosificaci\u00f3n:<\/strong> Inicie su viaje con una peque\u00f1a y prudente pizca de rap\u00e9. Aumente lentamente la cantidad a medida que se acostumbre, manteni\u00e9ndose siempre dentro de su zona de confort.<\/li>\n<li><strong>Protocolo de aplicaci\u00f3n:<\/strong> La aplicaci\u00f3n correcta y respetuosa de este rap\u00e9 sagrado es vital. Utilice un autoaplicador o pida consejo a un profesional experimentado.<\/li>\n<li><strong>Ambiente solemne:<\/strong> Para apreciar plenamente la experiencia, crea un entorno sereno y libre de distracciones. Establezca intenciones claras y, si lo desea, participe en meditaciones o rituales para mejorar su experiencia.<\/li>\n<li><strong>Hidrataci\u00f3n:<\/strong> Es necesaria una hidrataci\u00f3n adecuada. Bebe agua antes y despu\u00e9s de usar <strong>RAP\u00c9 SNUFF - PIRI PIRI<\/strong> para estar c\u00f3modo y mantener tu bienestar durante todo el viaje.<\/li>\n<li><strong>Enfoque consciente:<\/strong> Ac\u00e9rcate a este rap\u00e9 con reverencia y atenci\u00f3n. Comprender su potencial para el crecimiento espiritual, la claridad mental y la exploraci\u00f3n sensorial.<\/li>\n<\/ol>\n<h2>Otros nombres para RAP\u00c9 SNUFF - PIRI PIRI<\/h2>\n<p><strong>El RAP\u00c9 SNUFF - PIRI<\/strong> <strong>PIRI<\/strong> tambi\u00e9n puede conocerse como <strong>Rap\u00e9 Piri Piri<\/strong> y <strong>Rap\u00e9 Bulbosa Eleuterina<\/strong>.<\/p>\n<h2>Conclusi\u00f3n: Comience su viaje<\/h2>\n<p>En conclusi\u00f3n, <strong>RAP\u00c9 SNUFF - PIRI PIRI<\/strong> le invita a iniciar un viaje m\u00edstico y espiritualmente esclarecedor con Eleutherine Bulbosa. Este rap\u00e9 le permite conectar con su yo interior, experimentar la claridad mental y explorar el vasto reino de los rap\u00e9s sagrados. Entre en el encantador mundo de <strong>RAP\u00c9 SNUFF - PIRI PIRI<\/strong> y descubra el potencial transformador de la Eleuterina Bulbosa.<\/p>\n<blockquote><p><strong>Nota:<\/strong><\/p>\n<p>Los productos de OK Natural se obtienen y venden en estado puro y de origen 100% natural a las comunidades aut\u00f3ctonas. No contienen ning\u00fan tipo de pesticida, producto qu\u00edmico, herbicida ni ninguna otra sustancia artificial. <\/p>\n<p><strong>Descargo de responsabilidad:<\/strong><\/p><\/blockquote>\n<ul>\n<li>\n<blockquote><p>Todos los productos son legales en nuestro pa\u00eds de origen, es responsabilidad del cliente investigar su legalidad en el pa\u00eds de destino.<\/p><\/blockquote>\n<\/li>\n<li>\n<blockquote><p>El uso de estos productos naturales no sustituye a una consulta m\u00e9dica.<\/p><\/blockquote>\n<\/li>\n<li>\n<blockquote><p>En ning\u00fan caso implica afirmaciones m\u00e9dicas sobre la capacidad o eficacia de cualquiera de nuestros productos para tratar, prevenir o mitigar cualquier enfermedad o dolencia.<\/p><\/blockquote>\n<\/li>\n<li>\n<blockquote><p>El uso y la aplicaci\u00f3n de nuestros productos son responsabilidad exclusiva del cliente.<\/p><\/blockquote>\n<\/li>\n<li>\n<blockquote><p>Estos efectos de este producto est\u00e1n avalados por la experiencia emp\u00edrica de la medicina tradicional ancestral con excelentes resultados.<\/p><\/blockquote>\n<\/li>\n<li>\n<blockquote><p>La ausencia de efectos secundarios nocivos si se administra en la dosis correcta. Pero la informaci\u00f3n aqu\u00ed se\u00f1alada no constituye en modo alguno una ordenanza o prescripci\u00f3n. <\/p><\/blockquote>\n<\/li>\n<li>\n<blockquote><p>Las declaraciones y enlaces a sitios web que contiene no han sido evaluados por la FDA ni por las autoridades internacionales de alimentos y medicamentos.<\/p><\/blockquote>\n<\/li>\n<\/ul>\n","protected":false},"excerpt":{"rendered":"<p>RAP\u00c9 SNUFF - PIRI PIRI: Una puerta al mundo de la bulbosa eleuterina Cualidad destacable: RAP\u00c9 SNUFF - PIRI PIRI: Desvelar el potencial de la bulbosa eleuterina Introducci\u00f3n al RAP\u00c9 SNUFF - PIRI PIRI Descripci\u00f3n: Bienvenido al fascinante mundo de RAP\u00c9 SNUFF - PIRI PIRI,una mezcla \u00fanica y m\u00edstica que le introduce en las maravillas [&hellip;]<\/p>\n","protected":false},"featured_media":62676,"comment_status":"open","ping_status":"closed","template":"","meta":{"_joinchat":[]},"product_brand":[242],"product_cat":[2607,2715],"product_tag":[],"giftcard-category":[],"class_list":{"0":"post-32958","1":"product","2":"type-product","3":"status-publish","4":"has-post-thumbnail","6":"product_brand-ok-natura","7":"product_cat-recien-llegados","8":"product_cat-rape-en-venta","9":"product_shipping_class-general-shipping-es","10":"pa_607fb68cc425a1618982540-rape-snuff-piri-5gr-100gr-eleutherine-bulbosa-100-natural-plant-powder-999-jpgoptimized921663c0c14b67aca6a7e264b57fca92id29373846192280pid6640031662232original_filenamerapeee_02-es","11":"pa_badge-1-revision","12":"pa_description_tag-composicion-tabaco-ceniza-de-las-raices-del-piri-piri-usos-refresca-y-da-vitalidad-al-cuerpo-usos-medicinales-da-vigor-y-fuerza-al-cuerpo","13":"pa_rating-scale_min1-0scale_max5-0value5-0-es","14":"pa_rating_count-2837","15":"pa_review_count-57-es","16":"pa_review_enabled-1-es","17":"pa_review_rating-5-es","18":"pa_seo_tags-rape-snuff-piri-piri-eleutherine-bulbosa-ceniza-fuertecomposicion-tabaco-ceniza-de-las-raices-del-piri-piri-usos-refresca-y-da-vitalidad-al-cuerpo-usos-medicinales-da-vigor-y-fuerza","19":"pa_talla-100gr-es-2","20":"pa_talla-10gr-es-2","21":"pa_talla-1kg-es","22":"pa_talla-20gr-es","23":"pa_talla-30gr-es-2","24":"pa_talla-4-kg","25":"pa_talla-50gr-es","26":"pa_talla-5gr-es","27":"pa_title_tag-rape-snuff-piri-piri-eleutherine-bulbosa-fresno-fuerte","28":"pa_widget-jdgm-rev-widg-display-none-opiniones-de-clientes-basadas-en-1-opinion-escribe-una-opinion-100-1-0-0-0-0-0-0-0-0-a","30":"first","31":"instock","32":"sale","33":"shipping-taxable","34":"purchasable","35":"product-type-variable"},"_links":{"self":[{"href":"https:\/\/oknatura.com\/es\/wp-json\/wp\/v2\/product\/32958","targetHints":{"allow":["GET"]}}],"collection":[{"href":"https:\/\/oknatura.com\/es\/wp-json\/wp\/v2\/product"}],"about":[{"href":"https:\/\/oknatura.com\/es\/wp-json\/wp\/v2\/types\/product"}],"replies":[{"embeddable":true,"href":"https:\/\/oknatura.com\/es\/wp-json\/wp\/v2\/comments?post=32958"}],"version-history":[{"count":1,"href":"https:\/\/oknatura.com\/es\/wp-json\/wp\/v2\/product\/32958\/revisions"}],"predecessor-version":[{"id":53915,"href":"https:\/\/oknatura.com\/es\/wp-json\/wp\/v2\/product\/32958\/revisions\/53915"}],"wp:featuredmedia":[{"embeddable":true,"href":"https:\/\/oknatura.com\/es\/wp-json\/wp\/v2\/media\/62676"}],"wp:attachment":[{"href":"https:\/\/oknatura.com\/es\/wp-json\/wp\/v2\/media?parent=32958"}],"wp:term":[{"taxonomy":"product_brand","embeddable":true,"href":"https:\/\/oknatura.com\/es\/wp-json\/wp\/v2\/product_brand?post=32958"},{"taxonomy":"product_cat","embeddable":true,"href":"https:\/\/oknatura.com\/es\/wp-json\/wp\/v2\/product_cat?post=32958"},{"taxonomy":"product_tag","embeddable":true,"href":"https:\/\/oknatura.com\/es\/wp-json\/wp\/v2\/product_tag?post=32958"},{"taxonomy":"giftcard-category","embeddable":true,"href":"https:\/\/oknatura.com\/es\/wp-json\/wp\/v2\/giftcard-category?post=32958"}],"curies":[{"name":"wp","href":"https:\/\/api.w.org\/{rel}","templated":true}]}}