{"id":32965,"date":"2021-04-10T12:26:10","date_gmt":"2021-04-10T12:26:10","guid":{"rendered":"https:\/\/oknatura.com\/products\/pulseras-de-ayahuasca-little-hechas-a-mano-con-trozo-de-ayahuasca-y-tela-articulo-original-y-unico"},"modified":"2026-01-26T14:59:38","modified_gmt":"2026-01-26T19:59:38","slug":"pulseras-de-ayahuasca-hechas-a-mano-da-poder","status":"publish","type":"product","link":"https:\/\/oknatura.com\/es\/productos\/pulseras-de-ayahuasca-hechas-a-mano-da-poder\/","title":{"rendered":"PULSERAS DE AYAHUASCA PEQUE\u00d1AS - Hechas a mano con trozo de Ayahuasca y tela, Art\u00edculo original y \u00fanico"},"content":{"rendered":"<h1>PULSERA AYAHUASCA LITTLE - Vive el Alma de la Amazonia<\/h1>\n<p><strong>Cualidad destacable:<\/strong><\/p>\n<p><strong>PULSERAS AYAHUASCA LITTLE - Una pieza ponible de espiritualidad amaz\u00f3nica<\/strong><\/p>\n<h2>Descubre los PULSERITOS AYAHUASCA<\/h2>\n<p><strong>Descripci\u00f3n:<\/strong><\/p>\n<p>Las <strong>PULSERAS AYAHUASCA LITTLE<\/strong> son algo m\u00e1s que adornos: son un v\u00ednculo tangible con el coraz\u00f3n de la selva amaz\u00f3nica. Cada pulsera es portadora de las ricas tradiciones de la Ayahuasca y de la profunda sabidur\u00eda espiritual de la selva tropical, elaboradas con amor en un art\u00edculo \u00fanico y exquisito. <\/p>\n<h2>Descubre la versatilidad de las pulseras de ayahuasca<\/h2>\n<p><strong>Usos tradicionales:<\/strong><\/p>\n<ul>\n<li><strong>Mejora espiritual:<\/strong> En las ceremonias tradicionales de Ayahuasca, estos brazaletes se llevan para intensificar la conexi\u00f3n con el mundo espiritual. Simbolizan el profundo viaje del alma, actuando como un escudo espiritual para el portador. <\/li>\n<\/ul>\n<p><strong>Aplicaciones menos conocidas:<\/strong><\/p>\n<ul>\n<li><strong>Empoderamiento cotidiano:<\/strong> Estas pulseras pueden formar parte de tu atuendo diario, ofreciendo una conexi\u00f3n constante con la energ\u00eda espiritual de la Ayahuasca. Proporcionan protecci\u00f3n y gu\u00eda en tu vida cotidiana. <\/li>\n<li><strong>Mejora de la meditaci\u00f3n:<\/strong> Algunas personas descubren que llevar estas pulseras durante la meditaci\u00f3n profundiza su concentraci\u00f3n y les ayuda a aprovechar las energ\u00edas m\u00edsticas de la selva tropical, mejorando su experiencia meditativa.<\/li>\n<\/ul>\n<h2>Pros y contras de las pulseras de ayahuasca<\/h2>\n<p><strong>Los Pros (Beneficios):<\/strong><\/p>\n<ul>\n<li><strong>Conexi\u00f3n espiritual:<\/strong> Los <strong>PULSERITOS DE AYAHUASCA<\/strong> crean un v\u00ednculo directo con el reino espiritual, manteni\u00e9ndote conectado a la Ayahuasca y a las m\u00edsticas energ\u00edas amaz\u00f3nicas.<\/li>\n<li><strong>Artesan\u00eda exquisita:<\/strong> Cada pulsera es una obra maestra de artesan\u00eda, hecha con precisi\u00f3n y devoci\u00f3n. Estas pulseras no s\u00f3lo son visualmente atractivas, sino tambi\u00e9n espiritualmente significativas, lo que las hace ideales para uso personal o como regalos considerados. <\/li>\n<li><strong>Gu\u00eda espiritual:<\/strong> Se cree que llevar estas pulseras ofrece gu\u00eda y protecci\u00f3n en tu viaje espiritual, lo que las convierte en compa\u00f1eras esenciales en tu exploraci\u00f3n espiritual.<\/li>\n<\/ul>\n<p><strong>Los contras (advertencias y seguridad):<\/strong><\/p>\n<ul>\n<li><strong>Tr\u00e1talas con cuidado:<\/strong> Debido a la delicadeza de las pulseras y a su naturaleza artesanal, deben tratarse con cuidado para evitar cualquier da\u00f1o.<\/li>\n<li><strong>Experiencia individual:<\/strong> Es importante comprender que la experiencia con estas pulseras puede variar de una persona a otra. Tu conexi\u00f3n espiritual ser\u00e1 \u00fanica para ti. <\/li>\n<\/ul>\n<h2>Libera el poder de las pulseras de ayahuasca<\/h2>\n<p>Para liberar todo el potencial de tu <strong>PEQUE\u00d1O PULSERA AYAHUASCA<\/strong>, ten en cuenta estas recomendaciones: <\/p>\n<ol>\n<li><strong>Vestimenta ceremonial:<\/strong> Lleva los brazaletes durante las ceremonias de Ayahuasca para mejorar tu viaje espiritual. Simbolizan la conexi\u00f3n entre t\u00fa y los esp\u00edritus de las plantas. <\/li>\n<li><strong>Adorno diario:<\/strong> Incorpora los brazaletes a tu atuendo diario, llevando contigo el poder de la Ayahuasca y de la selva tropical, proporcion\u00e1ndote protecci\u00f3n y gu\u00eda a lo largo del d\u00eda.<\/li>\n<li><strong>Ayuda a la meditaci\u00f3n:<\/strong> Utiliza las pulseras durante las sesiones de meditaci\u00f3n para aumentar la concentraci\u00f3n y conectar con las energ\u00edas espirituales del Amazonas, lo que te llevar\u00e1 a una experiencia meditativa m\u00e1s profunda.<\/li>\n<\/ol>\n<h2>Otros nombres de las pulseras de ayahuasca<\/h2>\n<p>Las <strong>PULSERAS DE AYAHUASCA LITTLE<\/strong> tambi\u00e9n se conocen como <strong>Pulseras del Esp\u00edritu de la Selva Tropical<\/strong>, <strong>Pulseras de Conexi\u00f3n Amaz\u00f3nica<\/strong> y <strong>Mu\u00f1equeras M\u00edsticas de Ayahuasca<\/strong>.<\/p>\n<h2>Conclusi\u00f3n: Abraza la esencia del Amazonas<\/h2>\n<p>En conclusi\u00f3n, las <strong>PULSERAS AYAHUASCA LITTLE<\/strong> son algo m\u00e1s que accesorios. Son herramientas poderosas para conectar con la espiritualidad del Amazonas. Tanto si las llevas durante las ceremonias, como si forman parte de tu atuendo diario o durante la meditaci\u00f3n, estas pulseras simbolizan belleza, espiritualidad y protecci\u00f3n. Cada vez que mires tu mu\u00f1eca, recordar\u00e1s la profunda sabidur\u00eda de la Ayahuasca y las m\u00edsticas energ\u00edas del Amazonas.   <\/p>\n<blockquote><p><strong>Nota:<\/strong><\/p>\n<p>Los productos OK Natural se obtienen y venden en estado puro y de origen 100% natural a las comunidades aut\u00f3ctonas. No contienen ning\u00fan tipo de pesticida, producto qu\u00edmico, herbicida ni ninguna otra sustancia artificial. <\/p>\n<p><strong>Descargo de responsabilidad:<\/strong><\/p><\/blockquote>\n<ul>\n<li>\n<blockquote><p>Todos los productos son legales en nuestro pa\u00eds de origen, es responsabilidad del cliente investigar su legalidad en el pa\u00eds de destino.<\/p><\/blockquote>\n<\/li>\n<li>\n<blockquote><p>El uso de estos productos naturales no sustituye a la consulta m\u00e9dica.<\/p><\/blockquote>\n<\/li>\n<li>\n<blockquote><p>En ning\u00fan caso implica afirmaciones m\u00e9dicas sobre la capacidad o eficacia de ninguno de nuestros productos para tratar, prevenir o mitigar ninguna enfermedad o dolencia.<\/p><\/blockquote>\n<\/li>\n<li>\n<blockquote><p>El uso y la aplicaci\u00f3n de nuestros productos son responsabilidad exclusiva del cliente.<\/p><\/blockquote>\n<\/li>\n<li>\n<blockquote><p>Estos efectos de este producto est\u00e1n respaldados por la experiencia emp\u00edrica de la antigua medicina tradicional con excelentes resultados.<\/p><\/blockquote>\n<\/li>\n<li>\n<blockquote><p>La ausencia de efectos secundarios nocivos si se administra en la dosis correcta. Pero la informaci\u00f3n aqu\u00ed identificada no es en modo alguno una ordenanza o prescripci\u00f3n. <\/p><\/blockquote>\n<\/li>\n<li>\n<blockquote><p>Las declaraciones y enlaces a sitios web que contiene no han sido evaluados por la FDA ni por las autoridades internacionales de alimentos y medicamentos.<\/p><\/blockquote>\n<\/li>\n<\/ul>\n","protected":false},"excerpt":{"rendered":"<p>PULSERA AYAHUASCA LITTLE - Vive el Alma de la Amazonia Cualidad destacable: PULSERAS AYAHUASCA LITTLE - Una pieza ponible de espiritualidad amaz\u00f3nica Descubre los PULSERITOS AYAHUASCA Descripci\u00f3n: Las PULSERAS AYAHUASCA LITTLE son algo m\u00e1s que adornos: son un v\u00ednculo tangible con el coraz\u00f3n de la selva amaz\u00f3nica. Cada pulsera es portadora de las ricas tradiciones [&hellip;]<\/p>\n","protected":false},"featured_media":62804,"comment_status":"open","ping_status":"closed","template":"","meta":{"_joinchat":[]},"product_brand":[242],"product_cat":[3196,2607],"product_tag":[],"giftcard-category":[],"class_list":{"0":"post-32965","1":"product","2":"type-product","3":"status-publish","4":"has-post-thumbnail","6":"product_brand-ok-natura","7":"product_cat-arte-amazonico-en-venta","8":"product_cat-recien-llegados","9":"product_shipping_class-general-shipping-es","10":"pa_608441facd71a1619280378-ayahuasca-bracelets-handmade-piece-fabric-original-unique-item-01-und-arte-918-jpgoptimized921663c0c14b67aca6a7e264b57fca92id29503112249496pid6644044431512original_filenamebraza-es","11":"pa_badge-1-revision","12":"pa_description_tag-descubra-la-belleza-de-ayahuasca-pulseras-poco-una-mezcla-de-estilo-y-espiritualidad-en-un-accesorio-eleva-tu-look-y-conecta-con-significados-mas-profundos-hoy-mismo","13":"pa_rating-scale_min1-0scale_max5-0value5-0-es","14":"pa_rating_count-2837","15":"pa_review_count-26-es","16":"pa_review_enabled-1-es","17":"pa_review_rating-5-es","18":"pa_title_tag-pulseras-ayahuasca-little-hecho-a-mano-ayahuasca-tela","19":"pa_widget-jdgm-rev-widg-display-none-opiniones-de-clientes-basadas-en-1-opinion-escribe-una-opinion-100-1-0-0-0-0-0-0-0-0-j","21":"first","22":"instock","23":"sale","24":"shipping-taxable","25":"purchasable","26":"product-type-variable"},"_links":{"self":[{"href":"https:\/\/oknatura.com\/es\/wp-json\/wp\/v2\/product\/32965","targetHints":{"allow":["GET"]}}],"collection":[{"href":"https:\/\/oknatura.com\/es\/wp-json\/wp\/v2\/product"}],"about":[{"href":"https:\/\/oknatura.com\/es\/wp-json\/wp\/v2\/types\/product"}],"replies":[{"embeddable":true,"href":"https:\/\/oknatura.com\/es\/wp-json\/wp\/v2\/comments?post=32965"}],"version-history":[{"count":2,"href":"https:\/\/oknatura.com\/es\/wp-json\/wp\/v2\/product\/32965\/revisions"}],"predecessor-version":[{"id":65380,"href":"https:\/\/oknatura.com\/es\/wp-json\/wp\/v2\/product\/32965\/revisions\/65380"}],"wp:featuredmedia":[{"embeddable":true,"href":"https:\/\/oknatura.com\/es\/wp-json\/wp\/v2\/media\/62804"}],"wp:attachment":[{"href":"https:\/\/oknatura.com\/es\/wp-json\/wp\/v2\/media?parent=32965"}],"wp:term":[{"taxonomy":"product_brand","embeddable":true,"href":"https:\/\/oknatura.com\/es\/wp-json\/wp\/v2\/product_brand?post=32965"},{"taxonomy":"product_cat","embeddable":true,"href":"https:\/\/oknatura.com\/es\/wp-json\/wp\/v2\/product_cat?post=32965"},{"taxonomy":"product_tag","embeddable":true,"href":"https:\/\/oknatura.com\/es\/wp-json\/wp\/v2\/product_tag?post=32965"},{"taxonomy":"giftcard-category","embeddable":true,"href":"https:\/\/oknatura.com\/es\/wp-json\/wp\/v2\/giftcard-category?post=32965"}],"curies":[{"name":"wp","href":"https:\/\/api.w.org\/{rel}","templated":true}]}}