{"id":34008,"date":"2020-10-06T12:57:36","date_gmt":"2020-10-06T12:57:36","guid":{"rendered":"https:\/\/oknatura.com\/products\/kambo-excrecion-palo-un-lado-phyllomedusa-bicolor-tribe-matzes"},"modified":"2025-08-19T23:29:43","modified_gmt":"2025-08-20T04:29:43","slug":"comprar-kambo-excrecion-phyllomedusa-bicolor-tribu-matzes","status":"publish","type":"product","link":"https:\/\/oknatura.com\/es\/productos\/comprar-kambo-excrecion-phyllomedusa-bicolor-tribu-matzes\/","title":{"rendered":"KAMBO - Excreci\u00f3n \/ Palo - UN LADO (Phyllomedusa Bicolor) - Tribu Matzes"},"content":{"rendered":"<h1>Palo de excreci\u00f3n Kambo - Desbloquea el poder de la Phyllomedusa Bicolor<\/h1>\n<h2>Desvelando la Vara de Excreci\u00f3n Kambo<\/h2>\n<p><strong>Experimenta la Potente Curaci\u00f3n del Kambo<\/strong><\/p>\n<p>En lo m\u00e1s profundo de la selva amaz\u00f3nica reside una maravilla natural: el Bast\u00f3n Excretor Kambo, recolectado de la rana arbor\u00edcola ind\u00edgena Phyllomedusa Bicolor. Esta completa gu\u00eda te introducir\u00e1 en las extraordinarias cualidades de la Vara Excretora de Kambo, sus usos tradicionales y menos conocidos, los numerosos beneficios que ofrece y las consideraciones de seguridad, para que est\u00e9s bien preparado para aprovechar este fascinante regalo de la naturaleza. <\/p>\n<h2>La esencia del bast\u00f3n de excreci\u00f3n Kambo<\/h2>\n<p><strong>Ad\u00e9ntrate en la Experiencia Kambo: La extraordinaria creaci\u00f3n de la naturaleza<\/strong><\/p>\n<p>La Varilla de Excreci\u00f3n de Kambo es una potente herramienta utilizada en los rituales curativos tradicionales de las tribus ind\u00edgenas amaz\u00f3nicas. Recolectada de la vibrante rana arb\u00f3rea Phyllomedusa Bicolor, esta excrecencia ofrece una forma eficaz y c\u00f3moda de experimentar las notables propiedades del Kambo. <\/p>\n<h2>Usos tradicionales y menos conocidos<\/h2>\n<p>El kambo tiene multitud de aplicaciones, desde las tradicionales hasta las menos conocidas. Exploremos estas aplicaciones: <\/p>\n<p><strong>1. Usos tradicionales:<\/strong><\/p>\n<ul>\n<li><strong>Limpieza espiritual y f\u00edsica:<\/strong> Las tribus llevan mucho tiempo empleando el Kambo para purificar la mente, el cuerpo y el esp\u00edritu. Se cree que despeja las energ\u00edas negativas y facilita la conexi\u00f3n con los reinos superiores. <\/li>\n<li><strong>Mejorar la concentraci\u00f3n y la resistencia:<\/strong> el kambo se utiliza para aumentar la concentraci\u00f3n, la energ\u00eda y la resistencia, por lo que es un componente esencial en los rituales tribales de caza.<\/li>\n<\/ul>\n<p><strong>2. Aplicaciones menos conocidas:<\/strong><\/p>\n<ul>\n<li><strong>Posible alivio del dolor:<\/strong> Algunas personas informan de las propiedades analg\u00e9sicas del Kambo, aunque esto requiere m\u00e1s investigaci\u00f3n.<\/li>\n<li><strong>Desintoxicaci\u00f3n:<\/strong> Se cree que el kambo tiene propiedades desintoxicantes, que pueden ayudar a librar al cuerpo de impurezas.<\/li>\n<\/ul>\n<h2>Ventajas e inconvenientes de la barra de excreci\u00f3n Kambo<\/h2>\n<p><strong>Los Pros (Beneficios):<\/strong><\/p>\n<ul>\n<li><strong>Bienestar espiritual y emocional:<\/strong> Se sabe que el Kambo aumenta la claridad emocional y espiritual, ofreciendo alivio a los patrones de pensamiento negativos.<\/li>\n<li><strong>Efectos energizantes:<\/strong> Los consumidores suelen experimentar una mayor resistencia y una mayor sensaci\u00f3n de energ\u00eda, lo que puede ayudarles en las actividades diarias.<\/li>\n<li><strong>Posible alivio del dolor:<\/strong> Algunas personas afirman haber sentido alivio de las molestias f\u00edsicas al utilizar Kambo.<\/li>\n<\/ul>\n<p><strong>Los contras (advertencias y seguridad):<\/strong><\/p>\n<ul>\n<li><strong>Precauci\u00f3n de aplicaci\u00f3n:<\/strong> La aplicaci\u00f3n del Kambo s\u00f3lo debe ser realizada por profesionales capacitados, debido a sus posibles efectos secundarios.<\/li>\n<li><strong>Reacci\u00f3n de Herxheimer:<\/strong> Tras la aplicaci\u00f3n, los usuarios pueden experimentar la reacci\u00f3n de Herxheimer, que puede incluir s\u00edntomas como n\u00e1useas y v\u00f3mitos.<\/li>\n<li><strong>Reacciones al\u00e9rgicas:<\/strong> Aunque es poco frecuente, algunas personas pueden tener reacciones al\u00e9rgicas al Kambo, por lo que es esencial ser consciente de las posibles sensibilidades.<\/li>\n<\/ul>\n<h2>C\u00f3mo aprovechar al m\u00e1ximo el bast\u00f3n de excreci\u00f3n Kambo<\/h2>\n<p>Para experimentar todos los beneficios del Bast\u00f3n Excretor Kambo, ten en cuenta las siguientes recomendaciones:<\/p>\n<ol>\n<li><strong>Busca Profesionales Experimentados:<\/strong> Elige siempre profesionales experimentados y reputados para garantizar una aplicaci\u00f3n segura y eficaz.<\/li>\n<li><strong>Entorno consciente:<\/strong> Prepara un entorno tranquilo y centrado para abrazar plenamente los efectos del Kambo en tu mente y esp\u00edritu.<\/li>\n<li><strong>Mantente hidratado:<\/strong> Es crucial mantenerse bien hidratado antes y despu\u00e9s de la aplicaci\u00f3n del Kambo.<\/li>\n<\/ol>\n<p><strong>\u00bfLo sab\u00edas?<\/strong>  El kambo tambi\u00e9n se conoce con distintos nombres, como \u00abKampo\u00bb, \u00abSapo\u00bb y \u00abVacuna del Bosque\u00bb.<\/p>\n<h2>Abraza el Poder Curativo del Kambo<\/h2>\n<p>En resumen, el Bast\u00f3n de Excreci\u00f3n Kambo ofrece la oportunidad de experimentar las antiguas tradiciones y los potenciales beneficios curativos de la selva amaz\u00f3nica. Sum\u00e9rgete en el mundo de Kambo y aprovecha la fuerza de este extraordinario recurso natural. <\/p>\n<blockquote><p><strong>Nota:<\/strong><\/p>\n<p>Los productos OK Natural se obtienen y venden en estado puro y de origen 100% natural a las comunidades aut\u00f3ctonas. No contienen ning\u00fan tipo de pesticida, producto qu\u00edmico, herbicida ni ninguna otra sustancia artificial. <\/p>\n<p><strong>Descargo de responsabilidad:<\/strong><\/p><\/blockquote>\n<ul>\n<li>\n<blockquote><p>Todos los productos son legales en nuestro pa\u00eds de origen, es responsabilidad del cliente investigar su legalidad en el pa\u00eds de destino.<\/p><\/blockquote>\n<\/li>\n<li>\n<blockquote><p>El uso de estos productos naturales no sustituye a la consulta m\u00e9dica.<\/p><\/blockquote>\n<\/li>\n<li>\n<blockquote><p>En ning\u00fan caso implica afirmaciones m\u00e9dicas sobre la capacidad o eficacia de ninguno de nuestros productos para tratar, prevenir o mitigar ninguna enfermedad o dolencia.<\/p><\/blockquote>\n<\/li>\n<li>\n<blockquote><p>El uso y la aplicaci\u00f3n de nuestros productos son responsabilidad exclusiva del cliente.<\/p><\/blockquote>\n<\/li>\n<li>\n<blockquote><p>Estos efectos de este producto est\u00e1n respaldados por la experiencia emp\u00edrica de la antigua medicina tradicional con excelentes resultados.<\/p><\/blockquote>\n<\/li>\n<li>\n<blockquote><p>La ausencia de efectos secundarios nocivos si se administra en la dosis correcta. Pero la informaci\u00f3n aqu\u00ed identificada no es en modo alguno una ordenanza o prescripci\u00f3n. <\/p><\/blockquote>\n<\/li>\n<li>\n<blockquote><p>Las declaraciones y enlaces a sitios web que contiene no han sido evaluados por la FDA ni por las autoridades internacionales de alimentos y medicamentos.<\/p><\/blockquote>\n<\/li>\n<\/ul>\n","protected":false},"excerpt":{"rendered":"<p>Palo de excreci\u00f3n Kambo - Desbloquea el poder de la Phyllomedusa Bicolor Desvelando la Vara de Excreci\u00f3n Kambo Experimenta la Potente Curaci\u00f3n del Kambo En lo m\u00e1s profundo de la selva amaz\u00f3nica reside una maravilla natural: el Bast\u00f3n Excretor Kambo, recolectado de la rana arbor\u00edcola ind\u00edgena Phyllomedusa Bicolor. Esta completa gu\u00eda te introducir\u00e1 en las [&hellip;]<\/p>\n","protected":false},"featured_media":59595,"comment_status":"open","ping_status":"closed","template":"","meta":{"_joinchat":[]},"product_brand":[242],"product_cat":[2650,2599],"product_tag":[],"giftcard-category":[],"class_list":{"0":"post-34008","1":"product","2":"type-product","3":"status-publish","4":"has-post-thumbnail","6":"product_brand-ok-natura","7":"product_cat-kambo-es","8":"product_cat-ventas-correo-nacional","9":"product_shipping_class-paste-extract-es","10":"pa_5f96762c6f1171603696172-kambo-excretion-stick-one-phyllomedusa-bicolor-tribe-matzes-958-pngoptimizednullid21779170197656pid5890037252248original_filenamekambito-pngvariant_idsposition1revert-es","11":"pa_600912929a3dd1611207314-kambo-excretion-stick-one-phyllomedusa-bicolor-tribe-matzes-604-jpgoptimized921663c0c14b67aca6a7e264b57fca92id25717687517336pid5890037252248original_filenamekambomatses-jpgva-es","12":"pa_badge-2-criticas","13":"pa_description_tag-sabia-que-kambo-en-venta-se-extrae-de-las-excreciones-de-la-rana-phyllomedusa-bicolor-vive-una-experiencia-inolvidable-volviendote-inmune-y-fuerte","14":"pa_estilo-01-und-one-side-es","15":"pa_estilo-06-und-one-side-es","16":"pa_estilo-12-und-una-cara","17":"pa_estilo-36-und-una-cara","18":"pa_rating-scale_min1-0scale_max5-0value5-0-es","19":"pa_rating_count-2-es","20":"pa_review_count-47-es","21":"pa_review_enabled-1-es","22":"pa_review_rating-4-9-es","23":"pa_title_tag-kambo-en-venta-excrecencia-phyllomedusa-bicolor-tribu-matzes","24":"pa_widget-jdgm-rev-widg-display-none-opiniones-de-clientes-basadas-en-2-opiniones-escribe-una-opinion-100-2-0-0-0-0-0-0-0-0-j","26":"first","27":"instock","28":"sale","29":"shipping-taxable","30":"purchasable","31":"product-type-variable"},"_links":{"self":[{"href":"https:\/\/oknatura.com\/es\/wp-json\/wp\/v2\/product\/34008","targetHints":{"allow":["GET"]}}],"collection":[{"href":"https:\/\/oknatura.com\/es\/wp-json\/wp\/v2\/product"}],"about":[{"href":"https:\/\/oknatura.com\/es\/wp-json\/wp\/v2\/types\/product"}],"replies":[{"embeddable":true,"href":"https:\/\/oknatura.com\/es\/wp-json\/wp\/v2\/comments?post=34008"}],"version-history":[{"count":2,"href":"https:\/\/oknatura.com\/es\/wp-json\/wp\/v2\/product\/34008\/revisions"}],"predecessor-version":[{"id":65360,"href":"https:\/\/oknatura.com\/es\/wp-json\/wp\/v2\/product\/34008\/revisions\/65360"}],"wp:featuredmedia":[{"embeddable":true,"href":"https:\/\/oknatura.com\/es\/wp-json\/wp\/v2\/media\/59595"}],"wp:attachment":[{"href":"https:\/\/oknatura.com\/es\/wp-json\/wp\/v2\/media?parent=34008"}],"wp:term":[{"taxonomy":"product_brand","embeddable":true,"href":"https:\/\/oknatura.com\/es\/wp-json\/wp\/v2\/product_brand?post=34008"},{"taxonomy":"product_cat","embeddable":true,"href":"https:\/\/oknatura.com\/es\/wp-json\/wp\/v2\/product_cat?post=34008"},{"taxonomy":"product_tag","embeddable":true,"href":"https:\/\/oknatura.com\/es\/wp-json\/wp\/v2\/product_tag?post=34008"},{"taxonomy":"giftcard-category","embeddable":true,"href":"https:\/\/oknatura.com\/es\/wp-json\/wp\/v2\/giftcard-category?post=34008"}],"curies":[{"name":"wp","href":"https:\/\/api.w.org\/{rel}","templated":true}]}}