{"id":26202,"date":"2023-10-16T15:57:43","date_gmt":"2023-10-16T20:57:43","guid":{"rendered":"https:\/\/oknatura.com\/mon-compte"},"modified":"2025-06-19T15:25:44","modified_gmt":"2025-06-19T20:25:44","slug":"mon-compte","status":"publish","type":"page","link":"https:\/\/oknatura.com\/fr\/mon-compte\/","title":{"rendered":"Mon Compte"},"content":{"rendered":"\t\t<div data-elementor-type=\"wp-page\" data-elementor-id=\"26202\" class=\"elementor elementor-26202 elementor-24239\" data-elementor-post-type=\"page\">\n\t\t\t\t<div data-particle_enable=\"false\" data-particle-mobile-disabled=\"false\" class=\"elementor-element elementor-element-50ca6531 e-flex e-con-boxed e-con e-parent\" data-id=\"50ca6531\" data-element_type=\"container\" data-e-type=\"container\">\r\n\t\t\t\t\t<div class=\"e-con-inner\">\r\n\t\t\t\t<div class=\"elementor-element elementor-element-c3a2b85 elementor-widget elementor-widget-shortcode\" data-id=\"c3a2b85\" data-element_type=\"widget\" data-e-type=\"widget\" data-widget_type=\"shortcode.default\">\n\t\t\t\t\t\t\t<div class=\"elementor-shortcode\"><div class=\"woocommerce\"><div class=\"col-lg-10 mx-auto mb-4\">\r\n\t\t<div class=\"align-left \">\r\n\t\t<div class=\"box-content\">\r\n\t\t\t<div class=\"woocommerce-notices-wrapper\"><\/div>\r\n\t\t\t\r\n\t\t\t<div class=\"u-columns col2-set\" id=\"customer_login\">\r\n\r\n\t\t\t\t<div class=\"u-column1 col-1\">\r\n\r\n\t\t\t\t\t\t\t\t<form class=\"woocommerce-form woocommerce-form-login login pr-lg-4 pe-0\" method=\"post\" novalidate>\r\n\t\t\t\t\t\t<h3 class=\"account-sub-title mb-2 font-weight-bold text-capitalize text-v-dark\">Se connecter<\/h3>\r\n\t\t\t\t\t\t<div class=\"googlesitekit-sign-in-with-google__frontend-output-button woocommerce-form-row form-row\"><\/div>\t\t\t\t\t\t\t\t\t\t\t\t<p class=\"woocommerce-form-row woocommerce-form-row--wide form-row form-row-wide\">\r\n\t\t\t\t\t\t\t<label class=\"mb-1 font-weight-medium\" for=\"username\">Identifiant ou e-mail&nbsp;<span class=\"required\" aria-hidden=\"true\">*<\/span><span class=\"screen-reader-text\">Obligatoire<\/span><\/label>\r\n\t\t\t\t\t\t\t<input type=\"text\" class=\"woocommerce-Input woocommerce-Input--text input-text line-height-xl\" name=\"username\" id=\"username\" autocomplete=\"username\" value=\"\" required aria-required=\"true\" \/>\t\t\t\t\t\t<\/p>\r\n\t\t\t\t\t\t<p class=\"woocommerce-form-row woocommerce-form-row--wide form-row form-row-wide mb-2\">\r\n\t\t\t\t\t\t\t<label class=\"mb-1 font-weight-medium\" for=\"password\">Mot de passe&nbsp;<span class=\"required\" aria-hidden=\"true\">*<\/span><span class=\"screen-reader-text\">Obligatoire<\/span><\/label>\r\n\t\t\t\t\t\t\t<input class=\"woocommerce-Input woocommerce-Input--text input-text line-height-xl\" type=\"password\" name=\"password\" id=\"password\" autocomplete=\"current-password\" required aria-required=\"true\" \/>\r\n\t\t\t\t\t\t<\/p>\r\n\r\n\t\t\t\t\t\t\r\n\t\t\t\t\t\t<p class=\"status\" style=\"display: none;\"><\/p>\r\n\r\n\t\t\t\t\t\t<div class=\"woocommerce-LostPassword lost_password d-flex flex-column flex-sm-row justify-content-between mb-4\">\r\n\t\t\t\t\t\t\t<div class=\"porto-checkbox my-2 my-sm-0\">\r\n\t\t\t\t\t\t\t\t<input type=\"checkbox\" name=\"rememberme\" id=\"rememberme\" value=\"forever\" class=\"porto-control-input woocommerce-form__input woocommerce-form__input-checkbox\">\r\n\t\t\t\t\t\t\t\t<label class=\"porto-control-label no-radius\" for=\"rememberme\">Se souvenir de moi<\/label>\r\n\t\t\t\t\t\t\t<\/div>\r\n\t\t\t\t\t\t\t<a href=\"https:\/\/oknatura.com\/fr\/mon-compte\/mot-de-passe-perdu\/\" class=\"text-v-dark font-weight-semibold\">Vous avez oubli\u00e9 votre mot de passe ?<\/a>\r\n\t\t\t\t\t\t<\/div>\r\n\t\t\t\t\t\t<p class=\"form-row mb-3 mb-lg-0 pb-1 pb-lg-0\">\r\n\t\t\t\t\t\t\t<input type=\"hidden\" id=\"woocommerce-login-nonce\" name=\"woocommerce-login-nonce\" value=\"309094f0a5\" \/><input type=\"hidden\" name=\"_wp_http_referer\" value=\"\/fr\/wp-json\/wp\/v2\/pages\/26202\" \/>\t\t\t\t\t\t\t<button type=\"submit\" class=\"woocommerce-Button button login-btn btn-v-dark py-3 text-md w-100\" name=\"login\" value=\"Se connecter\">Se connecter<\/button>\r\n\t\t\t\t\t\t<\/p>\r\n\t\t\t\t\t\t\t\t\t\t\t\t\t\t\t\t\t\t\t\t\t\t\t\t\t\t\t\t\t\t<\/form>\r\n\t\t\t\r\n\t\t\t\t<\/div>\r\n\t\t\t\t<div class=\"u-column2 col-2\">\r\n\t\t\t\t\t<form method=\"post\" class=\"woocommerce-form woocommerce-form-register register pl-lg-4 pe-0\"  >\r\n\t\t\t\t\t\t<h3 class=\"account-sub-title mb-2 font-weight-bold\">S\u2019inscrire<\/h3>\r\n\t\t\t\t\t\t\r\n\t\t\t\t\t\t\r\n\t\t\t\t\t\t<p class=\"woocommerce-form-row woocommerce-form-row--wide form-row form-row-wide\">\r\n\t\t\t\t\t\t\t<label class=\"font-weight-medium mb-1\" for=\"reg_email\">Adresse e-mail&nbsp;<span class=\"required\" aria-hidden=\"true\">*<\/span><span class=\"screen-reader-text\">Obligatoire<\/span><\/label>\r\n\t\t\t\t\t\t\t<input type=\"email\" class=\"woocommerce-Input woocommerce-Input--text line-height-xl input-text\" name=\"email\" id=\"reg_email\" autocomplete=\"email\" value=\"\" required aria-required=\"true\" \/>\t\t\t\t\t\t<\/p>\r\n\r\n\t\t\t\t\t\t\r\n\t\t\t\t\t\t\t<p>Un lien permettant de d\u00e9finir un nouveau mot de passe sera envoy\u00e9 \u00e0 votre adresse e-mail.<\/p>\r\n\r\n\t\t\t\t\t\t\r\n\t\t\t\t\t\t<wc-order-attribution-inputs><\/wc-order-attribution-inputs><div class=\"woocommerce-privacy-policy-text\"><p>Vos donn\u00e9es personnelles seront utilis\u00e9es pour faciliter votre exp\u00e9rience sur ce site web, pour g\u00e9rer l'acc\u00e8s \u00e0 votre compte et pour d'autres raisons d\u00e9crites dans notre site <a href=\"https:\/\/oknatura.com\/privacy-policy\/\" class=\"woocommerce-privacy-policy-link\" target=\"_blank\">politique de confidentialit\u00e9<\/a>.<\/p>\n<\/div>\r\n\t\t\t\t\t\t<p class=\"status\" style=\"display: none;\"><\/p>\r\n\r\n\t\t\t\t\t\t<p class=\"woocommerce-form-row form-row mb-0\">\r\n\t\t\t\t\t\t\t<input type=\"hidden\" id=\"woocommerce-register-nonce\" name=\"woocommerce-register-nonce\" value=\"8970c727ba\" \/><input type=\"hidden\" name=\"_wp_http_referer\" value=\"\/fr\/wp-json\/wp\/v2\/pages\/26202\" \/>\t\t\t\t\t\t\t<button type=\"submit\" class=\"woocommerce-Button button register-btn btn-v-dark text-md py-3 w-100\" name=\"register\" value=\"S\u2019inscrire\">S\u2019inscrire<\/button>\r\n\t\t\t\t\t\t<\/p>\r\n\r\n\t\t\t\t\t\t\r\n\t\t\t\t\t<\/form>\r\n\r\n\t\t\t\t<\/div>\r\n\t\t\t<\/div>\r\n\t\t\t\r\n\t\t\t\t\t<\/div>\r\n\t<\/div>\r\n<\/div>\r\n<\/div><\/div>\n\t\t\t\t\t\t<\/div>\n\t\t\t\t\t<\/div>\n\t\t\t\t<\/div>\n\t\t<div data-particle_enable=\"false\" data-particle-mobile-disabled=\"false\" class=\"elementor-element elementor-element-e43bf8b elementor-hidden-desktop elementor-hidden-tablet elementor-hidden-mobile e-flex e-con-boxed e-con e-parent\" data-id=\"e43bf8b\" data-element_type=\"container\" data-e-type=\"container\">\r\n\t\t\t\t\t<div class=\"e-con-inner\">\r\n\t\t\t\t<div class=\"elementor-element elementor-element-42e5aa2 elementor-widget elementor-widget-image\" data-id=\"42e5aa2\" data-element_type=\"widget\" data-e-type=\"widget\" data-widget_type=\"image.default\">\n\t\t\t\t\t\t\t\t\t\t\t\t\t\t\t\t<a href=\"https:\/\/www.facebook.com\/ok.natura.pe?locale=es_LA\" rel=\"nofollow noopener\" target=\"_blank\">\n\t\t\t\t\t\t\t<img fetchpriority=\"high\" decoding=\"async\" width=\"1024\" height=\"326\" src=\"https:\/\/oknatura.com\/wp-content\/uploads\/2023\/10\/1681411538609-1024x326.jpg\" class=\"attachment-large size-large wp-image-34800\" alt=\"Pol\u00edtica de Privacidad de la APPI\" srcset=\"https:\/\/oknatura.com\/wp-content\/uploads\/2023\/10\/1681411538609-1024x326.jpg 1024w, https:\/\/oknatura.com\/wp-content\/uploads\/2023\/10\/1681411538609-600x191.jpg 600w, https:\/\/oknatura.com\/wp-content\/uploads\/2023\/10\/1681411538609-768x244.jpg 768w, https:\/\/oknatura.com\/wp-content\/uploads\/2023\/10\/1681411538609-640x204.jpg 640w, https:\/\/oknatura.com\/wp-content\/uploads\/2023\/10\/1681411538609-400x127.jpg 400w\" sizes=\"(max-width: 1024px) 100vw, 1024px\" title=\"\">\t\t\t\t\t\t\t\t<\/a>\n\t\t\t\t\t\t\t\t\t\t\t\t\t\t\t<\/div>\n\t\t\t\t\t<\/div>\n\t\t\t\t<\/div>\n\t\t<div data-particle_enable=\"false\" data-particle-mobile-disabled=\"false\" class=\"elementor-element elementor-element-1bd2932 elementor-hidden-desktop elementor-hidden-tablet elementor-hidden-mobile e-flex e-con-boxed e-con e-parent\" data-id=\"1bd2932\" data-element_type=\"container\" data-e-type=\"container\">\r\n\t\t\t\t\t<div class=\"e-con-inner\">\r\n\t\t\t\t<div class=\"elementor-element elementor-element-c54c743 elementor-widget elementor-widget-heading\" data-id=\"c54c743\" data-element_type=\"widget\" data-e-type=\"widget\" data-widget_type=\"heading.default\">\n\t\t\t\t\t<h2 class=\"elementor-heading-title elementor-size-default\">Mon compte<\/h2>\t\t\t\t<\/div>\n\t\t\t\t\t<\/div>\n\t\t\t\t<\/div>\n\t\t\t\t<\/div>\n\t\t","protected":false},"excerpt":{"rendered":"<p>When managing your online presence, remember that Mon compte is essential for accessing exclusive features.<\/p>\n","protected":false},"author":4254,"featured_media":0,"parent":0,"menu_order":0,"comment_status":"closed","ping_status":"closed","template":"","meta":{"_joinchat":[],"footnotes":""},"class_list":["post-26202","page","type-page","status-publish","hentry"],"_links":{"self":[{"href":"https:\/\/oknatura.com\/fr\/wp-json\/wp\/v2\/pages\/26202","targetHints":{"allow":["GET"]}}],"collection":[{"href":"https:\/\/oknatura.com\/fr\/wp-json\/wp\/v2\/pages"}],"about":[{"href":"https:\/\/oknatura.com\/fr\/wp-json\/wp\/v2\/types\/page"}],"author":[{"embeddable":true,"href":"https:\/\/oknatura.com\/fr\/wp-json\/wp\/v2\/users\/4254"}],"replies":[{"embeddable":true,"href":"https:\/\/oknatura.com\/fr\/wp-json\/wp\/v2\/comments?post=26202"}],"version-history":[{"count":3,"href":"https:\/\/oknatura.com\/fr\/wp-json\/wp\/v2\/pages\/26202\/revisions"}],"predecessor-version":[{"id":57949,"href":"https:\/\/oknatura.com\/fr\/wp-json\/wp\/v2\/pages\/26202\/revisions\/57949"}],"wp:attachment":[{"href":"https:\/\/oknatura.com\/fr\/wp-json\/wp\/v2\/media?parent=26202"}],"curies":[{"name":"wp","href":"https:\/\/api.w.org\/{rel}","templated":true}]}}