{"id":26557,"date":"2023-10-07T19:34:59","date_gmt":"2023-10-08T00:34:59","guid":{"rendered":"https:\/\/oknatura.com\/services-de-livraison-a-limportation-ok-natura"},"modified":"2025-09-05T05:34:59","modified_gmt":"2025-09-05T10:34:59","slug":"services-de-livraison-a-limportation-ok-natura","status":"publish","type":"page","link":"https:\/\/oknatura.com\/fr\/services-de-livraison-a-limportation-ok-natura\/","title":{"rendered":"Services de livraison \u00e0 l&rsquo;importation | Ok Natura"},"content":{"rendered":"\t\t<div data-elementor-type=\"wp-page\" data-elementor-id=\"26557\" class=\"elementor elementor-26557 elementor-21953\" data-elementor-post-type=\"page\">\n\t\t\t\t\t\t<section data-particle_enable=\"false\" data-particle-mobile-disabled=\"false\" class=\"porto-full-no-gap elementor-section elementor-top-section elementor-element elementor-element-a747d90 elementor-section-full_width elementor-section-height-min-height elementor-section-height-default elementor-section-items-middle\" data-id=\"a747d90\" data-element_type=\"section\" data-e-type=\"section\" data-settings=\"{&quot;background_background&quot;:&quot;classic&quot;}\">\r\n\t\t\r\n\t\t\t\t\t\t\t<div class=\"elementor-container elementor-column-gap-no\">\r\n\t\t\t\t\t\t\t\t\t\t\t<div class=\"elementor-column elementor-col-100 elementor-top-column elementor-element elementor-element-da11f58\" data-id=\"da11f58\" data-element_type=\"column\" data-e-type=\"column\">\r\n\t\t\t\t\t<div class=\"elementor-widget-wrap\">\r\n\t\t\t\t\t\t\t\t\t<\/div>\r\n\t\t\t\t<\/div>\r\n\t\t\t\t\t<\/div>\r\n\t\t\t\t<\/section>\r\n\t\t\t\t<section data-particle_enable=\"false\" data-particle-mobile-disabled=\"false\" class=\"elementor-section elementor-top-section elementor-element elementor-element-34bad9d elementor-section-content-middle elementor-section-boxed elementor-section-height-default elementor-section-height-default\" data-id=\"34bad9d\" data-element_type=\"section\" data-e-type=\"section\">\r\n\t\t\r\n\t\t\t\t\t\t\t<div class=\"elementor-container elementor-column-gap-no\">\r\n\t\t\t\t\t\t\t\t\t\t\t<div class=\"elementor-column elementor-col-50 elementor-top-column elementor-element elementor-element-38cfc21\" data-id=\"38cfc21\" data-element_type=\"column\" data-e-type=\"column\">\r\n\t\t\t\t\t<div class=\"elementor-widget-wrap elementor-element-populated\">\r\n\t\t\t\t\t\t\t\t<div class=\"elementor-element elementor-element-914a593 animated-slow elementor-invisible elementor-widget elementor-widget-heading\" data-id=\"914a593\" data-element_type=\"widget\" data-e-type=\"widget\" data-settings=\"{&quot;_animation&quot;:&quot;fadeInUp&quot;,&quot;_animation_delay&quot;:300}\" data-widget_type=\"heading.default\">\n\t\t\t\t\t<h1 class=\"elementor-heading-title elementor-size-default\">Services de livraison \u00e0 l'importation | Ok Natura<\/h1>\t\t\t\t<\/div>\n\t\t\t\t<div class=\"elementor-element elementor-element-8e1df64 elementor-icon-list--layout-inline animated-slow elementor-list-item-link-full_width elementor-invisible elementor-widget elementor-widget-icon-list\" data-id=\"8e1df64\" data-element_type=\"widget\" data-e-type=\"widget\" data-settings=\"{&quot;_animation&quot;:&quot;fadeInUp&quot;,&quot;_animation_delay&quot;:300}\" data-widget_type=\"icon-list.default\">\n\t\t\t\t\t\t\t<ul class=\"elementor-icon-list-items elementor-inline-items\">\n\t\t\t\t\t\t\t<li class=\"elementor-icon-list-item elementor-inline-item\">\n\t\t\t\t\t\t\t\t\t\t\t<a href=\"https:\/\/oknatura.com\/fr\/\">\n\n\t\t\t\t\t\t\t\t\t\t\t<span class=\"elementor-icon-list-text\">Retour \u00e0 l'accueil<\/span>\n\t\t\t\t\t\t\t\t\t\t\t<\/a>\n\t\t\t\t\t\t\t\t\t<\/li>\n\t\t\t\t\t\t<\/ul>\n\t\t\t\t\t\t<\/div>\n\t\t\t\t\t<\/div>\r\n\t\t\t\t<\/div>\r\n\t\t\t\t<div class=\"elementor-column elementor-col-50 elementor-top-column elementor-element elementor-element-02b7dc3\" data-id=\"02b7dc3\" data-element_type=\"column\" data-e-type=\"column\">\r\n\t\t\t\t\t<div class=\"elementor-widget-wrap elementor-element-populated\">\r\n\t\t\t\t\t\t\t\t<div class=\"elementor-element elementor-element-d0bddab animated-slow elementor-invisible elementor-widget elementor-widget-image\" data-id=\"d0bddab\" data-element_type=\"widget\" data-e-type=\"widget\" data-settings=\"{&quot;_animation&quot;:&quot;fadeIn&quot;,&quot;_animation_delay&quot;:300}\" data-widget_type=\"image.default\">\n\t\t\t\t\t\t\t\t\t\t\t\t\t\t\t<img fetchpriority=\"high\" decoding=\"async\" width=\"860\" height=\"210\" src=\"https:\/\/oknatura.com\/wp-content\/uploads\/2023\/10\/selva.jpg\" class=\"attachment-full size-full wp-image-26412\" alt=\"Collections - Nous contacter\" srcset=\"https:\/\/oknatura.com\/wp-content\/uploads\/2023\/10\/selva.jpg 860w, https:\/\/oknatura.com\/wp-content\/uploads\/2023\/10\/selva-768x188.jpg 768w, https:\/\/oknatura.com\/wp-content\/uploads\/2023\/10\/selva-640x156.jpg 640w, https:\/\/oknatura.com\/wp-content\/uploads\/2023\/10\/selva-400x98.jpg 400w, https:\/\/oknatura.com\/wp-content\/uploads\/2023\/10\/selva-600x147.jpg 600w\" sizes=\"(max-width: 860px) 100vw, 860px\" title=\"\">\t\t\t\t\t\t\t\t\t\t\t\t\t\t\t<\/div>\n\t\t\t\t\t<\/div>\r\n\t\t\t\t<\/div>\r\n\t\t\t\t\t<\/div>\r\n\t\t\t\t<\/section>\r\n\t\t<div data-particle_enable=\"false\" data-particle-mobile-disabled=\"false\" class=\"elementor-element elementor-element-a6bc934 e-flex e-con-boxed e-con e-parent\" data-id=\"a6bc934\" data-element_type=\"container\" data-e-type=\"container\">\r\n\t\t\t\t\t<div class=\"e-con-inner\">\r\n\t\t\t\t<div class=\"elementor-element elementor-element-1911dad elementor-widget elementor-widget-heading\" data-id=\"1911dad\" data-element_type=\"widget\" data-e-type=\"widget\" data-widget_type=\"heading.default\">\n\t\t\t\t\t<h2 class=\"elementor-heading-title elementor-size-default\">Services de livraison \u00e0 l'importation<\/h2>\t\t\t\t<\/div>\n\t\t\t\t<div class=\"elementor-element elementor-element-fd9c068 elementor-widget elementor-widget-text-editor\" data-id=\"fd9c068\" data-element_type=\"widget\" data-e-type=\"widget\" data-widget_type=\"text-editor.default\">\n\t\t\t\t\t\t\t\t\t<p>Les services d&rsquo;importation sont assur\u00e9s par DHL ou FedEx. Si vous souhaitez importer, vous devez nous en informer \u00e0 l&rsquo;avance et suivre les \u00e9tapes suivantes :<\/p><ol><li><h4><span style=\"font-size: 17px; color: #000000;\">Vous devez \u00e9crire \u00e0 l&rsquo;adresse \u00e9lectronique info@oknatura.com avec pour objet \u00ab\u00a0\u00a0\u00bbImport Express DHL ou FedEx\u00a0\u00bb\u00a0\u00bb en fonction de l&rsquo;entreprise de transport que vous souhaitez. En plus d&rsquo;indiquer les produits que vous souhaitez et les quantit\u00e9s. <\/span><\/h4><\/li><li><h4><span style=\"font-size: 17px; color: #000000;\"><span class=\"jCAhz ChMk0b\"><span class=\"ryNqvb\">\u00c9crivez \u00e0 l&rsquo;utilisateur, si vous avez un utilisateur enregistr\u00e9 avec les adresses et toutes les informations de la personne \u00e0 laquelle vous voulez que la commande parvienne.<\/span><\/span> <span class=\"jCAhz ChMk0b\"><span class=\"ryNqvb\">Vous pouvez \u00e9galement joindre les donn\u00e9es au m\u00eame courriel.<\/span><\/span><\/span><\/h4><\/li><li><h4><span style=\"font-size: 17px; color: #000000;\">Vous devez attendre que l&rsquo;ordre pr\u00e9liminaire vous soit envoy\u00e9 selon les donn\u00e9es que vous avez fournies dans l&rsquo;e-mail pour votre approbation.<\/span><\/h4><\/li><li><h4><span style=\"font-size: 17px; color: #000000;\">Une fois la commande pr\u00e9liminaire approuv\u00e9e, vous proc\u00e9derez au paiement de celle-ci lorsqu&rsquo;un courriel vous sera envoy\u00e9 \u00e0 cet effet.<\/span><\/h4><\/li><li><h4><span style=\"font-size: 17px; color: #000000;\">Une fois le paiement effectu\u00e9, vous recevrez la facture commerciale dans laquelle nous indiquons les noms, les quantit\u00e9s et la valeur des produits que vous avez command\u00e9s.<\/span><\/h4><\/li><li><h4><span style=\"font-size: 17px; color: #000000;\">Une fois que vous aurez re\u00e7u la facture commerciale, vous trouverez toutes les donn\u00e9es dont vous aurez besoin pour effectuer le guide DHL ou FedEx, vous devrez noter les donn\u00e9es de l&rsquo;enl\u00e8vement et les descriptions qui doivent \u00eatre exactes telles qu&rsquo;elles figurent sur la facture commerciale qui a \u00e9t\u00e9 envoy\u00e9e.<\/span><\/h4><\/li><li><h4><span style=\"font-size: 17px; color: #000000;\">Une fois cette pr\u00e9paration effectu\u00e9e, vous devez attendre que nous vous confirmions que le colis est pr\u00eat afin que vous puissiez planifier l&rsquo;enl\u00e8vement.<\/span><\/h4><\/li><li><h4><span style=\"font-size: 17px; color: #000000;\">Apr\u00e8s l&rsquo;enl\u00e8vement du colis, vous n&rsquo;aurez plus qu&rsquo;\u00e0 attendre qu&rsquo;il arrive, en plus d&rsquo;\u00eatre attentif \u00e0 toute communication que DHL pourrait vous faire.<\/span><\/h4><\/li><\/ol><p><strong>Note :<\/strong> L&rsquo;exp\u00e9dition sera pay\u00e9e par vous \u00e0 DHL ou FedEx directement, nous ferons la commande <span style=\"font-size: 17px;\">pr\u00e9liminaire<\/span> en r\u00e9duisant les frais d&rsquo;exp\u00e9dition.<\/p><p>La m\u00eame proc\u00e9dure s&rsquo;applique si vous avez ou pr\u00e9voyez d&rsquo;avoir votre propre compte DHL ou FedEx.<\/p>\t\t\t\t\t\t\t\t<\/div>\n\t\t\t\t\t<\/div>\n\t\t\t\t<\/div>\n\t\t<div data-particle_enable=\"false\" data-particle-mobile-disabled=\"false\" class=\"elementor-element elementor-element-ee7b69d elementor-hidden-desktop elementor-hidden-tablet elementor-hidden-mobile e-flex e-con-boxed e-con e-parent\" data-id=\"ee7b69d\" data-element_type=\"container\" data-e-type=\"container\">\r\n\t\t\t\t\t<div class=\"e-con-inner\">\r\n\t\t\t\t<div class=\"elementor-element elementor-element-d873576 elementor-widget elementor-widget-heading\" data-id=\"d873576\" data-element_type=\"widget\" data-e-type=\"widget\" data-widget_type=\"heading.default\">\n\t\t\t\t\t<h2 class=\"elementor-heading-title elementor-size-default\">Services de livraison des importations<\/h2>\t\t\t\t<\/div>\n\t\t\t\t\t<\/div>\n\t\t\t\t<\/div>\n\t\t<div data-particle_enable=\"false\" data-particle-mobile-disabled=\"false\" class=\"elementor-element elementor-element-0165c3b elementor-hidden-desktop elementor-hidden-tablet elementor-hidden-mobile e-flex e-con-boxed e-con e-parent\" data-id=\"0165c3b\" data-element_type=\"container\" data-e-type=\"container\">\r\n\t\t\t\t\t<div class=\"e-con-inner\">\r\n\t\t\t\t<div class=\"elementor-element elementor-element-128470a elementor-widget elementor-widget-image\" data-id=\"128470a\" data-element_type=\"widget\" data-e-type=\"widget\" data-widget_type=\"image.default\">\n\t\t\t\t\t\t\t\t\t\t\t\t\t\t\t\t<a href=\"https:\/\/www.facebook.com\/ok.natura.pe?locale=es_LA\" rel=\"nofollow noopener\" target=\"_blank\">\n\t\t\t\t\t\t\t<img decoding=\"async\" width=\"1024\" height=\"326\" src=\"https:\/\/oknatura.com\/wp-content\/uploads\/2024\/02\/SERVICIOS-DE-ENTREGA-DE-IMPORTACIONES-1024x326.jpg\" class=\"attachment-large size-large wp-image-38764\" alt=\"Servicios de entrega de importaciones\" srcset=\"https:\/\/oknatura.com\/wp-content\/uploads\/2024\/02\/SERVICIOS-DE-ENTREGA-DE-IMPORTACIONES-1024x326.jpg 1024w, https:\/\/oknatura.com\/wp-content\/uploads\/2024\/02\/SERVICIOS-DE-ENTREGA-DE-IMPORTACIONES-600x191.jpg 600w, https:\/\/oknatura.com\/wp-content\/uploads\/2024\/02\/SERVICIOS-DE-ENTREGA-DE-IMPORTACIONES-768x244.jpg 768w, https:\/\/oknatura.com\/wp-content\/uploads\/2024\/02\/SERVICIOS-DE-ENTREGA-DE-IMPORTACIONES-640x204.jpg 640w, https:\/\/oknatura.com\/wp-content\/uploads\/2024\/02\/SERVICIOS-DE-ENTREGA-DE-IMPORTACIONES-400x127.jpg 400w\" sizes=\"(max-width: 1024px) 100vw, 1024px\" title=\"\">\t\t\t\t\t\t\t\t<\/a>\n\t\t\t\t\t\t\t\t\t\t\t\t\t\t\t<\/div>\n\t\t\t\t\t<\/div>\n\t\t\t\t<\/div>\n\t\t<div data-particle_enable=\"false\" data-particle-mobile-disabled=\"false\" class=\"elementor-element elementor-element-3d3dabd elementor-hidden-desktop elementor-hidden-tablet elementor-hidden-mobile e-flex e-con-boxed e-con e-parent\" data-id=\"3d3dabd\" data-element_type=\"container\" data-e-type=\"container\">\r\n\t\t\t\t\t<div class=\"e-con-inner\">\r\n\t\t<div data-particle_enable=\"false\" data-particle-mobile-disabled=\"false\" class=\"elementor-element elementor-element-be74ed0 e-con-full e-flex e-con e-child\" data-id=\"be74ed0\" data-element_type=\"container\" data-e-type=\"container\">\r\n\t\t\t\t<div class=\"elementor-element elementor-element-5360dfe elementor-widget elementor-widget-image\" data-id=\"5360dfe\" data-element_type=\"widget\" data-e-type=\"widget\" data-widget_type=\"image.default\">\n\t\t\t\t\t\t\t\t\t\t\t\t\t\t\t<img decoding=\"async\" width=\"1000\" height=\"1000\" src=\"https:\/\/oknatura.com\/wp-content\/uploads\/2024\/02\/EXPORTACIONES.jpg\" class=\"attachment-large size-large wp-image-38772\" alt=\"\" srcset=\"https:\/\/oknatura.com\/wp-content\/uploads\/2024\/02\/EXPORTACIONES.jpg 1000w, https:\/\/oknatura.com\/wp-content\/uploads\/2024\/02\/EXPORTACIONES-600x600.jpg 600w, https:\/\/oknatura.com\/wp-content\/uploads\/2024\/02\/EXPORTACIONES-768x768.jpg 768w, https:\/\/oknatura.com\/wp-content\/uploads\/2024\/02\/EXPORTACIONES-640x640.jpg 640w, https:\/\/oknatura.com\/wp-content\/uploads\/2024\/02\/EXPORTACIONES-400x400.jpg 400w\" sizes=\"(max-width: 1000px) 100vw, 1000px\" title=\"\">\t\t\t\t\t\t\t\t\t\t\t\t\t\t\t<\/div>\n\t\t\t\t<\/div>\n\t\t<div data-particle_enable=\"false\" data-particle-mobile-disabled=\"false\" class=\"elementor-element elementor-element-2835a72 e-con-full e-flex e-con e-child\" data-id=\"2835a72\" data-element_type=\"container\" data-e-type=\"container\">\r\n\t\t\t\t<div class=\"elementor-element elementor-element-7127df2 elementor-widget elementor-widget-image\" data-id=\"7127df2\" data-element_type=\"widget\" data-e-type=\"widget\" data-widget_type=\"image.default\">\n\t\t\t\t\t\t\t\t\t\t\t\t\t\t\t<img loading=\"lazy\" decoding=\"async\" width=\"1000\" height=\"1000\" src=\"https:\/\/oknatura.com\/wp-content\/uploads\/2024\/02\/EXPO.jpg\" class=\"attachment-large size-large wp-image-38776\" alt=\"\" srcset=\"https:\/\/oknatura.com\/wp-content\/uploads\/2024\/02\/EXPO.jpg 1000w, https:\/\/oknatura.com\/wp-content\/uploads\/2024\/02\/EXPO-600x600.jpg 600w, https:\/\/oknatura.com\/wp-content\/uploads\/2024\/02\/EXPO-768x768.jpg 768w, https:\/\/oknatura.com\/wp-content\/uploads\/2024\/02\/EXPO-640x640.jpg 640w, https:\/\/oknatura.com\/wp-content\/uploads\/2024\/02\/EXPO-400x400.jpg 400w\" sizes=\"(max-width: 1000px) 100vw, 1000px\" title=\"\">\t\t\t\t\t\t\t\t\t\t\t\t\t\t\t<\/div>\n\t\t\t\t<\/div>\n\t\t\t\t\t<\/div>\n\t\t\t\t<\/div>\n\t\t\t\t<\/div>\n\t\t","protected":false},"excerpt":{"rendered":"<p>Services de livraison \u00e0 l&rsquo;importation | Ok Natura Retour \u00e0 l&rsquo;accueil Services de livraison \u00e0 l&rsquo;importation Les services d&rsquo;importation sont assur\u00e9s par DHL ou FedEx. Si vous souhaitez importer, vous devez nous en informer \u00e0 l&rsquo;avance et suivre les \u00e9tapes suivantes : Vous devez \u00e9crire \u00e0 l&rsquo;adresse \u00e9lectronique info@oknatura.com avec pour objet \u00ab\u00a0\u00a0\u00bbImport Express DHL [&hellip;]<\/p>\n","protected":false},"author":4254,"featured_media":0,"parent":0,"menu_order":0,"comment_status":"closed","ping_status":"closed","template":"","meta":{"_joinchat":[],"footnotes":""},"class_list":["post-26557","page","type-page","status-publish","hentry"],"_links":{"self":[{"href":"https:\/\/oknatura.com\/fr\/wp-json\/wp\/v2\/pages\/26557","targetHints":{"allow":["GET"]}}],"collection":[{"href":"https:\/\/oknatura.com\/fr\/wp-json\/wp\/v2\/pages"}],"about":[{"href":"https:\/\/oknatura.com\/fr\/wp-json\/wp\/v2\/types\/page"}],"author":[{"embeddable":true,"href":"https:\/\/oknatura.com\/fr\/wp-json\/wp\/v2\/users\/4254"}],"replies":[{"embeddable":true,"href":"https:\/\/oknatura.com\/fr\/wp-json\/wp\/v2\/comments?post=26557"}],"version-history":[{"count":2,"href":"https:\/\/oknatura.com\/fr\/wp-json\/wp\/v2\/pages\/26557\/revisions"}],"predecessor-version":[{"id":67623,"href":"https:\/\/oknatura.com\/fr\/wp-json\/wp\/v2\/pages\/26557\/revisions\/67623"}],"wp:attachment":[{"href":"https:\/\/oknatura.com\/fr\/wp-json\/wp\/v2\/media?parent=26557"}],"curies":[{"name":"wp","href":"https:\/\/api.w.org\/{rel}","templated":true}]}}