{"id":27495,"date":"2023-09-06T19:39:28","date_gmt":"2023-09-06T19:39:28","guid":{"rendered":"https:\/\/oknatura.com\/products\/rape-snuff-girasol-menta-du-bresil-5gr-a-100gr-100-fabrique-par-des-tribus-natives-damazonie"},"modified":"2025-06-12T14:37:04","modified_gmt":"2025-06-12T19:37:04","slug":"rape-snuff-girasol-menta-du-bresil-tribus-indigenes","status":"publish","type":"product","link":"https:\/\/oknatura.com\/fr\/produits\/rape-snuff-girasol-menta-du-bresil-tribus-indigenes\/","title":{"rendered":"RAP\u00c9 SNUFF * GIRASOL MENTA (DU BR\u00c9SIL) \/ 5gr \u00e0 100gr \/ - 100 % fabriqu\u00e9 par des Tribus Natives d&rsquo;Amazonie"},"content":{"rendered":"<h2>RAP\u00c9 SNUFF * GIRASOL MENTA (DU BR\u00c9SIL) - 100 % fabriqu\u00e9 par des tribus indig\u00e8nes d&rsquo;Amazonie<\/h2>\n<p><strong>A quoi sert GIRASOL MENTA RAP\u00c9 SNUFF ?<\/strong><\/p>\n<ul>\n<li>Il s&rsquo;agit d&rsquo;un tabac \u00e0 priser traditionnel de l&rsquo;Amazonie, utilis\u00e9 \u00e0 des fins spirituelles et curatives.<\/li>\n<li>On pense qu&rsquo;il aide \u00e0 clarifier l&rsquo;esprit, \u00e0 am\u00e9liorer la concentration et \u00e0 favoriser la clart\u00e9 mentale.<\/li>\n<li>Il peut \u00eatre utilis\u00e9 pour soutenir la m\u00e9ditation et d&rsquo;autres pratiques spirituelles.<\/li>\n<li>Il est \u00e9galement utilis\u00e9 dans les c\u00e9r\u00e9monies tribales pour la purification et la mise \u00e0 la terre.<\/li>\n<\/ul>\n<p><strong>Comment l&rsquo;utiliser, la posologie et les utilit\u00e9s :<\/strong><\/p>\n<ul>\n<li>Le GIRASOL MENTA RAP\u00c9 SNUFF est g\u00e9n\u00e9ralement souffl\u00e9 dans le nez \u00e0 l&rsquo;aide d&rsquo;un tuyau ou d&rsquo;un outil appel\u00e9 kuripe.<\/li>\n<li>Le dosage peut varier en fonction des besoins et des pr\u00e9f\u00e9rences de chacun, mais il est recommand\u00e9 de commencer par une petite quantit\u00e9 et d&rsquo;augmenter progressivement.<\/li>\n<li>Il est souvent utilis\u00e9 avant la m\u00e9ditation ou les pratiques spirituelles pour en renforcer les effets.<\/li>\n<li>Il peut \u00e9galement \u00eatre utilis\u00e9 comme un outil d&rsquo;ancrage et de connexion avec la nature.<\/li>\n<\/ul>\n<p><strong>Pour (avantages) :<\/strong><\/p>\n<ul>\n<li>GIRASOL MENTA RAP\u00c9 SNUFF est un produit traditionnel fabriqu\u00e9 par les tribus indig\u00e8nes d&rsquo;Amazonie.<\/li>\n<li>Il est utilis\u00e9 depuis longtemps \u00e0 des fins spirituelles et curatives.<\/li>\n<li>Il peut \u00eatre un outil utile pour la m\u00e9ditation et d&rsquo;autres pratiques spirituelles.<\/li>\n<li>Il peut favoriser la clart\u00e9 mentale et la concentration.<\/li>\n<\/ul>\n<p><strong>Contre (Avertissements et s\u00e9curit\u00e9) :<\/strong><\/p>\n<ul>\n<li>L&rsquo;utilisation de GIRASOL MENTA RAP\u00c9 SNUFF doit \u00eatre abord\u00e9e avec respect et prudence.<\/li>\n<li>Il est important de l&rsquo;utiliser de mani\u00e8re s\u00fbre et responsable.<\/li>\n<li>Il ne doit pas \u00eatre utilis\u00e9 par les femmes enceintes ou allaitantes, et les personnes souffrant de troubles m\u00e9dicaux pr\u00e9existants doivent consulter un professionnel de la sant\u00e9 avant de l&rsquo;utiliser.<\/li>\n<li>Une utilisation excessive peut avoir des effets n\u00e9gatifs sur le corps et l&rsquo;esprit.<\/li>\n<\/ul>\n<p><em><strong>Remarque :<\/strong><\/em><br \/>\nLes produits OK Natural sont obtenus et commercialis\u00e9s \u00e0 l&rsquo;\u00e9tat pur et d&rsquo;origine 100 % naturelle aupr\u00e8s des communaut\u00e9s autochtones. Ils ne contiennent aucun pesticide, produit chimique, herbicide ou autre substance artificielle.<\/p>\n<p><em><strong>Avis de non-responsabilit\u00e9 :<\/strong><\/em><br \/>\n- Les effets de ce produit sont \u00e9tay\u00e9s par l&rsquo;exp\u00e9rience empirique de la m\u00e9decine traditionnelle ancienne avec d&rsquo;excellents r\u00e9sultats. L&rsquo;absence d&rsquo;effets secondaires nocifs si la dose administr\u00e9e est correcte. Mais les informations identifi\u00e9es ici ne constituent en aucun cas une ordonnance ou une prescription.<br \/>\n- L&rsquo;utilisation de ces produits naturels ne remplace pas une consultation m\u00e9dicale.<br \/>\n- Tous les produits sont l\u00e9gaux dans notre pays d&rsquo;origine. Il incombe au client de v\u00e9rifier la l\u00e9galit\u00e9 de ces produits dans le pays de destination.<br \/>\n- Les d\u00e9clarations et les liens vers les sites web qu&rsquo;il contient n&rsquo;ont pas \u00e9t\u00e9 \u00e9valu\u00e9s par la FDA et les autorit\u00e9s internationales charg\u00e9es des produits alimentaires et pharmaceutiques.<br \/>\n- Ne sont en aucun cas des all\u00e9gations m\u00e9dicales concernant la capacit\u00e9 ou l&rsquo;efficacit\u00e9 de l&rsquo;un de nos produits \u00e0 traiter, pr\u00e9venir ou att\u00e9nuer une maladie ou un malaise.<br \/>\n- L&rsquo;utilisation et l&rsquo;application de nos produits rel\u00e8vent de la seule responsabilit\u00e9 du client.<\/p>\n","protected":false},"excerpt":{"rendered":"<p>RAP\u00c9 SNUFF * GIRASOL MENTA (DU BR\u00c9SIL) - 100 % fabriqu\u00e9 par des tribus indig\u00e8nes d&rsquo;Amazonie A quoi sert GIRASOL MENTA RAP\u00c9 SNUFF ? Il s&rsquo;agit d&rsquo;un tabac \u00e0 priser traditionnel de l&rsquo;Amazonie, utilis\u00e9 \u00e0 des fins spirituelles et curatives. On pense qu&rsquo;il aide \u00e0 clarifier l&rsquo;esprit, \u00e0 am\u00e9liorer la concentration et \u00e0 favoriser la [&hellip;]<\/p>\n","protected":false},"featured_media":63584,"comment_status":"open","ping_status":"closed","template":"","meta":{"_joinchat":[]},"product_brand":[242],"product_cat":[2618,2733],"product_tag":[],"giftcard-category":[],"class_list":{"0":"post-27495","1":"product","2":"type-product","3":"status-publish","4":"has-post-thumbnail","6":"product_brand-ok-natura","7":"product_cat-nouveautes-a-vendre","8":"product_cat-rape-fr","9":"product_shipping_class-general-shipping-fr","10":"pa_607093e2895771617990626-rape-snuff-nawa-5gr-100gr-rapes-brasileiro-100-made-natives-amazon-tribes-food-571-jpgoptimized921663c0c14b67aca6a7e264b57fca92id28886545531032pid5903926362264original_filenamer-fr","11":"pa_badge-pas-de-commentaires","12":"pa_description_tag-composition-tabac-cendre-de-menthe-bresilienne-utilisation-se-detendre-et-se-debarrasser-de-lanxiete-utilisation-medicinale-tres-forte-et-intense-elle-aide-a-mediter","13":"pa_review_count-52-fr","14":"pa_review_enabled-1-fr","15":"pa_review_rating-5-fr","16":"pa_talla-100gr-fr","17":"pa_talla-10gr-fr","18":"pa_talla-1kg-fr-2","19":"pa_talla-20gr-fr","20":"pa_talla-30gr-fr-2","21":"pa_talla-4kg-fr","22":"pa_talla-50gr-fr","23":"pa_talla-5gr-fr","24":"pa_title_tag-rape-snuff-girasol-menta-a-vendre-du-bresil-natives","25":"pa_widget-jdgm-rev-widg-display-none-commentaires-des-clients-soyez-le-premier-a-ecrire-un-commentaire-ecrire-un-commentaire-0-0-0-0-0-0-0-0-0-0-0-0","27":"first","28":"instock","29":"sale","30":"shipping-taxable","31":"purchasable","32":"product-type-variable"},"_links":{"self":[{"href":"https:\/\/oknatura.com\/fr\/wp-json\/wp\/v2\/product\/27495","targetHints":{"allow":["GET"]}}],"collection":[{"href":"https:\/\/oknatura.com\/fr\/wp-json\/wp\/v2\/product"}],"about":[{"href":"https:\/\/oknatura.com\/fr\/wp-json\/wp\/v2\/types\/product"}],"replies":[{"embeddable":true,"href":"https:\/\/oknatura.com\/fr\/wp-json\/wp\/v2\/comments?post=27495"}],"version-history":[{"count":1,"href":"https:\/\/oknatura.com\/fr\/wp-json\/wp\/v2\/product\/27495\/revisions"}],"predecessor-version":[{"id":54133,"href":"https:\/\/oknatura.com\/fr\/wp-json\/wp\/v2\/product\/27495\/revisions\/54133"}],"wp:featuredmedia":[{"embeddable":true,"href":"https:\/\/oknatura.com\/fr\/wp-json\/wp\/v2\/media\/63584"}],"wp:attachment":[{"href":"https:\/\/oknatura.com\/fr\/wp-json\/wp\/v2\/media?parent=27495"}],"wp:term":[{"taxonomy":"product_brand","embeddable":true,"href":"https:\/\/oknatura.com\/fr\/wp-json\/wp\/v2\/product_brand?post=27495"},{"taxonomy":"product_cat","embeddable":true,"href":"https:\/\/oknatura.com\/fr\/wp-json\/wp\/v2\/product_cat?post=27495"},{"taxonomy":"product_tag","embeddable":true,"href":"https:\/\/oknatura.com\/fr\/wp-json\/wp\/v2\/product_tag?post=27495"},{"taxonomy":"giftcard-category","embeddable":true,"href":"https:\/\/oknatura.com\/fr\/wp-json\/wp\/v2\/giftcard-category?post=27495"}],"curies":[{"name":"wp","href":"https:\/\/api.w.org\/{rel}","templated":true}]}}