{"id":28907,"date":"2021-04-10T12:26:10","date_gmt":"2021-04-10T12:26:10","guid":{"rendered":"https:\/\/oknatura.com\/products\/ayahuasca-bracelets-little-fait-a-la-main-avec-des-morceaux-dayahuasca-et-du-tissu-article-original-et-unique"},"modified":"2025-08-19T23:30:48","modified_gmt":"2025-08-20T04:30:48","slug":"ayahuasca-bracelets-faits-a-la-main-donne-du-pouvoir","status":"publish","type":"product","link":"https:\/\/oknatura.com\/fr\/produits\/ayahuasca-bracelets-faits-a-la-main-donne-du-pouvoir\/","title":{"rendered":"AYAHUASCA BRACELETS LITTLE - Fait \u00e0 la main avec des morceaux d&rsquo;Ayahuasca et du tissu, Article original et unique"},"content":{"rendered":"<h1>AYAHUASCA BRACELETS LITTLE - D\u00e9couvrez l&rsquo;\u00e2me de l&rsquo;Amazonie<\/h1>\n<p><strong>Qualit\u00e9 remarquable :<\/strong><\/p>\n<p><strong>AYAHUASCA BRACELETS LITTLE - Une pi\u00e8ce \u00e0 porter de la spiritualit\u00e9 amazonienne<\/strong><\/p>\n<h2>D\u00e9couvrez les BRACELETS AYAHUASCA LITTLE<\/h2>\n<p><strong>Description :<\/strong><\/p>\n<p>Les <strong>BRACELETS AYAHUASCA LITTLE<\/strong> sont plus que de simples ornements ; ils constituent un lien tangible avec le c\u0153ur de la for\u00eat tropicale amazonienne. Chaque bracelet porte les riches traditions de l&rsquo;Ayahuasca et la profonde sagesse spirituelle de la for\u00eat tropicale, fabriqu\u00e9es avec amour pour en faire un objet unique et exquis. <\/p>\n<h2>D\u00e9couvrez la polyvalence des bracelets d&rsquo;Ayahuasca<\/h2>\n<p><strong>Utilisations traditionnelles :<\/strong><\/p>\n<ul>\n<li><strong>Am\u00e9lioration spirituelle :<\/strong> Dans les c\u00e9r\u00e9monies traditionnelles de l&rsquo;Ayahuasca, ces bracelets sont port\u00e9s pour intensifier la connexion avec le monde spirituel. Ils symbolisent le voyage profond de l&rsquo;\u00e2me et agissent comme un bouclier spirituel pour celui qui les porte. <\/li>\n<\/ul>\n<p><strong>Applications moins connues :<\/strong><\/p>\n<ul>\n<li><strong>L&rsquo;autonomisation au quotidien :<\/strong> Ces bracelets peuvent faire partie de votre tenue quotidienne, offrant une connexion constante \u00e0 l&rsquo;\u00e9nergie spirituelle de l&rsquo;Ayahuasca. Ils vous prot\u00e8gent et vous guident dans votre vie quotidienne. <\/li>\n<li><strong>Am\u00e9lioration de la m\u00e9ditation :<\/strong> Certaines personnes trouvent que le port de ces bracelets pendant la m\u00e9ditation approfondit leur concentration et les aide \u00e0 puiser dans les \u00e9nergies mystiques de la for\u00eat tropicale, am\u00e9liorant ainsi leur exp\u00e9rience m\u00e9ditative.<\/li>\n<\/ul>\n<h2>Avantages et inconv\u00e9nients des bracelets d&rsquo;Ayahuasca<\/h2>\n<p><strong>Le pour (les avantages) :<\/strong><\/p>\n<ul>\n<li><strong>Connexion spirituelle :<\/strong> Les <strong>BRACELETS AYAHUASCA LITTLE<\/strong> cr\u00e9ent un lien direct avec le monde spirituel, vous permettant de rester connect\u00e9 \u00e0 l&rsquo;Ayahuasca et aux \u00e9nergies mystiques de l&rsquo;Amazonie.<\/li>\n<li><strong>Un savoir-faire exquis :<\/strong> Chaque bracelet est un chef-d&rsquo;\u0153uvre d&rsquo;artisanat, fabriqu\u00e9 avec pr\u00e9cision et d\u00e9votion. Ces bracelets ne sont pas seulement attrayants sur le plan visuel, ils ont aussi une signification spirituelle, ce qui les rend id\u00e9aux pour un usage personnel ou comme cadeau attentionn\u00e9. <\/li>\n<li><strong>Guidance spirituelle :<\/strong> Le port de ces bracelets est cens\u00e9 vous guider et vous prot\u00e9ger dans votre voyage spirituel, ce qui en fait des compagnons essentiels dans votre exploration spirituelle.<\/li>\n<\/ul>\n<p><strong>Les inconv\u00e9nients (avertissements et s\u00e9curit\u00e9) :<\/strong><\/p>\n<ul>\n<li><strong>Manipulez-les avec soin :<\/strong> En raison de la nature d\u00e9licate des bracelets et de leur fabrication \u00e0 la main, ils doivent \u00eatre trait\u00e9s avec soin pour \u00e9viter tout dommage.<\/li>\n<li><strong>Exp\u00e9rience individuelle :<\/strong> Il est important de comprendre que l&rsquo;exp\u00e9rience avec ces bracelets peut varier d&rsquo;une personne \u00e0 l&rsquo;autre. Votre connexion spirituelle sera unique. <\/li>\n<\/ul>\n<h2>D\u00e9bloquez le pouvoir des bracelets d&rsquo;Ayahuasca<\/h2>\n<p>Pour lib\u00e9rer tout le potentiel de votre <strong>AYAHUASCA BRACELETS LITTLE<\/strong>, tenez compte de ces recommandations : <\/p>\n<ol>\n<li><strong>Tenue de c\u00e9r\u00e9monie :<\/strong> Portez les bracelets pendant les c\u00e9r\u00e9monies d&rsquo;Ayahuasca pour renforcer votre voyage spirituel. Ils symbolisent le lien entre vous et les esprits des plantes. <\/li>\n<li><strong>Parure quotidienne :<\/strong> Incorporez les bracelets \u00e0 votre tenue de tous les jours, en emportant avec vous le pouvoir de l&rsquo;Ayahuasca et de la for\u00eat tropicale, qui vous prot\u00e8gent et vous guident tout au long de la journ\u00e9e.<\/li>\n<li><strong>Aide \u00e0 la m\u00e9ditation :<\/strong> Utilisez les bracelets pendant les s\u00e9ances de m\u00e9ditation pour am\u00e9liorer la concentration et vous connecter aux \u00e9nergies spirituelles de l&rsquo;Amazonie, ce qui vous permettra de vivre une exp\u00e9rience m\u00e9ditative plus profonde.<\/li>\n<\/ol>\n<h2>Autres noms pour les bracelets d&rsquo;Ayahuasca<\/h2>\n<p>Les <strong>AYAHUASCA BRACELETS LITTLE<\/strong> sont \u00e9galement connus sous le nom de <strong>Rainforest Spirit Bands<\/strong>, <strong>Amazonian Connection Bracelets<\/strong>, et <strong>Mystical Ayahuasca W<\/strong>ristwear.<\/p>\n<h2>Conclusion : Adoptez l&rsquo;essence de l&rsquo;Amazonie<\/h2>\n<p>En conclusion, les <strong>AYAHUASCA BRACELETS LITTLE<\/strong> sont plus que de simples accessoires. Ce sont des outils puissants pour se connecter \u00e0 la spiritualit\u00e9 de l&rsquo;Amazonie. Que vous les portiez lors de c\u00e9r\u00e9monies, dans votre tenue quotidienne ou pendant la m\u00e9ditation, ces bracelets symbolisent la beaut\u00e9, la spiritualit\u00e9 et la protection. Chaque fois que vous regarderez votre poignet, vous vous rappellerez la profonde sagesse de l&rsquo;Ayahuasca et les \u00e9nergies mystiques de l&rsquo;Amazonie.   <\/p>\n<blockquote><p><strong>Note :<\/strong><\/p>\n<p>Les produits OK Natural sont obtenus et vendus \u00e0 l&rsquo;\u00e9tat pur et d&rsquo;origine 100 % naturelle aux communaut\u00e9s autochtones. Ils ne contiennent aucun pesticide, produit chimique, herbicide ou autre substance artificielle. <\/p>\n<p><strong>Avis de non-responsabilit\u00e9 :<\/strong><\/p><\/blockquote>\n<ul>\n<li>\n<blockquote><p>Tous les produits sont l\u00e9gaux dans notre pays d&rsquo;origine, il est de la responsabilit\u00e9 du client de v\u00e9rifier leur l\u00e9galit\u00e9 dans le pays de destination.<\/p><\/blockquote>\n<\/li>\n<li>\n<blockquote><p>L&rsquo;utilisation de ces produits naturels ne remplace pas une consultation m\u00e9dicale.<\/p><\/blockquote>\n<\/li>\n<li>\n<blockquote><p>Il n&rsquo;implique en aucun cas des affirmations m\u00e9dicales sur la capacit\u00e9 ou l&rsquo;efficacit\u00e9 de l&rsquo;un de nos produits \u00e0 traiter, pr\u00e9venir ou att\u00e9nuer une maladie ou un malaise.<\/p><\/blockquote>\n<\/li>\n<li>\n<blockquote><p>L&rsquo;utilisation et l&rsquo;application de nos produits rel\u00e8vent de la responsabilit\u00e9 exclusive du client.<\/p><\/blockquote>\n<\/li>\n<li>\n<blockquote><p>Les effets de ce produit sont confirm\u00e9s par l&rsquo;exp\u00e9rience empirique de la m\u00e9decine traditionnelle ancienne avec d&rsquo;excellents r\u00e9sultats.<\/p><\/blockquote>\n<\/li>\n<li>\n<blockquote><p>L&rsquo;absence d&rsquo;effets secondaires nocifs s&rsquo;il est administr\u00e9 \u00e0 la bonne dose. Mais les informations recens\u00e9es ici ne constituent en aucun cas une ordonnance ou une prescription. <\/p><\/blockquote>\n<\/li>\n<li>\n<blockquote><p>Les d\u00e9clarations et les liens vers les sites web qu&rsquo;il contient n&rsquo;ont pas \u00e9t\u00e9 \u00e9valu\u00e9s par la FDA ou les autorit\u00e9s internationales charg\u00e9es des produits alimentaires et pharmaceutiques.<\/p><\/blockquote>\n<\/li>\n<\/ul>\n","protected":false},"excerpt":{"rendered":"<p>AYAHUASCA BRACELETS LITTLE - D\u00e9couvrez l&rsquo;\u00e2me de l&rsquo;Amazonie Qualit\u00e9 remarquable : AYAHUASCA BRACELETS LITTLE - Une pi\u00e8ce \u00e0 porter de la spiritualit\u00e9 amazonienne D\u00e9couvrez les BRACELETS AYAHUASCA LITTLE Description : Les BRACELETS AYAHUASCA LITTLE sont plus que de simples ornements ; ils constituent un lien tangible avec le c\u0153ur de la for\u00eat tropicale amazonienne. Chaque [&hellip;]<\/p>\n","protected":false},"featured_media":62800,"comment_status":"open","ping_status":"closed","template":"","meta":{"_joinchat":[]},"product_brand":[242],"product_cat":[3162,2618],"product_tag":[],"giftcard-category":[],"class_list":{"0":"post-28907","1":"product","2":"type-product","3":"status-publish","4":"has-post-thumbnail","6":"product_brand-ok-natura","7":"product_cat-amazon-art-a-vendre","8":"product_cat-nouveautes-a-vendre","9":"product_shipping_class-general-shipping-fr","10":"pa_608441facd71a1619280378-ayahuasca-bracelets-handmade-piece-fabric-original-unique-item-01-und-arte-918-jpgoptimized921663c0c14b67aca6a7e264b57fca92id29503112249496pid6644044431512original_filenamebraza","11":"pa_badge-1-bilan","12":"pa_rating-scale_min1-0scale_max5-0value5-0","13":"pa_rating_count-1-fr","14":"pa_review_count-26-fr","15":"pa_review_enabled-1-fr","16":"pa_review_rating-5-fr","17":"pa_title_tag-ayahuasca-bracelets-little-tissu-ayahuasca-fait-main","18":"pa_widget-jdgm-rev-widg-display-none-avis-des-clients-base-sur-1-avis-ecrire-un-avis-100-1-0-0-0-0-0-0-0-0-j","20":"first","21":"instock","22":"sale","23":"shipping-taxable","24":"purchasable","25":"product-type-variable"},"_links":{"self":[{"href":"https:\/\/oknatura.com\/fr\/wp-json\/wp\/v2\/product\/28907","targetHints":{"allow":["GET"]}}],"collection":[{"href":"https:\/\/oknatura.com\/fr\/wp-json\/wp\/v2\/product"}],"about":[{"href":"https:\/\/oknatura.com\/fr\/wp-json\/wp\/v2\/types\/product"}],"replies":[{"embeddable":true,"href":"https:\/\/oknatura.com\/fr\/wp-json\/wp\/v2\/comments?post=28907"}],"version-history":[{"count":2,"href":"https:\/\/oknatura.com\/fr\/wp-json\/wp\/v2\/product\/28907\/revisions"}],"predecessor-version":[{"id":65389,"href":"https:\/\/oknatura.com\/fr\/wp-json\/wp\/v2\/product\/28907\/revisions\/65389"}],"wp:featuredmedia":[{"embeddable":true,"href":"https:\/\/oknatura.com\/fr\/wp-json\/wp\/v2\/media\/62800"}],"wp:attachment":[{"href":"https:\/\/oknatura.com\/fr\/wp-json\/wp\/v2\/media?parent=28907"}],"wp:term":[{"taxonomy":"product_brand","embeddable":true,"href":"https:\/\/oknatura.com\/fr\/wp-json\/wp\/v2\/product_brand?post=28907"},{"taxonomy":"product_cat","embeddable":true,"href":"https:\/\/oknatura.com\/fr\/wp-json\/wp\/v2\/product_cat?post=28907"},{"taxonomy":"product_tag","embeddable":true,"href":"https:\/\/oknatura.com\/fr\/wp-json\/wp\/v2\/product_tag?post=28907"},{"taxonomy":"giftcard-category","embeddable":true,"href":"https:\/\/oknatura.com\/fr\/wp-json\/wp\/v2\/giftcard-category?post=28907"}],"curies":[{"name":"wp","href":"https:\/\/api.w.org\/{rel}","templated":true}]}}