{"id":29068,"date":"2021-04-10T12:34:13","date_gmt":"2021-04-10T12:34:13","guid":{"rendered":"https:\/\/oknatura.com\/products\/ayahuasca-necklace-with-chacruna-fait-a-la-main-avec-ayahuasca-piece-original-and-unique-item-gives"},"modified":"2025-08-19T23:31:24","modified_gmt":"2025-08-20T04:31:24","slug":"ayahuasca-collier-avec-chacruna-fait-main-donne-du-pouvoir","status":"publish","type":"product","link":"https:\/\/oknatura.com\/fr\/produits\/ayahuasca-collier-avec-chacruna-fait-main-donne-du-pouvoir\/","title":{"rendered":"AYAHUASCA NECKLACE WITH CHACRUNA - Fait \u00e0 la main avec Ayahuasca Piece, Original and Unique Item gives"},"content":{"rendered":"<h1>COLLIER AYAHUASCA AVEC CHACRUNA - Un tr\u00e9sor spirituel de l&rsquo;Amazonie<\/h1>\n<p><strong>Qualit\u00e9 remarquable :<\/strong><\/p>\n<p><strong>COLLIER AYAHUASCA AVEC CHACRUNA - R\u00e9v\u00e9ler la magie de la for\u00eat tropicale<\/strong><\/p>\n<h2>Collier exquis AYAHUASCA AVEC CHACRUNA<\/h2>\n<p><strong>Description :<\/strong><\/p>\n<p>Le <strong>collier AYAHUASCA AVEC CHACRUNA<\/strong> est plus qu&rsquo;un simple bijou ; c&rsquo;est une pi\u00e8ce unique, fabriqu\u00e9e \u00e0 la main, qui renferme l&rsquo;essence spirituelle de l&rsquo;Ayahuasca et de la for\u00eat amazonienne. Fabriqu\u00e9 avec pr\u00e9cision et soin, ce collier est un symbole du lien profond entre la spiritualit\u00e9 et la nature. <\/p>\n<h2>Au-del\u00e0 de la bijouterie - Explorer ses nombreuses utilisations<\/h2>\n<p><strong>Applications traditionnelles :<\/strong><\/p>\n<ul>\n<li><strong>Parure de c\u00e9r\u00e9monie :<\/strong> Dans les c\u00e9r\u00e9monies traditionnelles de l&rsquo;Ayahuasca, ce collier est port\u00e9 pour renforcer la connexion spirituelle. Il symbolise le voyage de l&rsquo;\u00e2me et approfondit la connexion avec les esprits des plantes. <\/li>\n<\/ul>\n<p><strong>Dimensions moins connues :<\/strong><\/p>\n<ul>\n<li><strong>L&rsquo;autonomisation au quotidien :<\/strong> Au-del\u00e0 des c\u00e9r\u00e9monies, ce collier peut \u00eatre port\u00e9 comme un accessoire quotidien. Ce faisant, vous portez le pouvoir spirituel de l&rsquo;Ayahuasca avec vous, lui permettant de vous guider et de vous prot\u00e9ger tout au long de la journ\u00e9e. <\/li>\n<li><strong>Aide \u00e0 la m\u00e9ditation :<\/strong> Certaines personnes trouvent du r\u00e9confort dans l&rsquo;utilisation de ce collier pendant la m\u00e9ditation. Tenir le collier pendant la m\u00e9ditation peut vous aider \u00e0 centrer vos pens\u00e9es et \u00e0 puiser dans les \u00e9nergies de la for\u00eat tropicale. <\/li>\n<\/ul>\n<h2>Avantages et inconv\u00e9nients<\/h2>\n<p><strong>Le pour (les avantages) :<\/strong><\/p>\n<ul>\n<li><strong>Connexion spirituelle :<\/strong> Le <strong>COLLIER AYAHUASCA AVEC CHACRUNA<\/strong> sert de pont entre vous et le monde spirituel. Son port vous rappelle constamment votre lien avec l&rsquo;Ayahuasca et les \u00e9nergies mystiques de l&rsquo;Amazonie. <\/li>\n<li><strong>Beaut\u00e9 artisanale :<\/strong> Chaque collier est un chef-d&rsquo;\u0153uvre, fabriqu\u00e9 avec beaucoup de soin et de d\u00e9vouement. Ces colliers sont \u00e0 la fois esth\u00e9tiques et profond\u00e9ment significatifs, ce qui en fait un choix id\u00e9al pour un usage personnel ou un cadeau sinc\u00e8re. <\/li>\n<li><strong>Guidance spirituelle :<\/strong> On pense que ce collier, en lien avec l&rsquo;Ayahuasca et la Chacruna, vous guidera et vous prot\u00e8gera dans votre voyage spirituel.<\/li>\n<\/ul>\n<p><strong>Les inconv\u00e9nients (avertissements et s\u00e9curit\u00e9) :<\/strong><\/p>\n<ul>\n<li><strong>Manipulez avec soin :<\/strong> En raison de sa nature d\u00e9licate et de sa conception artisanale, le collier doit \u00eatre manipul\u00e9 avec pr\u00e9caution pour \u00e9viter tout dommage.<\/li>\n<li><strong>Exp\u00e9rience individuelle :<\/strong> Bien que ce collier soit con\u00e7u pour am\u00e9liorer votre connexion spirituelle, les exp\u00e9riences peuvent varier d&rsquo;une personne \u00e0 l&rsquo;autre.<\/li>\n<\/ul>\n<h2>Comment exploiter la magie de la for\u00eat tropicale<\/h2>\n<p>Voici quelques recommandations pour vous aider \u00e0 tirer le meilleur parti de votre <strong>collier AYAHUASCA AVEC CHACRUNA<\/strong>: <\/p>\n<ol>\n<li><strong>Tenue de c\u00e9r\u00e9monie :<\/strong> Portez le collier pendant les c\u00e9r\u00e9monies d&rsquo;Ayahuasca pour intensifier votre voyage spirituel. Il symbolise l&rsquo;harmonie entre vous et les esprits des plantes. <\/li>\n<li><strong>Parure de tous les jours :<\/strong> Incorporez le collier \u00e0 votre style quotidien. Ce faisant, vous pouvez transporter le pouvoir de l&rsquo;Ayahuasca et de la for\u00eat tropicale avec vous, en faisant l&rsquo;exp\u00e9rience de leur \u00e9treinte protectrice. <\/li>\n<li><strong>Compagnon de m\u00e9ditation :<\/strong> Utilisez le collier pendant les s\u00e9ances de m\u00e9ditation. Le tenir pendant la m\u00e9ditation peut vous aider \u00e0 concentrer vos pens\u00e9es et \u00e0 puiser dans les \u00e9nergies spirituelles de la for\u00eat tropicale. <\/li>\n<\/ol>\n<h2>Autres noms pour AYAHUASCA COLLIER AVEC CHACRUNA<\/h2>\n<p>Le <strong>collier AYAHUASCA AVEC CHACRUNA<\/strong> est \u00e9galement connu sous le nom de <strong>collier spirituel amazonien<\/strong>, de <strong>bijou de connexion Chacruna<\/strong> et d&rsquo;<strong>ornement d&rsquo;essence de for\u00eat tropicale<\/strong>.<\/p>\n<h2>Conclusion : Adoptez la spiritualit\u00e9 de l&rsquo;Amazonie<\/h2>\n<p>En conclusion, le <strong>COLLIER AYAHUASCA AVEC CHACRUNA<\/strong> est un bijou remarquable qui vous relie au monde spirituel et \u00e0 l&rsquo;enchanteresse for\u00eat amazonienne. Que vous le portiez lors de c\u00e9r\u00e9monies, dans votre tenue quotidienne ou pendant la m\u00e9ditation, ce collier est un symbole d&rsquo;\u00e9l\u00e9gance, de spiritualit\u00e9 et de protection. Chaque fois que vous regarderez votre reflet, vous vous rappellerez la profonde sagesse de l&rsquo;Ayahuasca et les \u00e9nergies mystiques de la for\u00eat tropicale.  <\/p>\n<blockquote><p><strong>Note :<\/strong><\/p>\n<p>Les produits OK Natural sont obtenus et vendus \u00e0 l&rsquo;\u00e9tat pur et d&rsquo;origine 100 % naturelle aux communaut\u00e9s autochtones. Ils ne contiennent aucun pesticide, produit chimique, herbicide ou autre substance artificielle. <\/p>\n<p><strong>Avis de non-responsabilit\u00e9 :<\/strong><\/p><\/blockquote>\n<ul>\n<li>\n<blockquote><p>Tous les produits sont l\u00e9gaux dans notre pays d&rsquo;origine, il est de la responsabilit\u00e9 du client de v\u00e9rifier leur l\u00e9galit\u00e9 dans le pays de destination.<\/p><\/blockquote>\n<\/li>\n<li>\n<blockquote><p>L&rsquo;utilisation de ces produits naturels ne remplace pas une consultation m\u00e9dicale.<\/p><\/blockquote>\n<\/li>\n<li>\n<blockquote><p>Il n&rsquo;implique en aucun cas des affirmations m\u00e9dicales sur la capacit\u00e9 ou l&rsquo;efficacit\u00e9 de l&rsquo;un de nos produits \u00e0 traiter, pr\u00e9venir ou att\u00e9nuer une maladie ou un malaise.<\/p><\/blockquote>\n<\/li>\n<li>\n<blockquote><p>L&rsquo;utilisation et l&rsquo;application de nos produits rel\u00e8vent de la responsabilit\u00e9 exclusive du client.<\/p><\/blockquote>\n<\/li>\n<li>\n<blockquote><p>Les effets de ce produit sont confirm\u00e9s par l&rsquo;exp\u00e9rience empirique de la m\u00e9decine traditionnelle ancienne avec d&rsquo;excellents r\u00e9sultats.<\/p><\/blockquote>\n<\/li>\n<li>\n<blockquote><p>L&rsquo;absence d&rsquo;effets secondaires nocifs s&rsquo;il est administr\u00e9 \u00e0 la bonne dose. Mais les informations recens\u00e9es ici ne constituent en aucun cas une ordonnance ou une prescription. <\/p><\/blockquote>\n<\/li>\n<li>\n<blockquote><p>Les d\u00e9clarations et les liens vers les sites web qu&rsquo;il contient n&rsquo;ont pas \u00e9t\u00e9 \u00e9valu\u00e9s par la FDA ou les autorit\u00e9s internationales charg\u00e9es des produits alimentaires et pharmaceutiques.<\/p><\/blockquote>\n<\/li>\n<\/ul>\n","protected":false},"excerpt":{"rendered":"<p>COLLIER AYAHUASCA AVEC CHACRUNA - Un tr\u00e9sor spirituel de l&rsquo;Amazonie Qualit\u00e9 remarquable : COLLIER AYAHUASCA AVEC CHACRUNA - R\u00e9v\u00e9ler la magie de la for\u00eat tropicale Collier exquis AYAHUASCA AVEC CHACRUNA Description : Le collier AYAHUASCA AVEC CHACRUNA est plus qu&rsquo;un simple bijou ; c&rsquo;est une pi\u00e8ce unique, fabriqu\u00e9e \u00e0 la main, qui renferme l&rsquo;essence spirituelle [&hellip;]<\/p>\n","protected":false},"featured_media":62824,"comment_status":"open","ping_status":"closed","template":"","meta":{"_joinchat":[]},"product_brand":[242],"product_cat":[3162,2618],"product_tag":[2895],"giftcard-category":[],"class_list":{"0":"post-29068","1":"product","2":"type-product","3":"status-publish","4":"has-post-thumbnail","6":"product_brand-ok-natura","7":"product_cat-amazon-art-a-vendre","8":"product_cat-nouveautes-a-vendre","9":"product_tag-ayahuasca-fr","10":"product_shipping_class-general-shipping-fr","11":"pa_6086def09b6b91619451632-ayahuasca-necklace-chacruna-handmade-piece-original-unique-item-01-und-arte-829-jpgoptimized921663c0c14b67aca6a7e264b57fca92id29558854418584pid6644052754584original_filenamecoll-fr","12":"pa_badge-1-bilan","13":"pa_description_tag-decouvrez-la-fusion-de-lelegance-et-de-la-spiritualite-avec-le-collier-ayahuasca-de-chacruna-ameliorez-votre-style-et-embrassez-des-significations-plus-profondes-des-aujourdhui","14":"pa_rating-scale_min1-0scale_max5-0value5-0","15":"pa_rating_count-1-fr","16":"pa_review_count-28-fr","17":"pa_review_enabled-1-fr","18":"pa_review_rating-5-fr","19":"pa_talla-01-und-fr","20":"pa_title_tag-ayahuasca-necklace-with-chacruna-piece-dayahuasca-faite-a-la-main","21":"pa_widget-jdgm-rev-widg-display-none-avis-des-clients-base-sur-1-avis-ecrire-un-avis-100-1-0-0-0-0-0-0-0-0-s","23":"first","24":"instock","25":"sale","26":"shipping-taxable","27":"purchasable","28":"product-type-variable"},"_links":{"self":[{"href":"https:\/\/oknatura.com\/fr\/wp-json\/wp\/v2\/product\/29068","targetHints":{"allow":["GET"]}}],"collection":[{"href":"https:\/\/oknatura.com\/fr\/wp-json\/wp\/v2\/product"}],"about":[{"href":"https:\/\/oknatura.com\/fr\/wp-json\/wp\/v2\/types\/product"}],"replies":[{"embeddable":true,"href":"https:\/\/oknatura.com\/fr\/wp-json\/wp\/v2\/comments?post=29068"}],"version-history":[{"count":2,"href":"https:\/\/oknatura.com\/fr\/wp-json\/wp\/v2\/product\/29068\/revisions"}],"predecessor-version":[{"id":65404,"href":"https:\/\/oknatura.com\/fr\/wp-json\/wp\/v2\/product\/29068\/revisions\/65404"}],"wp:featuredmedia":[{"embeddable":true,"href":"https:\/\/oknatura.com\/fr\/wp-json\/wp\/v2\/media\/62824"}],"wp:attachment":[{"href":"https:\/\/oknatura.com\/fr\/wp-json\/wp\/v2\/media?parent=29068"}],"wp:term":[{"taxonomy":"product_brand","embeddable":true,"href":"https:\/\/oknatura.com\/fr\/wp-json\/wp\/v2\/product_brand?post=29068"},{"taxonomy":"product_cat","embeddable":true,"href":"https:\/\/oknatura.com\/fr\/wp-json\/wp\/v2\/product_cat?post=29068"},{"taxonomy":"product_tag","embeddable":true,"href":"https:\/\/oknatura.com\/fr\/wp-json\/wp\/v2\/product_tag?post=29068"},{"taxonomy":"giftcard-category","embeddable":true,"href":"https:\/\/oknatura.com\/fr\/wp-json\/wp\/v2\/giftcard-category?post=29068"}],"curies":[{"name":"wp","href":"https:\/\/api.w.org\/{rel}","templated":true}]}}