{"id":30070,"date":"2021-03-04T17:31:12","date_gmt":"2021-03-04T17:31:12","guid":{"rendered":"https:\/\/oknatura.com\/products\/rape-snuff-yopo-5gr-a-100gr-anadenanthera-peregrina-100-naturel"},"modified":"2025-06-12T13:34:16","modified_gmt":"2025-06-12T18:34:16","slug":"rape-snuff-vente-yopo-anadenanthera-peregrina","status":"publish","type":"product","link":"https:\/\/oknatura.com\/fr\/produits\/rape-snuff-vente-yopo-anadenanthera-peregrina\/","title":{"rendered":"RAP\u00c9 SNUFF - YOPO \/ 5gr \u00e0 100gr \/ -(Anadenanthera Peregrina) - 100 % Naturel"},"content":{"rendered":"<h1>VIOL SNUFF YOPO : Une passerelle vers la sagesse ancienne<\/h1>\n<p><strong>Qualit\u00e9 remarquable :<\/strong><\/p>\n<p><strong>VIOL SNUFF YOPO : D\u00e9bloquer les connaissances spirituelles avec Anadenanthera Peregrina<\/strong><\/p>\n<h2>D\u00e9couvrir RAPE SNUFF YOPO<\/h2>\n<p><strong>Description :<\/strong><\/p>\n<p>Bienvenue dans le monde de RAPE SNUFF YOPO, un produit sacr\u00e9 qui, depuis des si\u00e8cles, permet d&rsquo;acc\u00e9der \u00e0 une sagesse ancienne et \u00e0 des connaissances spirituelles. Dans ce guide complet, nous nous pencherons sur la riche histoire, les utilisations traditionnelles et moins connues, les avantages, les consid\u00e9rations de s\u00e9curit\u00e9 et les recommandations d&rsquo;experts concernant l&rsquo;utilisation de RAPE SNUFF YOPO. \u00c0 la fin de ce voyage, vous aurez envie d&rsquo;exp\u00e9rimenter par vous-m\u00eame les effets profonds de ce produit. Ne manquez pas l&rsquo;occasion d&rsquo;acheter RAPE SNUFF YOPO dans notre boutique en ligne et de vous engager sur la voie de la d\u00e9couverte de soi et de l&rsquo;illumination.<\/p>\n<h2>Utilisations traditionnelles et moins connues<\/h2>\n<p><strong>Utilisations traditionnelles :<\/strong><\/p>\n<ul>\n<li><strong>\u00c9veil spirituel :<\/strong> RAPE SNUFF YOPO a jou\u00e9 un r\u00f4le central dans les rituels indig\u00e8nes, reliant les individus \u00e0 leur moi spirituel et au cosmos. Elle est utilis\u00e9e depuis des si\u00e8cles pour faciliter de profonds \u00e9veils spirituels.<\/li>\n<li><strong>Pratiques chamaniques :<\/strong> Dans les c\u00e9r\u00e9monies chamaniques, le yopo est utilis\u00e9 pour purifier l&rsquo;esprit, induire des \u00e9tats de conscience alt\u00e9r\u00e9s et entrer en contact avec le monde des esprits.<\/li>\n<\/ul>\n<p><strong>Applications moins connues :<\/strong><\/p>\n<ul>\n<li><strong>Clart\u00e9 mentale :<\/strong> Certains utilisateurs font \u00e9tat d&rsquo;une clart\u00e9 mentale accrue, d&rsquo;une meilleure concentration et d&rsquo;un sentiment g\u00e9n\u00e9ral de paix int\u00e9rieure apr\u00e8s avoir utilis\u00e9 RAPE SNUFF YOPO.<\/li>\n<li><strong>\u00c9quilibre \u00e9motionnel :<\/strong> RAPE SNUFF YOPO peut offrir le b\u00e9n\u00e9fice inattendu de l&rsquo;\u00e9quilibre \u00e9motionnel, en r\u00e9duisant l&rsquo;anxi\u00e9t\u00e9 et en apportant un sentiment d&rsquo;harmonie \u00e9motionnelle.<\/li>\n<\/ul>\n<h2>Le pour et le contre de RAPE SNUFF YOPO<\/h2>\n<p><strong>Le pour (les avantages) :<\/strong><\/p>\n<ul>\n<li><strong>L&rsquo;\u00e9veil spirituel :<\/strong> De nombreuses personnes font l&rsquo;exp\u00e9rience d&rsquo;un profond \u00e9veil spirituel, d&rsquo;une plus grande conscience de soi et d&rsquo;une connexion plus profonde avec l&rsquo;univers.<\/li>\n<li><strong>Clart\u00e9 mentale et \u00e9motionnelle :<\/strong> Est r\u00e9put\u00e9 pour am\u00e9liorer la clart\u00e9 mentale et l&rsquo;\u00e9quilibre \u00e9motionnel.<\/li>\n<li><strong>Nettoyage et purification :<\/strong> Les utilisateurs d\u00e9clarent souvent se sentir purifi\u00e9s physiquement et spirituellement apr\u00e8s l&rsquo;utilisation.<\/li>\n<\/ul>\n<p><strong>Les inconv\u00e9nients (avertissements et s\u00e9curit\u00e9) :<\/strong><\/p>\n<ul>\n<li><strong>Utilisation respectueuse :<\/strong> Abordez RAPE SNUFF YOPO avec respect et intention, en reconnaissant son r\u00f4le sacr\u00e9 dans la vie de ceux qui l&rsquo;utilisent.<\/li>\n<li><strong>Sensibilit\u00e9 individuelle :<\/strong> Les effets peuvent varier consid\u00e9rablement d&rsquo;une personne \u00e0 l&rsquo;autre, certains individus \u00e9tant plus sensibles \u00e0 leur impact.<\/li>\n<\/ul>\n<h2>Instructions et recommandations<\/h2>\n<p>Pour profiter pleinement du potentiel de RAPE SNUFF YOPO, suivez ces recommandations :<\/p>\n<ol>\n<li><strong>Commencez lentement :<\/strong> Commencez votre voyage par de petites doses et augmentez progressivement afin d&rsquo;\u00e9viter les exp\u00e9riences accablantes.<\/li>\n<li><strong>Pr\u00e9parez votre espace :<\/strong> Cr\u00e9ez un environnement serein et sacr\u00e9 en accord avec les traditions de son utilisation.<\/li>\n<li><strong>Fixer des intentions :<\/strong> Abordez votre exp\u00e9rience avec une intention claire, en reconnaissant le potentiel de compr\u00e9hension spirituelle et d&rsquo;harmonie \u00e9motionnelle.<\/li>\n<li><strong>Consid\u00e9rations juridiques :<\/strong> Renseignez-vous toujours sur le statut juridique de ce produit dans votre r\u00e9gion afin d&rsquo;\u00e9viter toute complication juridique potentielle.<\/li>\n<\/ol>\n<h2>Autres noms pour RAPE SNUFF YOPO<\/h2>\n<p>RAPE SNUFF YOPO peut \u00eatre reconnu sous diff\u00e9rents noms, y compris :<\/p>\n<ul>\n<li><strong>Yopo Snuff<\/strong><\/li>\n<li><strong>Anadenanthera Peregrina tabac \u00e0 priser<\/strong><\/li>\n<li><strong>M\u00e9lange chamanique d&rsquo;\u00e9veil<\/strong><\/li>\n<\/ul>\n<h2>Conclusion : Commencez votre voyage avec RAPE SNUFF YOPO<\/h2>\n<p>En conclusion, RAPE SNUFF YOPO offre une occasion unique de s&rsquo;immerger dans les traditions des rituels anciens tout en gagnant en clart\u00e9 mentale et en \u00e9quilibre \u00e9motionnel. Ne manquez pas l&rsquo;occasion de commencer votre voyage de d\u00e9couverte de soi et d&rsquo;illumination.<\/p>\n<blockquote><p><strong>Remarque :<\/strong><\/p>\n<p>Les produits OK Natural sont obtenus et vendus \u00e0 l&rsquo;\u00e9tat pur et d&rsquo;origine 100 % naturelle aux communaut\u00e9s autochtones. Ils ne contiennent aucun pesticide, produit chimique, herbicide ou autre substance artificielle. <\/p>\n<p><strong>Avis de non-responsabilit\u00e9 :<\/strong><\/p><\/blockquote>\n<ul>\n<li>\n<blockquote><p>Tous les produits sont l\u00e9gaux dans notre pays d&rsquo;origine, il est de la responsabilit\u00e9 du client de v\u00e9rifier leur l\u00e9galit\u00e9 dans le pays de destination.<\/p><\/blockquote>\n<\/li>\n<li>\n<blockquote><p>L&rsquo;utilisation de ces produits naturels ne remplace pas une consultation m\u00e9dicale.<\/p><\/blockquote>\n<\/li>\n<li>\n<blockquote><p>Il n&rsquo;implique en aucun cas des all\u00e9gations m\u00e9dicales concernant la capacit\u00e9 ou l&rsquo;efficacit\u00e9 de l&rsquo;un de nos produits \u00e0 traiter, pr\u00e9venir ou att\u00e9nuer une maladie ou un malaise.<\/p><\/blockquote>\n<\/li>\n<li>\n<blockquote><p>L&rsquo;utilisation et l&rsquo;application de nos produits rel\u00e8vent de la responsabilit\u00e9 exclusive du client.<\/p><\/blockquote>\n<\/li>\n<li>\n<blockquote><p>Les effets de ce produit sont confirm\u00e9s par l&rsquo;exp\u00e9rience empirique de la m\u00e9decine traditionnelle ancienne avec d&rsquo;excellents r\u00e9sultats.<\/p><\/blockquote>\n<\/li>\n<li>\n<blockquote><p>L&rsquo;absence d&rsquo;effets secondaires nocifs si le m\u00e9dicament est administr\u00e9 \u00e0 la bonne dose. Mais les informations identifi\u00e9es ici ne constituent en aucun cas une ordonnance ou une prescription. <\/p><\/blockquote>\n<\/li>\n<li>\n<blockquote><p>Les d\u00e9clarations et les liens vers les sites web qu&rsquo;il contient n&rsquo;ont pas \u00e9t\u00e9 \u00e9valu\u00e9s par la FDA ou les autorit\u00e9s internationales charg\u00e9es des produits alimentaires et pharmaceutiques.<\/p><\/blockquote>\n<\/li>\n<\/ul>\n","protected":false},"excerpt":{"rendered":"<p>VIOL SNUFF YOPO : Une passerelle vers la sagesse ancienne Qualit\u00e9 remarquable : VIOL SNUFF YOPO : D\u00e9bloquer les connaissances spirituelles avec Anadenanthera Peregrina D\u00e9couvrir RAPE SNUFF YOPO Description : Bienvenue dans le monde de RAPE SNUFF YOPO, un produit sacr\u00e9 qui, depuis des si\u00e8cles, permet d&rsquo;acc\u00e9der \u00e0 une sagesse ancienne et \u00e0 des connaissances [&hellip;]<\/p>\n","protected":false},"featured_media":61360,"comment_status":"open","ping_status":"closed","template":"","meta":{"_joinchat":[]},"product_brand":[242],"product_cat":[2618,2733],"product_tag":[],"giftcard-category":[],"class_list":{"0":"post-30070","1":"product","2":"type-product","3":"status-publish","4":"has-post-thumbnail","6":"product_brand-ok-natura","7":"product_cat-nouveautes-a-vendre","8":"product_cat-rape-fr","9":"product_shipping_class-general-shipping-fr","10":"pa_607fbe3cedc9a1618984508-rape-snuff-yopo-5gr-100gr-anadenanthera-peregrina-100-natural-943-jpgoptimized921663c0c14b67aca6a7e264b57fca92id29374549688472pid6556820504728original_filenamerape0_efea6405-ceb","11":"pa_badge-2-revues","12":"pa_description_tag-composition-tabac-cendres-de-lecorce-de-yopo-intensite-tres-forte-utilisation-connexion-spirituelle-utilisation-medicale-induit-la-conscience-libere-la-bonne-humeur","13":"pa_rating-scale_min1-0scale_max5-0value5-0","14":"pa_rating_count-2-fr","15":"pa_review_count-75-fr","16":"pa_review_enabled-1-fr","17":"pa_review_rating-5-fr","18":"pa_talla-100gr-fr","19":"pa_talla-10gr-fr","20":"pa_talla-1kg-fr-2","21":"pa_talla-20gr-fr","22":"pa_talla-30gr-fr-2","23":"pa_talla-4kg-fr","24":"pa_talla-50gr-fr","25":"pa_talla-5gr-fr","26":"pa_title_tag-yopo-rape-snuff-vendu-anadenanthera-peregrina-ash","27":"pa_widget-jdgm-rev-widg-display-none-avis-des-clients-base-sur-2-avis-ecrire-un-avis-100-2-0-0-0-0-0-0-0-0-r","29":"first","30":"instock","31":"sale","32":"shipping-taxable","33":"purchasable","34":"product-type-variable"},"_links":{"self":[{"href":"https:\/\/oknatura.com\/fr\/wp-json\/wp\/v2\/product\/30070","targetHints":{"allow":["GET"]}}],"collection":[{"href":"https:\/\/oknatura.com\/fr\/wp-json\/wp\/v2\/product"}],"about":[{"href":"https:\/\/oknatura.com\/fr\/wp-json\/wp\/v2\/types\/product"}],"replies":[{"embeddable":true,"href":"https:\/\/oknatura.com\/fr\/wp-json\/wp\/v2\/comments?post=30070"}],"version-history":[{"count":1,"href":"https:\/\/oknatura.com\/fr\/wp-json\/wp\/v2\/product\/30070\/revisions"}],"predecessor-version":[{"id":47540,"href":"https:\/\/oknatura.com\/fr\/wp-json\/wp\/v2\/product\/30070\/revisions\/47540"}],"wp:featuredmedia":[{"embeddable":true,"href":"https:\/\/oknatura.com\/fr\/wp-json\/wp\/v2\/media\/61360"}],"wp:attachment":[{"href":"https:\/\/oknatura.com\/fr\/wp-json\/wp\/v2\/media?parent=30070"}],"wp:term":[{"taxonomy":"product_brand","embeddable":true,"href":"https:\/\/oknatura.com\/fr\/wp-json\/wp\/v2\/product_brand?post=30070"},{"taxonomy":"product_cat","embeddable":true,"href":"https:\/\/oknatura.com\/fr\/wp-json\/wp\/v2\/product_cat?post=30070"},{"taxonomy":"product_tag","embeddable":true,"href":"https:\/\/oknatura.com\/fr\/wp-json\/wp\/v2\/product_tag?post=30070"},{"taxonomy":"giftcard-category","embeddable":true,"href":"https:\/\/oknatura.com\/fr\/wp-json\/wp\/v2\/giftcard-category?post=30070"}],"curies":[{"name":"wp","href":"https:\/\/api.w.org\/{rel}","templated":true}]}}