{"id":31074,"date":"2021-03-02T15:11:35","date_gmt":"2021-03-02T15:11:35","guid":{"rendered":"https:\/\/oknatura.com\/products\/ayapana-powder-200gr-a-2kg-ayapana-triplinervis-herbes-en-poudre-100-naturelles-plante-entiere"},"modified":"2025-06-12T13:44:29","modified_gmt":"2025-06-12T18:44:29","slug":"ayapana-a-vendre-poudre-ayapana-triplinervis","status":"publish","type":"product","link":"https:\/\/oknatura.com\/fr\/produits\/ayapana-a-vendre-poudre-ayapana-triplinervis\/","title":{"rendered":"AYAPANA POWDER \/ 200gr \u00e0 2kg - ( Ayapana Triplinervis ) - Herbes en poudre 100% naturelles PLANTE ENTI\u00c8RE"},"content":{"rendered":"<h1>POUDRE D&rsquo;AYAPANA : Explorer les merveilles de l&rsquo;Ayapana Triplinervis<\/h1>\n<p>Bienvenue dans le monde de la <strong>poudre d&rsquo;Ayapana<\/strong>, un produit remarquable d\u00e9riv\u00e9 de l&rsquo;extraordinaire plante Ayapana Triplinervis. Dans ce guide approfondi, nous examinerons les principales qualit\u00e9s de ce produit, ses applications polyvalentes, ses avantages potentiels et les consid\u00e9rations essentielles en mati\u00e8re de s\u00e9curit\u00e9. Vous recevrez \u00e9galement des instructions \u00e9tape par \u00e9tape sur la fa\u00e7on d&rsquo;exploiter le pouvoir de la poudre d&rsquo;ayapan, ainsi que des informations sur ses alias moins connus. \u00c0 la fin de ce voyage, nous souhaitons vous inciter \u00e0 lib\u00e9rer le potentiel de ce tr\u00e9sor naturel et vous motiver \u00e0 passer \u00e0 l&rsquo;action.<\/p>\n<h2>Le cadeau de la nature<\/h2>\n<p><strong>R\u00e9v\u00e9ler la qualit\u00e9 la plus remarquable de la poudre d&rsquo;Ayapana<\/strong><\/p>\n<p>Au fond, Ayapan Powder est une c\u00e9l\u00e9bration de la qualit\u00e9 la plus remarquable de la plante Ayapana Triplinervis - ses applications th\u00e9rapeutiques potentielles.<\/p>\n<h2>Utilisations traditionnelles et moins connues<\/h2>\n<p><strong>Applications traditionnelles :<\/strong><\/p>\n<ul>\n<li><strong>Rem\u00e8de \u00e0 base de<\/strong> plantes <strong>:<\/strong> il est traditionnellement utilis\u00e9 comme rem\u00e8de \u00e0 base de plantes pour soigner diverses affections. Il est utilis\u00e9 depuis longtemps pour ses propri\u00e9t\u00e9s curatives potentielles.<\/li>\n<li><strong>Sant\u00e9 respiratoire :<\/strong> Est r\u00e9put\u00e9 pour son potentiel de soutien \u00e0 la sant\u00e9 respiratoire. Il est couramment utilis\u00e9 pour soulager les sympt\u00f4mes des affections respiratoires.<\/li>\n<\/ul>\n<p><strong>Potentiel cach\u00e9 :<\/strong><\/p>\n<ul>\n<li><strong>Aide \u00e0 la digestion :<\/strong> Moins connue, la poudre d&rsquo;ayapan peut avoir des effets b\u00e9n\u00e9fiques sur la digestion. Il est traditionnellement utilis\u00e9 pour favoriser une bonne digestion.<\/li>\n<li><strong>Cicatrisation des plaies :<\/strong> Le potentiel de l&rsquo;Ayapan pour la cicatrisation des plaies est un domaine d&rsquo;\u00e9tude \u00e9mergent, et ses propri\u00e9t\u00e9s peuvent contribuer \u00e0 cet aspect de la sant\u00e9.<\/li>\n<\/ul>\n<h2>Avantages et inconv\u00e9nients<\/h2>\n<p><strong>Le pour (les avantages) :<\/strong><\/p>\n<ul>\n<li><strong>Potentiel th\u00e9rapeutique :<\/strong> La poudre d&rsquo;Ayapan a des applications th\u00e9rapeutiques potentielles et peut contribuer \u00e0 la sant\u00e9 respiratoire, \u00e0 la digestion et \u00e0 la cicatrisation des plaies.<\/li>\n<li><strong>Rem\u00e8de naturel :<\/strong> Il s&rsquo;agit d&rsquo;un rem\u00e8de naturel auquel on fait confiance depuis des g\u00e9n\u00e9rations pour ses propri\u00e9t\u00e9s curatives potentielles.<\/li>\n<li><strong>Utilisation polyvalente :<\/strong> Peut \u00eatre utilis\u00e9 sous diverses formes, notamment sous forme de th\u00e9s, de teintures ou d&rsquo;applications topiques.<\/li>\n<\/ul>\n<p><strong>Les inconv\u00e9nients (avertissements et s\u00e9curit\u00e9) :<\/strong><\/p>\n<ul>\n<li><strong>Consid\u00e9ration de la posologie :<\/strong> Il est essentiel de respecter les doses recommand\u00e9es et les directives d&rsquo;utilisation afin d&rsquo;\u00e9viter les effets secondaires potentiels.<\/li>\n<li><strong>Grossesse et allaitement :<\/strong> La poudre d&rsquo;Ayapan doit \u00eatre utilis\u00e9e avec prudence par les femmes enceintes ou allaitantes, et il est conseill\u00e9 de consulter un professionnel de la sant\u00e9.<\/li>\n<\/ul>\n<h2>Tirer le meilleur parti de la poudre d&rsquo;ayapana<\/h2>\n<p>Pour exploiter pleinement le potentiel de la poudre Ayapan, tenez compte des instructions et recommandations suivantes :<\/p>\n<ol>\n<li><strong>Rem\u00e8des traditionnels :<\/strong> Si vous utilisez la poudre Ayapana pour la sant\u00e9 respiratoire, suivez les m\u00e9thodes de pr\u00e9paration traditionnelles pour les th\u00e9s et les teintures.<\/li>\n<li><strong>Soutien digestif :<\/strong> Pour la sant\u00e9 digestive, explorez son potentiel en incorporant la poudre d&rsquo;Ayapana \u00e0 votre r\u00e9gime alimentaire.<\/li>\n<li><strong>Cicatrisation des plaies :<\/strong> Si vous envisagez d&rsquo;utiliser la poudre d&rsquo;ayapan pour la cicatrisation des plaies, utilisez-la localement sous forme de cataplasme ou de compresse, sous surveillance m\u00e9dicale.<\/li>\n<\/ol>\n<h2>Autres noms pour la poudre d&rsquo;Ayapana<\/h2>\n<p>Ayapana Triplinervis est connu sous diff\u00e9rents noms, notamment \u00ab\u00a0Ayapan\u00a0\u00bb, \u00ab\u00a0Yerba de Cristo\u00a0\u00bb et \u00ab\u00a0Herbe du Christ\u00a0\u00bb, refl\u00e9tant sa signification culturelle et r\u00e9gionale.<\/p>\n<h2>Le pouvoir de gu\u00e9rison de la poudre d&rsquo;ayapana<\/h2>\n<p>En conclusion, la poudre d&rsquo;Ayapana, issue de la plante Ayapan Triplinervis, t\u00e9moigne de ses applications th\u00e9rapeutiques potentielles pour la sant\u00e9 respiratoire, la digestion et la cicatrisation des plaies. Que vous soyez \u00e0 la recherche d&rsquo;un rem\u00e8de naturel ou que vous exploriez ses bienfaits moins connus, la poudre d&rsquo;Ayapan offre une approche holistique du bien-\u00eatre. Ne manquez pas l&rsquo;occasion de d\u00e9couvrir le pouvoir curatif d&rsquo;Ayapan et d&rsquo;ajouter \u00e0 votre vie une touche d&rsquo;\u00e9merveillement naturel.  <\/p>\n<blockquote><p><strong>Remarque :<\/strong><\/p>\n<p>Les produits OK Natural sont obtenus et vendus \u00e0 l&rsquo;\u00e9tat pur et d&rsquo;origine 100 % naturelle aux communaut\u00e9s autochtones. Ils ne contiennent aucun pesticide, produit chimique, herbicide ou autre substance artificielle. <\/p>\n<p><strong>Avis de non-responsabilit\u00e9 :<\/strong><\/p><\/blockquote>\n<ul>\n<li>\n<blockquote><p>Tous les produits sont l\u00e9gaux dans notre pays d&rsquo;origine, il est de la responsabilit\u00e9 du client de v\u00e9rifier leur l\u00e9galit\u00e9 dans le pays de destination.<\/p><\/blockquote>\n<\/li>\n<li>\n<blockquote><p>L&rsquo;utilisation de ces produits naturels ne remplace pas une consultation m\u00e9dicale.<\/p><\/blockquote>\n<\/li>\n<li>\n<blockquote><p>Il n&rsquo;implique en aucun cas des all\u00e9gations m\u00e9dicales concernant la capacit\u00e9 ou l&rsquo;efficacit\u00e9 de l&rsquo;un de nos produits \u00e0 traiter, pr\u00e9venir ou att\u00e9nuer une maladie ou un malaise.<\/p><\/blockquote>\n<\/li>\n<li>\n<blockquote><p>L&rsquo;utilisation et l&rsquo;application de nos produits rel\u00e8vent de la responsabilit\u00e9 exclusive du client.<\/p><\/blockquote>\n<\/li>\n<li>\n<blockquote><p>Les effets de ce produit sont confirm\u00e9s par l&rsquo;exp\u00e9rience empirique de la m\u00e9decine traditionnelle ancienne avec d&rsquo;excellents r\u00e9sultats.<\/p><\/blockquote>\n<\/li>\n<li>\n<blockquote><p>L&rsquo;absence d&rsquo;effets secondaires nocifs si le m\u00e9dicament est administr\u00e9 \u00e0 la bonne dose. Mais les informations identifi\u00e9es ici ne constituent en aucun cas une ordonnance ou une prescription. <\/p><\/blockquote>\n<\/li>\n<li>\n<blockquote><p>Les d\u00e9clarations et les liens vers les sites web qu&rsquo;il contient n&rsquo;ont pas \u00e9t\u00e9 \u00e9valu\u00e9s par la FDA ou les autorit\u00e9s internationales charg\u00e9es des produits alimentaires et pharmaceutiques.<\/p><\/blockquote>\n<\/li>\n<\/ul>\n","protected":false},"excerpt":{"rendered":"<p>POUDRE D&rsquo;AYAPANA : Explorer les merveilles de l&rsquo;Ayapana Triplinervis Bienvenue dans le monde de la poudre d&rsquo;Ayapana, un produit remarquable d\u00e9riv\u00e9 de l&rsquo;extraordinaire plante Ayapana Triplinervis. Dans ce guide approfondi, nous examinerons les principales qualit\u00e9s de ce produit, ses applications polyvalentes, ses avantages potentiels et les consid\u00e9rations essentielles en mati\u00e8re de s\u00e9curit\u00e9. Vous recevrez \u00e9galement [&hellip;]<\/p>\n","protected":false},"featured_media":60936,"comment_status":"open","ping_status":"closed","template":"","meta":{"_joinchat":[]},"product_brand":[242],"product_cat":[2671,2618],"product_tag":[],"giftcard-category":[],"class_list":{"0":"post-31074","1":"product","2":"type-product","3":"status-publish","4":"has-post-thumbnail","6":"product_brand-ok-natura","7":"product_cat-herbes-exotiques-a-vendre","8":"product_cat-nouveautes-a-vendre","9":"product_shipping_class-general-shipping-fr","10":"pa_60777ddb260da1618443739-ayapana-powder-200gr-2kg-triplinervis-herbs-powdered-100-natural-plant-hierbas-824-jpgoptimized921663c0c14b67aca6a7e264b57fca92id29073923506328pid6552233509016original_filenamep","11":"pa_badge-1-bilan","12":"pa_description_tag-decouvrez-les-bienfaits-de-la-poudre-ayapana-decouvrez-le-bien-etre-de-la-nature-en-sirotant-ce-melange-rajeunissant-ameliorez-votre-sante-des-aujourdhui-achetez-le-ici","13":"pa_rating-scale_min1-0scale_max5-0value5-0","14":"pa_rating_count-1-fr","15":"pa_review_count-22-fr","16":"pa_review_enabled-1-fr","17":"pa_review_rating-5-fr","18":"pa_talla-1kg-fr-2","19":"pa_talla-200gr-fr","20":"pa_talla-2kg-fr","21":"pa_talla-500gr-fr","22":"pa_title_tag-ayapana-en-poudre-a-vendre-ayapana-triplinervis-plante-entiere","23":"pa_widget-jdgm-rev-widg-display-none-avis-des-clients-base-sur-1-avis-ecrire-un-avis-100-1-0-0-0-0-0-0-0-0-a","25":"first","26":"instock","27":"sale","28":"shipping-taxable","29":"purchasable","30":"product-type-variable"},"_links":{"self":[{"href":"https:\/\/oknatura.com\/fr\/wp-json\/wp\/v2\/product\/31074","targetHints":{"allow":["GET"]}}],"collection":[{"href":"https:\/\/oknatura.com\/fr\/wp-json\/wp\/v2\/product"}],"about":[{"href":"https:\/\/oknatura.com\/fr\/wp-json\/wp\/v2\/types\/product"}],"replies":[{"embeddable":true,"href":"https:\/\/oknatura.com\/fr\/wp-json\/wp\/v2\/comments?post=31074"}],"version-history":[{"count":1,"href":"https:\/\/oknatura.com\/fr\/wp-json\/wp\/v2\/product\/31074\/revisions"}],"predecessor-version":[{"id":51478,"href":"https:\/\/oknatura.com\/fr\/wp-json\/wp\/v2\/product\/31074\/revisions\/51478"}],"wp:featuredmedia":[{"embeddable":true,"href":"https:\/\/oknatura.com\/fr\/wp-json\/wp\/v2\/media\/60936"}],"wp:attachment":[{"href":"https:\/\/oknatura.com\/fr\/wp-json\/wp\/v2\/media?parent=31074"}],"wp:term":[{"taxonomy":"product_brand","embeddable":true,"href":"https:\/\/oknatura.com\/fr\/wp-json\/wp\/v2\/product_brand?post=31074"},{"taxonomy":"product_cat","embeddable":true,"href":"https:\/\/oknatura.com\/fr\/wp-json\/wp\/v2\/product_cat?post=31074"},{"taxonomy":"product_tag","embeddable":true,"href":"https:\/\/oknatura.com\/fr\/wp-json\/wp\/v2\/product_tag?post=31074"},{"taxonomy":"giftcard-category","embeddable":true,"href":"https:\/\/oknatura.com\/fr\/wp-json\/wp\/v2\/giftcard-category?post=31074"}],"curies":[{"name":"wp","href":"https:\/\/api.w.org\/{rel}","templated":true}]}}