{"id":31170,"date":"2021-02-28T15:40:57","date_gmt":"2021-02-28T15:40:57","guid":{"rendered":"https:\/\/oknatura.com\/products\/lucuma-50gr-a-1kg-pouteria-lucuma-poudre-100-naturelle"},"modified":"2025-06-12T13:32:11","modified_gmt":"2025-06-12T18:32:11","slug":"lucuma-a-vendre-pouteria-lucuma-poudre","status":"publish","type":"product","link":"https:\/\/oknatura.com\/fr\/produits\/lucuma-a-vendre-pouteria-lucuma-poudre\/","title":{"rendered":"L\u00daCUMA \/ 50gr \u00e0 1kg - (Pouteria Lucuma) - Poudre 100 % naturelle"},"content":{"rendered":"<h1>L\u00daCUMA : Le superaliment sucr\u00e9 de la nature<\/h1>\n<p><strong>Qualit\u00e9 remarquable :<\/strong> <strong>L\u00daCUMA : l&rsquo;\u00e9dulcorant Superfood<\/strong><\/p>\n<h2>D\u00e9couvrir la merveille de L\u00daCUMA<\/h2>\n<p><strong>Description :<\/strong><\/p>\n<p>Bienvenue dans le monde de L\u00daCUMA, o\u00f9 les super-aliments de la nature occupent le devant de la sc\u00e8ne. Dans ce guide, nous allons plonger dans les secrets du L\u00daCUMA, en explorant ses utilisations traditionnelles et ses applications moins connues, sa multitude de bienfaits et quelques consid\u00e9rations pour une exp\u00e9rience s\u00fbre et satisfaisante. \u00c0 la fin de ce voyage, vous aurez envie d&rsquo;ajouter l&rsquo;Or des Incas \u00e0 votre vie quotidienne, et nous vous invitons \u00e0 acheter ce produit remarquable dans notre boutique en ligne s\u00e9curis\u00e9e.<\/p>\n<h2>Utilisations traditionnelles et moins connues<\/h2>\n<p><strong>Utilisations traditionnelles :<\/strong><\/p>\n<ul>\n<li><strong>Un ancien d\u00e9lice inca :<\/strong> La civilisation inca ch\u00e9rissait le L\u00daCUMA comme un fruit sacr\u00e9. On l&rsquo;appelait m\u00eame \u00ab\u00a0l&rsquo;or des Incas\u00a0\u00bb.<\/li>\n<li><strong>\u00c9dulcorant savoureux :<\/strong> Il s&rsquo;agit d&rsquo;un \u00e9dulcorant traditionnel dans la cuisine p\u00e9ruvienne et andine depuis des si\u00e8cles.<\/li>\n<\/ul>\n<p><strong>Applications moins connues :<\/strong><\/p>\n<ul>\n<li><strong>\u00c9dulcorant naturel :<\/strong> Inca&rsquo;s Gold est un \u00e9dulcorant \u00e0 faible taux glyc\u00e9mique id\u00e9al pour ceux qui recherchent une alternative plus saine au sucre.<\/li>\n<li><strong>Riche en nutriments :<\/strong> au-del\u00e0 du go\u00fbt sucr\u00e9, il est riche en nutriments essentiels tels que les fibres, les vitamines et les min\u00e9raux.<\/li>\n<\/ul>\n<h2>Avantages et inconv\u00e9nients de L\u00daCUMA<\/h2>\n<p><strong>Le pour (les avantages) :<\/strong><\/p>\n<ul>\n<li><strong>Faible taux de glyc\u00e9mie : le<\/strong> go\u00fbt sucr\u00e9 naturel d&rsquo;Inca&rsquo;s Gold ne provoque pas de pics de glyc\u00e9mie, ce qui le rend id\u00e9al pour les diab\u00e9tiques.<\/li>\n<li><strong>Plein de nutriments :<\/strong> C&rsquo;est un concentr\u00e9 de nutriments qui contient des vitamines, des min\u00e9raux et des antioxydants qui contribuent \u00e0 la sant\u00e9 g\u00e9n\u00e9rale.<\/li>\n<li><strong>Une saveur riche :<\/strong> La saveur unique de L\u00daCUMA, semblable \u00e0 celle de l&rsquo;\u00e9rable et de la patate douce, ajoute une touche d\u00e9licieuse \u00e0 de nombreuses recettes.<\/li>\n<\/ul>\n<p><strong>Les inconv\u00e9nients (avertissements et s\u00e9curit\u00e9) :<\/strong><\/p>\n<ul>\n<li><strong>R\u00e9actions allergiques :<\/strong> Bien que cela soit rare, certaines personnes peuvent \u00eatre allergiques \u00e0 l&rsquo;Inca&rsquo;s Gold. Commencez toujours par une petite quantit\u00e9 si vous d\u00e9butez.<\/li>\n<li><strong>Mod\u00e9ration :<\/strong> Comme tout \u00e9dulcorant, L\u00daCUMA doit \u00eatre utilis\u00e9 avec mod\u00e9ration dans le cadre d&rsquo;un r\u00e9gime alimentaire \u00e9quilibr\u00e9.<\/li>\n<\/ul>\n<h2>Instructions et recommandations<\/h2>\n<p>Pour tirer le meilleur parti des avantages de L\u00daCUMA, tenez compte des instructions et recommandations suivantes :<\/p>\n<ol>\n<li><strong>La qualit\u00e9 compte :<\/strong> Choisissez l&rsquo;or biologique Inca&rsquo;s Gold<\/li>\n<li>pour garantir la puret\u00e9 et la qualit\u00e9.<\/li>\n<li><strong>Dans la cuisine :<\/strong> Incorporez l&rsquo;or d&rsquo;Inca \u00e0 vos recettes pr\u00e9f\u00e9r\u00e9es, qu&rsquo;il s&rsquo;agisse de smoothies, de desserts, de flocons d&rsquo;avoine ou de yaourts.<\/li>\n<li><strong>Sucrez intelligemment :<\/strong> Utilisez-le comme \u00e9dulcorant naturel dans votre caf\u00e9, votre th\u00e9 ou vos p\u00e2tisseries sans culpabilit\u00e9.<\/li>\n<li><strong>D\u00e9couvrez la cr\u00e9ativit\u00e9 :<\/strong> Explorez le profil de saveur unique de l&rsquo;or d&rsquo;Inca et exp\u00e9rimentez de nouvelles cr\u00e9ations culinaires.<\/li>\n<\/ol>\n<h2>Autres noms pour L\u00daCUMA<\/h2>\n<p>L\u00daCUMA est parfois connu sous d&rsquo;autres noms, notamment :<\/p>\n<ul>\n<li><strong>L&rsquo;or des Incas<\/strong><\/li>\n<li><strong>\u00c9dulcorant L\u00daCUMA<\/strong><\/li>\n<li><strong>Aubergine<\/strong><\/li>\n<\/ul>\n<h2>Conclusion : La douceur de la nature<\/h2>\n<p>En conclusion, LUCUMA est un cadeau de la nature, v\u00e9n\u00e9r\u00e9 depuis des si\u00e8cles par les civilisations anciennes et appr\u00e9ci\u00e9 aujourd&rsquo;hui pour sa douceur naturelle et sa richesse nutritionnelle. Avec ses propri\u00e9t\u00e9s \u00e0 faible teneur en glyc\u00e9mie et sa saveur polyvalente, L\u00daCUMA est un super-aliment qui a sa place dans toutes les cuisines. Ne manquez pas l&rsquo;occasion d&rsquo;appr\u00e9cier la douceur de la nature - achetez Inca&rsquo;s Gold d\u00e8s maintenant et agr\u00e9mentez vos aventures culinaires d&rsquo;une touche d&rsquo;h\u00e9ritage inca.<\/p>\n<blockquote><p><strong>Remarque :<\/strong><\/p>\n<p>Les produits OK Natural sont obtenus et vendus \u00e0 l&rsquo;\u00e9tat pur et d&rsquo;origine 100 % naturelle aux communaut\u00e9s autochtones. Ils ne contiennent aucun pesticide, produit chimique, herbicide ou autre substance artificielle. <\/p>\n<p><strong>Avis de non-responsabilit\u00e9 :<\/strong><\/p><\/blockquote>\n<ul>\n<li>\n<blockquote><p>Tous les produits sont l\u00e9gaux dans notre pays d&rsquo;origine, il est de la responsabilit\u00e9 du client de v\u00e9rifier leur l\u00e9galit\u00e9 dans le pays de destination.<\/p><\/blockquote>\n<\/li>\n<li>\n<blockquote><p>L&rsquo;utilisation de ces produits naturels ne remplace pas une consultation m\u00e9dicale.<\/p><\/blockquote>\n<\/li>\n<li>\n<blockquote><p>Il n&rsquo;implique en aucun cas des all\u00e9gations m\u00e9dicales concernant la capacit\u00e9 ou l&rsquo;efficacit\u00e9 de l&rsquo;un de nos produits \u00e0 traiter, pr\u00e9venir ou att\u00e9nuer une maladie ou un malaise.<\/p><\/blockquote>\n<\/li>\n<li>\n<blockquote><p>L&rsquo;utilisation et l&rsquo;application de nos produits rel\u00e8vent de la responsabilit\u00e9 exclusive du client.<\/p><\/blockquote>\n<\/li>\n<li>\n<blockquote><p>Les effets de ce produit sont confirm\u00e9s par l&rsquo;exp\u00e9rience empirique de la m\u00e9decine traditionnelle ancienne avec d&rsquo;excellents r\u00e9sultats.<\/p><\/blockquote>\n<\/li>\n<li>\n<blockquote><p>L&rsquo;absence d&rsquo;effets secondaires nocifs si le m\u00e9dicament est administr\u00e9 \u00e0 la bonne dose. Mais les informations identifi\u00e9es ici ne constituent en aucun cas une ordonnance ou une prescription. <\/p><\/blockquote>\n<\/li>\n<li>\n<blockquote><p>Les d\u00e9clarations et les liens vers les sites web qu&rsquo;il contient n&rsquo;ont pas \u00e9t\u00e9 \u00e9valu\u00e9s par la FDA ou les autorit\u00e9s internationales charg\u00e9es des produits alimentaires et pharmaceutiques.<\/p><\/blockquote>\n<\/li>\n<\/ul>\n","protected":false},"excerpt":{"rendered":"<p>L\u00daCUMA : Le superaliment sucr\u00e9 de la nature Qualit\u00e9 remarquable : L\u00daCUMA : l&rsquo;\u00e9dulcorant Superfood D\u00e9couvrir la merveille de L\u00daCUMA Description : Bienvenue dans le monde de L\u00daCUMA, o\u00f9 les super-aliments de la nature occupent le devant de la sc\u00e8ne. Dans ce guide, nous allons plonger dans les secrets du L\u00daCUMA, en explorant ses utilisations [&hellip;]<\/p>\n","protected":false},"featured_media":60816,"comment_status":"open","ping_status":"closed","template":"","meta":{"_joinchat":[]},"product_brand":[242],"product_cat":[2618,2622],"product_tag":[],"giftcard-category":[],"class_list":{"0":"post-31170","1":"product","2":"type-product","3":"status-publish","4":"has-post-thumbnail","6":"product_brand-ok-natura","7":"product_cat-nouveautes-a-vendre","8":"product_cat-super-aliments-a-la-vente","9":"product_shipping_class-general-shipping-fr","10":"pa_604fde28182891615846952-lucuma-50gr-1kg-pouteria-powder-100-natural-superalimentos-196-jpgoptimized921663c0c14b67aca6a7e264b57fca92id28461817397400pid6548342309016original_filenamelucuma-jpgvariant_","11":"pa_badge-1-bilan","12":"pa_description_tag-saviez-vous-que-la-lucuma-est-chargee-de-proprietes-benefiques-pour-lorganisme-et-quelle-vous-permet-egalement-deliminer-le-sucre-de-votre-alimentation","13":"pa_rating-scale_min1-0scale_max5-0value5-0","14":"pa_rating_count-1-fr","15":"pa_review_count-30-fr","16":"pa_review_enabled-1-fr","17":"pa_review_rating-5-fr","18":"pa_title_tag-lucuma-a-vendre-pouteria-lucuma-poudre-100-naturelle","19":"pa_widget-jdgm-rev-widg-display-none-avis-des-clients-base-sur-1-avis-ecrire-un-avis-100-1-0-0-0-0-0-0-0-0-c","21":"first","22":"instock","23":"sale","24":"shipping-taxable","25":"purchasable","26":"product-type-variable"},"_links":{"self":[{"href":"https:\/\/oknatura.com\/fr\/wp-json\/wp\/v2\/product\/31170","targetHints":{"allow":["GET"]}}],"collection":[{"href":"https:\/\/oknatura.com\/fr\/wp-json\/wp\/v2\/product"}],"about":[{"href":"https:\/\/oknatura.com\/fr\/wp-json\/wp\/v2\/types\/product"}],"replies":[{"embeddable":true,"href":"https:\/\/oknatura.com\/fr\/wp-json\/wp\/v2\/comments?post=31170"}],"version-history":[{"count":1,"href":"https:\/\/oknatura.com\/fr\/wp-json\/wp\/v2\/product\/31170\/revisions"}],"predecessor-version":[{"id":47026,"href":"https:\/\/oknatura.com\/fr\/wp-json\/wp\/v2\/product\/31170\/revisions\/47026"}],"wp:featuredmedia":[{"embeddable":true,"href":"https:\/\/oknatura.com\/fr\/wp-json\/wp\/v2\/media\/60816"}],"wp:attachment":[{"href":"https:\/\/oknatura.com\/fr\/wp-json\/wp\/v2\/media?parent=31170"}],"wp:term":[{"taxonomy":"product_brand","embeddable":true,"href":"https:\/\/oknatura.com\/fr\/wp-json\/wp\/v2\/product_brand?post=31170"},{"taxonomy":"product_cat","embeddable":true,"href":"https:\/\/oknatura.com\/fr\/wp-json\/wp\/v2\/product_cat?post=31170"},{"taxonomy":"product_tag","embeddable":true,"href":"https:\/\/oknatura.com\/fr\/wp-json\/wp\/v2\/product_tag?post=31170"},{"taxonomy":"giftcard-category","embeddable":true,"href":"https:\/\/oknatura.com\/fr\/wp-json\/wp\/v2\/giftcard-category?post=31170"}],"curies":[{"name":"wp","href":"https:\/\/api.w.org\/{rel}","templated":true}]}}