{"id":32113,"date":"2021-02-02T00:37:29","date_gmt":"2021-02-02T00:37:29","guid":{"rendered":"https:\/\/oknatura.com\/products\/andiroba-huile-essentielle-carapa-guianensis-100-bio-non-diluee"},"modified":"2025-06-12T13:30:35","modified_gmt":"2025-06-12T18:30:35","slug":"andiroba-a-vendre-huile-essentielle-carapa-guianensis","status":"publish","type":"product","link":"https:\/\/oknatura.com\/fr\/produits\/andiroba-a-vendre-huile-essentielle-carapa-guianensis\/","title":{"rendered":"ANDIROBA Huile Essentielle - (Carapa Guianensis) \/ 100% Bio non dilu\u00e9e"},"content":{"rendered":"<h1>Huile essentielle d&rsquo;ANDIROBA : D\u00e9couvrir le tr\u00e9sor botanique de la nature<\/h1>\n<h2>D\u00e9couvrir la richesse de l&rsquo;huile essentielle d&rsquo;ANDIROBA<\/h2>\n<p>L&rsquo;<strong>huile essentielle d&rsquo;ANDIROBA<\/strong> est un remarquable tr\u00e9sor botanique d\u00e9riv\u00e9 des graines de l&rsquo;arbre Carapa Guianensis. Ce guide complet vous pr\u00e9sente les incroyables qualit\u00e9s de l&rsquo;huile essentielle d&rsquo;ANDIROBA, ses diverses applications et une exploration de ses innombrables bienfaits. Nous nous penchons \u00e9galement sur les informations essentielles en mati\u00e8re de s\u00e9curit\u00e9, sur les instructions relatives \u00e0 l&rsquo;utilisation efficace de cette huile et nous d\u00e9couvrons certaines applications moins connues. \u00c0 la fin, vous conna\u00eetrez bien le monde de l&rsquo;huile essentielle ANDIROBA et vous saurez comment elle peut changer la donne pour votre sant\u00e9 et votre bien-\u00eatre.<\/p>\n<h2>Huile essentielle d&rsquo;ANDIROBA : Une merveille naturelle<\/h2>\n<p>L&rsquo;huile essentielle d&rsquo;ANDIROBA provient des graines de l&rsquo;arbre Carapa Guianensis, qui pousse dans les for\u00eats tropicales luxuriantes de l&rsquo;Amazonie. Ses origines uniques contribuent \u00e0 la qualit\u00e9 exceptionnelle de cette huile essentielle, ce qui en fait un v\u00e9ritable cadeau de la nature.<\/p>\n<h2>Utilisations traditionnelles et moins connues<\/h2>\n<p><strong>Applications traditionnelles :<\/strong><\/p>\n<ul>\n<li><strong>Soins de la peau et des cheveux :<\/strong> traditionnellement utilis\u00e9 pour ses bienfaits sur la sant\u00e9 de la peau et des cheveux.<\/li>\n<li><strong>R\u00e9pulsif naturel contre les insectes :<\/strong> il est connu pour ses propri\u00e9t\u00e9s naturelles de r\u00e9pulsion des insectes, ce qui permet de tenir \u00e0 distance les insectes nuisibles.<\/li>\n<\/ul>\n<p><strong>Potentiel cach\u00e9 :<\/strong><\/p>\n<ul>\n<li><strong>Soulagement de la douleur :<\/strong> Certains utilisateurs ont constat\u00e9 un soulagement des douleurs mineures en cas d&rsquo;utilisation topique.<\/li>\n<li><strong>Propri\u00e9t\u00e9s anti-inflammatoires :<\/strong> Est reconnu pour son potentiel anti-inflammatoire.<\/li>\n<\/ul>\n<h2>Avantages et inconv\u00e9nients<\/h2>\n<p><strong>Le pour (les avantages) :<\/strong><\/p>\n<ul>\n<li><strong>Sant\u00e9 de la peau et des cheveux :<\/strong> Peut favoriser une peau saine et \u00e9clatante et des cheveux lustr\u00e9s.<\/li>\n<li><strong>R\u00e9pulsif naturel contre les insectes :<\/strong> il vous prot\u00e8ge contre les piq\u00fbres d&rsquo;insectes sans utiliser de produits chimiques nocifs.<\/li>\n<li><strong>Soulagement de la douleur :<\/strong> Certains utilisateurs ont fait \u00e9tat d&rsquo;un soulagement d&rsquo;inconforts mineurs en cas d&rsquo;application topique.<\/li>\n<li><strong>Anti-inflammatoire :<\/strong> L&rsquo;huile poss\u00e8de des propri\u00e9t\u00e9s anti-inflammatoires qui favorisent le bien-\u00eatre g\u00e9n\u00e9ral.<\/li>\n<\/ul>\n<p><strong>Les inconv\u00e9nients (avertissements et s\u00e9curit\u00e9) :<\/strong><\/p>\n<ul>\n<li><strong>La dilution est essentielle : <\/strong>Ce produit est puissant, il est donc essentiel de le diluer dans une huile de support avant de l&rsquo;appliquer sur la peau.<\/li>\n<li><strong>R\u00e9actions allergiques :<\/strong> Effectuez un test \u00e9picutan\u00e9 pour v\u00e9rifier l&rsquo;absence de r\u00e9actions allergiques avant de g\u00e9n\u00e9raliser l&rsquo;utilisation.<\/li>\n<li><strong>Consultation :<\/strong> Si vous \u00eates enceinte, si vous allaitez ou si vous avez des probl\u00e8mes de sant\u00e9 sous-jacents, consultez un professionnel de la sant\u00e9 avant de l&rsquo;utiliser.<\/li>\n<\/ul>\n<h2>Tirer le meilleur parti de l&rsquo;huile essentielle ANDIROBA<\/h2>\n<p>Pour optimiser les bienfaits de l&rsquo;huile essentielle ANDIROBA, suivez ces instructions et recommandations :<\/p>\n<ol>\n<li><strong>Soins de la peau et des cheveux :<\/strong> Ajoutez quelques gouttes d&rsquo;huile essentielle d&rsquo;ANDIROBA \u00e0 vos produits de soin de la peau ou des cheveux pour leur donner un \u00e9clat naturel.<\/li>\n<li><strong>R\u00e9pulsif naturel contre les insectes :<\/strong> Cr\u00e9ez votre propre r\u00e9pulsif naturel pour les insectes en diluant l&rsquo;huile essentielle d&rsquo;ANDIROBA dans une huile de support et en l&rsquo;appliquant sur la peau expos\u00e9e.<\/li>\n<li><strong>Soulagement de la douleur :<\/strong> Diluez l&rsquo;huile essentielle et massez doucement les zones d&rsquo;inconfort pour les soulager.<\/li>\n<li><strong>Soutien anti-inflammatoire :<\/strong> Utilisez l&rsquo;huile essentielle d&rsquo;ANDIROBA dans vos pratiques d&rsquo;aromath\u00e9rapie ou diluez-la pour une application topique afin de soutenir le bien-\u00eatre g\u00e9n\u00e9ral.<\/li>\n<\/ol>\n<h2>Autres noms pour l&rsquo;huile essentielle d&rsquo;ANDIROBA<\/h2>\n<p>L&rsquo;huile essentielle d&rsquo;ANDIROBA est \u00e9galement connue sous le nom d'\u00a0\u00bbhuile de bois de crabe\u00a0\u00bb.<\/p>\n<h2>Profitez du pouvoir de l&rsquo;huile essentielle ANDIROBA<\/h2>\n<p>En conclusion, l&rsquo;huile essentielle ANDIROBA est une merveille botanique provenant du c\u0153ur de la for\u00eat amazonienne. Que vous cherchiez \u00e0 am\u00e9liorer la sant\u00e9 de votre peau et de vos cheveux, \u00e0 \u00e9loigner les insectes, \u00e0 soulager les petits maux ou \u00e0 favoriser le bien-\u00eatre g\u00e9n\u00e9ral, l&rsquo;huile essentielle d&rsquo;ANDIROBA a tout ce qu&rsquo;il vous faut. Ne manquez pas l&rsquo;occasion de profiter du pouvoir de cette huile essentielle extraordinaire et d&rsquo;en faire un \u00e9l\u00e9ment essentiel de votre voyage vers la sant\u00e9 et le bien-\u00eatre.<\/p>\n<blockquote><p><strong>Remarque :<\/strong><\/p>\n<p>Les produits OK Natural sont obtenus et vendus \u00e0 l&rsquo;\u00e9tat pur et d&rsquo;origine 100 % naturelle aux communaut\u00e9s autochtones. Ils ne contiennent aucun pesticide, produit chimique, herbicide ou autre substance artificielle. <\/p>\n<p><strong>Avis de non-responsabilit\u00e9 :<\/strong><\/p><\/blockquote>\n<ul>\n<li>\n<blockquote><p>Tous les produits sont l\u00e9gaux dans notre pays d&rsquo;origine, il est de la responsabilit\u00e9 du client de v\u00e9rifier leur l\u00e9galit\u00e9 dans le pays de destination.<\/p><\/blockquote>\n<\/li>\n<li>\n<blockquote><p>L&rsquo;utilisation de ces produits naturels ne remplace pas une consultation m\u00e9dicale.<\/p><\/blockquote>\n<\/li>\n<li>\n<blockquote><p>Il n&rsquo;implique en aucun cas des all\u00e9gations m\u00e9dicales concernant la capacit\u00e9 ou l&rsquo;efficacit\u00e9 de l&rsquo;un de nos produits \u00e0 traiter, pr\u00e9venir ou att\u00e9nuer une maladie ou un malaise.<\/p><\/blockquote>\n<\/li>\n<li>\n<blockquote><p>L&rsquo;utilisation et l&rsquo;application de nos produits rel\u00e8vent de la responsabilit\u00e9 exclusive du client.<\/p><\/blockquote>\n<\/li>\n<li>\n<blockquote><p>Les effets de ce produit sont confirm\u00e9s par l&rsquo;exp\u00e9rience empirique de la m\u00e9decine traditionnelle ancienne avec d&rsquo;excellents r\u00e9sultats.<\/p><\/blockquote>\n<\/li>\n<li>\n<blockquote><p>L&rsquo;absence d&rsquo;effets secondaires nocifs si le m\u00e9dicament est administr\u00e9 \u00e0 la bonne dose. Mais les informations identifi\u00e9es ici ne constituent en aucun cas une ordonnance ou une prescription. <\/p><\/blockquote>\n<\/li>\n<li>\n<blockquote><p>Les d\u00e9clarations et les liens vers les sites web qu&rsquo;il contient n&rsquo;ont pas \u00e9t\u00e9 \u00e9valu\u00e9s par la FDA ou les autorit\u00e9s internationales charg\u00e9es des produits alimentaires et pharmaceutiques.<\/p><\/blockquote>\n<\/li>\n<\/ul>\n","protected":false},"excerpt":{"rendered":"<p>Huile essentielle d&rsquo;ANDIROBA : D\u00e9couvrir le tr\u00e9sor botanique de la nature D\u00e9couvrir la richesse de l&rsquo;huile essentielle d&rsquo;ANDIROBA L&rsquo;huile essentielle d&rsquo;ANDIROBA est un remarquable tr\u00e9sor botanique d\u00e9riv\u00e9 des graines de l&rsquo;arbre Carapa Guianensis. Ce guide complet vous pr\u00e9sente les incroyables qualit\u00e9s de l&rsquo;huile essentielle d&rsquo;ANDIROBA, ses diverses applications et une exploration de ses innombrables bienfaits. [&hellip;]<\/p>\n","protected":false},"featured_media":60391,"comment_status":"open","ping_status":"closed","template":"","meta":{"_joinchat":[]},"product_brand":[242],"product_cat":[3037,2618],"product_tag":[],"giftcard-category":[],"class_list":{"0":"post-32113","1":"product","2":"type-product","3":"status-publish","4":"has-post-thumbnail","6":"product_brand-ok-natura","7":"product_cat-huiles-essences-a-vendre","8":"product_cat-nouveautes-a-vendre","9":"product_shipping_class-general-shipping-fr","10":"pa_5f9675a5a7ff21603696037-copaiba-essential-oil-copaifera-officinali-100-pure-undiluted-aceites-escencias-626-pngoptimizednullid21779009831064pid5878397993112original_filenamecopaiba-pngvariant_ids-fr","11":"pa_6025f0c1b39561613099201-andiroba-essential-oil-carapa-guianensis-100-undiluted-organic-aceites-152-jpgoptimized921663c0c14b67aca6a7e264b57fca92id26060472975512pid6253229572248original_filenameaceiteesc-fr","12":"pa_badge-1-bilan","13":"pa_description_tag-saviez-vous-que-vous-pouvez-restaurer-votre-peau-et-equilibrer-ses-mecanismes-de-defense-de-maniere-naturelle-eh-bien-vous-pouvez-le-faire-avec-lhuile-essentielle-dandiroba-cliquez-ici","14":"pa_rating-scale_min1-0scale_max5-0value5-0","15":"pa_rating_count-1-fr","16":"pa_review_count-29-fr","17":"pa_review_enabled-1-fr","18":"pa_review_rating-5-fr","19":"pa_title_tag-andiroba-huile-essentielle-vente-carapa-guianensis-non-diluee","20":"pa_widget-jdgm-rev-widg-display-none-avis-des-clients-base-sur-1-avis-ecrire-un-avis-100-1-0-0-0-0-0-0-0-0-w","22":"first","23":"instock","24":"sale","25":"shipping-taxable","26":"purchasable","27":"product-type-variable"},"_links":{"self":[{"href":"https:\/\/oknatura.com\/fr\/wp-json\/wp\/v2\/product\/32113","targetHints":{"allow":["GET"]}}],"collection":[{"href":"https:\/\/oknatura.com\/fr\/wp-json\/wp\/v2\/product"}],"about":[{"href":"https:\/\/oknatura.com\/fr\/wp-json\/wp\/v2\/types\/product"}],"replies":[{"embeddable":true,"href":"https:\/\/oknatura.com\/fr\/wp-json\/wp\/v2\/comments?post=32113"}],"version-history":[{"count":1,"href":"https:\/\/oknatura.com\/fr\/wp-json\/wp\/v2\/product\/32113\/revisions"}],"predecessor-version":[{"id":46539,"href":"https:\/\/oknatura.com\/fr\/wp-json\/wp\/v2\/product\/32113\/revisions\/46539"}],"wp:featuredmedia":[{"embeddable":true,"href":"https:\/\/oknatura.com\/fr\/wp-json\/wp\/v2\/media\/60391"}],"wp:attachment":[{"href":"https:\/\/oknatura.com\/fr\/wp-json\/wp\/v2\/media?parent=32113"}],"wp:term":[{"taxonomy":"product_brand","embeddable":true,"href":"https:\/\/oknatura.com\/fr\/wp-json\/wp\/v2\/product_brand?post=32113"},{"taxonomy":"product_cat","embeddable":true,"href":"https:\/\/oknatura.com\/fr\/wp-json\/wp\/v2\/product_cat?post=32113"},{"taxonomy":"product_tag","embeddable":true,"href":"https:\/\/oknatura.com\/fr\/wp-json\/wp\/v2\/product_tag?post=32113"},{"taxonomy":"giftcard-category","embeddable":true,"href":"https:\/\/oknatura.com\/fr\/wp-json\/wp\/v2\/giftcard-category?post=32113"}],"curies":[{"name":"wp","href":"https:\/\/api.w.org\/{rel}","templated":true}]}}