{"id":33038,"date":"2021-04-09T16:32:25","date_gmt":"2021-04-09T21:32:25","guid":{"rendered":"https:\/\/oknatura.com\/products\/bracelets-ayahuasca-faits-a-la-main-avec-des-morceaux-dayahuasca-et-du-tissu-article-original-et-unique-donne-du-pouvoir"},"modified":"2025-08-19T18:12:37","modified_gmt":"2025-08-19T23:12:37","slug":"ayahuasca-bracelets-donne-puissance-et-protection","status":"publish","type":"product","link":"https:\/\/oknatura.com\/fr\/produits\/ayahuasca-bracelets-donne-puissance-et-protection\/","title":{"rendered":"BRACELETS AYAHUASCA - Faits \u00e0 la main avec des morceaux d&rsquo;Ayahuasca et du tissu, Article original et unique donne du pouvoir"},"content":{"rendered":"<h1>BRACELETS AYAHUASCA - Tr\u00e9sors faits main impr\u00e9gn\u00e9s de pouvoir spirituel<\/h1>\n<p><strong>Qualit\u00e9 remarquable :<\/strong><\/p>\n<p><strong>AYAHUASCA BRACELETS - D\u00e9voilez le pouvoir qui est en vous<\/strong><\/p>\n<h2>Voici les BRACELETS AYAHUASCA<\/h2>\n<p><strong>Description :<\/strong><\/p>\n<p>Les <strong>BRACELETS AYAHUASCA<\/strong> sont plus que de simples bijoux ; ce sont des \u0153uvres d&rsquo;art portables impr\u00e9gn\u00e9es de l&rsquo;esprit puissant de l&rsquo;Ayahuasca. Fabriqu\u00e9 \u00e0 la main avec des morceaux d&rsquo;Ayahuasca et du tissu, chaque bracelet est un objet unique qui porte la sagesse ancestrale de la for\u00eat amazonienne. Ces accessoires extraordinaires ne sont pas seulement esth\u00e9tiques, on leur pr\u00eate aussi des qualit\u00e9s mystiques.  <\/p>\n<h2>Au-del\u00e0 des ornements - Les usages polyvalents<\/h2>\n<p><strong>Applications traditionnelles :<\/strong><\/p>\n<ul>\n<li><strong>Connexion spirituelle :<\/strong> La plante Ayahuasca a une profonde signification spirituelle dans les traditions amazoniennes. Le port de ces bracelets lors des c\u00e9r\u00e9monies de l&rsquo;Ayahuasca est cens\u00e9 renforcer votre connexion avec les esprits de la plante, vous guidant dans un profond voyage de d\u00e9couverte de soi et de gu\u00e9rison. <\/li>\n<\/ul>\n<p><strong>Dimensions moins connues :<\/strong><\/p>\n<ul>\n<li><strong>Compagnon spirituel de tous les jours :<\/strong> Au-del\u00e0 des c\u00e9r\u00e9monies, certaines personnes choisissent de porter ces bracelets quotidiennement, estimant qu&rsquo;ils servent de rappel spirituel et de protecteur dans la vie de tous les jours.<\/li>\n<li><strong>Cadeaux :<\/strong> Les bracelets d&rsquo;Ayahuasca sont \u00e9galement populaires en tant que cadeaux uniques et significatifs pour les amis et les proches. Offrir un morceau de sagesse amazonienne peut \u00eatre un beau geste. <\/li>\n<\/ul>\n<h2>Avantages et inconv\u00e9nients<\/h2>\n<p><strong>Le pour (les avantages) :<\/strong><\/p>\n<ul>\n<li><strong>Connexion spirituelle :<\/strong> La plante Ayahuasca est connue pour sa capacit\u00e9 \u00e0 faciliter la gu\u00e9rison et le d\u00e9veloppement personnel. Le port de ces bracelets vous permet de porter l&rsquo;esprit de l&rsquo;Ayahuasca avec vous, am\u00e9liorant ainsi votre voyage spirituel. <\/li>\n<li><strong>Un art artisanal unique :<\/strong> Chaque bracelet est une \u0153uvre d&rsquo;art unique, soigneusement fabriqu\u00e9e \u00e0 la main avec amour et intention. C&rsquo;est un symbole de cr\u00e9ativit\u00e9 et d&rsquo;artisanat. <\/li>\n<li><strong>Utilisation polyvalente :<\/strong> Bien qu&rsquo;ils soient traditionnellement utilis\u00e9s lors des c\u00e9r\u00e9monies de l&rsquo;Ayahuasca, ces bracelets peuvent \u00e9galement \u00eatre port\u00e9s quotidiennement pour rester en contact avec la sagesse de l&rsquo;Ayahuasca.<\/li>\n<\/ul>\n<p><strong>Les inconv\u00e9nients (avertissements et s\u00e9curit\u00e9) :<\/strong><\/p>\n<ul>\n<li><strong>Manipulation respectueuse :<\/strong> En raison de leur signification spirituelle, il est essentiel de manipuler ces bracelets avec respect et pr\u00e9caution.<\/li>\n<li><strong>Exp\u00e9riences individuelles :<\/strong> Tout le monde n&rsquo;\u00e9prouve pas le m\u00eame niveau de connexion spirituelle. L&rsquo;impact peut varier d&rsquo;une personne \u00e0 l&rsquo;autre. <\/li>\n<\/ul>\n<h2>Comment exploiter le pouvoir des bracelets d&rsquo;Ayahuasca<\/h2>\n<p>Voici quelques recommandations pour tirer le meilleur parti de ces objets uniques :<\/p>\n<ol>\n<li><strong>C\u00e9r\u00e9monies Ayahuasca :<\/strong> Lorsque vous participez \u00e0 des c\u00e9r\u00e9monies d&rsquo;Ayahuasca, portez ces bracelets pour renforcer votre connexion avec les esprits de la plante et approfondir votre exp\u00e9rience.<\/li>\n<li><strong>Rappel quotidien :<\/strong> En tant qu&rsquo;accessoire de tous les jours, laissez le bracelet vous rappeler votre cheminement spirituel. Dans les moments de stress ou d&rsquo;incertitude, touchez-le pour trouver la paix int\u00e9rieure. <\/li>\n<li><strong>Offrez avec intention :<\/strong> Si vous d\u00e9cidez d&rsquo;offrir ces bracelets \u00e0 quelqu&rsquo;un, faites-le avec l&rsquo;intention de partager la sagesse de l&rsquo;Ayahuasca et de lui offrir un souvenir significatif.<\/li>\n<\/ol>\n<h2>Autres noms pour AYAHUASCA BRACELETS<\/h2>\n<p>Ces bracelets sont \u00e9galement appel\u00e9s bracelets <strong>Ayahuasca<\/strong>, <strong>bracelets de sagesse amazonienne<\/strong> et <strong>bracelets de connexion spirituelle<\/strong>.<\/p>\n<h2>Conclusion : Lib\u00e9rez le pouvoir qui est en vous<\/h2>\n<p>En conclusion, les <strong>BRACELETS AYAHUASCA<\/strong> sont plus que de simples bijoux, ce sont des canaux vers l&rsquo;esprit de l&rsquo;Ayahuasca. Qu&rsquo;ils soient port\u00e9s lors de c\u00e9r\u00e9monies ou dans la vie quotidienne, ces bracelets sont plus que de simples ornements ; ils sont de puissants rappels de la profonde sagesse qui existe dans la for\u00eat tropicale amazonienne. Permettez \u00e0 l&rsquo;esprit de l&rsquo;Ayahuasca de vous guider dans un voyage transformateur gr\u00e2ce \u00e0 ces tr\u00e9sors uniques fabriqu\u00e9s \u00e0 la main.  <\/p>\n<blockquote><p><strong>Note :<\/strong><\/p>\n<p>Les produits OK Natural sont obtenus et vendus \u00e0 l&rsquo;\u00e9tat pur et d&rsquo;origine 100 % naturelle aux communaut\u00e9s autochtones. Ils ne contiennent aucun pesticide, produit chimique, herbicide ou autre substance artificielle. <\/p>\n<p><strong>Avis de non-responsabilit\u00e9 :<\/strong><\/p><\/blockquote>\n<ul>\n<li>\n<blockquote><p>Tous les produits sont l\u00e9gaux dans notre pays d&rsquo;origine, il est de la responsabilit\u00e9 du client de v\u00e9rifier leur l\u00e9galit\u00e9 dans le pays de destination.<\/p><\/blockquote>\n<\/li>\n<li>\n<blockquote><p>L&rsquo;utilisation de ces produits naturels ne remplace pas une consultation m\u00e9dicale.<\/p><\/blockquote>\n<\/li>\n<li>\n<blockquote><p>Il n&rsquo;implique en aucun cas des affirmations m\u00e9dicales sur la capacit\u00e9 ou l&rsquo;efficacit\u00e9 de l&rsquo;un de nos produits \u00e0 traiter, pr\u00e9venir ou att\u00e9nuer une maladie ou un malaise.<\/p><\/blockquote>\n<\/li>\n<li>\n<blockquote><p>L&rsquo;utilisation et l&rsquo;application de nos produits rel\u00e8vent de la responsabilit\u00e9 exclusive du client.<\/p><\/blockquote>\n<\/li>\n<li>\n<blockquote><p>Les effets de ce produit sont confirm\u00e9s par l&rsquo;exp\u00e9rience empirique de la m\u00e9decine traditionnelle ancienne avec d&rsquo;excellents r\u00e9sultats.<\/p><\/blockquote>\n<\/li>\n<li>\n<blockquote><p>L&rsquo;absence d&rsquo;effets secondaires nocifs s&rsquo;il est administr\u00e9 \u00e0 la bonne dose. Mais les informations recens\u00e9es ici ne constituent en aucun cas une ordonnance ou une prescription. <\/p><\/blockquote>\n<\/li>\n<li>\n<blockquote><p>Les d\u00e9clarations et les liens vers les sites web qu&rsquo;il contient n&rsquo;ont pas \u00e9t\u00e9 \u00e9valu\u00e9s par la FDA ou les autorit\u00e9s internationales charg\u00e9es des produits alimentaires et pharmaceutiques.<\/p><\/blockquote>\n<\/li>\n<\/ul>\n","protected":false},"excerpt":{"rendered":"<p>BRACELETS AYAHUASCA - Tr\u00e9sors faits main impr\u00e9gn\u00e9s de pouvoir spirituel Qualit\u00e9 remarquable : AYAHUASCA BRACELETS - D\u00e9voilez le pouvoir qui est en vous Voici les BRACELETS AYAHUASCA Description : Les BRACELETS AYAHUASCA sont plus que de simples bijoux ; ce sont des \u0153uvres d&rsquo;art portables impr\u00e9gn\u00e9es de l&rsquo;esprit puissant de l&rsquo;Ayahuasca. Fabriqu\u00e9 \u00e0 la main [&hellip;]<\/p>\n","protected":false},"featured_media":62792,"comment_status":"open","ping_status":"closed","template":"","meta":{"_joinchat":[]},"product_brand":[242],"product_cat":[3162,2618],"product_tag":[],"giftcard-category":[],"class_list":{"0":"post-33038","1":"product","2":"type-product","3":"status-publish","4":"has-post-thumbnail","6":"product_brand-ok-natura","7":"product_cat-amazon-art-a-vendre","8":"product_cat-nouveautes-a-vendre","9":"product_shipping_class-general-shipping-fr","10":"pa_608441f436d231619280372-ayahuasca-bracelets-handmade-piece-fabric-original-unique-item-power-01-und-888-jpgoptimized921663c0c14b67aca6a7e264b57fca92id29503109529752pid6642542543000original_filenamepulc-fr","11":"pa_badge-1-bilan","12":"pa_description_tag-la-piece-originale-des-bracelets-ayahuasca-maintenue-par-des-fils-artisanaux-absorbe-les-bonnes-energies-qui-profitent-a-notre-esprit-cest-tres-necessaire-et-important","13":"pa_rating-scale_min1-0scale_max5-0value5-0","14":"pa_rating_count-1-fr","15":"pa_review_count-26-fr","16":"pa_review_enabled-1-fr","17":"pa_review_rating-5-fr","18":"pa_talla-01-und-fr","19":"pa_title_tag-bracelets-ayahuasca-pouvoir-et-protection-faits-a-la-main","20":"pa_widget-jdgm-rev-widg-display-none-avis-des-clients-base-sur-1-avis-ecrire-un-avis-100-1-0-0-0-0-0-0-0-0-c","22":"first","23":"instock","24":"sale","25":"shipping-taxable","26":"purchasable","27":"product-type-variable"},"_links":{"self":[{"href":"https:\/\/oknatura.com\/fr\/wp-json\/wp\/v2\/product\/33038","targetHints":{"allow":["GET"]}}],"collection":[{"href":"https:\/\/oknatura.com\/fr\/wp-json\/wp\/v2\/product"}],"about":[{"href":"https:\/\/oknatura.com\/fr\/wp-json\/wp\/v2\/types\/product"}],"replies":[{"embeddable":true,"href":"https:\/\/oknatura.com\/fr\/wp-json\/wp\/v2\/comments?post=33038"}],"version-history":[{"count":2,"href":"https:\/\/oknatura.com\/fr\/wp-json\/wp\/v2\/product\/33038\/revisions"}],"predecessor-version":[{"id":65326,"href":"https:\/\/oknatura.com\/fr\/wp-json\/wp\/v2\/product\/33038\/revisions\/65326"}],"wp:featuredmedia":[{"embeddable":true,"href":"https:\/\/oknatura.com\/fr\/wp-json\/wp\/v2\/media\/62792"}],"wp:attachment":[{"href":"https:\/\/oknatura.com\/fr\/wp-json\/wp\/v2\/media?parent=33038"}],"wp:term":[{"taxonomy":"product_brand","embeddable":true,"href":"https:\/\/oknatura.com\/fr\/wp-json\/wp\/v2\/product_brand?post=33038"},{"taxonomy":"product_cat","embeddable":true,"href":"https:\/\/oknatura.com\/fr\/wp-json\/wp\/v2\/product_cat?post=33038"},{"taxonomy":"product_tag","embeddable":true,"href":"https:\/\/oknatura.com\/fr\/wp-json\/wp\/v2\/product_tag?post=33038"},{"taxonomy":"giftcard-category","embeddable":true,"href":"https:\/\/oknatura.com\/fr\/wp-json\/wp\/v2\/giftcard-category?post=33038"}],"curies":[{"name":"wp","href":"https:\/\/api.w.org\/{rel}","templated":true}]}}