{"id":33132,"date":"2021-04-08T17:58:07","date_gmt":"2021-04-08T17:58:07","guid":{"rendered":"https:\/\/oknatura.com\/products\/rape-snuff-sharamasho-5gr-a-100gr-ocimum-americanum-poudre-vegetale-100-naturelle"},"modified":"2025-06-12T14:34:09","modified_gmt":"2025-06-12T19:34:09","slug":"rape-snuff-a-vendre-sharamasho-ocimum-americanum","status":"publish","type":"product","link":"https:\/\/oknatura.com\/fr\/produits\/rape-snuff-a-vendre-sharamasho-ocimum-americanum\/","title":{"rendered":"RAP\u00c9 SNUFF - SHARAMASHO \/ 5gr \u00e0 100gr \/ - (Ocimum Americanum) - Poudre v\u00e9g\u00e9tale 100% naturelle"},"content":{"rendered":"<h1>RAP\u00c9 SNUFF - SHARAMASHO : Nourrissez votre \u00e2me avec la sagesse d&rsquo;Ocimum Americanum<\/h1>\n<p><strong>Qualit\u00e9 remarquable :<\/strong><\/p>\n<p><strong>RAP\u00c9 SNUFF - SHARAMASHO : Une voie ancienne vers les vertus curatives de l&rsquo;Ocimum Americanum<\/strong><\/p>\n<h2>Pr\u00e9sentation de RAP\u00c9 SNUFF - SHARAMASHO<\/h2>\n<p><strong>Description :<\/strong><\/p>\n<p>RAP\u00c9 <strong>SNUFF - SHARAMASHO<\/strong> est un tabac \u00e0 priser sacr\u00e9 et traditionnel de l&rsquo;Amazonie, fabriqu\u00e9 \u00e0 partir de la plante v\u00e9n\u00e9r\u00e9e Ocimum Americanum. Depuis des si\u00e8cles, les tribus indig\u00e8nes d&rsquo;Amazonie exploitent les profonds pouvoirs curatifs et spirituels de ce tabac \u00e0 priser unique. Aujourd&rsquo;hui, cette sagesse ancestrale est \u00e0 votre disposition et vous propose un voyage transformateur pour vous reconnecter \u00e0 votre moi int\u00e9rieur.<\/p>\n<h2>Utilisations traditionnelles et moins connues<\/h2>\n<p><strong>Utilisations traditionnelles :<\/strong><\/p>\n<ul>\n<li><strong>\u00c9veil spirituel :<\/strong> <strong>RAP\u00c9 SNUFF - SHARAMASHO<\/strong> est au c\u0153ur des c\u00e9r\u00e9monies chamaniques dans les cultures amazoniennes. On pense qu&rsquo;il facilite les exp\u00e9riences spirituelles profondes, en connectant les utilisateurs au monde des esprits et en favorisant le d\u00e9veloppement personnel.<\/li>\n<\/ul>\n<p><strong>Applications moins connues :<\/strong><\/p>\n<ul>\n<li><strong>Soulagement du stress :<\/strong> De nombreux utilisateurs font \u00e9tat d&rsquo;un sentiment de calme int\u00e9rieur et de soulagement du stress apr\u00e8s avoir utilis\u00e9 ce tabac \u00e0 priser. Il peut constituer une aide pr\u00e9cieuse pour ceux qui recherchent un \u00e9quilibre \u00e9motionnel dans leur vie.<\/li>\n<li><strong>Clart\u00e9 mentale :<\/strong> <strong>RAP\u00c9 SNUFF - SHARAMASHO<\/strong> est connu pour am\u00e9liorer la clart\u00e9 mentale, la concentration et les fonctions cognitives. C&rsquo;est un outil puissant pour ceux qui accordent de l&rsquo;importance \u00e0 l&rsquo;acuit\u00e9 mentale.<\/li>\n<\/ul>\n<h2>Avantages et inconv\u00e9nients de RAP\u00c9 SNUFF - SHARAMASHO<\/h2>\n<p><strong>Le pour (les avantages) :<\/strong><\/p>\n<ul>\n<li><strong>Connexion spirituelle :<\/strong> <strong>RAP\u00c9 SNUFF - SHARAMASHO<\/strong> peut servir d&rsquo;outil de d\u00e9veloppement spirituel. Elle est v\u00e9n\u00e9r\u00e9e pour sa capacit\u00e9 \u00e0 apporter des id\u00e9es et des r\u00e9v\u00e9lations lors d&rsquo;exp\u00e9riences m\u00e9ditatives et introspectives.<\/li>\n<li><strong>Clart\u00e9 mentale :<\/strong> De nombreux utilisateurs font l&rsquo;exp\u00e9rience d&rsquo;une clart\u00e9 mentale accrue, d&rsquo;une meilleure concentration et d&rsquo;un meilleur fonctionnement cognitif apr\u00e8s avoir utilis\u00e9 ce tabac \u00e0 priser.<\/li>\n<li><strong>Puret\u00e9 naturelle :<\/strong> Fabriqu\u00e9 \u00e0 partir de la plante Ocimum Americanum, ce tabac \u00e0 priser conserve sa puret\u00e9 naturelle, garantissant une exp\u00e9rience saine et authentique.<\/li>\n<\/ul>\n<p><strong>Les inconv\u00e9nients (avertissements et s\u00e9curit\u00e9) :<\/strong><\/p>\n<ul>\n<li><strong>Contr\u00f4le du dosage :<\/strong> <strong>RAP\u00c9 SNUFF - SHARAMASHO<\/strong> est puissant et ses effets peuvent \u00eatre accablants pour les d\u00e9butants. Il est essentiel de commencer par un petit dosage et de l&rsquo;augmenter progressivement.<\/li>\n<li><strong>Variations individuelles :<\/strong> Comme pour toute plante m\u00e9dicinale sacr\u00e9e, les exp\u00e9riences avec ce tabac \u00e0 priser peuvent varier d&rsquo;une personne \u00e0 l&rsquo;autre. Il peut ne pas convenir \u00e0 tout le monde, en particulier aux personnes souffrant de sensibilit\u00e9s sp\u00e9cifiques ou de probl\u00e8mes de sant\u00e9.<\/li>\n<\/ul>\n<h2>Instructions et recommandations<\/h2>\n<p>Pour garantir une exp\u00e9rience s\u00fbre et transformatrice avec <strong>RAP\u00c9 SNUFF - SHARAMASHO<\/strong>, suivez ces instructions et recommandations : <\/p>\n<ol>\n<li><strong>Attention au dosage :<\/strong> Commencez par une petite pinc\u00e9e de tabac \u00e0 priser et surveillez ses effets. Augmentez progressivement la dose si n\u00e9cessaire tout en restant dans votre zone de confort.<\/li>\n<li><strong>Application correcte :<\/strong> Une application pr\u00e9cise est essentielle pour une exp\u00e9rience s\u00fbre et efficace. Utilisez un applicateur automatique ou demandez l&rsquo;aide d&rsquo;un praticien exp\u00e9riment\u00e9.<\/li>\n<li><strong>Espace sacr\u00e9 :<\/strong> Cr\u00e9ez un environnement paisible et sans distraction pour votre voyage. La d\u00e9finition d&rsquo;intentions claires et la pratique de la m\u00e9ditation peuvent am\u00e9liorer l&rsquo;exp\u00e9rience.<\/li>\n<li><strong>Hydratation :<\/strong> Restez bien hydrat\u00e9 en buvant de l&rsquo;eau avant et apr\u00e8s l&rsquo;utilisation de <strong>RAP\u00c9 SNUFF - SHARAMASHO<\/strong>. Une hydratation ad\u00e9quate peut am\u00e9liorer le confort pendant le voyage.<\/li>\n<li><strong>Respect et r\u00e9v\u00e9rence :<\/strong> Abordez ce tabac \u00e0 priser sacr\u00e9 avec le respect qu&rsquo;il m\u00e9rite. Consid\u00e9rez-le comme un outil d&rsquo;exploration de soi et d&rsquo;\u00e9veil spirituel.<\/li>\n<\/ol>\n<h2>Autres noms pour RAP\u00c9 SNUFF - SHARAMASHO<\/h2>\n<p>RAP\u00c9 <strong>SNUFF - SHARAMASHO<\/strong> est \u00e9galement connu sous le nom de <strong>Ocimum Americanum Snuff<\/strong>, <strong>Amazonian Rap\u00e9<\/strong>, et <strong>Shamanic Snuff<\/strong>.<\/p>\n<h2>Conclusion : Embrasser le voyage<\/h2>\n<p>En conclusion, <strong>RAP\u00c9 SNUFF - SHARAMASHO<\/strong> vous invite \u00e0 embarquer pour un profond voyage spirituel et \u00e0 vous connecter \u00e0 la sagesse ancestrale d&rsquo;Ocimum Americanum. Outil puissant de d\u00e9couverte de soi, de clart\u00e9 mentale et de croissance spirituelle, il permet d&rsquo;explorer son moi int\u00e9rieur et d&rsquo;\u00e9largir sa conscience. Adoptez ce tabac \u00e0 priser sacr\u00e9 et faites l&rsquo;exp\u00e9rience du potentiel de transformation qu&rsquo;il rec\u00e8le.<\/p>\n<blockquote><p><strong>Remarque :<\/strong><\/p>\n<p>Les produits OK Natural sont obtenus et vendus \u00e0 l&rsquo;\u00e9tat pur et d&rsquo;origine 100 % naturelle aux communaut\u00e9s autochtones. Ils ne contiennent aucun pesticide, produit chimique, herbicide ou autre substance artificielle. <\/p>\n<p><strong>Avis de non-responsabilit\u00e9 :<\/strong><\/p><\/blockquote>\n<ul>\n<li>\n<blockquote><p>Tous les produits sont l\u00e9gaux dans notre pays d&rsquo;origine, il est de la responsabilit\u00e9 du client de v\u00e9rifier leur l\u00e9galit\u00e9 dans le pays de destination.<\/p><\/blockquote>\n<\/li>\n<li>\n<blockquote><p>L&rsquo;utilisation de ces produits naturels ne remplace pas une consultation m\u00e9dicale.<\/p><\/blockquote>\n<\/li>\n<li>\n<blockquote><p>Il n&rsquo;implique en aucun cas des all\u00e9gations m\u00e9dicales concernant la capacit\u00e9 ou l&rsquo;efficacit\u00e9 de l&rsquo;un de nos produits \u00e0 traiter, pr\u00e9venir ou att\u00e9nuer une maladie ou un malaise.<\/p><\/blockquote>\n<\/li>\n<li>\n<blockquote><p>L&rsquo;utilisation et l&rsquo;application de nos produits rel\u00e8vent de la responsabilit\u00e9 exclusive du client.<\/p><\/blockquote>\n<\/li>\n<li>\n<blockquote><p>Les effets de ce produit sont confirm\u00e9s par l&rsquo;exp\u00e9rience empirique de la m\u00e9decine traditionnelle ancienne avec d&rsquo;excellents r\u00e9sultats.<\/p><\/blockquote>\n<\/li>\n<li>\n<blockquote><p>L&rsquo;absence d&rsquo;effets secondaires nocifs si le m\u00e9dicament est administr\u00e9 \u00e0 la bonne dose. Mais les informations identifi\u00e9es ici ne constituent en aucun cas une ordonnance ou une prescription. <\/p><\/blockquote>\n<\/li>\n<li>\n<blockquote><p>Les d\u00e9clarations et les liens vers les sites web qu&rsquo;il contient n&rsquo;ont pas \u00e9t\u00e9 \u00e9valu\u00e9s par la FDA ou les autorit\u00e9s internationales charg\u00e9es des produits alimentaires et pharmaceutiques.<\/p><\/blockquote>\n<\/li>\n<\/ul>\n","protected":false},"excerpt":{"rendered":"<p>RAP\u00c9 SNUFF - SHARAMASHO : Nourrissez votre \u00e2me avec la sagesse d&rsquo;Ocimum Americanum Qualit\u00e9 remarquable : RAP\u00c9 SNUFF - SHARAMASHO : Une voie ancienne vers les vertus curatives de l&rsquo;Ocimum Americanum Pr\u00e9sentation de RAP\u00c9 SNUFF - SHARAMASHO Description : RAP\u00c9 SNUFF - SHARAMASHO est un tabac \u00e0 priser sacr\u00e9 et traditionnel de l&rsquo;Amazonie, fabriqu\u00e9 \u00e0 [&hellip;]<\/p>\n","protected":false},"featured_media":62696,"comment_status":"open","ping_status":"closed","template":"","meta":{"_joinchat":[]},"product_brand":[242],"product_cat":[2618,2733],"product_tag":[],"giftcard-category":[],"class_list":{"0":"post-33132","1":"product","2":"type-product","3":"status-publish","4":"has-post-thumbnail","6":"product_brand-ok-natura","7":"product_cat-nouveautes-a-vendre","8":"product_cat-rape-fr","9":"product_shipping_class-general-shipping-fr","10":"pa_607fbd1315f721618984211-rape-snuff-sharamasho-5gr-100gr-ocimum-americanum-100-natural-plant-powder-667-jpgoptimized921663c0c14b67aca6a7e264b57fca92id29374475501720pid6640070164632original_filenamerape_-fr","11":"pa_badge-1-bilan","12":"pa_description_tag-composition-tabac-cendres-de-lecorce-du-sharamasho-intensite-forte-utilisation-clarifie-lesprit-utilisation-medicale-libere-les-energies-positives-du-corps","13":"pa_rating-scale_min1-0scale_max5-0value5-0","14":"pa_rating_count-1-fr","15":"pa_review_count-58-fr","16":"pa_review_enabled-1-fr","17":"pa_review_rating-5-fr","18":"pa_talla-100gr-fr","19":"pa_talla-10gr-fr","20":"pa_talla-1kg-fr-2","21":"pa_talla-20gr-fr","22":"pa_talla-30gr-fr-2","23":"pa_talla-4kg-fr","24":"pa_talla-50gr-fr","25":"pa_talla-5gr-fr","26":"pa_title_tag-rape-snuff-sharamasho-a-vendre-ocimum-americanum-fort","27":"pa_widget-jdgm-rev-widg-display-none-avis-des-clients-base-sur-1-avis-ecrire-un-avis-100-1-0-0-0-0-0-0-0-0-r","29":"first","30":"instock","31":"sale","32":"shipping-taxable","33":"purchasable","34":"product-type-variable"},"_links":{"self":[{"href":"https:\/\/oknatura.com\/fr\/wp-json\/wp\/v2\/product\/33132","targetHints":{"allow":["GET"]}}],"collection":[{"href":"https:\/\/oknatura.com\/fr\/wp-json\/wp\/v2\/product"}],"about":[{"href":"https:\/\/oknatura.com\/fr\/wp-json\/wp\/v2\/types\/product"}],"replies":[{"embeddable":true,"href":"https:\/\/oknatura.com\/fr\/wp-json\/wp\/v2\/comments?post=33132"}],"version-history":[{"count":1,"href":"https:\/\/oknatura.com\/fr\/wp-json\/wp\/v2\/product\/33132\/revisions"}],"predecessor-version":[{"id":53319,"href":"https:\/\/oknatura.com\/fr\/wp-json\/wp\/v2\/product\/33132\/revisions\/53319"}],"wp:featuredmedia":[{"embeddable":true,"href":"https:\/\/oknatura.com\/fr\/wp-json\/wp\/v2\/media\/62696"}],"wp:attachment":[{"href":"https:\/\/oknatura.com\/fr\/wp-json\/wp\/v2\/media?parent=33132"}],"wp:term":[{"taxonomy":"product_brand","embeddable":true,"href":"https:\/\/oknatura.com\/fr\/wp-json\/wp\/v2\/product_brand?post=33132"},{"taxonomy":"product_cat","embeddable":true,"href":"https:\/\/oknatura.com\/fr\/wp-json\/wp\/v2\/product_cat?post=33132"},{"taxonomy":"product_tag","embeddable":true,"href":"https:\/\/oknatura.com\/fr\/wp-json\/wp\/v2\/product_tag?post=33132"},{"taxonomy":"giftcard-category","embeddable":true,"href":"https:\/\/oknatura.com\/fr\/wp-json\/wp\/v2\/giftcard-category?post=33132"}],"curies":[{"name":"wp","href":"https:\/\/api.w.org\/{rel}","templated":true}]}}