{"id":33593,"date":"2021-03-10T10:07:22","date_gmt":"2021-03-10T10:07:22","guid":{"rendered":"https:\/\/oknatura.com\/products\/kion-en-poudre-200gr-a-2kg-zingiber-officinale-herbes-en-poudre-100-naturelles-racine"},"modified":"2025-08-20T09:45:13","modified_gmt":"2025-08-20T14:45:13","slug":"kion-poudre-a-vendre-zingiber-officinale-herbes-racine","status":"publish","type":"product","link":"https:\/\/oknatura.com\/fr\/produits\/kion-poudre-a-vendre-zingiber-officinale-herbes-racine\/","title":{"rendered":"KION EN POUDRE \/ 200gr \u00e0 2kg - (Zingiber Officinale) - Herbes en poudre 100% naturelles RACINES"},"content":{"rendered":"<h1>POUDRE DE KION : Une \u00e9pice qui a du piquant pour votre bien-\u00eatre<\/h1>\n<h2>POUDRE DE KION : Lib\u00e9rer la magie du Zingiber Officinale<\/h2>\n<p>Bienvenue dans le monde de la <strong>POUDRE DE KION<\/strong>, un produit naturel remarquable d\u00e9riv\u00e9 du c\u00e9l\u00e8bre Zingiber Officinale, ou plus simplement du gingembre. Dans ce guide complet, nous explorerons les diff\u00e9rentes dimensions de cette \u00e9pice unique, de ses qualit\u00e9s les plus remarquables \u00e0 ses applications moins connues. Nous vous pr\u00e9senterons les avantages et les inconv\u00e9nients, nous vous fournirons des instructions et des recommandations d&rsquo;experts et nous vous d\u00e9voilerons les autres noms sous lesquels cette \u00e9pice remarquable est connue. \u00c0 la fin de ce voyage, vous comprendrez pourquoi <strong>KION POWDER<\/strong> est indispensable \u00e0 votre bien-\u00eatre g\u00e9n\u00e9ral.   <\/p>\n<h2>KION POWDER : Sa qualit\u00e9 la plus remarquable<\/h2>\n<p><strong>La qualit\u00e9 la plus remarquable :<\/strong><\/p>\n<p>La <strong>POUDRE DE KION<\/strong> est r\u00e9put\u00e9e pour son potentiel d&rsquo;am\u00e9lioration du bien-\u00eatre g\u00e9n\u00e9ral. Il ne s&rsquo;agit pas d&rsquo;une \u00e9pice ordinaire, mais d&rsquo;un rem\u00e8de v\u00e9g\u00e9tal polyvalent connu pour ses nombreux bienfaits pour la sant\u00e9, en particulier pour favoriser la digestion et stimuler l&rsquo;immunit\u00e9. <\/p>\n<h2>Utilisations traditionnelles et moins connues<\/h2>\n<p><strong>Applications traditionnelles :<\/strong><\/p>\n<ul>\n<li><strong>Aide \u00e0 la digestion :<\/strong> Depuis des si\u00e8cles, le gingembre est un rem\u00e8de de confiance pour apaiser les maux d&rsquo;estomac, r\u00e9duire les naus\u00e9es et favoriser une bonne digestion.<\/li>\n<li><strong>Renforcement de l&rsquo;immunit\u00e9 :<\/strong> il s&rsquo;agit \u00e9galement d&rsquo;un stimulant bien connu du syst\u00e8me immunitaire, qui aide votre corps \u00e0 se d\u00e9fendre contre les rhumes et autres infections.<\/li>\n<li><strong>Anti-inflammatoire :<\/strong> Les propri\u00e9t\u00e9s anti-inflammatoires du gingembre en ont fait l&rsquo;un des aliments pr\u00e9f\u00e9r\u00e9s de ceux qui cherchent \u00e0 soulager divers types de douleurs et d&rsquo;inconforts.<\/li>\n<\/ul>\n<p><strong>Potentiel cach\u00e9 :<\/strong><\/p>\n<ul>\n<li><strong>Soulagement du mal des transports :<\/strong> Le gingembre peut \u00eatre utilis\u00e9 pour soulager le mal des transports pendant les voyages, une application moins connue mais pr\u00e9cieuse.<\/li>\n<li><strong>Gestion de la douleur :<\/strong> Les qualit\u00e9s anti-inflammatoires du gingembre peuvent aider \u00e0 g\u00e9rer les conditions qui impliquent la douleur et l&rsquo;inflammation.<\/li>\n<li><strong>Soulagement des migraines :<\/strong> Certaines personnes trouvent que le gingembre peut aider \u00e0 r\u00e9duire la fr\u00e9quence et l&rsquo;intensit\u00e9 des migraines.<\/li>\n<\/ul>\n<h2>Avantages et inconv\u00e9nients<\/h2>\n<p><strong>Le pour (les avantages) :<\/strong><\/p>\n<ul>\n<li><strong>Confort digestif :<\/strong> <strong>KION POWDER<\/strong> offre un soutien naturel \u00e0 la sant\u00e9 digestive, aidant \u00e0 soulager l&rsquo;indigestion, les ballonnements et les naus\u00e9es.<\/li>\n<li><strong>Soutien du syst\u00e8me immunitaire :<\/strong> C&rsquo;est un alli\u00e9 puissant pour renforcer les d\u00e9fenses de votre corps contre les maladies et les infections.<\/li>\n<li><strong>Effets anti-inflammatoires :<\/strong> De nombreuses personnes se tournent vers le gingembre pour soulager les \u00e9tats inflammatoires et la douleur.<\/li>\n<\/ul>\n<p><strong>Les inconv\u00e9nients (avertissements et s\u00e9curit\u00e9) :<\/strong><\/p>\n<ul>\n<li><strong>R\u00e9actions allergiques :<\/strong> Comme pour tout produit naturel, certaines personnes peuvent \u00eatre allergiques au gingembre. Effectuez toujours un test \u00e9picutan\u00e9 avant de l&rsquo;utiliser \u00e0 grande \u00e9chelle. <\/li>\n<li><strong>Contr\u00f4le du dosage :<\/strong> Respectez les doses recommand\u00e9es afin d&rsquo;\u00e9viter les effets secondaires ou ind\u00e9sirables potentiels.<\/li>\n<li><strong>Grossesse et allaitement :<\/strong> Si vous \u00eates enceinte ou si vous allaitez, consultez un professionnel de la sant\u00e9 avant d&rsquo;utiliser les produits \u00e0 base de gingembre.<\/li>\n<\/ul>\n<h2>Comment int\u00e9grer KION POWDER \u00e0 votre routine<\/h2>\n<p>Pour tirer le meilleur parti de <strong>KION POWDER<\/strong>, suivez ces instructions et recommandations : <\/p>\n<ol>\n<li><strong>Confort digestif :<\/strong> M\u00e9langez une demi-cuill\u00e8re \u00e0 caf\u00e9 de poudre de gingembre avec de l&rsquo;eau chaude ou du th\u00e9 pour un soutien digestif apaisant.<\/li>\n<li><strong>Renforcement du syst\u00e8me immunitaire :<\/strong> Cr\u00e9ez un th\u00e9 rafra\u00eechissant au gingembre et au citron en ajoutant une pinc\u00e9e de <strong>KION POWDER<\/strong> et d\u00e9gustez-le tous les jours.<\/li>\n<li><strong>Soulagement des inflammations :<\/strong> Pour g\u00e9rer la douleur et l&rsquo;inflammation, ajoutez le gingembre \u00e0 votre r\u00e9gime alimentaire habituel ou consommez-le sous forme de th\u00e9.<\/li>\n<li><strong>Aide au mal des transports :<\/strong> Lorsque vous voyagez, prenez une petite quantit\u00e9 de poudre de gingembre avec de l&rsquo;eau avant votre d\u00e9part.<\/li>\n<li><strong>La s\u00e9curit\u00e9 avant tout :<\/strong> Effectuez toujours un test \u00e9picutan\u00e9 pour v\u00e9rifier l&rsquo;absence d&rsquo;allergies ou de r\u00e9actions ind\u00e9sirables.<\/li>\n<\/ol>\n<h2>Autres noms pour KION POWDER<\/h2>\n<p>La <strong>POUDRE DE KION<\/strong> est \u00e9galement connue sous le nom de \u00ab\u00a0Zingiber Officinale\u00a0\u00bb.<\/p>\n<h2>Conclusion : Ajoutez du piment \u00e0 votre vie avec Kion<\/h2>\n<p>En conclusion, <strong>KION POWDER<\/strong> est l&rsquo;\u00e9pice qui ajoute non seulement de la saveur mais aussi d&rsquo;innombrables bienfaits \u00e0 votre vie. Que vous ayez besoin d&rsquo;un confort digestif, d&rsquo;un soutien immunitaire ou d&rsquo;effets anti-inflammatoires, le gingembre est votre compagnon de confiance. En l&rsquo;int\u00e9grant \u00e0 votre routine quotidienne, vous pouvez lib\u00e9rer la magie du gingembre et profiter de ses avantages remarquables.  <\/p>\n<blockquote><p><strong>Note :<\/strong><\/p>\n<p>Les produits OK Natural sont obtenus et vendus \u00e0 l&rsquo;\u00e9tat pur et d&rsquo;origine 100 % naturelle aux communaut\u00e9s autochtones. Ils ne contiennent aucun pesticide, produit chimique, herbicide ou autre substance artificielle. <\/p>\n<p><strong>Avis de non-responsabilit\u00e9 :<\/strong><\/p><\/blockquote>\n<ul>\n<li>\n<blockquote><p>Tous les produits sont l\u00e9gaux dans notre pays d&rsquo;origine, il est de la responsabilit\u00e9 du client de v\u00e9rifier leur l\u00e9galit\u00e9 dans le pays de destination.<\/p><\/blockquote>\n<\/li>\n<li>\n<blockquote><p>L&rsquo;utilisation de ces produits naturels ne remplace pas une consultation m\u00e9dicale.<\/p><\/blockquote>\n<\/li>\n<li>\n<blockquote><p>Il n&rsquo;implique en aucun cas des affirmations m\u00e9dicales sur la capacit\u00e9 ou l&rsquo;efficacit\u00e9 de l&rsquo;un de nos produits \u00e0 traiter, pr\u00e9venir ou att\u00e9nuer une maladie ou un malaise.<\/p><\/blockquote>\n<\/li>\n<li>\n<blockquote><p>L&rsquo;utilisation et l&rsquo;application de nos produits rel\u00e8vent de la responsabilit\u00e9 exclusive du client.<\/p><\/blockquote>\n<\/li>\n<li>\n<blockquote><p>Les effets de ce produit sont confirm\u00e9s par l&rsquo;exp\u00e9rience empirique de la m\u00e9decine traditionnelle ancienne avec d&rsquo;excellents r\u00e9sultats.<\/p><\/blockquote>\n<\/li>\n<li>\n<blockquote><p>L&rsquo;absence d&rsquo;effets secondaires nocifs s&rsquo;il est administr\u00e9 \u00e0 la bonne dose. Mais les informations recens\u00e9es ici ne constituent en aucun cas une ordonnance ou une prescription. <\/p><\/blockquote>\n<\/li>\n<li>\n<blockquote><p>Les d\u00e9clarations et les liens vers les sites web qu&rsquo;il contient n&rsquo;ont pas \u00e9t\u00e9 \u00e9valu\u00e9s par la FDA ou les autorit\u00e9s internationales charg\u00e9es des produits alimentaires et pharmaceutiques.<\/p><\/blockquote>\n<\/li>\n<\/ul>\n","protected":false},"excerpt":{"rendered":"<p>POUDRE DE KION : Une \u00e9pice qui a du piquant pour votre bien-\u00eatre POUDRE DE KION : Lib\u00e9rer la magie du Zingiber Officinale Bienvenue dans le monde de la POUDRE DE KION, un produit naturel remarquable d\u00e9riv\u00e9 du c\u00e9l\u00e8bre Zingiber Officinale, ou plus simplement du gingembre. Dans ce guide complet, nous explorerons les diff\u00e9rentes dimensions [&hellip;]<\/p>\n","protected":false},"featured_media":61832,"comment_status":"open","ping_status":"closed","template":"","meta":{"_joinchat":[]},"product_brand":[242],"product_cat":[2671,2618],"product_tag":[],"giftcard-category":[],"class_list":{"0":"post-33593","1":"product","2":"type-product","3":"status-publish","4":"has-post-thumbnail","6":"product_brand-ok-natura","7":"product_cat-herbes-exotiques-a-vendre","8":"product_cat-nouveautes-a-vendre","9":"product_shipping_class-general-shipping-fr","10":"pa_6081001e661651619066910-kion-powder-200gr-2kg-zingiber-officinale-herbs-powdered-100-natural-root-178-jpgoptimized921663c0c14b67aca6a7e264b57fca92id29410548088984pid6567808336024original_filenamepowder","11":"pa_badge-1-bilan","12":"pa_description_tag-le-kion-soulage-la-grippe-les-rhumes-est-anti-inflammatoire-et-tres-riche-macere-a-lalcool-souhaitez-vous-profiter-de-ses-nouveaux-avantages-il-est-disponible-ici","13":"pa_rating-scale_min1-0scale_max5-0value5-0","14":"pa_rating_count-1-fr","15":"pa_review_count-72-fr","16":"pa_review_enabled-1-fr","17":"pa_review_rating-5-fr","18":"pa_title_tag-kion-en-poudre-pour-la-vente-zingiber-officinale-herbes-racines","19":"pa_widget-jdgm-rev-widg-display-none-avis-des-clients-base-sur-1-avis-ecrire-un-avis-100-1-0-0-0-0-0-0-0-0-m","21":"first","22":"instock","23":"sale","24":"shipping-taxable","25":"purchasable","26":"product-type-variable"},"_links":{"self":[{"href":"https:\/\/oknatura.com\/fr\/wp-json\/wp\/v2\/product\/33593","targetHints":{"allow":["GET"]}}],"collection":[{"href":"https:\/\/oknatura.com\/fr\/wp-json\/wp\/v2\/product"}],"about":[{"href":"https:\/\/oknatura.com\/fr\/wp-json\/wp\/v2\/types\/product"}],"replies":[{"embeddable":true,"href":"https:\/\/oknatura.com\/fr\/wp-json\/wp\/v2\/comments?post=33593"}],"version-history":[{"count":2,"href":"https:\/\/oknatura.com\/fr\/wp-json\/wp\/v2\/product\/33593\/revisions"}],"predecessor-version":[{"id":65587,"href":"https:\/\/oknatura.com\/fr\/wp-json\/wp\/v2\/product\/33593\/revisions\/65587"}],"wp:featuredmedia":[{"embeddable":true,"href":"https:\/\/oknatura.com\/fr\/wp-json\/wp\/v2\/media\/61832"}],"wp:attachment":[{"href":"https:\/\/oknatura.com\/fr\/wp-json\/wp\/v2\/media?parent=33593"}],"wp:term":[{"taxonomy":"product_brand","embeddable":true,"href":"https:\/\/oknatura.com\/fr\/wp-json\/wp\/v2\/product_brand?post=33593"},{"taxonomy":"product_cat","embeddable":true,"href":"https:\/\/oknatura.com\/fr\/wp-json\/wp\/v2\/product_cat?post=33593"},{"taxonomy":"product_tag","embeddable":true,"href":"https:\/\/oknatura.com\/fr\/wp-json\/wp\/v2\/product_tag?post=33593"},{"taxonomy":"giftcard-category","embeddable":true,"href":"https:\/\/oknatura.com\/fr\/wp-json\/wp\/v2\/giftcard-category?post=33593"}],"curies":[{"name":"wp","href":"https:\/\/api.w.org\/{rel}","templated":true}]}}