{"id":33882,"date":"2020-10-08T16:27:32","date_gmt":"2020-10-08T16:27:32","guid":{"rendered":"https:\/\/oknatura.com\/products\/poudre-dayahuasca-200gr-a-1kg-banisteriopsis-caapi-vigne-ayahuasca-yage-100-pure-naturelle"},"modified":"2025-08-21T09:22:12","modified_gmt":"2025-08-21T14:22:12","slug":"ayahuasca-poudre-a-vendre-banisteriopsis-caapi","status":"publish","type":"product","link":"https:\/\/oknatura.com\/fr\/produits\/ayahuasca-poudre-a-vendre-banisteriopsis-caapi\/","title":{"rendered":"POUDRE D&rsquo;AYAHUASCA \/ 200gr \u00e0 1kg - (Banisteriopsis caapi) \/ Vigne Ayahuasca - Yage - 100% Pure Naturelle"},"content":{"rendered":"<h1>La poudre d&rsquo;ayahuasca : votre chemin vers l&rsquo;exploration spirituelle<\/h1>\n<p><strong>Poudre d&rsquo;ayahuasca : D\u00e9voiler le divin en soi<\/strong><\/p>\n<p>L&rsquo;<em>ayahuasca<\/em>, connue scientifiquement sous le nom de <em>Banisteriopsis caapi<\/em>, est une plante sacr\u00e9e qui plonge ses racines au c\u0153ur de la for\u00eat amazonienne. Sa qualit\u00e9 la plus remarquable est sa capacit\u00e9 \u00e0 accorder \u00e0 ceux qui participent \u00e0 ses myst\u00e8res un passage vers un monde spirituel profond.<\/p>\n<h2>Poudre d&rsquo;Ayahuasca : D\u00e9couvrir l&rsquo;essence de l&rsquo;Ayahuasca<\/h2>\n<p><strong>L&rsquo;\u00e9lixir spirituel<\/strong><\/p>\n<p>La poudre d&rsquo;ayahuasca ouvre la voie \u00e0 la d\u00e9couverte de soi et \u00e0 l&rsquo;exploration int\u00e9rieure. Depuis des si\u00e8cles, les tribus indig\u00e8nes d&rsquo;Amazonie exploitent son pouvoir pour acc\u00e9der \u00e0 la sagesse divine, rechercher la gu\u00e9rison et entrer en contact avec les esprits du monde naturel.<\/p>\n<h2>Utilisations traditionnelles et moins connues<\/h2>\n<p>Traditionnellement, l&rsquo;Ayahuasca est obtenue en combinant des lianes de Banisteriopsis caapi avec d&rsquo;autres plantes amazoniennes comme Psychotria viridis (Chacruna) pour cr\u00e9er une puissante concoction c\u00e9r\u00e9monielle. Voici les principales utilisations traditionnelles :<\/p>\n<p><strong>1. C\u00e9r\u00e9monies de l&rsquo;ayahuasca :<\/strong> Conduites par des chamans exp\u00e9riment\u00e9s, ces c\u00e9r\u00e9monies sont un \u00e9l\u00e9ment central de la culture indig\u00e8ne amazonienne. Ils offrent aux participants une opportunit\u00e9 de croissance spirituelle et de gu\u00e9rison.<\/p>\n<p><strong>2. Qu\u00eates de vision :<\/strong> L&rsquo;ayahuasca est souvent utilis\u00e9e pour des qu\u00eates de vision, afin d&rsquo;approfondir la compr\u00e9hension de l&rsquo;univers et de soi-m\u00eame.<\/p>\n<p><strong>3. La gu\u00e9rison moderne :<\/strong> Ces derni\u00e8res ann\u00e9es, l&rsquo;Ayahuasca a attir\u00e9 l&rsquo;attention du monde moderne en tant qu&rsquo;outil th\u00e9rapeutique pour traiter toute une s\u00e9rie de probl\u00e8mes psychologiques et \u00e9motionnels.<\/p>\n<h2>Les avantages et les inconv\u00e9nients de la poudre d&rsquo;ayahuasca<\/h2>\n<p><strong>Le pour (les avantages) :<\/strong><\/p>\n<ul>\n<li><strong>Illumination spirituelle :<\/strong> Les exp\u00e9riences de l&rsquo;ayahuasca conduisent souvent \u00e0 de profondes prises de conscience spirituelles, favorisant le d\u00e9veloppement personnel, la conscience de soi et la paix int\u00e9rieure.<\/li>\n<li><strong>Gu\u00e9rison \u00e9motionnelle :<\/strong> L&rsquo;ayahuasca a \u00e9t\u00e9 associ\u00e9e \u00e0 une gu\u00e9rison \u00e9motionnelle et psychologique significative, contribuant au traitement de divers troubles mentaux.<\/li>\n<li><strong>Sagesse ancienne :<\/strong> Ce breuvage sacr\u00e9 ouvre la porte \u00e0 la sagesse et aux traditions des cultures amazoniennes.<\/li>\n<\/ul>\n<p><strong>Les inconv\u00e9nients (pr\u00e9cautions et s\u00e9curit\u00e9) :<\/strong><\/p>\n<ul>\n<li><strong>L\u00e9galit\u00e9 et usage \u00e9thique :<\/strong> Le statut l\u00e9gal de l&rsquo;ayahuasca varie selon les r\u00e9gions. Soyez toujours conscient des r\u00e9glementations locales et abordez son utilisation de mani\u00e8re \u00e9thique et responsable.<\/li>\n<li><strong>Exp\u00e9riences intenses :<\/strong> Les voyages \u00e0 l&rsquo;Ayahuasca peuvent \u00eatre accablants et les participants peuvent \u00eatre pris de vomissements ou de purges. La pr\u00e9paration psychologique est cruciale.<\/li>\n<li><strong>Pas pour tout le monde :<\/strong> L&rsquo;ayahuasca peut ne pas convenir aux personnes souffrant de certaines maladies ou ayant des ant\u00e9c\u00e9dents de troubles mentaux. Il est recommand\u00e9 de consulter au pr\u00e9alable un professionnel de la sant\u00e9.<\/li>\n<\/ul>\n<h2>Naviguer dans votre exp\u00e9rience de l&rsquo;Ayahuasca<\/h2>\n<p>Si vous envisagez de faire un voyage en Ayahuasca, voici quelques \u00e9l\u00e9ments importants \u00e0 prendre en compte :<\/p>\n<ol>\n<li><strong>Chercher des conseils :<\/strong> Pour les novices, l&rsquo;Ayahuasca est mieux v\u00e9cue dans le contexte d&rsquo;une c\u00e9r\u00e9monie guid\u00e9e par un chaman exp\u00e9riment\u00e9.<\/li>\n<li><strong>Pr\u00e9parez votre environnement :<\/strong> Choisissez un cadre confortable et s\u00fbr, sans distraction, pour vous immerger totalement dans l&rsquo;exp\u00e9rience.<\/li>\n<li><strong>Communaut\u00e9 et int\u00e9gration :<\/strong> Apr\u00e8s votre voyage, cherchez un soutien pour int\u00e9grer les connaissances que vous avez acquises dans votre vie quotidienne.<\/li>\n<\/ol>\n<p><strong>Le saviez-vous ?<\/strong>  L&rsquo;ayahuasca est connue sous diff\u00e9rents noms dans les cultures indig\u00e8nes, tels que \u00ab\u00a0La Purga\u00a0\u00bb (La Purge) ou \u00ab\u00a0Yag\u00e9\u00a0\u00bb.<\/p>\n<h2>Ayahuasca Powder : Votre voyage commence ici<\/h2>\n<p>En conclusion, la poudre d&rsquo;ayahuasca est votre passage vers la croissance spirituelle, la gu\u00e9rison \u00e9motionnelle et une profonde conscience de soi. Si l&rsquo;attrait de l&rsquo;Ayahuasca vous a s\u00e9duit, il est temps d&rsquo;entreprendre un voyage extraordinaire, en plongeant dans les profondeurs de votre conscience.<\/p>\n<blockquote><p><strong>Remarque :<\/strong><\/p>\n<p>Les produits OK Natural sont obtenus et vendus \u00e0 l&rsquo;\u00e9tat pur et d&rsquo;origine 100 % naturelle aux communaut\u00e9s autochtones. Ils ne contiennent aucun pesticide, produit chimique, herbicide ou autre substance artificielle. <\/p>\n<p><strong>Avis de non-responsabilit\u00e9 :<\/strong><\/p><\/blockquote>\n<ul>\n<li>\n<blockquote><p>Tous les produits sont l\u00e9gaux dans notre pays d&rsquo;origine, il est de la responsabilit\u00e9 du client de v\u00e9rifier leur l\u00e9galit\u00e9 dans le pays de destination.<\/p><\/blockquote>\n<\/li>\n<li>\n<blockquote><p>L&rsquo;utilisation de ces produits naturels ne remplace pas une consultation m\u00e9dicale.<\/p><\/blockquote>\n<\/li>\n<li>\n<blockquote><p>Il n&rsquo;implique en aucun cas des all\u00e9gations m\u00e9dicales concernant la capacit\u00e9 ou l&rsquo;efficacit\u00e9 de l&rsquo;un de nos produits \u00e0 traiter, pr\u00e9venir ou att\u00e9nuer une maladie ou un malaise.<\/p><\/blockquote>\n<\/li>\n<li>\n<blockquote><p>L&rsquo;utilisation et l&rsquo;application de nos produits rel\u00e8vent de la responsabilit\u00e9 exclusive du client.<\/p><\/blockquote>\n<\/li>\n<li>\n<blockquote><p>Les effets de ce produit sont confirm\u00e9s par l&rsquo;exp\u00e9rience empirique de la m\u00e9decine traditionnelle ancienne avec d&rsquo;excellents r\u00e9sultats.<\/p><\/blockquote>\n<\/li>\n<li>\n<blockquote><p>L&rsquo;absence d&rsquo;effets secondaires nocifs si le m\u00e9dicament est administr\u00e9 \u00e0 la bonne dose. Mais les informations identifi\u00e9es ici ne constituent en aucun cas une ordonnance ou une prescription. <\/p><\/blockquote>\n<\/li>\n<li>\n<blockquote><p>Les d\u00e9clarations et les liens vers les sites web qu&rsquo;il contient n&rsquo;ont pas \u00e9t\u00e9 \u00e9valu\u00e9s par la FDA ou les autorit\u00e9s internationales charg\u00e9es des produits alimentaires et pharmaceutiques.<\/p><\/blockquote>\n<\/li>\n<\/ul>\n","protected":false},"excerpt":{"rendered":"<p>La poudre d&rsquo;ayahuasca : votre chemin vers l&rsquo;exploration spirituelle Poudre d&rsquo;ayahuasca : D\u00e9voiler le divin en soi L&rsquo;ayahuasca, connue scientifiquement sous le nom de Banisteriopsis caapi, est une plante sacr\u00e9e qui plonge ses racines au c\u0153ur de la for\u00eat amazonienne. Sa qualit\u00e9 la plus remarquable est sa capacit\u00e9 \u00e0 accorder \u00e0 ceux qui participent \u00e0 [&hellip;]<\/p>\n","protected":false},"featured_media":59807,"comment_status":"open","ping_status":"closed","template":"","meta":{"_joinchat":[]},"product_brand":[242],"product_cat":[2629,3203,2630],"product_tag":[2895],"giftcard-category":[],"class_list":{"0":"post-33882","1":"product","2":"type-product","3":"status-publish","4":"has-post-thumbnail","6":"product_brand-ok-natura","7":"product_cat-ayahuasca-fr","8":"product_cat-sacrees-herbes-a-vendre","9":"product_cat-ventes-courrier-national","10":"product_tag-ayahuasca-fr","11":"product_shipping_class-paste-extract-fr","12":"pa_5f9676b66b3ce1603696310-ayahuasca-powder-1kg-banisteriopsis-caapi-vine-yage-100-pure-natural-organic-921-pngoptimizednullid21779339542680pid5903671165080original_filenameyaapolvo-pngvariant_idsp-fr","13":"pa_6025efc1e38721613098945-ayahuasca-powder-200gr-1kg-banisteriopsis-caapi-vine-yage-100-pure-natural-ras-176-jpgoptimized921663c0c14b67aca6a7e264b57fca92id26060457312408pid5903671165080original_filenamey-fr","14":"pa_badge-1-bilan","15":"pa_description_tag-voulez-vous-de-la-poudre-dayahuasca-achetez-le-ici-a-ok-natura-au-meilleur-prix-faites-de-votre-ceremonie-une-experience-unique-avec-layahuasca-poudre-a-preparer-soi-meme","16":"pa_rating-scale_min1-0scale_max5-0value5-0","17":"pa_rating_count-1-fr","18":"pa_review_count-38-fr","19":"pa_review_enabled-1-fr","20":"pa_review_rating-5-fr","21":"pa_talla-10kg-fr","22":"pa_talla-1kg-fr-2","23":"pa_talla-200gr-fr","24":"pa_talla-2kg-fr","25":"pa_talla-4kg-fr","26":"pa_talla-500gr-fr","27":"pa_title_tag-ayahuasca--poudre-a-vendre-banisteriopsis-caapi-yage","28":"pa_widget-jdgm-rev-widg-display-none-avis-des-clients-base-sur-1-avis-ecrire-un-avis-100-1-0-0-0-0-0-0-0-0-a","30":"first","31":"instock","32":"sale","33":"shipping-taxable","34":"purchasable","35":"product-type-variable"},"_links":{"self":[{"href":"https:\/\/oknatura.com\/fr\/wp-json\/wp\/v2\/product\/33882","targetHints":{"allow":["GET"]}}],"collection":[{"href":"https:\/\/oknatura.com\/fr\/wp-json\/wp\/v2\/product"}],"about":[{"href":"https:\/\/oknatura.com\/fr\/wp-json\/wp\/v2\/types\/product"}],"replies":[{"embeddable":true,"href":"https:\/\/oknatura.com\/fr\/wp-json\/wp\/v2\/comments?post=33882"}],"version-history":[{"count":1,"href":"https:\/\/oknatura.com\/fr\/wp-json\/wp\/v2\/product\/33882\/revisions"}],"predecessor-version":[{"id":46125,"href":"https:\/\/oknatura.com\/fr\/wp-json\/wp\/v2\/product\/33882\/revisions\/46125"}],"wp:featuredmedia":[{"embeddable":true,"href":"https:\/\/oknatura.com\/fr\/wp-json\/wp\/v2\/media\/59807"}],"wp:attachment":[{"href":"https:\/\/oknatura.com\/fr\/wp-json\/wp\/v2\/media?parent=33882"}],"wp:term":[{"taxonomy":"product_brand","embeddable":true,"href":"https:\/\/oknatura.com\/fr\/wp-json\/wp\/v2\/product_brand?post=33882"},{"taxonomy":"product_cat","embeddable":true,"href":"https:\/\/oknatura.com\/fr\/wp-json\/wp\/v2\/product_cat?post=33882"},{"taxonomy":"product_tag","embeddable":true,"href":"https:\/\/oknatura.com\/fr\/wp-json\/wp\/v2\/product_tag?post=33882"},{"taxonomy":"giftcard-category","embeddable":true,"href":"https:\/\/oknatura.com\/fr\/wp-json\/wp\/v2\/giftcard-category?post=33882"}],"curies":[{"name":"wp","href":"https:\/\/api.w.org\/{rel}","templated":true}]}}