{"id":34249,"date":"2020-10-04T18:33:35","date_gmt":"2020-10-04T18:33:35","guid":{"rendered":"https:\/\/oknatura.com\/products\/copaiba-huile-essentielle-copaifera-officinali-100-pure-non-diluee"},"modified":"2025-06-12T13:27:50","modified_gmt":"2025-06-12T18:27:50","slug":"copaiba-a-vendre-huile-essentielle-copaifera-officinalis","status":"publish","type":"product","link":"https:\/\/oknatura.com\/fr\/produits\/copaiba-a-vendre-huile-essentielle-copaifera-officinalis\/","title":{"rendered":"COPAIBA Huile Essentielle - (Copaifera officinali) \/ 100% pure non dilu\u00e9e"},"content":{"rendered":"<h1>Huile essentielle de Copaiba : L&rsquo;\u00e9lixir de gu\u00e9rison de la nature<\/h1>\n<h2>R\u00e9v\u00e9ler l&rsquo;essence de l&rsquo;huile essentielle de Copaiba<\/h2>\n<p>L&rsquo;<strong>huile essentielle de Copaiba<\/strong>, d\u00e9riv\u00e9e de l&rsquo;arbre Copaifera officinalis, est un remarquable cadeau de la nature. Dans ce guide complet, nous nous pencherons sur les qualit\u00e9s exceptionnelles de cette huile essentielle extraordinaire, nous explorerons ses diverses utilisations et nous d\u00e9couvrirons ses innombrables bienfaits. Vous d\u00e9couvrirez \u00e9galement d&rsquo;importantes consid\u00e9rations de s\u00e9curit\u00e9 et recevrez des instructions d\u00e9taill\u00e9es sur la fa\u00e7on d&rsquo;incorporer l&rsquo;huile essentielle de Copaiba dans votre routine quotidienne. En cours de route, nous d\u00e9voilerons les noms moins connus sous lesquels cette huile pr\u00e9cieuse est reconnue, et nous conclurons en vous invitant \u00e0 faire l&rsquo;exp\u00e9rience de son pouvoir de transformation par vous-m\u00eame.<\/p>\n<h2>Huile essentielle de Copaiba : Le pouvoir de la r\u00e9sine<\/h2>\n<p><strong>R\u00e9v\u00e9ler les qualit\u00e9s les plus remarquables de l&rsquo;huile essentielle de Copaiba<\/strong><\/p>\n<p>La qualit\u00e9 principale de l&rsquo;huile essentielle de Copaiba r\u00e9side dans l&rsquo;abondance de sa r\u00e9sine. Cette r\u00e9sine est une source riche en propri\u00e9t\u00e9s th\u00e9rapeutiques qui peuvent \u00eatre b\u00e9n\u00e9fiques pour votre sant\u00e9 et votre bien-\u00eatre.<\/p>\n<h2>Utilisations traditionnelles et moins connues<\/h2>\n<p><strong>Applications traditionnelles :<\/strong><\/p>\n<ul>\n<li><strong>Anti-inflammatoire :<\/strong> Il est traditionnellement utilis\u00e9 pour ses puissantes propri\u00e9t\u00e9s anti-inflammatoires. Il peut aider \u00e0 r\u00e9duire l&rsquo;inflammation et \u00e0 soulager l&rsquo;inconfort.<\/li>\n<li><strong>Sant\u00e9 de la peau :<\/strong> Cette huile est un choix populaire pour favoriser une peau saine et \u00e9clatante. Ses propri\u00e9t\u00e9s antimicrobiennes peuvent \u00eatre b\u00e9n\u00e9fiques pour divers probl\u00e8mes de peau.<\/li>\n<\/ul>\n<p><strong>Potentiel cach\u00e9 :<\/strong><\/p>\n<ul>\n<li><strong>Sant\u00e9 bucco-dentaire :<\/strong> Son utilisation pour la sant\u00e9 bucco-dentaire est moins connue. Dilu\u00e9e dans de l&rsquo;eau ou dans un bain de bouche, l&rsquo;huile essentielle de Copaiba peut aider \u00e0 maintenir une bouche propre et saine.<\/li>\n<li><strong>Soutien \u00e9motionnel :<\/strong> Cette huile peut apporter un soutien \u00e9motionnel. Diffusez-la pour cr\u00e9er une atmosph\u00e8re apaisante et ancr\u00e9e.<\/li>\n<\/ul>\n<h2>Avantages et inconv\u00e9nients<\/h2>\n<p><strong>Le pour (les avantages) :<\/strong><\/p>\n<ul>\n<li><strong>Pouvoir anti-inflammatoire :<\/strong> Peut aider \u00e0 g\u00e9rer l&rsquo;inflammation, offrant un soulagement de divers inconforts.<\/li>\n<li><strong>Rajeunissement de la peau :<\/strong> Il favorise la sant\u00e9 de la peau, ce qui en fait un compl\u00e9ment pr\u00e9cieux \u00e0 votre routine de soins de la peau.<\/li>\n<li><strong>Soins bucco-dentaires :<\/strong> Lorsqu&rsquo;il est utilis\u00e9 dans le cadre de votre routine d&rsquo;hygi\u00e8ne bucco-dentaire, il peut aider \u00e0 maintenir une bouche fra\u00eeche et propre.<\/li>\n<li><strong>Bien-\u00eatre \u00e9motionnel :<\/strong> La diffusion de l&rsquo;huile essentielle de Copaiba peut cr\u00e9er un environnement apaisant, vous aidant \u00e0 vous d\u00e9tendre et \u00e0 vous relaxer.<\/li>\n<\/ul>\n<p><strong>Les inconv\u00e9nients (avertissements et s\u00e9curit\u00e9) :<\/strong><\/p>\n<ul>\n<li><strong>La dilution est essentielle :<\/strong> Il est essentiel de diluer l&rsquo;huile essentielle de Copaiba lorsqu&rsquo;on l&rsquo;applique sur la peau afin d&rsquo;\u00e9viter toute sensibilit\u00e9 cutan\u00e9e.<\/li>\n<li><strong>La qualit\u00e9 compte :<\/strong> Veillez \u00e0 utiliser une huile essentielle de haute qualit\u00e9 provenant d&rsquo;un fournisseur r\u00e9put\u00e9 pour obtenir les meilleurs r\u00e9sultats.<\/li>\n<li><strong>Grossesse et enfants :<\/strong> Si vous \u00eates enceinte ou si vous envisagez d&rsquo;utiliser ce produit sur des enfants, consultez un professionnel de la sant\u00e9.<\/li>\n<\/ul>\n<h2>Tirer le meilleur parti de l&rsquo;huile essentielle de Copaiba<\/h2>\n<p>Pour exploiter tout le potentiel de l&rsquo;huile essentielle de Copaiba, tenez compte des instructions et recommandations suivantes :<\/p>\n<ol>\n<li><strong>Application topique :<\/strong> M\u00e9langer quelques gouttes avec une huile de support et appliquer sur la zone affect\u00e9e pour g\u00e9rer l&rsquo;inflammation ou am\u00e9liorer la sant\u00e9 de la peau.<\/li>\n<li><strong>Soins bucco-dentaires :<\/strong> Ajouter une goutte \u00e0 un verre d&rsquo;eau ou \u00e0 un bain de bouche pour favoriser l&rsquo;hygi\u00e8ne bucco-dentaire.<\/li>\n<li><strong>Utilisation aromatique :<\/strong> Diffusez-la dans votre maison pour cr\u00e9er une atmosph\u00e8re apaisante et favoriser le bien-\u00eatre \u00e9motionnel.<\/li>\n<li><strong>S\u00e9rum pour la peau :<\/strong> M\u00e9langer avec une huile de support et d&rsquo;autres huiles essentielles pour obtenir un s\u00e9rum luxueux pour la peau.<\/li>\n<\/ol>\n<h2>Autres noms pour l&rsquo;huile essentielle de Copaiba<\/h2>\n<p>Elle est connue sous diff\u00e9rents noms, notamment \u00ab\u00a0huile de Copaifera officinalis\u00a0\u00bb et \u00ab\u00a0baume de Copaiba\u00a0\u00bb.<\/p>\n<h2>Profitez du pouvoir curatif de l&rsquo;huile essentielle de Copaiba<\/h2>\n<p>En conclusion, l&rsquo;huile essentielle de Copaiba, issue de l&rsquo;arbre Copaifera officinalis, est une huile essentielle polyvalente aux puissantes propri\u00e9t\u00e9s anti-inflammatoires et rajeunissantes pour la peau. Que vous ayez besoin de g\u00e9rer l&rsquo;inflammation, de soutenir votre peau ou de cr\u00e9er une atmosph\u00e8re apaisante pour le bien-\u00eatre \u00e9motionnel, l&rsquo;huile essentielle de Copaiba offre une approche naturelle et holistique pour am\u00e9liorer votre vie. Ne manquez pas l&rsquo;occasion de d\u00e9couvrir le pouvoir curatif de cette huile pr\u00e9cieuse et d&rsquo;ajouter une touche de cadeau de la nature \u00e0 votre parcours de bien-\u00eatre.<\/p>\n<blockquote><p><strong>Remarque :<\/strong><\/p>\n<p>Les produits OK Natural sont obtenus et vendus \u00e0 l&rsquo;\u00e9tat pur et d&rsquo;origine 100 % naturelle aux communaut\u00e9s autochtones. Ils ne contiennent aucun pesticide, produit chimique, herbicide ou autre substance artificielle.<\/p>\n<p><strong>Avis de non-responsabilit\u00e9 :<\/strong><\/p><\/blockquote>\n<ul>\n<li>\n<blockquote><p>Tous les produits sont l\u00e9gaux dans notre pays d&rsquo;origine, il est de la responsabilit\u00e9 du client de v\u00e9rifier leur l\u00e9galit\u00e9 dans le pays de destination.<\/p><\/blockquote>\n<\/li>\n<li>\n<blockquote><p>L&rsquo;utilisation de ces produits naturels ne remplace pas une consultation m\u00e9dicale.<\/p><\/blockquote>\n<\/li>\n<li>\n<blockquote><p>Il n&rsquo;implique en aucun cas des all\u00e9gations m\u00e9dicales concernant la capacit\u00e9 ou l&rsquo;efficacit\u00e9 de l&rsquo;un de nos produits \u00e0 traiter, pr\u00e9venir ou att\u00e9nuer une maladie ou un malaise.<\/p><\/blockquote>\n<\/li>\n<li>\n<blockquote><p>L&rsquo;utilisation et l&rsquo;application de nos produits rel\u00e8vent de la responsabilit\u00e9 exclusive du client.<\/p><\/blockquote>\n<\/li>\n<li>\n<blockquote><p>Les effets de ce produit sont confirm\u00e9s par l&rsquo;exp\u00e9rience empirique de la m\u00e9decine traditionnelle ancienne avec d&rsquo;excellents r\u00e9sultats.<\/p><\/blockquote>\n<\/li>\n<li>\n<blockquote><p>L&rsquo;absence d&rsquo;effets secondaires nocifs si le m\u00e9dicament est administr\u00e9 \u00e0 la bonne dose. Mais les informations identifi\u00e9es ici ne constituent en aucun cas une ordonnance ou une prescription.<\/p><\/blockquote>\n<\/li>\n<li>\n<blockquote><p>Les d\u00e9clarations et les liens vers les sites web qu&rsquo;il contient n&rsquo;ont pas \u00e9t\u00e9 \u00e9valu\u00e9s par la FDA ou les autorit\u00e9s internationales charg\u00e9es des produits alimentaires et pharmaceutiques.<\/p><\/blockquote>\n<\/li>\n<\/ul>\n","protected":false},"excerpt":{"rendered":"<p>Huile essentielle de Copaiba : L&rsquo;\u00e9lixir de gu\u00e9rison de la nature R\u00e9v\u00e9ler l&rsquo;essence de l&rsquo;huile essentielle de Copaiba L&rsquo;huile essentielle de Copaiba, d\u00e9riv\u00e9e de l&rsquo;arbre Copaifera officinalis, est un remarquable cadeau de la nature. Dans ce guide complet, nous nous pencherons sur les qualit\u00e9s exceptionnelles de cette huile essentielle extraordinaire, nous explorerons ses diverses utilisations [&hellip;]<\/p>\n","protected":false},"featured_media":59303,"comment_status":"open","ping_status":"closed","template":"","meta":{"_joinchat":[]},"product_brand":[242],"product_cat":[3037,2618],"product_tag":[],"giftcard-category":[],"class_list":{"0":"post-34249","1":"product","2":"type-product","3":"status-publish","4":"has-post-thumbnail","6":"product_brand-ok-natura","7":"product_cat-huiles-essences-a-vendre","8":"product_cat-nouveautes-a-vendre","9":"product_shipping_class-general-shipping-fr","10":"pa_5f9675a5a7ff21603696037-copaiba-essential-oil-copaifera-officinali-100-pure-undiluted-aceites-escencias-626-pngoptimizednullid21779009831064pid5878397993112original_filenamecopaiba-pngvariant_ids-fr","11":"pa_5fd91c86d5cf91608064134-copaiba-essential-oil-copaifera-officinali-100-pure-undiluted-aceites-escencias-649-jpgoptimized921663c0c14b67aca6a7e264b57fca92id24549536661656pid5878397993112original_filename-fr","12":"pa_badge-1-bilan","13":"pa_rating-scale_min1-0scale_max5-0value5-0","14":"pa_rating_count-1-fr","15":"pa_review_count-26-fr","16":"pa_review_enabled-1-fr","17":"pa_review_rating-4-9-fr","18":"pa_title_tag-copaiba-huile-essentielle-en-vente-copaifera-officinali","19":"pa_widget-jdgm-rev-widg-display-none-avis-des-clients-base-sur-1-avis-ecrire-un-avis-100-1-0-0-0-0-0-0-0-0-c","21":"first","22":"instock","23":"sale","24":"shipping-taxable","25":"purchasable","26":"product-type-variable"},"_links":{"self":[{"href":"https:\/\/oknatura.com\/fr\/wp-json\/wp\/v2\/product\/34249","targetHints":{"allow":["GET"]}}],"collection":[{"href":"https:\/\/oknatura.com\/fr\/wp-json\/wp\/v2\/product"}],"about":[{"href":"https:\/\/oknatura.com\/fr\/wp-json\/wp\/v2\/types\/product"}],"replies":[{"embeddable":true,"href":"https:\/\/oknatura.com\/fr\/wp-json\/wp\/v2\/comments?post=34249"}],"version-history":[{"count":1,"href":"https:\/\/oknatura.com\/fr\/wp-json\/wp\/v2\/product\/34249\/revisions"}],"predecessor-version":[{"id":45960,"href":"https:\/\/oknatura.com\/fr\/wp-json\/wp\/v2\/product\/34249\/revisions\/45960"}],"wp:featuredmedia":[{"embeddable":true,"href":"https:\/\/oknatura.com\/fr\/wp-json\/wp\/v2\/media\/59303"}],"wp:attachment":[{"href":"https:\/\/oknatura.com\/fr\/wp-json\/wp\/v2\/media?parent=34249"}],"wp:term":[{"taxonomy":"product_brand","embeddable":true,"href":"https:\/\/oknatura.com\/fr\/wp-json\/wp\/v2\/product_brand?post=34249"},{"taxonomy":"product_cat","embeddable":true,"href":"https:\/\/oknatura.com\/fr\/wp-json\/wp\/v2\/product_cat?post=34249"},{"taxonomy":"product_tag","embeddable":true,"href":"https:\/\/oknatura.com\/fr\/wp-json\/wp\/v2\/product_tag?post=34249"},{"taxonomy":"giftcard-category","embeddable":true,"href":"https:\/\/oknatura.com\/fr\/wp-json\/wp\/v2\/giftcard-category?post=34249"}],"curies":[{"name":"wp","href":"https:\/\/api.w.org\/{rel}","templated":true}]}}