{"id":50099,"date":"2023-10-08T15:07:39","date_gmt":"2023-10-08T20:07:39","guid":{"rendered":"https:\/\/oknatura.com\/spedizione-e-pagamento-ok-natura\/"},"modified":"2025-06-27T12:25:54","modified_gmt":"2025-06-27T17:25:54","slug":"spedizione-e-pagamento-ok-natura","status":"publish","type":"page","link":"https:\/\/oknatura.com\/it\/spedizione-e-pagamento-ok-natura\/","title":{"rendered":"Spedizione e pagamento | Ok Natura"},"content":{"rendered":"\t\t<div data-elementor-type=\"wp-page\" data-elementor-id=\"50099\" class=\"elementor elementor-50099 elementor-22612\" data-elementor-post-type=\"page\">\n\t\t\t\t\t\t<section data-particle_enable=\"false\" data-particle-mobile-disabled=\"false\" class=\"porto-full-no-gap elementor-section elementor-top-section elementor-element elementor-element-c762f4e elementor-section-full_width elementor-section-height-min-height elementor-section-height-default elementor-section-items-middle\" data-id=\"c762f4e\" data-element_type=\"section\" data-e-type=\"section\" data-settings=\"{&quot;background_background&quot;:&quot;classic&quot;}\">\r\n\t\t\r\n\t\t\t\t\t\t\t<div class=\"elementor-container elementor-column-gap-no\">\r\n\t\t\t\t\t\t\t\t\t\t\t<div class=\"elementor-column elementor-col-100 elementor-top-column elementor-element elementor-element-5d6faea\" data-id=\"5d6faea\" data-element_type=\"column\" data-e-type=\"column\">\r\n\t\t\t\t\t<div class=\"elementor-widget-wrap\">\r\n\t\t\t\t\t\t\t\t\t<\/div>\r\n\t\t\t\t<\/div>\r\n\t\t\t\t\t<\/div>\r\n\t\t\t\t<\/section>\r\n\t\t\t\t<section data-particle_enable=\"false\" data-particle-mobile-disabled=\"false\" class=\"elementor-section elementor-top-section elementor-element elementor-element-189ae9c elementor-section-content-middle elementor-section-boxed elementor-section-height-default elementor-section-height-default\" data-id=\"189ae9c\" data-element_type=\"section\" data-e-type=\"section\">\r\n\t\t\r\n\t\t\t\t\t\t\t<div class=\"elementor-container elementor-column-gap-no\">\r\n\t\t\t\t\t\t\t\t\t\t\t<div class=\"elementor-column elementor-col-50 elementor-top-column elementor-element elementor-element-1e6d974\" data-id=\"1e6d974\" data-element_type=\"column\" data-e-type=\"column\">\r\n\t\t\t\t\t<div class=\"elementor-widget-wrap elementor-element-populated\">\r\n\t\t\t\t\t\t\t\t<div class=\"elementor-element elementor-element-50df2aa animated-slow elementor-invisible elementor-widget elementor-widget-heading\" data-id=\"50df2aa\" data-element_type=\"widget\" data-e-type=\"widget\" data-settings=\"{&quot;_animation&quot;:&quot;fadeInUp&quot;,&quot;_animation_delay&quot;:300}\" data-widget_type=\"heading.default\">\n\t\t\t\t\t<h1 class=\"elementor-heading-title elementor-size-default\">Spedizione e pagamento | Ok Natura<\/h1>\t\t\t\t<\/div>\n\t\t\t\t<div class=\"elementor-element elementor-element-dd12e32 elementor-icon-list--layout-inline animated-slow elementor-list-item-link-full_width elementor-invisible elementor-widget elementor-widget-icon-list\" data-id=\"dd12e32\" data-element_type=\"widget\" data-e-type=\"widget\" data-settings=\"{&quot;_animation&quot;:&quot;fadeInUp&quot;,&quot;_animation_delay&quot;:300}\" data-widget_type=\"icon-list.default\">\n\t\t\t\t\t\t\t<ul class=\"elementor-icon-list-items elementor-inline-items\">\n\t\t\t\t\t\t\t<li class=\"elementor-icon-list-item elementor-inline-item\">\n\t\t\t\t\t\t\t\t\t\t\t<a href=\"https:\/\/oknatura.com\/it\/\" rel=\"nofollow\">\n\n\t\t\t\t\t\t\t\t\t\t\t<span class=\"elementor-icon-list-text\">Torna a casa<\/span>\n\t\t\t\t\t\t\t\t\t\t\t<\/a>\n\t\t\t\t\t\t\t\t\t<\/li>\n\t\t\t\t\t\t<\/ul>\n\t\t\t\t\t\t<\/div>\n\t\t\t\t\t<\/div>\r\n\t\t\t\t<\/div>\r\n\t\t\t\t<div class=\"elementor-column elementor-col-50 elementor-top-column elementor-element elementor-element-2f13eb4\" data-id=\"2f13eb4\" data-element_type=\"column\" data-e-type=\"column\">\r\n\t\t\t\t\t<div class=\"elementor-widget-wrap elementor-element-populated\">\r\n\t\t\t\t\t\t\t\t<div class=\"elementor-element elementor-element-09b18bf animated-slow elementor-invisible elementor-widget elementor-widget-image\" data-id=\"09b18bf\" data-element_type=\"widget\" data-e-type=\"widget\" data-settings=\"{&quot;_animation&quot;:&quot;fadeIn&quot;,&quot;_animation_delay&quot;:300}\" data-widget_type=\"image.default\">\n\t\t\t\t\t\t\t\t\t\t\t\t\t\t\t<img fetchpriority=\"high\" decoding=\"async\" width=\"860\" height=\"210\" src=\"https:\/\/oknatura.com\/wp-content\/uploads\/2023\/10\/selva.jpg\" class=\"attachment-full size-full wp-image-45896\" alt=\"collections faq Wishlist - APPI Privacy\" srcset=\"https:\/\/oknatura.com\/wp-content\/uploads\/2023\/10\/selva.jpg 860w, https:\/\/oknatura.com\/wp-content\/uploads\/2023\/10\/selva-768x188.jpg 768w, https:\/\/oknatura.com\/wp-content\/uploads\/2023\/10\/selva-640x156.jpg 640w, https:\/\/oknatura.com\/wp-content\/uploads\/2023\/10\/selva-400x98.jpg 400w, https:\/\/oknatura.com\/wp-content\/uploads\/2023\/10\/selva-600x147.jpg 600w\" sizes=\"(max-width: 860px) 100vw, 860px\" title=\"\">\t\t\t\t\t\t\t\t\t\t\t\t\t\t\t<\/div>\n\t\t\t\t\t<\/div>\r\n\t\t\t\t<\/div>\r\n\t\t\t\t\t<\/div>\r\n\t\t\t\t<\/section>\r\n\t\t<div data-particle_enable=\"false\" data-particle-mobile-disabled=\"false\" class=\"elementor-element elementor-element-c8249fb e-flex e-con-boxed e-con e-parent\" data-id=\"c8249fb\" data-element_type=\"container\" data-e-type=\"container\">\r\n\t\t\t\t\t<div class=\"e-con-inner\">\r\n\t\t\t\t<div class=\"elementor-element elementor-element-8c5fc8b elementor-widget elementor-widget-heading\" data-id=\"8c5fc8b\" data-element_type=\"widget\" data-e-type=\"widget\" data-widget_type=\"heading.default\">\n\t\t\t\t\t<h1 class=\"elementor-heading-title elementor-size-default\">Spedizione e pagamento<\/h1>\t\t\t\t<\/div>\n\t\t\t\t<div class=\"elementor-element elementor-element-331beae elementor-widget elementor-widget-text-editor\" data-id=\"331beae\" data-element_type=\"widget\" data-e-type=\"widget\" data-widget_type=\"text-editor.default\">\n\t\t\t\t\t\t\t\t\t<h2><strong>Spedizione e pagamento  <\/strong><\/h2><p>\u00c8 totale responsabilit\u00e0 del cliente assicurarsi che la dogana del proprio paese non preveda restrizioni sui prodotti vegetali e naturali.  <br><br>Oknatura.com, i suoi agenti, affiliati, partner, dipendenti, fondatori e proprietari non sono responsabili di alcuna responsabilit\u00e0, derivante da ordini che sono stati sequestrati, confiscati, distrutti, persi, ritardati o restituiti dalla dogana e\/o dai servizi postali internazionali.<\/p><p>Inoltre, non ci assumiamo alcuna responsabilit\u00e0 per danni, perdite o contaminazioni del pacco e del suo contenuto durante la spedizione internazionale o il processo doganale.<\/p><p>Inoltre, non possiamo accettare alcuna responsabilit\u00e0 per ritardi nella spedizione dovuti a \u201cforze maggiori\u201d, che sono al di fuori del nostro controllo, ad esempio disastri naturali, terremoti, uragani, tifoni, ecc. Questo include anche azioni industriali, come scioperi postali o aerei. Scioperi o qualsiasi altra questione politica importante che causi problemi ai servizi postali.  <\/p><p> <\/p><h2><strong>Politica di restituzione<\/strong><\/h2><p>Tutte le vendite sono definitive e non rimborsabili. Oknatura.com fornisce tutte le informazioni in modo accurato al meglio delle sue possibilit\u00e0 e tutti i suoi prodotti sono della massima qualit\u00e0. Il cliente tiene indenne e manleva Oknatura.com, i suoi agenti, affiliati, partner, dipendenti, fondatori e proprietari da qualsiasi responsabilit\u00e0 derivante dal fatto che il cliente decida di cambiare idea dopo che il pagamento \u00e8 stato effettuato e l&#8217;ordine \u00e8 stato spedito.  <\/p><p> <\/p><h2><strong>Rimborso degli ordini restituiti<\/strong><\/h2><p>Oknatura.com addebiter\u00e0 al cliente le spese di reinvio dell&#8217;ordine se questo \u00e8 stato restituito per qualsiasi motivo al di fuori del controllo di Oknatura.com. Non rimborsiamo gli ordini restituiti, in quanto i prodotti sono naturali e scadono e non sono adatti ad essere reintegrati. Oknatura.com si riserva il diritto di offrire rimborsi in determinate circostanze attenuanti sugli ordini, ma non sulle spese di spedizione.  <\/p><p> <\/p><h2><strong>Tempi di consegna<\/strong><\/h2><p>Il cliente tiene indenne e manleva Oknatura.com, i suoi agenti, affiliati, partner, dipendenti, fondatori e proprietari da qualsiasi responsabilit\u00e0 derivante dal ritardo nella ricezione del suo ordine.<br>Tutti gli ordini partono dal Per\u00f9 e Oknatura.com utilizza un calcolatore di spedizione che pu\u00f2 dare al cliente un \u201capprossimazione dei normali tempi di consegna. Il cliente riconosce che esiste la possibilit\u00e0 che il suo ordine venga aperto e ispezionato da autorit\u00e0, dogane, enti sanitari, ecc. Pertanto, la ricezione dell\u201d ordine potrebbe subire dei ritardi.  <br><br>Inoltre, non possiamo accettare alcuna responsabilit\u00e0 per ritardi nella spedizione dovuti a \u201cforze maggiori\u201d, che sono al di fuori del nostro controllo, ad esempio disastri naturali, terremoti, uragani, tifoni, ecc. Questo include anche azioni industriali, come scioperi postali o aerei. Scioperi o qualsiasi altra questione politica importante che causi problemi ai servizi postali.  <\/p><p> <\/p><h2><strong>Tracciabilit\u00e0 della spedizione<\/strong><\/h2><p>Tutti gli ordini spediti sono tracciabili e richiedono una firma. Tutti i pacchi saranno restituiti a Oknatura.com se l&#8217;ordine non pu\u00f2 essere consegnato. <br><br>Tutti gli ordini vengono spediti con discrezione, rapidit\u00e0 e sicurezza e, con la conferma della firma, facciamo tutto il possibile per assicurarci che tu riceva il tuo ordine nel modo pi\u00f9 sicuro e veloce possibile.<br>Una volta ricevuto il pagamento per il tuo ordine e l \u201cordine \u00e8 stato spedito.<br>Dopo la spedizione del pacco, riceverai un\u201d e-mail di conferma con il numero di tracking e il link al sito web di tracking.<\/p><p> <\/p><h2><strong>Copyright<\/strong><\/h2><p>Tutti i contenuti, compresi immagini, media e contenuti, sono protetti da copyright. La ridistribuzione, la ritrasmissione e la ripubblicazione per uso privato o commerciale sono espressamente vietate senza il consenso dei proprietari di Oknatura.com. Oknatura.com si riserva tutti i diritti.  <\/p><p> <\/p><h2><strong>Responsabilit\u00e0 limitata<\/strong><\/h2><p>Il cliente manleva e indennizza Oknatura.com, i suoi agenti, affiliati, partner, dipendenti, fondatori e proprietari implicitamente ed esplicitamente da qualsiasi responsabilit\u00e0 derivante da danni e\/o lesioni derivanti da informazioni, prodotti, commenti, blog o qualsiasi altro mezzo o trasmissione. Cosa pu\u00f2 comportare. <\/p><p> <\/p><h2><strong>Esclusione di responsabilit\u00e0<\/strong><\/h2><p>Tutte le informazioni, i prodotti e i contenuti forniti da Oknatura.com, dai suoi agenti, affiliati, partner, dipendenti, fondatori e proprietari, implicitamente ed esplicitamente, sono forniti senza garanzie, garanzie, raccomandazioni, consigli, trattamenti, cure o diagnosi. Tutte le vendite sono definitive e tutti i prodotti sono venduti cos\u00ec come sono. <\/p><p>Tutte le dichiarazioni, gli articoli, i post sul blog, i commenti e le immagini che ritraggono i prodotti botanici e ogni singolo prodotto presente su Oknatura.com NON sono stati valutati, approvati o appoggiati da funzionari o autorit\u00e0 del settore alimentare e sanitario, tra cui:<\/p><p><strong>Argentina:<\/strong> Ministro dell \u201cEconomia, Ministero dell\u201d Agricoltura, dell \u201cAllevamento, della Pesca e dell\u201d Alimentazione, Servizio Nazionale per la Qualit\u00e0 e la Sicurezza Alimentare (SENASA) Servizio Nazionale per la Salute e la Qualit\u00e0 Agroalimentare<\/p><p><strong>Brasile<\/strong>: Ministero della Salute del Brasile, Agenzia Nazionale per la Sorveglianza Sanitaria<\/p><p><strong>Per\u00f9<\/strong>: Ministero della Salute, Direzione Generale dei Prodotti Farmaceutici, dei Dispositivi e dei Medicinali<\/p><p><strong>Cile<\/strong>: Istituto di Sanit\u00e0 Pubblica del Cile<\/p><p><strong>Colombia<\/strong>: INVIMA Istituto Nazionale per la Sorveglianza degli Alimenti e dei Farmaci<\/p><p><strong>Messico<\/strong>: Commissione Federale per la Protezione dai Rischi Sanitari, Ministero della Salute, Istituto Nazionale di Sanit\u00e0 Pubblica, Ministero della Salute, Commissione Federale per la Protezione dei Rischi Sanitari<\/p><p><strong>Canada<\/strong>: Ministro dell \u201cAgricoltura, Agricoltura e Agroalimentare del Canada, Agenzia Canadese per l\u201d Ispezione degli Alimenti (CFIA), Ministro della Salute, Health Canada, Sezione Prodotti Alimentari e Sanitari, Centro Guelph per la Tecnologia Alimentare<\/p><p><strong>Stati Uniti d \u201cAmerica<\/strong>: Food and Drug Administration (FDA), Center for Food Safety and Applied Nutrition (CFSAN), International Food Protection Training Institute (IFPTI), Joint Committee of Experts on Food Additives (JECFA), Dipartimento dell\u201d Agricoltura degli Stati Uniti (USDA), Sottosegretario per la sicurezza alimentare, Food Safety and Inspection Service (FSIS).<\/p><p><strong>Cina<\/strong>: Amministrazione generale della supervisione della qualit\u00e0, dell&#8217;ispezione e della quarantena Amministrazione statale degli alimenti e dei farmaci<\/p><p><strong>Thailandia<\/strong>: Food and Drug Administration, Ministero della Salute Pubblica<\/p><p><strong>India<\/strong>: Autorit\u00e0 indiana per la sicurezza e gli standard alimentari, Ministero della salute e del benessere familiare, Organizzazione centrale per il controllo degli standard dei farmaci (CDSCO).<\/p><p><strong>Filippine<\/strong>: Food and Drug Administration<\/p><p><strong>Corea del Sud<\/strong>: Ministero della Sicurezza Alimentare e Farmaceutica (MFDS), Ministro della Salute, del Welfare e degli Affari Familiari, Ministero della Salute, del Welfare e degli Affari Familiari, Ufficio della Politica Sanitaria<\/p><p><strong>Giappone<\/strong>: Agenzia per i prodotti farmaceutici e i dispositivi medici, Ministero della Salute, del Lavoro e del Welfare.<\/p><p><strong>Unione Europea:<\/strong> Comitato per l&#8217;ambiente, la salute pubblica e la sicurezza alimentare (UE), Autorit\u00e0 europea per la sicurezza alimentare SAFE FOODS, Consiglio per la promozione della sicurezza alimentare<\/p><p><strong>Germania<\/strong>: Ministero Federale dell \u201cAlimentazione, dell\u201d Agricoltura e della Protezione dei Consumatori, Bundesamt f\u00fcr Verbraucherschutz und Lebensmittelsicherheit, Bundesanstalt f\u00fcr Landwirtschaft und Ern\u00e4hrung<\/p><p><strong>Svizzera<\/strong>: Ufficio federale della sanit\u00e0 pubblica, Swissmedic<\/p><p><strong>Paesi Bassi<\/strong>: Ministero dell&#8217;Economia, dell&#8217;Agricoltura e dell&#8217;Innovazione (ELI), Nieuwe Voedsel en Waren Autoriteit (nVWA), Rijks Kwaliteitsinstituut voor Land- en Tuinbouwproducten (RiKILT), Rijksinstituut voor Volksgezondheid en Milieu (RiVM), Stichumting Nederlandingstr<\/p><p><strong>Norvegia<\/strong>: Ministro dell \u201cAgricoltura e dell\u201d Alimentazione, Ministero norvegese dell \u201cAgricoltura e dell\u201d Alimentazione Landbruks- og matdepartementet, Autorit\u00e0 norvegese per la sicurezza alimentare Mattilsynet<\/p><p><strong>Italia<\/strong>: Istituto Superiore di Sanit\u00e0, Agenzia Italiana del Farmaco<\/p><p><strong>Spagna<\/strong>: Dipartimento della Salute della Generalitat de Catalunya, Agenzia Catalana per la Sicurezza Alimentare, Ministero della Salute, Agenzia Spagnola per i Medicinali, Ministero della Salute e del Consumo,<\/p><p><strong>Portogallo<\/strong>: Comitato etico sanitario<\/p><p><strong>Russia<\/strong>: Servizio federale di controllo dei farmaci della Federazione Russa (FSKN), commissione agricola della Duma, Ministero della Salute della Federazione Russa.<\/p><p><strong>Polonia<\/strong>: Istituto dei Farmaci, Ministero della Salute, Ufficio di Registrazione dei Farmaci, Prodotti Sanitari e Biosidi.<\/p><p><strong>Romania<\/strong>: Agenzia Nazionale dei Medicinali, Istituto Statale per il Controllo dei Farmaci<\/p><p><strong>Regno Unito<\/strong>: Dipartimento dell \u201cAmbiente, dell\u201d Alimentazione e degli Affari Rurali, Salute degli Animali, Direzione della Sicurezza dei Pesticidi, Servizio di Decontaminazione del Governo del Regno Unito, Direzione dei Medicinali Veterinari, Agenzia degli Standard Alimentari, Comitato Consultivo sulla Sicurezza Microbiologica degli Alimenti.<\/p><p><strong>Francia<\/strong>: Agence nationale de s\u00e9curit\u00e9 sanitaire de l \u201calimentation, de l\u201d environnement et du travail, Afssaps - Agenzia francese per la sicurezza dei prodotti sanitari, Ministero della Salute, Comitato consultivo nazionale di etica per la salute e le scienze della vita.<\/p><p><strong>Multinazionale<\/strong>: Food Standards Australia New Zealand (FSANZ)<\/p><p><strong>Australia<\/strong>: Ministro dell \u201cAgricoltura, della Pesca e della Silvicoltura, Dipartimento dell\u201d Agricoltura (DAFF), Australian Quarantine and Inspection Service (AQIS), Biosecurity Australia, Governo del Nuovo Galles del Sud, Ministro delle Industrie Primarie (NSW), Autorit\u00e0 Alimentare del Nuovo Galles del Sud.<\/p><p><strong>Nuova Zelanda<\/strong>: Ministro della sicurezza alimentare, Autorit\u00e0 neozelandese per la sicurezza alimentare (NZFSA)<\/p>\t\t\t\t\t\t\t\t<\/div>\n\t\t\t\t\t<\/div>\n\t\t\t\t<\/div>\n\t\t<div data-particle_enable=\"false\" data-particle-mobile-disabled=\"false\" class=\"elementor-element elementor-element-5867522 elementor-hidden-tablet elementor-hidden-mobile e-flex e-con-boxed e-con e-parent\" data-id=\"5867522\" data-element_type=\"container\" data-e-type=\"container\">\r\n\t\t\t\t\t<div class=\"e-con-inner\">\r\n\t\t\t\t<div class=\"elementor-element elementor-element-0cf5b2b elementor-hidden-desktop elementor-hidden-tablet elementor-hidden-mobile elementor-widget elementor-widget-image\" data-id=\"0cf5b2b\" data-element_type=\"widget\" data-e-type=\"widget\" data-widget_type=\"image.default\">\n\t\t\t\t\t\t\t\t\t\t\t\t\t\t\t\t<a href=\"https:\/\/www.facebook.com\/ok.natura.pe?locale=es_LA\" rel=\"nofollow noopener\" target=\"_blank\">\n\t\t\t\t\t\t\t<img decoding=\"async\" width=\"1024\" height=\"326\" src=\"https:\/\/oknatura.com\/wp-content\/uploads\/2023\/10\/Fedex-1024x326.jpg\" class=\"attachment-large size-large wp-image-58704\" alt=\"REFUND POLICY - Shipping &amp; Payment\" srcset=\"https:\/\/oknatura.com\/wp-content\/uploads\/2023\/10\/Fedex-1024x326.jpg 1024w, https:\/\/oknatura.com\/wp-content\/uploads\/2023\/10\/Fedex-768x244.jpg 768w, https:\/\/oknatura.com\/wp-content\/uploads\/2023\/10\/Fedex-640x204.jpg 640w, https:\/\/oknatura.com\/wp-content\/uploads\/2023\/10\/Fedex-400x127.jpg 400w, https:\/\/oknatura.com\/wp-content\/uploads\/2023\/10\/Fedex-600x191.jpg 600w\" sizes=\"(max-width: 1024px) 100vw, 1024px\" title=\"\">\t\t\t\t\t\t\t\t<\/a>\n\t\t\t\t\t\t\t\t\t\t\t\t\t\t\t<\/div>\n\t\t\t\t\t<\/div>\n\t\t\t\t<\/div>\n\t\t\t\t<\/div>\n\t\t","protected":false},"excerpt":{"rendered":"<p>Spedizione e pagamento | Ok Natura Torna a casa Spedizione e pagamento Spedizione e pagamento \u00c8 totale responsabilit\u00e0 del cliente assicurarsi che la dogana del proprio paese non preveda restrizioni sui prodotti vegetali e naturali. Oknatura.com, i suoi agenti, affiliati, partner, dipendenti, fondatori e proprietari non sono responsabili di alcuna responsabilit\u00e0, derivante da ordini che [&hellip;]<\/p>\n","protected":false},"author":4254,"featured_media":0,"parent":0,"menu_order":0,"comment_status":"closed","ping_status":"closed","template":"","meta":{"_joinchat":[],"footnotes":""},"class_list":["post-50099","page","type-page","status-publish","hentry"],"_links":{"self":[{"href":"https:\/\/oknatura.com\/it\/wp-json\/wp\/v2\/pages\/50099","targetHints":{"allow":["GET"]}}],"collection":[{"href":"https:\/\/oknatura.com\/it\/wp-json\/wp\/v2\/pages"}],"about":[{"href":"https:\/\/oknatura.com\/it\/wp-json\/wp\/v2\/types\/page"}],"author":[{"embeddable":true,"href":"https:\/\/oknatura.com\/it\/wp-json\/wp\/v2\/users\/4254"}],"replies":[{"embeddable":true,"href":"https:\/\/oknatura.com\/it\/wp-json\/wp\/v2\/comments?post=50099"}],"version-history":[{"count":2,"href":"https:\/\/oknatura.com\/it\/wp-json\/wp\/v2\/pages\/50099\/revisions"}],"predecessor-version":[{"id":58753,"href":"https:\/\/oknatura.com\/it\/wp-json\/wp\/v2\/pages\/50099\/revisions\/58753"}],"wp:attachment":[{"href":"https:\/\/oknatura.com\/it\/wp-json\/wp\/v2\/media?parent=50099"}],"curies":[{"name":"wp","href":"https:\/\/api.w.org\/{rel}","templated":true}]}}