{"id":46540,"date":"2020-10-15T00:31:48","date_gmt":"2020-10-15T00:31:48","guid":{"rendered":"https:\/\/oknatura.com\/products\/pasta-di-chacruna-10gr-a-1kg-psychotria-viridis-estratto-in-pasta-puro-al-100\/"},"modified":"2026-01-21T16:19:50","modified_gmt":"2026-01-21T21:19:50","slug":"pasta-chacruna-vendita-psychotria-viridis","status":"publish","type":"product","link":"https:\/\/oknatura.com\/it\/prodotti\/pasta-chacruna-vendita-psychotria-viridis\/","title":{"rendered":"PASTA DI CHACRUNA \/ 10gr a 1kg \/ - (Psychotria viridis) Estratto in pasta puro al 100%."},"content":{"rendered":"\t\t<div data-elementor-type=\"product-post\" data-elementor-id=\"46540\" class=\"elementor elementor-46540 elementor-603\" data-elementor-post-type=\"product\">\n\t\t\t\t<div data-particle_enable=\"false\" data-particle-mobile-disabled=\"false\" class=\"elementor-element elementor-element-3487751 e-flex e-con-boxed e-con e-parent\" data-id=\"3487751\" data-element_type=\"container\" data-e-type=\"container\">\r\n\t\t\t\t\t<div class=\"e-con-inner\">\r\n\t\t\t\t<div class=\"elementor-element elementor-element-7644b21e elementor-widget elementor-widget-text-editor\" data-id=\"7644b21e\" data-element_type=\"widget\" data-e-type=\"widget\" data-widget_type=\"text-editor.default\">\n\t\t\t\t\t\t\t\t\t<h1>Pasta Chacruna - Nutrire il tuo viaggio spirituale<\/h1><p>Nel cuore mistico della foresta amazzonica si nasconde un segreto, un antico dono di Madre Natura stessa: la Pasta Chacruna. Uno straordinario intruglio derivato dalle foglie della venerata pianta Psychotria viridis. Preparati ad aprire la porta della tua esplorazione spirituale, che ha affascinato le trib\u00f9 amazzoniche per generazioni.  <\/p><h2>Svelare la pasta Chacruna<\/h2><p><strong>Pasta Chacruna: Un tesoro nascosto<\/strong> La pasta di Chacruna \u00e8 pi\u00f9 di una semplice sostanza: \u00e8 un potente catalizzatore per l&#8217;illuminazione spirituale. \u00c8 realizzata con la massima cura e contiene la pianta Psychotria viridis, nota per il suo ingrediente chiave, la N,N-dimetiltriptamina (DMT). Considerala come un ponte tra i mondi, che ti collega a regni di profonda comprensione.  <\/p><p><strong>Ti presentiamo la Psychotria Viridis<\/strong> Questo vibrante arbusto sempreverde sfoggia foglie lucenti che brillano alla luce del sole dell \u201cAmazzonia. Ma la Psychotria viridis nasconde un segreto pi\u00f9 profondo all\u201d interno del suo fogliame, un segreto che sciamani e cercatori hanno venerato per secoli. <\/p><h2>I meravigliosi usi della pasta di Chacruna<\/h2><p>La pasta di Chacruna ha una serie di applicazioni che vanno oltre la sua famosa associazione con l&#8217;ayahuasca:<\/p><ul><li><strong>Autoesplorazione:<\/strong> Se hai mai contemplato i misteri della tua coscienza, la Pasta Chacruna \u00e8 la tua guida. Ti invita a esplorare i tuoi paesaggi interiori, a navigare tra le tue paure e a portare alla luce gli schemi nascosti che danno forma alla tua realt\u00e0. <\/li><li><strong>Potere curativo:<\/strong> i guaritori tradizionali dell \u201cAmazzonia hanno da tempo riconosciuto le profonde capacit\u00e0 curative della pasta Chacruna. Non si tratta solo di curare il corpo, ma anche di riparare lo spirito e nutrire l\u201d anima. <\/li><li><strong>Ispirazione creativa:<\/strong> Artisti e visionari cercano la Pasta Chacruna per la sua capacit\u00e0 di stimolare la loro creativit\u00e0. Agisce come un portale verso un regno di nuove idee e di immaginazione senza limiti. <\/li><li><strong>Connessione spirituale:<\/strong> Per chi \u00e8 impegnato in un viaggio spirituale, la pasta Chacruna \u00e8 la tua compagna. Ti aiuta a connetterti con stati di coscienza superiori e a sperimentare profonde rivelazioni. <\/li><\/ul><h2>I pro e i contro della pasta Chacruna<\/h2><p><strong>I pro (vantaggi):<\/strong><\/p><ul><li><strong>Esperienze spirituali e introspettive:<\/strong> La Pasta Chacruna apre le porte a profondi viaggi spirituali, guidandoti a esplorare il tuo io interiore come mai prima d&#8217;ora.<\/li><li><strong>Potenziale curativo:<\/strong> L&#8217;uso tradizionale suggerisce che pu\u00f2 portare a una profonda guarigione e trasformazione personale.<\/li><li><strong>Rispettata dalle trib\u00f9 indigene:<\/strong> Questa pianta sacra \u00e8 venerata come guida spirituale dalle trib\u00f9 amazzoniche.<\/li><\/ul><p><strong>I contro (precauzioni e sicurezza):<\/strong><\/p><ul><li><strong>Non per uso ricreativo:<\/strong> Questa non \u00e8 una sostanza ricreativa. \u00c8 un potente strumento psicoattivo e deve essere affrontato con rispetto e riverenza. <\/li><li><strong>Ambientazione cerimoniale:<\/strong> La pasta di Chacruna deve essere consumata solo in un contesto cerimoniale, sotto la guida di uno sciamano o di un facilitatore esperto.<\/li><li><strong>La sicurezza prima di tutto:<\/strong> per garantire un viaggio significativo e sicuro \u00e8 necessario seguire rigorose linee guida sulla sicurezza.<\/li><\/ul><h2>Abbracciare l&#8217;esperienza Chacruna<\/h2><p>Immergersi nell&#8217;esperienza Chacruna \u00e8 un viaggio di trasformazione. Ecco come intraprenderlo: <\/p><ol><li><strong>Crea la scena:<\/strong> Crea un ambiente sicuro e controllato per la tua esperienza Chacruna. Non tentare mai questo viaggio da solo o casualmente. Cerca la guida di uno sciamano o di un facilitatore esperto che creer\u00e0 l&#8217;ambiente cerimoniale adatto.  <\/li><li><strong>Attenzione alla dose:<\/strong> il dosaggio pu\u00f2 variare da persona a persona. Affidati alla tua guida esperta per determinare la dose appropriata in base alle tue esigenze specifiche. <\/li><\/ol><p><strong>Curiosit\u00e0<\/strong>: nelle culture amazzoniche la pasta di Chacruna viene spesso definita la pianta &#8220;maestra&#8221;, che guida gli individui nei loro viaggi alla scoperta di s\u00e9 e all&#8217;illuminazione spirituale.<\/p><h2>Altri nomi con cui \u00e8 conosciuta la pasta Chacruna<\/h2><p>La pasta Chacruna \u00e8 conosciuta con diversi nomi nelle culture indigene amazzoniche, come \u201cRainha\u201d e \u201cSamer\u00e1\u201d. Ma a prescindere dal nome, il suo significato spirituale rimane invariato. <\/p><h2>Inizia il tuo viaggio spirituale<\/h2><p>In conclusione, la Pasta Chacruna ti offre un passaporto per un regno di esplorazione spirituale, guarigione e scoperta di s\u00e9. \u00c8 una chiave sacra per svelare i profondi misteri dell&#8217;Amazzonia e della tua coscienza. Se sei pronto a intraprendere questo viaggio straordinario, a imparare dalla saggezza della foresta pluviale e della sua gente, allora la Pasta Chacruna \u00e8 la tua guida.  <\/p><p><strong>Nota:<\/strong><\/p><p>I prodotti OK Natural sono ottenuti e venduti allo stato puro e di origine naturale al 100% alle comunit\u00e0 locali. Non contengono alcun tipo di pesticida, sostanza chimica, erbicida o qualsiasi altra sostanza artificiale. <\/p><p><strong>Disclaimer:<\/strong><\/p><ul><li>Tutti i prodotti sono legali nel nostro paese di origine; \u00e8 responsabilit\u00e0 del cliente verificare la legalit\u00e0 nel paese di destinazione.<\/li><li>L&#8217;uso di questi prodotti naturali non sostituisce un consulto medico.<\/li><li>Non implica in alcun modo affermazioni mediche sulla capacit\u00e0 o sull&#8217;efficacia di uno qualsiasi dei nostri prodotti di trattare, prevenire o attenuare una malattia o un disturbo.<\/li><li>L \u201cuso e l\u201d applicazione dei nostri prodotti sono di esclusiva responsabilit\u00e0 del cliente.<\/li><li>Gli effetti di questo prodotto sono supportati dall \u201cesperienza empirica dell\u201d antica medicina tradizionale con risultati eccellenti.<\/li><li>L \u201cassenza di effetti collaterali dannosi se somministrato nella dose corretta. Ma le informazioni qui riportate non costituiscono in alcun modo un\u201d ordinanza o una prescrizione. <\/li><li>Le dichiarazioni e i link ai siti web ivi contenuti non sono stati valutati dalla FDA o dalle autorit\u00e0 internazionali competenti in materia di alimenti e farmaci.<\/li><\/ul><p> <\/p>\t\t\t\t\t\t\t\t<\/div>\n\t\t\t\t\t<\/div>\n\t\t\t\t<\/div>\n\t\t\t\t<\/div>\n\t\t","protected":false},"excerpt":{"rendered":"<p>Pasta Chacruna - Nutrire il tuo viaggio spirituale Nel cuore mistico della foresta amazzonica si nasconde un segreto, un antico dono di Madre Natura stessa: la Pasta Chacruna. Uno straordinario intruglio derivato dalle foglie della venerata pianta Psychotria viridis. Preparati ad aprire la porta della tua esplorazione spirituale, che ha affascinato le trib\u00f9 amazzoniche per [&hellip;]<\/p>\n","protected":false},"featured_media":60169,"comment_status":"open","ping_status":"closed","template":"","meta":{"_joinchat":[]},"product_brand":[242],"product_cat":[6938,7153,6670],"product_tag":[7164],"giftcard-category":[],"class_list":{"0":"post-46540","1":"product","2":"type-product","3":"status-publish","4":"has-post-thumbnail","6":"product_brand-ok-natura","7":"product_cat-ayahuasca","8":"product_cat-estratto-di-pasta","9":"product_cat-vendite-posta-nazionale","10":"product_tag-chacruna-it","11":"product_shipping_class-estratto-di-pasta","12":"pa_5f967785bba311603696517-chacruna-paste-10gr-500gr-psychotria-viridis-100-pure-extract-extracto-en-pasta-676-pngoptimizednullid21779574161560pid5940264304792original_filenameextractito_93e9a13d-c572-4adf-it","13":"pa_5fd91e34ee9a51608064564-chacruna-paste-10gr-1kg-psychotria-viridis-100-pure-extract-extracto-en-pasta-458-jpgoptimized921663c0c14b67aca6a7e264b57fca92id24549643911320pid5940264304792original_filenameex-it","14":"pa_badge-3-recensioni","15":"pa_description_tag-chacruna-la-pianta-che-ti-permette-di-vedere-i-colori-al-buio-grazie-alla-chacruna-potrai-vivere-un-esperienza-indimenticabile-nella-tua-cerimonia-con-l-ayahuasca","16":"pa_rating-scale_min1-0scale_max5-0value4-33-it","17":"pa_rating_count-3-it","18":"pa_review_count-51-it","19":"pa_review_enabled-1-it","20":"pa_review_rating-5-it","21":"pa_talla-1-kg-it","22":"pa_talla-10-kg-it","23":"pa_talla-10gr-it","24":"pa_talla-120gr-it","25":"pa_talla-240gr-it","26":"pa_talla-30gr-it","27":"pa_talla-360gr-it","28":"pa_talla-4-kg-it","29":"pa_talla-480gr-it","30":"pa_talla-60gr-it","31":"pa_title_tag-pasta-di-chacruna-in-vendita-psychotria-viridis-estratto-puro","32":"pa_widget-jdgm-rev-widg-display-none-recensioni-dei-clienti-basato-su-3-recensioni-scrivi-una-recensione-67-2-0-0-33-1-0-0-0-0-j","34":"first","35":"instock","36":"sale","37":"shipping-taxable","38":"purchasable","39":"product-type-variable"},"_links":{"self":[{"href":"https:\/\/oknatura.com\/it\/wp-json\/wp\/v2\/product\/46540","targetHints":{"allow":["GET"]}}],"collection":[{"href":"https:\/\/oknatura.com\/it\/wp-json\/wp\/v2\/product"}],"about":[{"href":"https:\/\/oknatura.com\/it\/wp-json\/wp\/v2\/types\/product"}],"replies":[{"embeddable":true,"href":"https:\/\/oknatura.com\/it\/wp-json\/wp\/v2\/comments?post=46540"}],"version-history":[{"count":2,"href":"https:\/\/oknatura.com\/it\/wp-json\/wp\/v2\/product\/46540\/revisions"}],"predecessor-version":[{"id":64699,"href":"https:\/\/oknatura.com\/it\/wp-json\/wp\/v2\/product\/46540\/revisions\/64699"}],"wp:featuredmedia":[{"embeddable":true,"href":"https:\/\/oknatura.com\/it\/wp-json\/wp\/v2\/media\/60169"}],"wp:attachment":[{"href":"https:\/\/oknatura.com\/it\/wp-json\/wp\/v2\/media?parent=46540"}],"wp:term":[{"taxonomy":"product_brand","embeddable":true,"href":"https:\/\/oknatura.com\/it\/wp-json\/wp\/v2\/product_brand?post=46540"},{"taxonomy":"product_cat","embeddable":true,"href":"https:\/\/oknatura.com\/it\/wp-json\/wp\/v2\/product_cat?post=46540"},{"taxonomy":"product_tag","embeddable":true,"href":"https:\/\/oknatura.com\/it\/wp-json\/wp\/v2\/product_tag?post=46540"},{"taxonomy":"giftcard-category","embeddable":true,"href":"https:\/\/oknatura.com\/it\/wp-json\/wp\/v2\/giftcard-category?post=46540"}],"curies":[{"name":"wp","href":"https:\/\/api.w.org\/{rel}","templated":true}]}}