{"id":49773,"date":"2021-02-02T00:37:29","date_gmt":"2021-02-02T00:37:29","guid":{"rendered":"https:\/\/oknatura.com\/products\/olio-essenziale-di-andiroba-carapa-guianensis-100-biologico-non-diluito\/"},"modified":"2025-10-24T08:03:19","modified_gmt":"2025-10-24T13:03:19","slug":"olio-essenziale-di-andiroba-carapa-guianensis","status":"publish","type":"product","link":"https:\/\/oknatura.com\/it\/prodotti\/olio-essenziale-di-andiroba-carapa-guianensis\/","title":{"rendered":"Olio essenziale di ANDIROBA - (Carapa Guianensis) \/ 100% biologico non diluito"},"content":{"rendered":"<h1>Olio essenziale di ANDIROBA: Scoprire il tesoro botanico della natura<\/h1>\n<h2>Scoprire la ricchezza dell&#8217;olio essenziale ANDIROBA<\/h2>\n<p>L<strong>&#8216;olio essenziale di ANDIROBA<\/strong> \u00e8 uno straordinario tesoro botanico derivato dai semi dell&#8217;albero Carapa Guianensis. Questa guida completa ti presenta le incredibili qualit\u00e0 dell&#8217;olio essenziale di ANDIROBA, le sue diverse applicazioni e un&#8217;esplorazione della sua miriade di benefici. Inoltre, ci immergiamo in informazioni vitali sulla sicurezza, istruzioni sull&#8217;uso efficace di quest&#8217;olio e scopriamo alcune applicazioni meno conosciute. Alla fine, sarai ben informato sul mondo dell&#8217;olio essenziale di ANDIROBA e su come pu\u00f2 cambiare il tuo percorso di salute e benessere.<\/p>\n<h2>Olio essenziale di ANDIROBA: Una meraviglia naturale<\/h2>\n<p>L&#8217;olio essenziale ANDIROBA proviene dai semi dell&#8217;albero Carapa Guianensis, che prospera nelle lussureggianti foreste amazzoniche. Le sue origini uniche contribuiscono all&#8217;eccezionale qualit\u00e0 di questo olio essenziale, rendendolo un vero e proprio dono della natura.<\/p>\n<h2>Usi tradizionali e meno conosciuti<\/h2>\n<p><strong>Applicazioni tradizionali:<\/strong><\/p>\n<ul>\n<li><strong>Cura della pelle e dei capelli:<\/strong> \u00e8 stata tradizionalmente utilizzata per i suoi benefici nel promuovere la salute della pelle e dei capelli.<\/li>\n<li><strong>Repellente naturale per gli insetti:<\/strong> \u00e8 noto per le sue propriet\u00e0 insettifughe naturali, che aiutano a tenere a bada i fastidiosi insetti.<\/li>\n<\/ul>\n<p><strong>Potenziale nascosto:<\/strong><\/p>\n<ul>\n<li><strong>Sollievo dal dolore:<\/strong> Alcuni utenti hanno riscontrato un sollievo da piccoli dolori e disturbi se usati per via topica.<\/li>\n<li><strong>Propriet\u00e0 antinfiammatorie:<\/strong> \u00c8 riconosciuta per il suo potenziale antinfiammatorio.<\/li>\n<\/ul>\n<h2>Pro e contro<\/h2>\n<p><strong>I pro (vantaggi):<\/strong><\/p>\n<ul>\n<li><strong>Salute della pelle e dei capelli:<\/strong> Pu\u00f2 promuovere una pelle sana e luminosa e capelli brillanti.<\/li>\n<li><strong>Repellente naturale per insetti:<\/strong> ti aiuta a proteggerti dalle punture di insetti senza l&#8217;uso di sostanze chimiche dannose.<\/li>\n<li><strong>Sollievo dal dolore:<\/strong> Alcuni utenti hanno riferito di aver provato sollievo da piccoli fastidi applicando il prodotto per via topica.<\/li>\n<li><strong>Antinfiammatorio:<\/strong> L&#8217;olio ha propriet\u00e0 antinfiammatorie che favoriscono il benessere generale.<\/li>\n<\/ul>\n<p><strong>I contro (avvertenze e sicurezza):<\/strong><\/p>\n<ul>\n<li><strong>La diluizione \u00e8 fondamentale: <\/strong>\u00c8 potente, quindi \u00e8 fondamentale diluirlo con un olio vettore prima di applicarlo sulla pelle.<\/li>\n<li><strong>Reazioni allergiche:<\/strong> Esegui un patch test per verificare la presenza di eventuali reazioni allergiche prima di un uso diffuso.<\/li>\n<li><strong>Consultazione:<\/strong> Se sei incinta, stai allattando o hai delle condizioni mediche di base, consulta un professionista della salute prima di usarlo.<\/li>\n<\/ul>\n<h2>Sfruttare al meglio l&#8217;olio essenziale ANDIROBA<\/h2>\n<p>Per massimizzare i benefici dell&#8217;Olio Essenziale ANDIROBA, segui queste istruzioni e raccomandazioni:<\/p>\n<ol>\n<li><strong>Cura della pelle e dei capelli:<\/strong> Aggiungi qualche goccia di olio essenziale di ANDIROBA ai tuoi prodotti per la cura della pelle o dei capelli per ottenere una luminosit\u00e0 e una lucentezza naturali.<\/li>\n<li><strong>Repellente naturale per insetti:<\/strong> Crea il tuo repellente naturale per insetti diluendo l&#8217;olio essenziale di ANDIROBA con un olio vettore e applicandolo sulla pelle esposta.<\/li>\n<li><strong>Sollievo dal dolore:<\/strong> Diluisci l&#8217;olio essenziale e massaggialo delicatamente sulle zone interessate dal dolore per ottenere un potenziale sollievo.<\/li>\n<li><strong>Supporto antinfiammatorio:<\/strong> Usa l&#8217;olio essenziale di ANDIROBA nelle tue pratiche di aromaterapia o diluiscilo per applicazioni topiche per favorire il benessere generale.<\/li>\n<\/ol>\n<h2>Altri nomi per l&#8217;olio essenziale di ANDIROBA<\/h2>\n<p>L&#8217;olio essenziale di ANDIROBA \u00e8 conosciuto anche come &#8220;olio di legno di granchio&#8221;.<\/p>\n<h2>Abbraccia il potere dell&#8217;Olio Essenziale ANDIROBA<\/h2>\n<p>In conclusione, l&#8217;Olio Essenziale ANDIROBA \u00e8 una meraviglia botanica proveniente dal cuore della foresta amazzonica. Che tu voglia migliorare la salute della tua pelle e dei tuoi capelli, tenere lontani gli insetti, trovare sollievo da piccoli dolori o favorire il benessere generale, l&#8217;Olio Essenziale ANDIROBA ti copre. Non perdere l&#8217;occasione di abbracciare il potere di questo straordinario olio essenziale e di farne una parte fondamentale del tuo viaggio verso la salute e il benessere.<\/p>\n<blockquote><p><strong>Nota:<\/strong><\/p>\n<p>I prodotti OK Natural sono ottenuti e venduti allo stato puro e di origine naturale al 100% alle comunit\u00e0 locali. Non contengono alcun tipo di pesticida, sostanza chimica, erbicida o qualsiasi altra sostanza artificiale.<\/p>\n<p><strong>Disclaimer:<\/strong><\/p><\/blockquote>\n<ul>\n<li>\n<blockquote><p>Tutti i prodotti sono legali nel nostro paese di origine; \u00e8 responsabilit\u00e0 del cliente verificare la legalit\u00e0 nel paese di destinazione.<\/p><\/blockquote>\n<\/li>\n<li>\n<blockquote><p>L&#8217;uso di questi prodotti naturali non sostituisce un consulto medico.<\/p><\/blockquote>\n<\/li>\n<li>\n<blockquote><p>Non implica in alcun modo affermazioni mediche sulla capacit\u00e0 o sull&#8217;efficacia di uno qualsiasi dei nostri prodotti di trattare, prevenire o attenuare una malattia o un disturbo.<\/p><\/blockquote>\n<\/li>\n<li>\n<blockquote><p>L \u201cuso e l\u201d applicazione dei nostri prodotti sono di esclusiva responsabilit\u00e0 del cliente.<\/p><\/blockquote>\n<\/li>\n<li>\n<blockquote><p>Gli effetti di questo prodotto sono supportati dall \u201cesperienza empirica dell\u201d antica medicina tradizionale con risultati eccellenti.<\/p><\/blockquote>\n<\/li>\n<li>\n<blockquote><p>L \u201cassenza di effetti collaterali dannosi se somministrato nella dose corretta. Ma le informazioni qui riportate non costituiscono in alcun modo un\u201d ordinanza o una prescrizione.<\/p><\/blockquote>\n<\/li>\n<li>\n<blockquote><p>Le dichiarazioni e i link ai siti web ivi contenuti non sono stati valutati dalla FDA o dalle autorit\u00e0 internazionali competenti in materia di alimenti e farmaci.<\/p><\/blockquote>\n<\/li>\n<\/ul>\n","protected":false},"excerpt":{"rendered":"<p>Olio essenziale di ANDIROBA: Scoprire il tesoro botanico della natura Scoprire la ricchezza dell&#8217;olio essenziale ANDIROBA L&#8216;olio essenziale di ANDIROBA \u00e8 uno straordinario tesoro botanico derivato dai semi dell&#8217;albero Carapa Guianensis. Questa guida completa ti presenta le incredibili qualit\u00e0 dell&#8217;olio essenziale di ANDIROBA, le sue diverse applicazioni e un&#8217;esplorazione della sua miriade di benefici. Inoltre, [&hellip;]<\/p>\n","protected":false},"featured_media":60393,"comment_status":"open","ping_status":"closed","template":"","meta":{"_joinchat":[]},"product_brand":[242],"product_cat":[6666,6639],"product_tag":[],"giftcard-category":[],"class_list":{"0":"post-49773","1":"product","2":"type-product","3":"status-publish","4":"has-post-thumbnail","6":"product_brand-ok-natura","7":"product_cat-nuovi-arrivi-dhl-o-fedex","8":"product_cat-oli-ed-essenze","9":"product_shipping_class-spedizione-generale","10":"pa_5f9675a5a7ff21603696037-copaiba-essential-oil-copaifera-officinali-100-pure-undiluted-aceites-escencias-626-pngoptimizednullid21779009831064pid5-it","11":"pa_6025f0c1b39561613099201-andiroba-essential-oil-carapa-guianensis-100-undiluted-organic-aceites-152-jpgoptimized921663c0c14b67aca6a7e264b57fca92id26060472975512pid6253229572248original_filenameaceiteesc-it","12":"pa_badge-1-recensione","13":"pa_description_tag-sapevi-che-puoi-risanare-la-tua-pelle-e-riequilibrare-i-suoi-meccanismi-di-difesa-in-modo-naturale-ebbene-puoi-farlo-con-lolio-essenziale-di-andiroba-clicca-qui","14":"pa_rating-scale_min1-0scale_max5-0value5-0-it","15":"pa_rating_count-1-it","16":"pa_review_count-29-it","17":"pa_review_enabled-1-it","18":"pa_review_rating-5-it","19":"pa_title_tag-olio-essenziale-andiroba-in-vendita-carapa-guianensis-non-diluito","20":"pa_widget-jdgm-rev-widg-display-none-recensioni-dei-clienti-sulla-base-di-1-recensione-scrivi-una-recensione-100-1-0-0-0-0-0-0-0-0-w","22":"first","23":"instock","24":"sale","25":"shipping-taxable","26":"purchasable","27":"product-type-variable"},"_links":{"self":[{"href":"https:\/\/oknatura.com\/it\/wp-json\/wp\/v2\/product\/49773","targetHints":{"allow":["GET"]}}],"collection":[{"href":"https:\/\/oknatura.com\/it\/wp-json\/wp\/v2\/product"}],"about":[{"href":"https:\/\/oknatura.com\/it\/wp-json\/wp\/v2\/types\/product"}],"replies":[{"embeddable":true,"href":"https:\/\/oknatura.com\/it\/wp-json\/wp\/v2\/comments?post=49773"}],"version-history":[{"count":2,"href":"https:\/\/oknatura.com\/it\/wp-json\/wp\/v2\/product\/49773\/revisions"}],"predecessor-version":[{"id":64796,"href":"https:\/\/oknatura.com\/it\/wp-json\/wp\/v2\/product\/49773\/revisions\/64796"}],"wp:featuredmedia":[{"embeddable":true,"href":"https:\/\/oknatura.com\/it\/wp-json\/wp\/v2\/media\/60393"}],"wp:attachment":[{"href":"https:\/\/oknatura.com\/it\/wp-json\/wp\/v2\/media?parent=49773"}],"wp:term":[{"taxonomy":"product_brand","embeddable":true,"href":"https:\/\/oknatura.com\/it\/wp-json\/wp\/v2\/product_brand?post=49773"},{"taxonomy":"product_cat","embeddable":true,"href":"https:\/\/oknatura.com\/it\/wp-json\/wp\/v2\/product_cat?post=49773"},{"taxonomy":"product_tag","embeddable":true,"href":"https:\/\/oknatura.com\/it\/wp-json\/wp\/v2\/product_tag?post=49773"},{"taxonomy":"giftcard-category","embeddable":true,"href":"https:\/\/oknatura.com\/it\/wp-json\/wp\/v2\/giftcard-category?post=49773"}],"curies":[{"name":"wp","href":"https:\/\/api.w.org\/{rel}","templated":true}]}}