{"id":53225,"date":"2021-04-08T12:10:05","date_gmt":"2021-04-08T12:10:05","guid":{"rendered":"https:\/\/oknatura.com\/products\/rape-snuff-huambisa-chagropanga-5gr-a-100gr-diplopterys-cabrerana-100-pianta-naturale\/"},"modified":"2025-10-23T22:58:27","modified_gmt":"2025-10-24T03:58:27","slug":"rape-snuff-huambisa-chagropanga","status":"publish","type":"product","link":"https:\/\/oknatura.com\/it\/prodotti\/rape-snuff-huambisa-chagropanga\/","title":{"rendered":"RAP\u00c9 SNUFF - HUAMBISA - Chagropanga \/ 5gr a 100gr \/ - (Diplopterys Cabrerana) - 100% Pianta Naturale"},"content":{"rendered":"<h1>RAP\u00c9 SNUFF - HUAMBISA: Svelare il mondo mistico di Diplopterys Cabrerana<\/h1>\n<p><strong>Qualit\u00e0 degne di nota:<\/strong><\/p>\n<p><strong>TABACCO DA FIUTO RAP\u00c9 - HUAMBISA: Scopri il potere mistico del Diplopterys Cabrerana<\/strong><\/p>\n<h2>Introduzione a RAP\u00c9 SNUFF - HUAMBISA<\/h2>\n<p><strong>Descrizione:<\/strong><\/p>\n<p>Benvenuto nell&#8217;incantevole mondo di <strong>RAP\u00c9 SNUFF - HUAMBISA<\/strong>, dove esplorerai il potere mistico della Diplopterys Cabrerana, nota anche come Chagropanga. Scopri gli usi tradizionali e quelli meno conosciuti, i numerosi benefici, le considerazioni sulla sicurezza e i modi migliori per abbracciare questo tabacco da fiuto sacro.<\/p>\n<h2>Usi tradizionali e meno conosciuti<\/h2>\n<p><strong>Usi tradizionali:<\/strong><\/p>\n<ul>\n<li><strong>Risveglio spirituale:<\/strong> <strong>Il RAP\u00c9 SNUFF - HUAMBISA<\/strong> ha radici profonde nelle pratiche spirituali, soprattutto tra le comunit\u00e0 indigene dell&#8217;Amazzonia. Viene utilizzata per purificare, radicare e migliorare le esperienze spirituali.<\/li>\n<\/ul>\n<p><strong>Applicazioni meno conosciute:<\/strong><\/p>\n<ul>\n<li><strong>Esplorazione psicologica:<\/strong> Oltre ai suoi usi spirituali, alcuni individui si rivolgono al <strong>RAP\u00c9 SNUFF - HUAMBISA<\/strong> come strumento di esplorazione psicologica. Si dice che fornisca chiarezza di pensiero e comprensione del proprio io.<\/li>\n<li><strong>Miglioramento dell&#8217;umore:<\/strong> Per alcuni, l&#8217;applicazione del tabacco da fiuto Chagropanga pu\u00f2 portare a un miglioramento dell&#8217;umore e a un equilibrio emotivo.<\/li>\n<\/ul>\n<h2>Pro e contro di RAP\u00c9 SNUFF - HUAMBISA<\/h2>\n<p><strong>I pro (vantaggi):<\/strong><\/p>\n<ul>\n<li><strong>Connessione spirituale:<\/strong> Prova una connessione spirituale pi\u00f9 profonda, una maggiore consapevolezza e un radicamento durante la meditazione e i rituali quando usi <strong>RAP\u00c9 SNUFF - HUAMBISA<\/strong>.<\/li>\n<li><strong>Approfondimenti psicologici:<\/strong> Alcuni utenti hanno riferito di aver ottenuto preziose conoscenze psicologiche, consapevolezza di s\u00e9 e un senso di chiarezza mentale.<\/li>\n<li><strong>Miglioramento dell \u201cumore:<\/strong> Ha un potenziale effetto di miglioramento dell\u201d umore, favorendo l \u201cequilibrio emotivo e l\u201d armonia.<\/li>\n<\/ul>\n<p><strong>I contro (avvertenze e sicurezza):<\/strong><\/p>\n<ul>\n<li><strong>Attenzione al dosaggio:<\/strong> Come per qualsiasi altro tabacco da fiuto sacro, usa <strong>RAP\u00c9 SNUFF - HUAMBISA<\/strong> con attenzione e inizia con una piccola quantit\u00e0. Aumenta gradualmente il dosaggio man mano che acquisisci familiarit\u00e0 con i suoi effetti.<\/li>\n<li><strong>Reazioni individuali:<\/strong> Le risposte al tabacco da fiuto Chagropanga possono variare. Presta sempre attenzione a come reagiscono il tuo corpo e la tua mente.<\/li>\n<\/ul>\n<h2>Istruzioni e raccomandazioni<\/h2>\n<p>Per ottenere il massimo dalla tua esperienza con <strong>RAP\u00c9 SNUFF - HUAMBISA<\/strong>, segui queste istruzioni e raccomandazioni:<\/p>\n<ol>\n<li><strong>Intenzione consapevole:<\/strong> Affronta l&#8217;applicazione del tabacco da fiuto Chagropanga con un&#8217;intenzione chiara e rispettosa. Che si tratti di pratiche spirituali, di scoperta di s\u00e9 o di miglioramento dell&#8217;umore, stabilisci in anticipo i tuoi obiettivi e le tue intenzioni.<\/li>\n<li><strong>Inizia lentamente:<\/strong> Per i principianti, inizia con una dose minima. Questo ti permette di valutare la tua reazione individuale e di arrivare a una quantit\u00e0 maggiore, se lo desideri.<\/li>\n<li><strong>Tecnica di applicazione:<\/strong> Usa un applicatore autonomo o rivolgiti a un professionista esperto per garantire un uso preciso e rispettoso.<\/li>\n<li><strong>Rilassati e medita:<\/strong> Prepara la tua mente e il tuo corpo rilassandoti in un ambiente tranquillo e concentrato. La meditazione o i rituali possono migliorare la tua esperienza con <strong>RAP\u00c9 SNUFF - HUAMBISA<\/strong>.<\/li>\n<li><strong>Rimani idratato:<\/strong> Mantieniti ben idratato prima e dopo l&#8217;uso del tabacco da fiuto Chagropanga. Questo pu\u00f2 aiutare a mitigare ogni potenziale disagio.<\/li>\n<\/ol>\n<h2>Altri nomi per RAP\u00c9 SNUFF - HUAMBISA<\/h2>\n<p>Il <strong>RAP\u00c9 SNUFF - HUAMBISA<\/strong> \u00e8 riconosciuto anche come <strong>Chagropanga Rap\u00e9<\/strong>.<\/p>\n<h2>Conclusione: Imbarcati in un viaggio mistico<\/h2>\n<p>In conclusione, <strong>RAP\u00c9 SNUFF - HUAMBISA<\/strong> ti invita a intraprendere un viaggio mistico nel mondo della Diplopterys Cabrerana. Questo tabacco da fiuto sacro offre risveglio spirituale, approfondimenti psicologici e un potenziale miglioramento dell&#8217;umore. Scopri il potere mistico della Chagropanga ed esplora le infinite possibilit\u00e0 che ti offre.<\/p>\n<blockquote><p><strong>Nota:<\/strong><\/p>\n<p>I prodotti OK Natural sono ottenuti e venduti allo stato puro e di origine naturale al 100% alle comunit\u00e0 locali. Non contengono alcun tipo di pesticida, sostanza chimica, erbicida o qualsiasi altra sostanza artificiale.<\/p>\n<p><strong>Disclaimer:<\/strong><\/p><\/blockquote>\n<ul>\n<li>\n<blockquote><p>Tutti i prodotti sono legali nel nostro paese di origine; \u00e8 responsabilit\u00e0 del cliente verificare la legalit\u00e0 nel paese di destinazione.<\/p><\/blockquote>\n<\/li>\n<li>\n<blockquote><p>L&#8217;uso di questi prodotti naturali non sostituisce un consulto medico.<\/p><\/blockquote>\n<\/li>\n<li>\n<blockquote><p>Non implica in alcun modo affermazioni mediche sulla capacit\u00e0 o sull&#8217;efficacia di uno qualsiasi dei nostri prodotti di trattare, prevenire o attenuare una malattia o un disturbo.<\/p><\/blockquote>\n<\/li>\n<li>\n<blockquote><p>L \u201cuso e l\u201d applicazione dei nostri prodotti sono di esclusiva responsabilit\u00e0 del cliente.<\/p><\/blockquote>\n<\/li>\n<li>\n<blockquote><p>Gli effetti di questo prodotto sono supportati dall \u201cesperienza empirica dell\u201d antica medicina tradizionale con risultati eccellenti.<\/p><\/blockquote>\n<\/li>\n<li>\n<blockquote><p>L \u201cassenza di effetti collaterali dannosi se somministrato nella dose corretta. Ma le informazioni qui riportate non costituiscono in alcun modo un\u201d ordinanza o una prescrizione.<\/p><\/blockquote>\n<\/li>\n<li>\n<blockquote><p>Le dichiarazioni e i link ai siti web ivi contenuti non sono stati valutati dalla FDA o dalle autorit\u00e0 internazionali competenti in materia di alimenti e farmaci.<\/p><\/blockquote>\n<\/li>\n<\/ul>\n","protected":false},"excerpt":{"rendered":"<p>RAP\u00c9 SNUFF - HUAMBISA: Svelare il mondo mistico di Diplopterys Cabrerana Qualit\u00e0 degne di nota: TABACCO DA FIUTO RAP\u00c9 - HUAMBISA: Scopri il potere mistico del Diplopterys Cabrerana Introduzione a RAP\u00c9 SNUFF - HUAMBISA Descrizione: Benvenuto nell&#8217;incantevole mondo di RAP\u00c9 SNUFF - HUAMBISA, dove esplorerai il potere mistico della Diplopterys Cabrerana, nota anche come Chagropanga. [&hellip;]<\/p>\n","protected":false},"featured_media":62634,"comment_status":"open","ping_status":"closed","template":"","meta":{"_joinchat":[]},"product_brand":[242],"product_cat":[7378,6670],"product_tag":[],"giftcard-category":[],"class_list":{"0":"post-53225","1":"product","2":"type-product","3":"status-publish","4":"has-post-thumbnail","6":"product_brand-ok-natura","7":"product_cat-rape-it","8":"product_cat-vendite-posta-nazionale","9":"product_shipping_class-estratto-di-pasta","10":"pa_607fb06d4f88a1618980973-rape-snuff-huambisa-chagropanga-5gr-100gr-diplopterys-cabrerana-100-natural-980-jpgoptimized921663c0c14b67aca6a7e264b57fca92id29373283795096pid6639171797144original_filenamerape-it","11":"pa_badge-1-recensione","12":"pa_description_tag-composizione-tabacco-cenere-della-corteccia-di-huambisa-usi-mostra-visioni-di-figure-usi-medicinali-dona-pace-purifica-il-corpo-da-soddisfazione","13":"pa_rating-scale_min1-0scale_max5-0value5-0-it","14":"pa_rating_count-1-it","15":"pa_review_count-57-it","16":"pa_review_enabled-1-it","17":"pa_review_rating-5-it","18":"pa_talla-1-kg-it","19":"pa_talla-100gr-it","20":"pa_talla-10gr-it","21":"pa_talla-20gr-it","22":"pa_talla-30gr-it","23":"pa_talla-4-kg-it","24":"pa_talla-50gr-it","25":"pa_talla-5gr-it","26":"pa_title_tag-rape-snuff-huambisa-chagropanga-diplopterys-cabrerana-it","27":"pa_widget-jdgm-rev-widg-display-none-recensioni-dei-clienti-sulla-base-di-1-recensione-scrivi-una-recensione-100-1-0-0-0-0-0-0-0-0-c","29":"first","30":"instock","31":"sale","32":"shipping-taxable","33":"purchasable","34":"product-type-variable"},"_links":{"self":[{"href":"https:\/\/oknatura.com\/it\/wp-json\/wp\/v2\/product\/53225","targetHints":{"allow":["GET"]}}],"collection":[{"href":"https:\/\/oknatura.com\/it\/wp-json\/wp\/v2\/product"}],"about":[{"href":"https:\/\/oknatura.com\/it\/wp-json\/wp\/v2\/types\/product"}],"replies":[{"embeddable":true,"href":"https:\/\/oknatura.com\/it\/wp-json\/wp\/v2\/comments?post=53225"}],"version-history":[{"count":3,"href":"https:\/\/oknatura.com\/it\/wp-json\/wp\/v2\/product\/53225\/revisions"}],"predecessor-version":[{"id":66257,"href":"https:\/\/oknatura.com\/it\/wp-json\/wp\/v2\/product\/53225\/revisions\/66257"}],"wp:featuredmedia":[{"embeddable":true,"href":"https:\/\/oknatura.com\/it\/wp-json\/wp\/v2\/media\/62634"}],"wp:attachment":[{"href":"https:\/\/oknatura.com\/it\/wp-json\/wp\/v2\/media?parent=53225"}],"wp:term":[{"taxonomy":"product_brand","embeddable":true,"href":"https:\/\/oknatura.com\/it\/wp-json\/wp\/v2\/product_brand?post=53225"},{"taxonomy":"product_cat","embeddable":true,"href":"https:\/\/oknatura.com\/it\/wp-json\/wp\/v2\/product_cat?post=53225"},{"taxonomy":"product_tag","embeddable":true,"href":"https:\/\/oknatura.com\/it\/wp-json\/wp\/v2\/product_tag?post=53225"},{"taxonomy":"giftcard-category","embeddable":true,"href":"https:\/\/oknatura.com\/it\/wp-json\/wp\/v2\/giftcard-category?post=53225"}],"curies":[{"name":"wp","href":"https:\/\/api.w.org\/{rel}","templated":true}]}}