{"id":53349,"date":"2021-04-08T12:25:45","date_gmt":"2021-04-08T12:25:45","guid":{"rendered":"https:\/\/oknatura.com\/products\/rape-snuff-mint-5gr-a-100gr-mentha-100-polvere-vegetale-naturale\/"},"modified":"2025-10-23T22:58:14","modified_gmt":"2025-10-24T03:58:14","slug":"rape-snuff-menta-mentha","status":"publish","type":"product","link":"https:\/\/oknatura.com\/it\/prodotti\/rape-snuff-menta-mentha\/","title":{"rendered":"RAP\u00c9 SNUFF - MINT \/ 5gr a 100gr \/ - (Mentha) - 100% polvere vegetale naturale"},"content":{"rendered":"<h1>RAP\u00c9 SNUFF - MINT: un viaggio rinfrescante con la menta<\/h1>\n<p><strong>Qualit\u00e0 degne di nota:<\/strong><\/p>\n<p><strong>RAP\u00c9 SNUFF - MINT: Scopri il potere rivitalizzante della Mentha<\/strong><\/p>\n<h2>Introduzione a RAP\u00c9 SNUFF - MINT<\/h2>\n<p><strong>Descrizione:<\/strong><\/p>\n<p>Benvenuto nell&#8217;esilarante mondo di <strong>RAP\u00c9 SNUFF - MENTHA<\/strong>, dove intraprenderai un viaggio rinfrescante con la Mentha. Scopri i suoi usi tradizionali e quelli meno conosciuti, la moltitudine di benefici, le considerazioni sulla sicurezza e i modi migliori per assaporare questo tabacco da fiuto rinvigorente.<\/p>\n<h2>Usi tradizionali e meno conosciuti<\/h2>\n<p><strong>Usi tradizionali:<\/strong><\/p>\n<ul>\n<li><strong>Risveglio spirituale:<\/strong> <strong>Il RAP\u00c9 SNUFF - MENTHA<\/strong> \u00e8 stato venerato per il suo ruolo nelle cerimonie e nei rituali spirituali delle comunit\u00e0 indigene. Viene utilizzata per schiarire la mente, aumentare la concentrazione e facilitare la meditazione.<\/li>\n<\/ul>\n<p><strong>Applicazioni meno conosciute:<\/strong><\/p>\n<ul>\n<li><strong>Una carica di energia:<\/strong> Al di l\u00e0 dei suoi usi spirituali, alcuni individui si rivolgono a <strong>RAP\u00c9 SNUFF <\/strong>per ottenere una spinta energetica. Il profumo rinvigorente della menta pu\u00f2 aiutare ad aumentare la vigilanza e la vitalit\u00e0.<\/li>\n<li><strong>Supporto respiratorio:<\/strong> Anche se non sostituisce le cure mediche, alcune persone trovano che il tabacco da fiuto alla menta dia un sollievo temporaneo a lievi disturbi respiratori.<\/li>\n<\/ul>\n<h2>Pro e contro di RAP\u00c9 SNUFF - MINT<\/h2>\n<p><strong>I pro (vantaggi):<\/strong><\/p>\n<ul>\n<li><strong>Chiarezza spirituale:<\/strong> Quando usi <strong>RAP\u00c9 SNUFF<\/strong> per scopi spirituali, sperimenta una maggiore consapevolezza, chiarezza mentale e una migliore concentrazione.<\/li>\n<li><strong>Energia:<\/strong> Goditi una carica di energia naturale e rinvigorente per migliorare la tua produttivit\u00e0 e la tua prontezza, assaporando l&#8217;essenza rinfrescante della menta.<\/li>\n<li><strong>Comfort respiratorio:<\/strong> Alcuni utenti trovano un sollievo temporaneo da lievi disturbi respiratori quando usano il tabacco da fiuto alla menta.<\/li>\n<\/ul>\n<p><strong>I contro (avvertenze e sicurezza):<\/strong><\/p>\n<ul>\n<li><strong>Attenzione al dosaggio:<\/strong> Come per tutti i tabacchi sacri, usa <strong>RAP\u00c9 SNUFF <\/strong>con cautela e inizia con un piccolo pizzico. Aumenta gradualmente l&#8217;assunzione per evitare qualsiasi potenziale disagio.<\/li>\n<li><strong>Sensibilit\u00e0 individuale:<\/strong> La reazione di ogni persona pu\u00f2 variare. Se soffri di sensibilit\u00e0 respiratoria, presta particolare attenzione agli effetti del tabacco da fiuto alla menta.<\/li>\n<\/ul>\n<h2>Istruzioni e raccomandazioni<\/h2>\n<p>Per ottenere il massimo dalla tua esperienza con <strong>RAP\u00c9 SNUFF - MENTHA<\/strong>, segui queste istruzioni e raccomandazioni:<\/p>\n<ol>\n<li><strong>Inizia lentamente:<\/strong> Per la tua prima esperienza con <strong>RAP\u00c9 SNUFF - MENTHA<\/strong>, inizia con un piccolo pizzico. Aumenta gradualmente la quantit\u00e0 man mano che ti abitui ai suoi effetti, rimanendo sempre nella tua zona di comfort.<\/li>\n<li><strong>Processo di applicazione:<\/strong> L&#8217;applicazione di questo tabacco sacro richiede un approccio rispettoso. Per un uso pi\u00f9 preciso e rispettoso, usa un applicatore o chiedi consiglio a un professionista esperto.<\/li>\n<li><strong>Crea la scena:<\/strong> Crea un ambiente sereno e concentrato per accogliere pienamente l&#8217;esperienza. Stabilisci intenzioni chiare e, se lo desideri, partecipa alla meditazione o ai rituali per migliorare il tuo viaggio.<\/li>\n<li><strong>Rimani idratato:<\/strong> Un&#8217;adeguata idratazione \u00e8 essenziale. Assumi acqua prima e dopo l&#8217;uso di <strong>RAP\u00c9 SNUFF - MENTHA<\/strong> per assicurarti comfort e benessere durante l&#8217;esperienza.<\/li>\n<li><strong>Approccio consapevole:<\/strong> Avvicinati al tabacco da fiuto alla menta con riverenza e consapevolezza. Riconosci il suo potenziale di chiarezza mentale, aumento dell&#8217;energia e supporto respiratorio.<\/li>\n<\/ol>\n<h2>Altri nomi per RAP\u00c9 SNUFF - MINT<\/h2>\n<p>Il <strong>RAP\u00c9 SNUFF - MINT<\/strong> pu\u00f2 essere conosciuto anche come <strong>Mint Rap\u00e9<\/strong> e <strong>Mentha Snuff<\/strong>.<\/p>\n<h2>Conclusione: Inizia il tuo viaggio rinfrescante<\/h2>\n<p>In conclusione, <strong>RAP\u00c9 SNUFF - MINT<\/strong> ti invita a intraprendere un viaggio rivitalizzante e spiritualmente arricchente con la Mentha. Questo tabacco da fiuto sacro serve come porta d \u201caccesso alla chiarezza spirituale, all\u201d aumento dell \u201cenergia e all\u201d essenza rinvigorente della menta. Entra nel regno rinfrescante di <strong>RAP\u00c9 SNUFF - MINT<\/strong> ed esplora la miriade di possibilit\u00e0 offerte dalla menta.<\/p>\n<blockquote><p><strong>Nota:<\/strong><\/p>\n<p>I prodotti OK Natural sono ottenuti e venduti allo stato puro e di origine naturale al 100% alle comunit\u00e0 locali. Non contengono alcun tipo di pesticida, sostanza chimica, erbicida o qualsiasi altra sostanza artificiale.<\/p>\n<p><strong>Disclaimer:<\/strong><\/p><\/blockquote>\n<ul>\n<li>\n<blockquote><p>Tutti i prodotti sono legali nel nostro paese di origine; \u00e8 responsabilit\u00e0 del cliente verificare la legalit\u00e0 nel paese di destinazione.<\/p><\/blockquote>\n<\/li>\n<li>\n<blockquote><p>L&#8217;uso di questi prodotti naturali non sostituisce un consulto medico.<\/p><\/blockquote>\n<\/li>\n<li>\n<blockquote><p>Non implica in alcun modo affermazioni mediche sulla capacit\u00e0 o sull&#8217;efficacia di uno qualsiasi dei nostri prodotti di trattare, prevenire o attenuare una malattia o un disturbo.<\/p><\/blockquote>\n<\/li>\n<li>\n<blockquote><p>L \u201cuso e l\u201d applicazione dei nostri prodotti sono di esclusiva responsabilit\u00e0 del cliente.<\/p><\/blockquote>\n<\/li>\n<li>\n<blockquote><p>Gli effetti di questo prodotto sono supportati dall \u201cesperienza empirica dell\u201d antica medicina tradizionale con risultati eccellenti.<\/p><\/blockquote>\n<\/li>\n<li>\n<blockquote><p>L \u201cassenza di effetti collaterali dannosi se somministrato nella dose corretta. Ma le informazioni qui riportate non costituiscono in alcun modo un\u201d ordinanza o una prescrizione.<\/p><\/blockquote>\n<\/li>\n<li>\n<blockquote><p>Le dichiarazioni e i link ai siti web ivi contenuti non sono stati valutati dalla FDA o dalle autorit\u00e0 internazionali competenti in materia di alimenti e farmaci.<\/p><\/blockquote>\n<\/li>\n<\/ul>\n","protected":false},"excerpt":{"rendered":"<p>RAP\u00c9 SNUFF - MINT: un viaggio rinfrescante con la menta Qualit\u00e0 degne di nota: RAP\u00c9 SNUFF - MINT: Scopri il potere rivitalizzante della Mentha Introduzione a RAP\u00c9 SNUFF - MINT Descrizione: Benvenuto nell&#8217;esilarante mondo di RAP\u00c9 SNUFF - MENTHA, dove intraprenderai un viaggio rinfrescante con la Mentha. Scopri i suoi usi tradizionali e quelli meno [&hellip;]<\/p>\n","protected":false},"featured_media":62650,"comment_status":"open","ping_status":"closed","template":"","meta":{"_joinchat":[]},"product_brand":[244],"product_cat":[6666,7378],"product_tag":[],"giftcard-category":[],"class_list":{"0":"post-53349","1":"product","2":"type-product","3":"status-publish","4":"has-post-thumbnail","6":"product_brand-ok-natura-2","7":"product_cat-nuovi-arrivi-dhl-o-fedex","8":"product_cat-rape-it","9":"product_shipping_class-spedizione-generale","10":"pa_607fb08423d1a1618980996-rape-snuff-mint-5gr-100gr-mentha-100-natural-plant-powder-858-jpgoptimized921663c0c14b67aca6a7e264b57fca92id29373297721496pid6639218622616original_filenamerape0_7491e86f-00da-4c-it","11":"pa_badge-1-recensione","12":"pa_description_tag-composizione-tabacco-cenere-di-foglie-di-menta-usi-per-rilassarsi-e-allontanare-lansia-usi-medicinali-aiuta-a-controllare-i-fastidi-nasali-aiuta-a-meditare","13":"pa_rating-scale_min1-0scale_max5-0value5-0-it","14":"pa_rating_count-1-it","15":"pa_review_count-62-it","16":"pa_review_enabled-1-it","17":"pa_review_rating-5-it","18":"pa_talla-1-kg-it","19":"pa_talla-100gr-it","20":"pa_talla-10gr-it","21":"pa_talla-20gr-it","22":"pa_talla-30gr-it","23":"pa_talla-4-kg-it","24":"pa_talla-50gr-it","25":"pa_talla-5gr-it","26":"pa_title_tag-rape-snuff-mint-in-vendita-mentha-rana-pescatrice-brasiliana","27":"pa_widget-jdgm-rev-widg-display-none-recensioni-dei-clienti-sulla-base-di-1-recensione-scrivi-una-recensione-100-1-0-0-0-0-0-0-0-0-a","29":"first","30":"instock","31":"sale","32":"shipping-taxable","33":"purchasable","34":"product-type-variable"},"_links":{"self":[{"href":"https:\/\/oknatura.com\/it\/wp-json\/wp\/v2\/product\/53349","targetHints":{"allow":["GET"]}}],"collection":[{"href":"https:\/\/oknatura.com\/it\/wp-json\/wp\/v2\/product"}],"about":[{"href":"https:\/\/oknatura.com\/it\/wp-json\/wp\/v2\/types\/product"}],"replies":[{"embeddable":true,"href":"https:\/\/oknatura.com\/it\/wp-json\/wp\/v2\/comments?post=53349"}],"version-history":[{"count":3,"href":"https:\/\/oknatura.com\/it\/wp-json\/wp\/v2\/product\/53349\/revisions"}],"predecessor-version":[{"id":66259,"href":"https:\/\/oknatura.com\/it\/wp-json\/wp\/v2\/product\/53349\/revisions\/66259"}],"wp:featuredmedia":[{"embeddable":true,"href":"https:\/\/oknatura.com\/it\/wp-json\/wp\/v2\/media\/62650"}],"wp:attachment":[{"href":"https:\/\/oknatura.com\/it\/wp-json\/wp\/v2\/media?parent=53349"}],"wp:term":[{"taxonomy":"product_brand","embeddable":true,"href":"https:\/\/oknatura.com\/it\/wp-json\/wp\/v2\/product_brand?post=53349"},{"taxonomy":"product_cat","embeddable":true,"href":"https:\/\/oknatura.com\/it\/wp-json\/wp\/v2\/product_cat?post=53349"},{"taxonomy":"product_tag","embeddable":true,"href":"https:\/\/oknatura.com\/it\/wp-json\/wp\/v2\/product_tag?post=53349"},{"taxonomy":"giftcard-category","embeddable":true,"href":"https:\/\/oknatura.com\/it\/wp-json\/wp\/v2\/giftcard-category?post=53349"}],"curies":[{"name":"wp","href":"https:\/\/api.w.org\/{rel}","templated":true}]}}