{"id":56413,"date":"2023-09-06T19:10:27","date_gmt":"2023-09-06T19:10:27","guid":{"rendered":"https:\/\/oknatura.com\/products\/rape-snuff-cacao-dal-brasile-5gr-a-100gr-100-prodotto-dalle-tribu-native-dellamazzonia\/"},"modified":"2025-10-23T22:39:54","modified_gmt":"2025-10-24T03:39:54","slug":"rape-snuff-cacao-dal-brasile","status":"publish","type":"product","link":"https:\/\/oknatura.com\/it\/prodotti\/rape-snuff-cacao-dal-brasile\/","title":{"rendered":"RAP\u00c9 SNUFF * CACAO (DAL BRASILE) \/ 5gr a 100gr \/ - 100% prodotto dalle trib\u00f9 native dell&#8217;Amazzonia"},"content":{"rendered":"<h1 data-rm-block-id=\"block-1\">RAP\u00c9 SNUFF CACAO: il sacro elisir amazzonico<\/h1>\n<h2 data-rm-block-id=\"block-2\">RAP\u00c9 SNUFF CACAO: una porta verso la saggezza amazzonica<\/h2>\n<p data-rm-block-id=\"block-3\">Benvenuto nel mistico mondo del <strong>RAP\u00c9 SNUFF CACAO<\/strong>, una miscela sacra creata dalle trib\u00f9 indigene della foresta amazzonica. In questo incantevole viaggio, approfondiremo le profonde qualit\u00e0 del <strong>RAP\u00c9 SNUFF CACAO<\/strong>, i suoi molteplici usi, i benefici che offre e importanti indicazioni su come sperimentare il suo straordinario potenziale. Alla fine di questa esplorazione, sarai attratto dal fascino di questo elisir amazzonico, creato e apprezzato dai nativi.<\/p>\n<h2 data-rm-block-id=\"block-4\">RAP\u00c9 SNUFF CACAO: la sua qualit\u00e0 pi\u00f9 notevole<\/h2>\n<p data-rm-block-id=\"block-5\"><strong>La qualit\u00e0 pi\u00f9 notevole di RAP\u00c9 SNUFF CACAO<\/strong><strong>:<\/strong><\/p>\n<p data-rm-block-id=\"block-6\"><strong>RAP\u00c9 SNUFF CACAO<\/strong> si distingue per la sua miscela unica di erbe sacre amazzoniche e cacao puro, offrendo un \u201cesperienza trascendente che combina il risveglio sensoriale con l\u201d approfondimento spirituale.<\/p>\n<h2 data-rm-block-id=\"block-7\">Usi tradizionali e meno conosciuti<\/h2>\n<p data-rm-block-id=\"block-8\"><strong>Applicazioni tradizionali:<\/strong><\/p>\n<ul>\n<li data-rm-block-id=\"block-9\"><strong>Rituali sacramentali:<\/strong> Il <strong>RAP\u00c9 SNUFF CACAO<\/strong> \u00e8 tradizionalmente utilizzato nei rituali sciamanici amazzonici per indurre stati di coscienza elevati e stabilire connessioni con il regno spirituale.<\/li>\n<li data-rm-block-id=\"block-10\"><strong>Purificazione cerimoniale:<\/strong> Svolge un ruolo importante nelle cerimonie di purificazione, dove si ritiene che purifichi il corpo, la mente e lo spirito.<\/li>\n<li data-rm-block-id=\"block-11\"><strong>Miglioramento della concentrazione:<\/strong> Questa miscela pu\u00f2 migliorare la chiarezza mentale e la concentrazione, rendendola utile per l&#8217;introspezione e la meditazione.<\/li>\n<\/ul>\n<p data-rm-block-id=\"block-12\"><strong>Potenziale nascosto:<\/strong><\/p>\n<ul>\n<li data-rm-block-id=\"block-13\"><strong>Rilascio emotivo:<\/strong> Il <strong>RAP\u00c9 SNUFF CACAO<\/strong> pu\u00f2 favorire il rilascio emotivo e la catarsi, aiutando gli individui ad affrontare e guarire le ferite emotive.<\/li>\n<li data-rm-block-id=\"block-14\"><strong>Potenziamento dell&#8217;energia:<\/strong> Alcuni utenti riferiscono di aver sperimentato un effetto energizzante che pu\u00f2 migliorare la vitalit\u00e0 e la motivazione.<\/li>\n<li data-rm-block-id=\"block-15\"><strong>Elevazione dell \u201cumore:<\/strong> Pu\u00f2 promuovere sentimenti di gioia, gratitudine e soddisfazione, offrendo una via unica per l\u201d esplorazione emotiva.<\/li>\n<\/ul>\n<h2 data-rm-block-id=\"block-16\">Pro e contro<\/h2>\n<p data-rm-block-id=\"block-17\"><strong>I pro (vantaggi):<\/strong><\/p>\n<ul>\n<li data-rm-block-id=\"block-18\"><strong>Connessione spirituale:<\/strong> <strong>RAP\u00c9 SNUFF CACAO<\/strong> pu\u00f2 facilitare esperienze spirituali profonde, permettendo agli utenti di connettersi con una coscienza superiore.<\/li>\n<li data-rm-block-id=\"block-19\"><strong>Chiarezza mentale:<\/strong> Pu\u00f2 aiutare a eliminare la nebbia mentale e a migliorare le capacit\u00e0 cognitive, rendendola ideale per la meditazione e l&#8217;auto-riflessione.<\/li>\n<li data-rm-block-id=\"block-20\"><strong>Guarigione emotiva:<\/strong> Alcuni individui trovano liberazione e guarigione emotiva grazie all&#8217;uso di questa miscela sacra.<\/li>\n<\/ul>\n<p data-rm-block-id=\"block-21\"><strong>I contro (avvertenze e sicurezza):<\/strong><\/p>\n<ul>\n<li data-rm-block-id=\"block-22\"><strong>Uso cerimoniale:<\/strong> Il <strong>RAP\u00c9 SNUFF CACAO<\/strong> \u00e8 destinato a un uso cerimoniale e spirituale. Non deve essere utilizzato per scopi casuali o ricreativi.<\/li>\n<li data-rm-block-id=\"block-23\"><strong>Sensazione di bruciore:<\/strong> Se applicato per via nasale, pu\u00f2 indurre una forte sensazione di bruciore, che pu\u00f2 risultare fastidiosa per alcuni utenti.<\/li>\n<li data-rm-block-id=\"block-24\"><strong>Consapevolezza del dosaggio:<\/strong> Utilizzare il giusto dosaggio \u00e8 fondamentale. Un uso eccessivo pu\u00f2 causare disturbi e deve essere evitato.<\/li>\n<\/ul>\n<h2 data-rm-block-id=\"block-25\">Come sfruttare al meglio il RAP\u00c9 SNUFF CACAO<\/h2>\n<p data-rm-block-id=\"block-26\">Per abbracciare appieno la magia del <strong>RAP\u00c9 SNUFF CACAO<\/strong>, considera quanto segue:<\/p>\n<ol>\n<li data-rm-block-id=\"block-27\"><strong>Preparazione:<\/strong> Avvicinati all&#8217;esperienza con rispetto e intenzione. Prepara il tuo spazio cerimoniale con riverenza.<\/li>\n<li data-rm-block-id=\"block-28\"><strong>Applicazione:<\/strong> Usa una pipa kuripe o tepi per auto-somministrarti il tabacco da fiuto delicatamente in ogni narice. Questo processo richiede consapevolezza e un&#8217;intenzione mirata.<\/li>\n<li data-rm-block-id=\"block-29\"><strong>Meditazione:<\/strong> Dopo l&#8217;applicazione, siediti in meditazione o in contemplazione per permettere alla miscela sacra di operare la sua magia trasformativa.<\/li>\n<\/ol>\n<h2 data-rm-block-id=\"block-30\">Altri nomi per RAP\u00c9 SNUFF CACAO<\/h2>\n<p data-rm-block-id=\"block-31\">Il <strong>CACAO RAP\u00c9 SNUFF<\/strong> \u00e8 conosciuto anche come \u201cCacao Rap\u00e9\u201d o \u201cCacao Snuff Amazzonico\u201d.<\/p>\n<h2 data-rm-block-id=\"block-32\">Conclusione: Abbraccia la saggezza amazzonica con RAP\u00c9 SNUFF CACAO<\/h2>\n<p data-rm-block-id=\"block-33\">In conclusione, <strong>RAP\u00c9 SNUFF CACAO<\/strong> \u00e8 un portale per la saggezza amazzonica che offre profonde intuizioni spirituali, guarigione emotiva e maggiore chiarezza. \u00c8 uno strumento unico per chi vuole esplorare le profondit\u00e0 della propria coscienza e sperimentare la ricchezza delle tradizioni indigene.<\/p>\n<blockquote>\n<p data-rm-block-id=\"block-34\"><strong>Nota:<\/strong><\/p>\n<p data-rm-block-id=\"block-35\">I prodotti OK Natural sono ottenuti e venduti allo stato puro e di origine naturale al 100% alle comunit\u00e0 locali. Non contengono alcun tipo di pesticida, sostanza chimica, erbicida o qualsiasi altra sostanza artificiale.<\/p>\n<p data-rm-block-id=\"block-36\"><strong>Disclaimer:<\/strong><\/p>\n<\/blockquote>\n<ul>\n<li>\n<blockquote>\n<p data-rm-block-id=\"block-37\">Tutti i prodotti sono legali nel nostro paese di origine; \u00e8 responsabilit\u00e0 del cliente verificare la legalit\u00e0 nel paese di destinazione.<\/p>\n<\/blockquote>\n<\/li>\n<li>\n<blockquote>\n<p data-rm-block-id=\"block-38\">L&#8217;uso di questi prodotti naturali non sostituisce un consulto medico.<\/p>\n<\/blockquote>\n<\/li>\n<li>\n<blockquote>\n<p data-rm-block-id=\"block-39\">Non implica in alcun modo affermazioni mediche sulla capacit\u00e0 o sull&#8217;efficacia di uno qualsiasi dei nostri prodotti di trattare, prevenire o attenuare una malattia o un disturbo.<\/p>\n<\/blockquote>\n<\/li>\n<li>\n<blockquote>\n<p data-rm-block-id=\"block-40\">L \u201cuso e l\u201d applicazione dei nostri prodotti sono di esclusiva responsabilit\u00e0 del cliente.<\/p>\n<\/blockquote>\n<\/li>\n<li>\n<blockquote>\n<p data-rm-block-id=\"block-41\">Gli effetti di questo prodotto sono supportati dall \u201cesperienza empirica dell\u201d antica medicina tradizionale con risultati eccellenti.<\/p>\n<\/blockquote>\n<\/li>\n<li>\n<blockquote>\n<p data-rm-block-id=\"block-42\">L \u201cassenza di effetti collaterali dannosi se somministrato nella dose corretta. Ma le informazioni qui riportate non costituiscono in alcun modo un\u201d ordinanza o una prescrizione.<\/p>\n<\/blockquote>\n<\/li>\n<li>\n<blockquote>\n<p data-rm-block-id=\"block-43\">Le dichiarazioni e i link ai siti web ivi contenuti non sono stati valutati dalla FDA o dalle autorit\u00e0 internazionali competenti in materia di alimenti e farmaci.<\/p>\n<\/blockquote>\n<\/li>\n<\/ul>\n","protected":false},"excerpt":{"rendered":"<p>RAP\u00c9 SNUFF CACAO: il sacro elisir amazzonico RAP\u00c9 SNUFF CACAO: una porta verso la saggezza amazzonica Benvenuto nel mistico mondo del RAP\u00c9 SNUFF CACAO, una miscela sacra creata dalle trib\u00f9 indigene della foresta amazzonica. In questo incantevole viaggio, approfondiremo le profonde qualit\u00e0 del RAP\u00c9 SNUFF CACAO, i suoi molteplici usi, i benefici che offre e [&hellip;]<\/p>\n","protected":false},"featured_media":63442,"comment_status":"open","ping_status":"closed","template":"","meta":{"_joinchat":[]},"product_brand":[242],"product_cat":[6666,7378],"product_tag":[],"giftcard-category":[],"class_list":{"0":"post-56413","1":"product","2":"type-product","3":"status-publish","4":"has-post-thumbnail","6":"product_brand-ok-natura","7":"product_cat-nuovi-arrivi-dhl-o-fedex","8":"product_cat-rape-it","9":"product_shipping_class-spedizione-generale","10":"pa_607093e2895771617990626-rape-snuff-nawa-5gr-100gr-rapes-brasileiro-100-made-natives-amazon-tribes-food-571-jpgoptimized921663c0c14b67aca6a7e264b57fca92id28886545531032pid5903926362264original_filenamer-it","11":"pa_badge-nessuna-recensione","12":"pa_description_tag-composizione-tabacco-cenere-di-menta-brasiliana-uso-per-rilassarsi-e-liberarsi-dallansia-uso-medicinale-molto-forte-e-intenso-aiuta-a-meditare","13":"pa_review_count-52-it","14":"pa_review_enabled-1-it","15":"pa_review_rating-5-it","16":"pa_talla-1-kg-it","17":"pa_talla-100gr-it","18":"pa_talla-10gr-it","19":"pa_talla-20gr-it","20":"pa_talla-30gr-it","21":"pa_talla-4-kg-it","22":"pa_talla-50gr-it","23":"pa_talla-5gr-it","24":"pa_title_tag-rape-snuff-cacao-in-vendita-dal-brasile-autoctoni","25":"pa_widget-jdgm-rev-widg-display-none-recensioni-dei-clienti-sii-il-primo-a-scrivere-una-recensione-scrivi-una-recensione-0-0-0-0-0-0-0-0-0-0","27":"first","28":"instock","29":"sale","30":"shipping-taxable","31":"purchasable","32":"product-type-variable"},"_links":{"self":[{"href":"https:\/\/oknatura.com\/it\/wp-json\/wp\/v2\/product\/56413","targetHints":{"allow":["GET"]}}],"collection":[{"href":"https:\/\/oknatura.com\/it\/wp-json\/wp\/v2\/product"}],"about":[{"href":"https:\/\/oknatura.com\/it\/wp-json\/wp\/v2\/types\/product"}],"replies":[{"embeddable":true,"href":"https:\/\/oknatura.com\/it\/wp-json\/wp\/v2\/comments?post=56413"}],"version-history":[{"count":3,"href":"https:\/\/oknatura.com\/it\/wp-json\/wp\/v2\/product\/56413\/revisions"}],"predecessor-version":[{"id":66121,"href":"https:\/\/oknatura.com\/it\/wp-json\/wp\/v2\/product\/56413\/revisions\/66121"}],"wp:featuredmedia":[{"embeddable":true,"href":"https:\/\/oknatura.com\/it\/wp-json\/wp\/v2\/media\/63442"}],"wp:attachment":[{"href":"https:\/\/oknatura.com\/it\/wp-json\/wp\/v2\/media?parent=56413"}],"wp:term":[{"taxonomy":"product_brand","embeddable":true,"href":"https:\/\/oknatura.com\/it\/wp-json\/wp\/v2\/product_brand?post=56413"},{"taxonomy":"product_cat","embeddable":true,"href":"https:\/\/oknatura.com\/it\/wp-json\/wp\/v2\/product_cat?post=56413"},{"taxonomy":"product_tag","embeddable":true,"href":"https:\/\/oknatura.com\/it\/wp-json\/wp\/v2\/product_tag?post=56413"},{"taxonomy":"giftcard-category","embeddable":true,"href":"https:\/\/oknatura.com\/it\/wp-json\/wp\/v2\/giftcard-category?post=56413"}],"curies":[{"name":"wp","href":"https:\/\/api.w.org\/{rel}","templated":true}]}}