{"id":56496,"date":"2023-09-06T19:01:26","date_gmt":"2023-09-06T19:01:26","guid":{"rendered":"https:\/\/oknatura.com\/products\/rape-snuff-andiroba-dal-brasile-5gr-a-100gr-100-prodotto-dalle-tribu-native-dellamazzonia\/"},"modified":"2025-10-23T22:40:10","modified_gmt":"2025-10-24T03:40:10","slug":"rape-snuff-andiroba-dal-brasile","status":"publish","type":"product","link":"https:\/\/oknatura.com\/it\/prodotti\/rape-snuff-andiroba-dal-brasile\/","title":{"rendered":"RAP\u00c9 SNUFF * ANDIROBA (DAL BRASILE) \/ 5gr a 100gr \/ - 100% prodotto dalle trib\u00f9 native dell&#8217;Amazzonia"},"content":{"rendered":"<h1>RAP\u00c9 SNUFF ANDIROBA: Svelare l \u201celisir dell\u201d Amazzonia<\/h1>\n<h2>IL TABACCO DA FIUTO RAP\u00c9 ANDIROBA: Il segreto della natura in Amazzonia<\/h2>\n<p>Benvenuto nel mistico mondo del <strong>RAP\u00c9 SNUFF ANDIROBA<\/strong>, una miscela sacra creata dalle trib\u00f9 indigene della foresta amazzonica. In questo incantevole viaggio esploreremo le profonde qualit\u00e0 del <strong>RAP\u00c9 SNUFF ANDIROBA<\/strong>, i suoi usi tradizionali e quelli meno conosciuti, i benefici che offre e importanti indicazioni su come sperimentare il suo straordinario potenziale. Alla fine di questa esplorazione, sarai attratto dal fascino di questo elisir amazzonico, prodotto a mano e apprezzato dai nativi.<\/p>\n<h2>RAP\u00c9 SNUFF ANDIROBA: la sua qualit\u00e0 pi\u00f9 notevole<\/h2>\n<p><strong>La qualit\u00e0 pi\u00f9 notevole:<\/strong><\/p>\n<p><strong>RAP\u00c9 SNUFF ANDIROBA<\/strong> si distingue per la sua straordinaria combinazione di erbe sacre amazzoniche e dell&#8217;essenza naturale dell&#8217;albero di andiroba, offrendo un&#8217;esperienza trascendente che combina il risveglio sensoriale con le intuizioni spirituali.<\/p>\n<h2>Usi tradizionali e meno conosciuti<\/h2>\n<p><strong>Applicazioni tradizionali:<\/strong><\/p>\n<ul>\n<li><strong>Rituali cerimoniali:<\/strong> L&#8217;<strong>ANDIROBA RAP\u00c9 SNUFF<\/strong> \u00e8 tradizionalmente utilizzata nei rituali sciamanici amazzonici per indurre stati di coscienza elevati e stabilire connessioni con il regno spirituale.<\/li>\n<li><strong>Pulizia cerimoniale:<\/strong> Svolge un ruolo importante nelle cerimonie di purificazione, dove si ritiene che purifichi il corpo, la mente e lo spirito.<\/li>\n<li><strong>Chiarezza mentale:<\/strong> Questa miscela pu\u00f2 migliorare la chiarezza mentale e la concentrazione, rendendola utile per l&#8217;introspezione e la meditazione.<\/li>\n<\/ul>\n<p><strong>Potenziale nascosto:<\/strong><\/p>\n<ul>\n<li><strong>Guarigione emotiva:<\/strong> Il <strong>RAP\u00c9 SNUFF ANDIROBA<\/strong> pu\u00f2 favorire il rilascio emotivo e la catarsi, aiutando gli individui ad affrontare e guarire le ferite emotive.<\/li>\n<li><strong>Conservazione culturale:<\/strong> Supporta le comunit\u00e0 indigene e la conservazione delle loro tradizioni acquistando <strong>RAP\u00c9 SNUFF ANDIROBA<\/strong>.<\/li>\n<li><strong>Risveglio sensoriale:<\/strong> Alcuni utenti riferiscono di aver sperimentato un \u201caccresciuta percezione sensoriale, offrendo una via unica per l\u201d esplorazione sensoriale.<\/li>\n<\/ul>\n<h2>Pro e contro<\/h2>\n<p><strong>I pro (vantaggi):<\/strong><\/p>\n<ul>\n<li><strong>Connessione spirituale:<\/strong> Il <strong>RAP\u00c9 SNUFF ANDIROBA<\/strong> pu\u00f2 facilitare esperienze spirituali profonde, permettendo agli utenti di connettersi con una coscienza superiore.<\/li>\n<li><strong>Chiarezza mentale:<\/strong> Pu\u00f2 aiutare a eliminare la nebbia mentale e a migliorare le capacit\u00e0 cognitive, rendendola ideale per la meditazione e l&#8217;auto-riflessione.<\/li>\n<li><strong>Guarigione emotiva:<\/strong> Alcuni individui trovano liberazione e guarigione emotiva grazie all&#8217;uso di questa miscela sacra.<\/li>\n<\/ul>\n<p><strong>I contro (avvertenze e sicurezza):<\/strong><\/p>\n<ul>\n<li><strong>Uso cerimoniale:<\/strong> Il <strong>RAP\u00c9 SNUFF ANDIROBA<\/strong> \u00e8 destinato a un uso cerimoniale e spirituale. Non deve essere utilizzato per scopi casuali o ricreativi.<\/li>\n<li><strong>Sensazione di bruciore:<\/strong> Se applicato per via nasale, pu\u00f2 indurre una forte sensazione di bruciore, che pu\u00f2 risultare fastidiosa per alcuni utenti.<\/li>\n<li><strong>Consapevolezza del dosaggio:<\/strong> Utilizzare il giusto dosaggio \u00e8 fondamentale. Un uso eccessivo pu\u00f2 causare disturbi e deve essere evitato.<\/li>\n<\/ul>\n<h2>Come sfruttare al meglio il RAP\u00c9 SNUFF ANDIROBA<\/h2>\n<p>Per vivere appieno la magia di <strong>RAP\u00c9 SNUFF ANDIROBA<\/strong>, considera quanto segue:<\/p>\n<ol>\n<li><strong>Preparazione:<\/strong> Avvicinati all&#8217;esperienza con rispetto e intenzione. Prepara il tuo spazio cerimoniale con riverenza.<\/li>\n<li><strong>Applicazione:<\/strong> Usa una pipa kuripe o tepi per auto-somministrarti il tabacco da fiuto delicatamente in ogni narice. Questo processo richiede consapevolezza e un&#8217;intenzione mirata.<\/li>\n<li><strong>Meditazione:<\/strong> Dopo l&#8217;applicazione, siediti in meditazione o in contemplazione per permettere alla miscela sacra di operare la sua magia trasformativa.<\/li>\n<\/ol>\n<h2>Altri nomi per RAP\u00c9 SNUFF ANDIROBA<\/h2>\n<p>Il <strong>RAP\u00c9 SNUFF ANDIROBA<\/strong> \u00e8 conosciuto anche come \u201cAndiroba Rap\u00e9\u201d o \u201cAndiroba Snuff amazzonico\u201d.<\/p>\n<h2>Conclusione: Abbraccia la saggezza amazzonica con RAP\u00c9 SNUFF ANDIROBA<\/h2>\n<p>In conclusione, <strong>RAP\u00c9 SNUFF ANDIROBA<\/strong> \u00e8 un portale per la saggezza amazzonica che offre profonde intuizioni spirituali, guarigione emotiva e maggiore chiarezza. \u00c8 uno strumento unico per chi vuole esplorare le profondit\u00e0 della propria coscienza e sperimentare la ricchezza delle tradizioni indigene.<\/p>\n<blockquote><p><strong>Nota:<\/strong><\/p>\n<p>I prodotti OK Natural sono ottenuti e venduti allo stato puro e di origine naturale al 100% alle comunit\u00e0 locali. Non contengono alcun tipo di pesticida, sostanza chimica, erbicida o qualsiasi altra sostanza artificiale.<\/p>\n<p><strong>Disclaimer:<\/strong><\/p><\/blockquote>\n<ul>\n<li>\n<blockquote><p>Tutti i prodotti sono legali nel nostro paese di origine; \u00e8 responsabilit\u00e0 del cliente verificare la legalit\u00e0 nel paese di destinazione.<\/p><\/blockquote>\n<\/li>\n<li>\n<blockquote><p>L&#8217;uso di questi prodotti naturali non sostituisce un consulto medico.<\/p><\/blockquote>\n<\/li>\n<li>\n<blockquote><p>Non implica in alcun modo affermazioni mediche sulla capacit\u00e0 o sull&#8217;efficacia di uno qualsiasi dei nostri prodotti di trattare, prevenire o attenuare una malattia o un disturbo.<\/p><\/blockquote>\n<\/li>\n<li>\n<blockquote><p>L \u201cuso e l\u201d applicazione dei nostri prodotti sono di esclusiva responsabilit\u00e0 del cliente.<\/p><\/blockquote>\n<\/li>\n<li>\n<blockquote><p>Gli effetti di questo prodotto sono supportati dall \u201cesperienza empirica dell\u201d antica medicina tradizionale con risultati eccellenti.<\/p><\/blockquote>\n<\/li>\n<li>\n<blockquote><p>L \u201cassenza di effetti collaterali dannosi se somministrato nella dose corretta. Ma le informazioni qui riportate non costituiscono in alcun modo un\u201d ordinanza o una prescrizione.<\/p><\/blockquote>\n<\/li>\n<li>\n<blockquote><p>Le dichiarazioni e i link ai siti web ivi contenuti non sono stati valutati dalla FDA o dalle autorit\u00e0 internazionali competenti in materia di alimenti e farmaci.<\/p><\/blockquote>\n<\/li>\n<\/ul>\n","protected":false},"excerpt":{"rendered":"<p>RAP\u00c9 SNUFF ANDIROBA: Svelare l \u201celisir dell\u201d Amazzonia IL TABACCO DA FIUTO RAP\u00c9 ANDIROBA: Il segreto della natura in Amazzonia Benvenuto nel mistico mondo del RAP\u00c9 SNUFF ANDIROBA, una miscela sacra creata dalle trib\u00f9 indigene della foresta amazzonica. In questo incantevole viaggio esploreremo le profonde qualit\u00e0 del RAP\u00c9 SNUFF ANDIROBA, i suoi usi tradizionali e [&hellip;]<\/p>\n","protected":false},"featured_media":63426,"comment_status":"open","ping_status":"closed","template":"","meta":{"_joinchat":[]},"product_brand":[242],"product_cat":[6666,7378],"product_tag":[],"giftcard-category":[],"class_list":{"0":"post-56496","1":"product","2":"type-product","3":"status-publish","4":"has-post-thumbnail","6":"product_brand-ok-natura","7":"product_cat-nuovi-arrivi-dhl-o-fedex","8":"product_cat-rape-it","9":"product_shipping_class-spedizione-generale","10":"pa_607093e2895771617990626-rape-snuff-nawa-5gr-100gr-rapes-brasileiro-100-made-natives-amazon-tribes-food-571-jpgoptimized921663c0c14b67aca6a7e264b57fca92id28886545531032pid5903926362264original_filenamer-it","11":"pa_badge-nessuna-recensione","12":"pa_description_tag-composizione-tabacco-cenere-di-menta-brasiliana-uso-per-rilassarsi-e-liberarsi-dallansia-uso-medicinale-molto-forte-e-intenso-aiuta-a-meditare","13":"pa_review_count-52-it","14":"pa_review_enabled-1-it","15":"pa_review_rating-5-it","16":"pa_talla-1-kg-it","17":"pa_talla-100gr-it","18":"pa_talla-10gr-it","19":"pa_talla-20gr-it","20":"pa_talla-30gr-it","21":"pa_talla-4-kg-it","22":"pa_talla-50gr-it","23":"pa_talla-5gr-it","24":"pa_title_tag-rape-snuff-andiroba-in-vendita-dal-brasile-autoctoni","25":"pa_widget-jdgm-rev-widg-display-none-recensioni-dei-clienti-sii-il-primo-a-scrivere-una-recensione-scrivi-una-recensione-0-0-0-0-0-0-0-0-0-0","27":"first","28":"instock","29":"sale","30":"shipping-taxable","31":"purchasable","32":"product-type-variable"},"_links":{"self":[{"href":"https:\/\/oknatura.com\/it\/wp-json\/wp\/v2\/product\/56496","targetHints":{"allow":["GET"]}}],"collection":[{"href":"https:\/\/oknatura.com\/it\/wp-json\/wp\/v2\/product"}],"about":[{"href":"https:\/\/oknatura.com\/it\/wp-json\/wp\/v2\/types\/product"}],"replies":[{"embeddable":true,"href":"https:\/\/oknatura.com\/it\/wp-json\/wp\/v2\/comments?post=56496"}],"version-history":[{"count":3,"href":"https:\/\/oknatura.com\/it\/wp-json\/wp\/v2\/product\/56496\/revisions"}],"predecessor-version":[{"id":66101,"href":"https:\/\/oknatura.com\/it\/wp-json\/wp\/v2\/product\/56496\/revisions\/66101"}],"wp:featuredmedia":[{"embeddable":true,"href":"https:\/\/oknatura.com\/it\/wp-json\/wp\/v2\/media\/63426"}],"wp:attachment":[{"href":"https:\/\/oknatura.com\/it\/wp-json\/wp\/v2\/media?parent=56496"}],"wp:term":[{"taxonomy":"product_brand","embeddable":true,"href":"https:\/\/oknatura.com\/it\/wp-json\/wp\/v2\/product_brand?post=56496"},{"taxonomy":"product_cat","embeddable":true,"href":"https:\/\/oknatura.com\/it\/wp-json\/wp\/v2\/product_cat?post=56496"},{"taxonomy":"product_tag","embeddable":true,"href":"https:\/\/oknatura.com\/it\/wp-json\/wp\/v2\/product_tag?post=56496"},{"taxonomy":"giftcard-category","embeddable":true,"href":"https:\/\/oknatura.com\/it\/wp-json\/wp\/v2\/giftcard-category?post=56496"}],"curies":[{"name":"wp","href":"https:\/\/api.w.org\/{rel}","templated":true}]}}