{"id":56959,"date":"2023-08-14T10:32:23","date_gmt":"2023-08-14T10:32:23","guid":{"rendered":"https:\/\/oknatura.com\/products\/pasta-mista-di-ayahuasca-10gr-a-1kg-banisteriopsis-caapi-psychotria-viridis-vite-ayahuasca-yage-pura-al-100\/"},"modified":"2025-08-14T11:56:50","modified_gmt":"2025-08-14T16:56:50","slug":"pasta-mista-ayahuasca-pasta-di-ayahuasca","status":"publish","type":"product","link":"https:\/\/oknatura.com\/it\/prodotti\/pasta-mista-ayahuasca-pasta-di-ayahuasca\/","title":{"rendered":"PASTA MISTA DI AYAHUASCA \/ 10gr a 1kg - [Banisteriopsis caapi + Psychotria viridis] \/ Vite ayahuasca - Yage - Pura al 100%."},"content":{"rendered":"<h1>PASTA DI AYAHUASCA: Il tuo percorso verso una coscienza profonda<\/h1>\n<p>Benvenuto nel regno dell&#8217;Ayahuasca Mix Paste, un intruglio mistico che da secoli affascina i cuori e le menti di cercatori e sciamani. Questa pasta eccezionale combina la potente sinergia di Banisteriopsis caapi e Psychotria viridis, aprendo la strada a uno straordinario viaggio spirituale.<\/p>\n<p>La PASTA DI AYAHUASCA \u00e8 un intruglio mistico che da secoli affascina i cuori e le menti di cercatori e sciamani.<\/p>\n<h2>Pasta mista ayahuasca da svelare<\/h2>\n<p><strong>PASTA DI AYAHUASCA: Una porta verso l&#8217;anima<\/strong> Immagina la PASTA DI AYAHUASCA come il tuo mistico passaporto per l&#8217;anima. Realizzata con il sacro vitigno Banisteriopsis caapi e la venerata pianta Psychotria viridis, \u00e8 pensata per risvegliare la tua coscienza, fornire intuizioni profonde e guarire lo spirito.<\/p>\n<p><strong>Incontra gli alleati vegetali<\/strong> La Banisteriopsis caapi, spesso chiamata &#8220;vite dell&#8217;anima&#8221;, offre le basi per il tuo viaggio. Le sue qualit\u00e0 innate supportano le propriet\u00e0 visionarie della Psychotria viridis, che contiene la sacra molecola DMT, spesso chiamata &#8220;molecola dello spirito&#8221;. Insieme, formano una potente miscela che favorisce la profonda introspezione e la guarigione.<\/p>\n<h2>Diversi usi della pasta di Ayahuasca<\/h2>\n<p>Al di l\u00e0 del suo uso primario come sacramento nei rituali sciamanici amazzonici, la Pasta Mix Ayahuasca \u00e8 uno strumento versatile per diverse esperienze di trasformazione:<\/p>\n<ul>\n<li><strong>Esplorazione dell \u201canima:<\/strong> \u00c8 un metodo profondo per entrare in contatto con il tuo io interiore, fare luce sul tuo scopo e comprendere il tuo posto nell\u201d universo.<\/li>\n<li><strong>Saggezza curativa:<\/strong> L \u201cAyahuasca ha un\u201d innata capacit\u00e0 di far emergere le emozioni irrisolte, il che la rende uno strumento efficace per la guarigione psicologica e la trasformazione personale.<\/li>\n<li><strong>Intuizioni rivelatrici:<\/strong> I cercatori si rivolgono spesso all&#8217;Ayahuasca per ottenere rivelazioni creative e spirituali, aprendo le porte a stati di coscienza superiori.<\/li>\n<li><strong>Saggezza antica:<\/strong> \u00c8 la chiave per accedere alla saggezza millenaria delle culture amazzoniche, dove le medicine vegetali sono viste come potenti alleati nella ricerca della comprensione e dell&#8217;armonia.<\/li>\n<\/ul>\n<h2>I pro e i contro della pasta di Ayahuasca<\/h2>\n<p><strong>I pro (vantaggi):<\/strong><\/p>\n<ul>\n<li><strong>Risveglio spirituale:<\/strong> L&#8217;Ayahuasca Mix Paste offre una straordinaria via d&#8217;accesso a profonde esperienze spirituali, dandoti la possibilit\u00e0 di esplorare il tuo mondo interiore e di comprendere l&#8217;interconnessione di tutta la vita.<\/li>\n<li><strong>Guarigione profonda:<\/strong> Pu\u00f2 portare alla luce traumi profondamente sepolti, facilitando la guarigione emotiva e psicologica.<\/li>\n<li><strong>Significato culturale:<\/strong> Questo infuso sacro \u00e8 stato usato dalle trib\u00f9 amazzoniche per generazioni come mezzo per comunicare con il mondo degli spiriti e per cercare la guida degli spiriti delle piante.<\/li>\n<\/ul>\n<p><strong>I contro (precauzioni e sicurezza):<\/strong><\/p>\n<ul>\n<li><strong>Contesto cerimoniale:<\/strong> L&#8217;Ayahuasca non va presa alla leggera. Deve essere consumata in un contesto cerimoniale, sotto la guida di uno sciamano o di un facilitatore esperto.<\/li>\n<li><strong>Esperienza intensa:<\/strong> L&#8217;Ayahuasca pu\u00f2 portare a esperienze potenti e talvolta impegnative. \u00c8 importante essere preparati mentalmente ed emotivamente.<\/li>\n<li><strong>La sicurezza prima di tutto: le<\/strong> linee guida sulla sicurezza devono essere seguite diligentemente per garantire un viaggio significativo e sicuro.<\/li>\n<\/ul>\n<h2>Abbracciare l \u201cesperienza dell\u201d Ayahuasca<\/h2>\n<p>L \u201cesperienza dell\u201d Ayahuasca \u00e8 un viaggio dello spirito. Ecco come prepararsi a questa profonda avventura:<\/p>\n<ol>\n<li><strong>Ambientazione cerimoniale:<\/strong> Affronta sempre l&#8217;Ayahuasca in un contesto cerimoniale, guidato da uno sciamano o da un facilitatore esperto.<\/li>\n<li><strong>Preparazione:<\/strong> Asteniti da alcuni cibi e sostanze nei giorni precedenti la cerimonia. Questa \u00e8 una parte essenziale del processo, in quanto aiuta a garantire che l \u201cesperienza dell\u201d Ayahuasca si svolga senza problemi.<\/li>\n<li><strong>Guida al dosaggio:<\/strong> Affidati alla tua guida per determinare il dosaggio appropriato in base alle tue esigenze specifiche.<\/li>\n<\/ol>\n<p><strong>Lo sapevi?<\/strong> L&#8217;Ayahuasca viene spesso chiamata &#8220;La Purga&#8221; per i suoi effetti purgativi. La purga, sotto forma di vomito o diarrea, \u00e8 considerata un mezzo per purificare il corpo e lo spirito.<\/p>\n<h2>Altri nomi per la pasta Ayahuasca Mix<\/h2>\n<p>L &#8220;Ayahuasca Mix Paste \u00e8 conosciuta con diversi nomi nelle culture indigene amazzoniche, come \u2018Yage\u2019, \u2018Daime\u2019 e \u2018Vite dell\u2019 anima&#8221;. Questi nomi riflettono il profondo significato culturale e spirituale di questo infuso sacro.<\/p>\n<h2>Inizia il tuo viaggio spirituale<\/h2>\n<p>In conclusione, l \u201cAyahuasca Mix Paste \u00e8 la tua porta d\u201d accesso a profonde esperienze spirituali, guarigioni personali e rivelazioni trasformative. \u00c8 un ponte sacro verso la saggezza delle culture amazzoniche e le profondit\u00e0 della tua coscienza. Se sei pronto a intraprendere questo viaggio straordinario e a sperimentare la vastit\u00e0 dell \u201cesistenza umana, l\u201d Ayahuasca Mix Paste \u00e8 la tua guida.<\/p>\n<blockquote><p><strong>Nota:<\/strong><\/p>\n<p>I prodotti OK Natural sono ottenuti e venduti allo stato puro e di origine naturale al 100% alle comunit\u00e0 locali. Non contengono alcun tipo di pesticida, sostanza chimica, erbicida o qualsiasi altra sostanza artificiale.<\/p>\n<p><strong>Disclaimer:<\/strong><\/p><\/blockquote>\n<ul>\n<li>\n<blockquote><p>Tutti i prodotti sono legali nel nostro paese di origine; \u00e8 responsabilit\u00e0 del cliente verificare la legalit\u00e0 nel paese di destinazione.<\/p><\/blockquote>\n<\/li>\n<li>\n<blockquote><p>L&#8217;uso di questi prodotti naturali non sostituisce un consulto medico.<\/p><\/blockquote>\n<\/li>\n<li>\n<blockquote><p>Non implica in alcun modo affermazioni mediche sulla capacit\u00e0 o sull&#8217;efficacia di uno qualsiasi dei nostri prodotti di trattare, prevenire o attenuare una malattia o un disturbo.<\/p><\/blockquote>\n<\/li>\n<li>\n<blockquote><p>L \u201cuso e l\u201d applicazione dei nostri prodotti sono di esclusiva responsabilit\u00e0 del cliente.<\/p><\/blockquote>\n<\/li>\n<li>\n<blockquote><p>Gli effetti di questo prodotto sono supportati dall \u201cesperienza empirica dell\u201d antica medicina tradizionale con risultati eccellenti.<\/p><\/blockquote>\n<\/li>\n<li>\n<blockquote><p>L \u201cassenza di effetti collaterali dannosi se somministrato nella dose corretta. Ma le informazioni qui riportate non costituiscono in alcun modo un\u201d ordinanza o una prescrizione.<\/p><\/blockquote>\n<\/li>\n<li>\n<blockquote><p>Le dichiarazioni e i link ai siti web ivi contenuti non sono stati valutati dalla FDA o dalle autorit\u00e0 internazionali competenti in materia di alimenti e farmaci.<\/p><\/blockquote>\n<\/li>\n<\/ul>\n","protected":false},"excerpt":{"rendered":"<p>PASTA DI AYAHUASCA: Il tuo percorso verso una coscienza profonda Benvenuto nel regno dell&#8217;Ayahuasca Mix Paste, un intruglio mistico che da secoli affascina i cuori e le menti di cercatori e sciamani. Questa pasta eccezionale combina la potente sinergia di Banisteriopsis caapi e Psychotria viridis, aprendo la strada a uno straordinario viaggio spirituale. La PASTA [&hellip;]<\/p>\n","protected":false},"featured_media":63194,"comment_status":"open","ping_status":"closed","template":"","meta":{"_joinchat":[]},"product_brand":[242],"product_cat":[6938,7153,6670],"product_tag":[6599],"giftcard-category":[],"class_list":{"0":"post-56959","1":"product","2":"type-product","3":"status-publish","4":"has-post-thumbnail","6":"product_brand-ok-natura","7":"product_cat-ayahuasca","8":"product_cat-estratto-di-pasta","9":"product_cat-vendite-posta-nazionale","10":"product_tag-ayahuasca-it","11":"product_shipping_class-estratto-di-pasta","12":"pa_5f967774d525a1603696500-ayahuasca-mix-paste-10gr-500gr-banisteriopsis-caapi-vine-yage-100-pure-extract-extracto-307-pngoptimizednullid21779555942552pid5940237074584original_filenameextracto_09176d5d-606f-it","13":"pa_60090d0fb091a1611205903-ayahuasca-mix-paste-10gr-1kg-banisteriopsis-caapi-vine-yage-100-pure-extracto-473-jpgoptimized921663c0c14b67aca6a7e264b57fca92id25717360361624pid5940237074584original_filenameay-it","14":"pa_badge-1-recensione","15":"pa_description_tag-stai-cercando-banisteriopsis-caapi-psychotria-viridis-per-una-cerimonia-trovalo-su-ok-natura-al-miglior-prezzo-vivi-unesperienza-unica-100-estratto-puro","16":"pa_rating-scale_min1-0scale_max5-0value5-0-it","17":"pa_rating_count-1-it","18":"pa_review_count-41-it","19":"pa_review_enabled-1-it","20":"pa_review_rating-4-9-it","21":"pa_talla-1-kg-it","22":"pa_talla-10-kg-it","23":"pa_talla-10gr-it","24":"pa_talla-120gr-it","25":"pa_talla-240gr-it","26":"pa_talla-30gr-it","27":"pa_talla-360gr-it","28":"pa_talla-4-kg-it","29":"pa_talla-480gr-it","30":"pa_talla-60gr-it","31":"pa_title_tag-ayahuasca--pasta-mista-ayahuasca-chacruna-yage","32":"pa_widget-jdgm-rev-widg-display-none-recensioni-dei-clienti-sulla-base-di-1-recensione-scrivi-una-recensione-100-1-0-0-0-0-0-0-0-0-b","34":"first","35":"instock","36":"sale","37":"shipping-taxable","38":"purchasable","39":"product-type-variable"},"_links":{"self":[{"href":"https:\/\/oknatura.com\/it\/wp-json\/wp\/v2\/product\/56959","targetHints":{"allow":["GET"]}}],"collection":[{"href":"https:\/\/oknatura.com\/it\/wp-json\/wp\/v2\/product"}],"about":[{"href":"https:\/\/oknatura.com\/it\/wp-json\/wp\/v2\/types\/product"}],"replies":[{"embeddable":true,"href":"https:\/\/oknatura.com\/it\/wp-json\/wp\/v2\/comments?post=56959"}],"version-history":[{"count":3,"href":"https:\/\/oknatura.com\/it\/wp-json\/wp\/v2\/product\/56959\/revisions"}],"predecessor-version":[{"id":64643,"href":"https:\/\/oknatura.com\/it\/wp-json\/wp\/v2\/product\/56959\/revisions\/64643"}],"wp:featuredmedia":[{"embeddable":true,"href":"https:\/\/oknatura.com\/it\/wp-json\/wp\/v2\/media\/63194"}],"wp:attachment":[{"href":"https:\/\/oknatura.com\/it\/wp-json\/wp\/v2\/media?parent=56959"}],"wp:term":[{"taxonomy":"product_brand","embeddable":true,"href":"https:\/\/oknatura.com\/it\/wp-json\/wp\/v2\/product_brand?post=56959"},{"taxonomy":"product_cat","embeddable":true,"href":"https:\/\/oknatura.com\/it\/wp-json\/wp\/v2\/product_cat?post=56959"},{"taxonomy":"product_tag","embeddable":true,"href":"https:\/\/oknatura.com\/it\/wp-json\/wp\/v2\/product_tag?post=56959"},{"taxonomy":"giftcard-category","embeddable":true,"href":"https:\/\/oknatura.com\/it\/wp-json\/wp\/v2\/giftcard-category?post=56959"}],"curies":[{"name":"wp","href":"https:\/\/api.w.org\/{rel}","templated":true}]}}