{"id":57288,"date":"2024-07-03T16:30:27","date_gmt":"2024-07-03T21:30:27","guid":{"rendered":"https:\/\/oknatura.com\/products\/mapacho-con-bobinsana-9cm-12cm-nicotiana-rustica-calliandra-angustifolia-naturale-e-fresco-amazzonico\/"},"modified":"2025-10-23T22:27:22","modified_gmt":"2025-10-24T03:27:22","slug":"mapacho-con-bobinsana-nicotiana","status":"publish","type":"product","link":"https:\/\/oknatura.com\/it\/prodotti\/mapacho-con-bobinsana-nicotiana\/","title":{"rendered":"MAPACHO con BOBINSANA \/ 9cm \/ 12cm (Nicotiana R\u00fastica * Calliandra angustifolia) Naturale e Fresco Amazzonico"},"content":{"rendered":"<h1>MAPACHO con BOBINSANA - Una potente fusione di tradizione e guarigione<\/h1>\n<h2><strong>Descrizione del prodotto<\/strong><\/h2>\n<p>Il MAPACHO con BOBINSANA unisce la potenza spirituale della Nicotiana R\u00fastica alle propriet\u00e0 curative della Calliandra angustifolia. Questa combinazione unica offre un&#8217;esperienza profonda che affonda le sue radici nelle tradizioni amazzoniche. Apprezzato per i suoi duplici benefici, questo prodotto \u00e8 un must per chi \u00e8 alla ricerca di un benessere sia spirituale che fisico.<\/p>\n<h2><strong>Usi tradizionali e meno conosciuti<\/strong><\/h2>\n<p>Tradizionalmente, il Mapacho viene utilizzato nei rituali per connettersi con i regni spirituali superiori, mentre la Bobinsana \u00e8 nota per le sue propriet\u00e0 di apertura del cuore. Insieme, amplificano le esperienze spirituali e la guarigione emotiva. Oltre a questi usi tradizionali, questa miscela \u00e8 apprezzata anche nelle moderne pratiche di benessere. Favorisce la meditazione, l&#8217;equilibrio emotivo e pu\u00f2 anche essere usata come repellente naturale per gli insetti grazie al suo forte profumo.<\/p>\n<h2><strong>Pro (benefici) e contro (avvertenze e sicurezza)<\/strong> <strong>Pro<\/strong>:<\/h2>\n<ul>\n<li><strong>Potenziamento spirituale<\/strong>: Approfondisce la meditazione e i rituali spirituali.<\/li>\n<li><strong>Guarigione emotiva<\/strong>: Favorisce l \u201capertura del cuore e l\u201d equilibrio emotivo.<\/li>\n<li><strong>Ingredienti naturali<\/strong>: Piante amazzoniche pure e non adulterate.<\/li>\n<\/ul>\n<h2><strong>Cons:<\/strong><\/h2>\n<ul>\n<li><strong>Alta potenza<\/strong>: Deve essere usato con moderazione per evitare potenziali effetti collaterali.<\/li>\n<li><strong>Rischi per la salute<\/strong>: Come per tutti i prodotti del tabacco, l&#8217;uso prolungato comporta dei rischi per la salute.<\/li>\n<\/ul>\n<h2><strong>Istruzioni e raccomandazioni<\/strong><\/h2>\n<p>Per preparare il MAPACHO con BOBINSANA, usa piccole quantit\u00e0 e mescola con acqua per creare una pasta o rotola per l&#8217;uso diretto. Inizia con dosi minime per valutare la tua tolleranza. Pu\u00f2 essere fumato, usato per le macchie spirituali o applicato come repellente naturale per gli insetti. Conservala in un luogo fresco e asciutto per mantenerne la potenza. Consulta sempre un professionista esperto se sei alle prime armi con queste sostanze.<\/p>\n<h2><strong>Altri nomi<\/strong><\/h2>\n<p>Questo prodotto \u00e8 conosciuto anche come \u201cTabacco amazzonico con Bobinsana\u201d, \u201cMiscela sacra di Mapacho\u201d e \u201cTabacco rustico con apertura del cuore\u201d.<\/p>\n<h2><strong>Conclusione<\/strong><\/h2>\n<p>Prova la sinergia unica di MAPACHO e BOBINSANA. Migliora le tue pratiche spirituali, raggiungi la guarigione emotiva e scopri nuove applicazioni di questa potente miscela. Non perdere questo prodotto straordinario. Acquista oggi stesso MAPACHO con BOBINSANA e intraprendi un viaggio di profonda trasformazione.<\/p>\n<blockquote><p><strong>Nota:<\/strong><\/p>\n<p>I prodotti OK Natural sono ottenuti e venduti allo stato puro e di origine naturale al 100% alle comunit\u00e0 locali. Non contengono alcun tipo di pesticida, sostanza chimica, erbicida o qualsiasi altra sostanza artificiale.<\/p>\n<p><strong>Disclaimer:<\/strong><\/p><\/blockquote>\n<ul>\n<li>\n<blockquote><p>Tutti i prodotti sono legali nel nostro paese di origine; \u00e8 responsabilit\u00e0 del cliente verificare la legalit\u00e0 nel paese di destinazione.<\/p><\/blockquote>\n<\/li>\n<li>\n<blockquote><p>L&#8217;uso di questi prodotti naturali non sostituisce un consulto medico.<\/p><\/blockquote>\n<\/li>\n<li>\n<blockquote><p>Non implica in alcun modo affermazioni mediche sulla capacit\u00e0 o sull&#8217;efficacia di uno qualsiasi dei nostri prodotti di trattare, prevenire o attenuare una malattia o un disturbo.<\/p><\/blockquote>\n<\/li>\n<li>\n<blockquote><p>L \u201cuso e l\u201d applicazione dei nostri prodotti sono di esclusiva responsabilit\u00e0 del cliente.<\/p><\/blockquote>\n<\/li>\n<li>\n<blockquote><p>Gli effetti di questo prodotto sono supportati dall \u201cesperienza empirica dell\u201d antica medicina tradizionale con risultati eccellenti.<\/p><\/blockquote>\n<\/li>\n<li>\n<blockquote><p>L \u201cassenza di effetti collaterali dannosi se somministrato nella dose corretta. Ma le informazioni qui riportate non costituiscono in alcun modo un\u201d ordinanza o una prescrizione.<\/p><\/blockquote>\n<\/li>\n<li>\n<blockquote><p>Le dichiarazioni e i link ai siti web ivi contenuti non sono stati valutati dalla FDA o dalle autorit\u00e0 internazionali competenti in materia di alimenti e farmaci.<\/p><\/blockquote>\n<\/li>\n<\/ul>\n","protected":false},"excerpt":{"rendered":"<p>MAPACHO con BOBINSANA - Una potente fusione di tradizione e guarigione Descrizione del prodotto Il MAPACHO con BOBINSANA unisce la potenza spirituale della Nicotiana R\u00fastica alle propriet\u00e0 curative della Calliandra angustifolia. Questa combinazione unica offre un&#8217;esperienza profonda che affonda le sue radici nelle tradizioni amazzoniche. Apprezzato per i suoi duplici benefici, questo prodotto \u00e8 un [&hellip;]<\/p>\n","protected":false},"featured_media":64050,"comment_status":"open","ping_status":"closed","template":"","meta":{"_joinchat":[]},"product_brand":[],"product_cat":[7152,6670],"product_tag":[],"giftcard-category":[],"class_list":{"0":"post-57288","1":"product","2":"type-product","3":"status-publish","4":"has-post-thumbnail","6":"product_cat-mapacho-it","7":"product_cat-vendite-posta-nazionale","8":"product_shipping_class-estratto-di-pasta","9":"pa_5f96764bb1b591603696203-mapacho-7cm-9cm-12cm-nicotiana-rustica-natural-fresh-amazonian-artificial-chemicals-544-pngoptimizednullid21779210436760pid-it","10":"pa_6009104577b361611206725-mapacho-7cm-9cm-12cm-nicotiana-rustica-natural-fresh-amazonian-artificial-963-jpgoptimized921663c0c14b67aca6a7e264b57fca92id25717515911320pid5890113896600original_filenamemapach-it","11":"pa_badge-8-recensioni","12":"pa_description_tag-acquista-i-mapacho-stick-delle-dimensioni-che-desideri-solo-su-ok-natura-al-miglior-prezzo-avrai-mapacho-fresco-puro-e-naturale-spedizione-sicura-spedizione-discreta","13":"pa_material-1-set-x-50-unita","14":"pa_material-16-set-x-50-unita","15":"pa_material-4-set-x-50-unita","16":"pa_rating-scale_min1-0scale_max5-0value5-0-it","17":"pa_rating_count-8-it","18":"pa_review_count-55-it","19":"pa_review_enabled-1-it","20":"pa_review_rating-5-it","21":"pa_talla-12cm-it","22":"pa_talla-7cm-it","23":"pa_talla-9cm-it","24":"pa_title_tag-mapacho-in-vendita-sigarette-a-bastoncino-nicotiana-rustic-compra-ora","25":"pa_widget-jdgm-rev-widg-display-none-recensioni-dei-clienti-basato-su-8-recensioni-scrivi-una-recensione-100-8-0-0-0-0-0-0-0-0","27":"first","28":"instock","29":"sale","30":"shipping-taxable","31":"purchasable","32":"product-type-variable"},"_links":{"self":[{"href":"https:\/\/oknatura.com\/it\/wp-json\/wp\/v2\/product\/57288","targetHints":{"allow":["GET"]}}],"collection":[{"href":"https:\/\/oknatura.com\/it\/wp-json\/wp\/v2\/product"}],"about":[{"href":"https:\/\/oknatura.com\/it\/wp-json\/wp\/v2\/types\/product"}],"replies":[{"embeddable":true,"href":"https:\/\/oknatura.com\/it\/wp-json\/wp\/v2\/comments?post=57288"}],"version-history":[{"count":3,"href":"https:\/\/oknatura.com\/it\/wp-json\/wp\/v2\/product\/57288\/revisions"}],"predecessor-version":[{"id":87788,"href":"https:\/\/oknatura.com\/it\/wp-json\/wp\/v2\/product\/57288\/revisions\/87788"}],"wp:featuredmedia":[{"embeddable":true,"href":"https:\/\/oknatura.com\/it\/wp-json\/wp\/v2\/media\/64050"}],"wp:attachment":[{"href":"https:\/\/oknatura.com\/it\/wp-json\/wp\/v2\/media?parent=57288"}],"wp:term":[{"taxonomy":"product_brand","embeddable":true,"href":"https:\/\/oknatura.com\/it\/wp-json\/wp\/v2\/product_brand?post=57288"},{"taxonomy":"product_cat","embeddable":true,"href":"https:\/\/oknatura.com\/it\/wp-json\/wp\/v2\/product_cat?post=57288"},{"taxonomy":"product_tag","embeddable":true,"href":"https:\/\/oknatura.com\/it\/wp-json\/wp\/v2\/product_tag?post=57288"},{"taxonomy":"giftcard-category","embeddable":true,"href":"https:\/\/oknatura.com\/it\/wp-json\/wp\/v2\/giftcard-category?post=57288"}],"curies":[{"name":"wp","href":"https:\/\/api.w.org\/{rel}","templated":true}]}}