{"id":57366,"date":"2024-04-20T12:10:20","date_gmt":"2024-04-20T17:10:20","guid":{"rendered":"https:\/\/oknatura.com\/products\/mambe-premium-tribu-bora-da-30gr-a-10kg-foglie-di-coca-cenere-cetica-edizione-limitata\/"},"modified":"2025-08-11T13:02:45","modified_gmt":"2025-08-11T18:02:45","slug":"foglia-di-coca-mambe-premium-tribe-bora","status":"publish","type":"product","link":"https:\/\/oknatura.com\/it\/prodotti\/foglia-di-coca-mambe-premium-tribe-bora\/","title":{"rendered":"MAMBE PREMIUM - Trib\u00f9 Bora \/ da 30gr a 10kg \/ - Foglie di Coca + Cenere Cetica - EDIZIONE LIMITATA"},"content":{"rendered":"<h2><strong>MAMBE PREMIUM - Tribe Bora - EDIZIONE LIMITATA<\/strong><\/h2>\n<h3><strong>Eleva i tuoi sensi con Mambe Premium - Tribe Bora - EDIZIONE LIMITATA<\/strong><\/h3>\n<p>Lasciati trasportare dalle ricche tradizioni della Trib\u00f9 Bora con il Mambe Premium - Trib\u00f9 Bora - LIMITED EDITION. Realizzata con cura e con disponibilit\u00e0 limitata, questa edizione speciale di Mambe offre un \u201cesperienza unica che trascende l\u201d ordinario.<\/p>\n<h3><strong>Descrizione<\/strong><\/h3>\n<p>Il Mambe Premium - Trib\u00f9 Bora - EDIZIONE LIMITATA \u00e8 una miscela di foglie di Coca e cenere di Cetico, meticolosamente preparata per onorare le usanze della trib\u00f9 Bora. Questa edizione limitata di Mambe \u00e8 rinomata per la sua qualit\u00e0 eccezionale e il suo gusto squisito, che la rendono una scelta ricercata per chi cerca un&#8217;esperienza premium.<\/p>\n<h3><strong>Usi tradizionali e poco conosciuti<\/strong><\/h3>\n<p>Tradizionalmente, il Mambe viene utilizzato dalla trib\u00f9 dei Bora per le sue propriet\u00e0 edificanti. Tuttavia, viene utilizzato anche nelle cerimonie spirituali per migliorare la concentrazione e promuovere un senso di benessere. Inoltre, si ritiene che il Mambe aiuti la digestione e fornisca una carica di energia naturale.<\/p>\n<h3><strong>Pro e contro<\/strong><\/h3>\n<h3><strong>Pro:<\/strong><\/h3>\n<ul>\n<li>Sollevante ed energizzante<\/li>\n<li>Migliora la concentrazione e la chiarezza mentale<\/li>\n<li>Promuove un senso di benessere<\/li>\n<li>Edizione limitata, per garantire l&#8217;esclusivit\u00e0<\/li>\n<\/ul>\n<h3><strong>Cons:<\/strong><\/h3>\n<ul>\n<li>Disponibilit\u00e0 limitata<\/li>\n<li>Pu\u00f2 essere troppo forte per alcuni individui<\/li>\n<\/ul>\n<h3><strong>Istruzioni e raccomandazioni<\/strong><\/h3>\n<p>Per gustare Mambe Premium - Tribe Bora - LIMITED EDITION, inizia con una piccola quantit\u00e0 e aumenta gradualmente secondo le necessit\u00e0. \u00c8 preferibile consumarla in un ambiente tranquillo e silenzioso per apprezzarne appieno gli effetti. Evita di usare Mambe a tarda ora per evitare disturbi del sonno.<\/p>\n<h3><strong>Altri nomi<\/strong><\/h3>\n<p>Mambe \u00e8 conosciuto anche come \u201cMambi\u201d nella lingua dei Bora, a testimonianza del suo significato nel loro patrimonio culturale.<\/p>\n<h3><strong>Conclusione <\/strong><\/h3>\n<p>In conclusione, Mambe Premium - Tribe Bora - LIMITED EDITION non \u00e8 solo un prodotto, \u00e8 un \u201cesperienza. Con la sua ricca storia e l\u201d eccezionale qualit\u00e0, offre un modo unico per entrare in contatto con le tradizioni della trib\u00f9 Bora. Prova Mambe oggi stesso ed eleva i tuoi sensi a nuove vette.<\/p>\n<blockquote><p><strong>Nota:<\/strong><\/p>\n<p>I prodotti OK Natural sono ottenuti e venduti allo stato puro e di origine naturale al 100% alle comunit\u00e0 locali. Non contengono alcun tipo di pesticida, sostanza chimica, erbicida o qualsiasi altra sostanza artificiale.<\/p>\n<p><strong>Disclaimer:<\/strong><\/p><\/blockquote>\n<ul>\n<li>\n<blockquote><p>Tutti i prodotti sono legali nel nostro paese di origine; \u00e8 responsabilit\u00e0 del cliente verificare la legalit\u00e0 nel paese di destinazione.<\/p><\/blockquote>\n<\/li>\n<li>\n<blockquote><p>L&#8217;uso di questi prodotti naturali non sostituisce un consulto medico.<\/p><\/blockquote>\n<\/li>\n<li>\n<blockquote><p>Non implica in alcun modo affermazioni mediche sulla capacit\u00e0 o sull&#8217;efficacia di uno qualsiasi dei nostri prodotti di trattare, prevenire o attenuare una malattia o un disturbo.<\/p><\/blockquote>\n<\/li>\n<li>\n<blockquote><p>L \u201cuso e l\u201d applicazione dei nostri prodotti sono di esclusiva responsabilit\u00e0 del cliente.<\/p><\/blockquote>\n<\/li>\n<li>\n<blockquote><p>Gli effetti di questo prodotto sono supportati dall \u201cesperienza empirica dell\u201d antica medicina tradizionale con risultati eccellenti.<\/p><\/blockquote>\n<\/li>\n<li>\n<blockquote><p>L \u201cassenza di effetti collaterali dannosi se somministrato nella dose corretta. Ma le informazioni qui riportate non costituiscono in alcun modo un\u201d ordinanza o una prescrizione.<\/p><\/blockquote>\n<\/li>\n<li>\n<blockquote><p>Le dichiarazioni e i link ai siti web ivi contenuti non sono stati valutati dalla FDA o dalle autorit\u00e0 internazionali competenti in materia di alimenti e farmaci.<\/p><\/blockquote>\n<\/li>\n<\/ul>\n","protected":false},"excerpt":{"rendered":"<p>MAMBE PREMIUM - Tribe Bora - EDIZIONE LIMITATA Eleva i tuoi sensi con Mambe Premium - Tribe Bora - EDIZIONE LIMITATA Lasciati trasportare dalle ricche tradizioni della Trib\u00f9 Bora con il Mambe Premium - Trib\u00f9 Bora - LIMITED EDITION. Realizzata con cura e con disponibilit\u00e0 limitata, questa edizione speciale di Mambe offre un \u201cesperienza unica [&hellip;]<\/p>\n","protected":false},"featured_media":63994,"comment_status":"open","ping_status":"closed","template":"","meta":{"_joinchat":[]},"product_brand":[],"product_cat":[9714,6670],"product_tag":[],"giftcard-category":[],"class_list":{"0":"post-57366","1":"product","2":"type-product","3":"status-publish","4":"has-post-thumbnail","6":"product_cat-mambe-coca-it","7":"product_cat-vendite-posta-nazionale","8":"product_shipping_class-estratto-di-pasta","9":"pa_5f9675d9b1bdd1603696089-mambe-30gr-500gr-coca-leaf-cetico-ash-597-pngoptimizednullid21779067273368pid5879639507096original_filenamemambe11655_6155649b-7e3c-489d-b311-5be38407c286-pngvariant_idsp-it","10":"pa_5fd91cd2420e41608064210-mambe-30gr-2kg-coca-leaf-cetico-ash-matcha-mortar-pestle-934-jpgoptimized921663c0c14b67aca6a7e264b57fca92id24298305552536pid5879639507096original_filenamemambe11655_6155649b-7e3-it","11":"pa_badge-12-recensioni","12":"pa_description_tag-prova-il-potere-rinvigorente-del-mambe-eleva-i-tuoi-sensi-con-questo-energizzante-tradizionale-ed-esplora-un-nuovo-modo-di-risvegliare-la-tua-vitalita-prova-mambe-oggi-stesso","13":"pa_rating-scale_min1-0scale_max5-0value4-5-it","14":"pa_rating_count-12-it","15":"pa_review_count-50-it","16":"pa_review_enabled-1-it","17":"pa_review_rating-4-9-it","18":"pa_reviews-spr-container-padding-24px-border-color-ececec-spr-review-spr-form-border-color-ececec-recensioni-dei-clienti-basate-su-1-re","19":"pa_talla-1-kg-it","20":"pa_talla-10-kg-it","21":"pa_talla-100gr-it","22":"pa_talla-2-kg","23":"pa_talla-300gr-it","24":"pa_talla-30gr-it","25":"pa_talla-4-kg-it","26":"pa_talla-500gr-it","27":"pa_talla-50gr-it","28":"pa_title_tag-mambe-in-vendita-foglie-di-coca-cenere-cetico-amazonia-alimentazione-naturale","29":"pa_widget-jdgm-rev-widg-display-none-recensioni-dei-clienti-sulla-base-di-12-recensioni-scrivi-una-recensione-75-9-8-1-8-1-8-1-0-0-80-0-a","31":"first","32":"instock","33":"sale","34":"shipping-taxable","35":"purchasable","36":"product-type-variable"},"_links":{"self":[{"href":"https:\/\/oknatura.com\/it\/wp-json\/wp\/v2\/product\/57366","targetHints":{"allow":["GET"]}}],"collection":[{"href":"https:\/\/oknatura.com\/it\/wp-json\/wp\/v2\/product"}],"about":[{"href":"https:\/\/oknatura.com\/it\/wp-json\/wp\/v2\/types\/product"}],"replies":[{"embeddable":true,"href":"https:\/\/oknatura.com\/it\/wp-json\/wp\/v2\/comments?post=57366"}],"version-history":[{"count":3,"href":"https:\/\/oknatura.com\/it\/wp-json\/wp\/v2\/product\/57366\/revisions"}],"predecessor-version":[{"id":64239,"href":"https:\/\/oknatura.com\/it\/wp-json\/wp\/v2\/product\/57366\/revisions\/64239"}],"wp:featuredmedia":[{"embeddable":true,"href":"https:\/\/oknatura.com\/it\/wp-json\/wp\/v2\/media\/63994"}],"wp:attachment":[{"href":"https:\/\/oknatura.com\/it\/wp-json\/wp\/v2\/media?parent=57366"}],"wp:term":[{"taxonomy":"product_brand","embeddable":true,"href":"https:\/\/oknatura.com\/it\/wp-json\/wp\/v2\/product_brand?post=57366"},{"taxonomy":"product_cat","embeddable":true,"href":"https:\/\/oknatura.com\/it\/wp-json\/wp\/v2\/product_cat?post=57366"},{"taxonomy":"product_tag","embeddable":true,"href":"https:\/\/oknatura.com\/it\/wp-json\/wp\/v2\/product_tag?post=57366"},{"taxonomy":"giftcard-category","embeddable":true,"href":"https:\/\/oknatura.com\/it\/wp-json\/wp\/v2\/giftcard-category?post=57366"}],"curies":[{"name":"wp","href":"https:\/\/api.w.org\/{rel}","templated":true}]}}