{"id":45569,"date":"2023-10-08T15:07:39","date_gmt":"2023-10-08T20:07:39","guid":{"rendered":"https:\/\/oknatura.com\/verzending-en-betaling-ok-natura\/"},"modified":"2025-06-26T15:03:41","modified_gmt":"2025-06-26T20:03:41","slug":"verzending-en-betaling-ok-natura","status":"publish","type":"page","link":"https:\/\/oknatura.com\/nl\/verzending-en-betaling-ok-natura\/","title":{"rendered":"Verzending en betaling | Ok Natura"},"content":{"rendered":"\t\t<div data-elementor-type=\"wp-page\" data-elementor-id=\"45569\" class=\"elementor elementor-45569 elementor-22612\" data-elementor-post-type=\"page\">\n\t\t\t\t\t\t<section data-particle_enable=\"false\" data-particle-mobile-disabled=\"false\" class=\"porto-full-no-gap elementor-section elementor-top-section elementor-element elementor-element-c762f4e elementor-section-full_width elementor-section-height-min-height elementor-section-height-default elementor-section-items-middle\" data-id=\"c762f4e\" data-element_type=\"section\" data-e-type=\"section\" data-settings=\"{&quot;background_background&quot;:&quot;classic&quot;}\">\r\n\t\t\r\n\t\t\t\t\t\t\t<div class=\"elementor-container elementor-column-gap-no\">\r\n\t\t\t\t\t\t\t\t\t\t\t<div class=\"elementor-column elementor-col-100 elementor-top-column elementor-element elementor-element-5d6faea\" data-id=\"5d6faea\" data-element_type=\"column\" data-e-type=\"column\">\r\n\t\t\t\t\t<div class=\"elementor-widget-wrap\">\r\n\t\t\t\t\t\t\t\t\t<\/div>\r\n\t\t\t\t<\/div>\r\n\t\t\t\t\t<\/div>\r\n\t\t\t\t<\/section>\r\n\t\t\t\t<section data-particle_enable=\"false\" data-particle-mobile-disabled=\"false\" class=\"elementor-section elementor-top-section elementor-element elementor-element-189ae9c elementor-section-content-middle elementor-section-boxed elementor-section-height-default elementor-section-height-default\" data-id=\"189ae9c\" data-element_type=\"section\" data-e-type=\"section\">\r\n\t\t\r\n\t\t\t\t\t\t\t<div class=\"elementor-container elementor-column-gap-no\">\r\n\t\t\t\t\t\t\t\t\t\t\t<div class=\"elementor-column elementor-col-50 elementor-top-column elementor-element elementor-element-1e6d974\" data-id=\"1e6d974\" data-element_type=\"column\" data-e-type=\"column\">\r\n\t\t\t\t\t<div class=\"elementor-widget-wrap elementor-element-populated\">\r\n\t\t\t\t\t\t\t\t<div class=\"elementor-element elementor-element-50df2aa animated-slow elementor-invisible elementor-widget elementor-widget-heading\" data-id=\"50df2aa\" data-element_type=\"widget\" data-e-type=\"widget\" data-settings=\"{&quot;_animation&quot;:&quot;fadeInUp&quot;,&quot;_animation_delay&quot;:300}\" data-widget_type=\"heading.default\">\n\t\t\t\t\t<h1 class=\"elementor-heading-title elementor-size-default\">Verzending en betaling | Ok Natura<\/h1>\t\t\t\t<\/div>\n\t\t\t\t<div class=\"elementor-element elementor-element-dd12e32 elementor-icon-list--layout-inline animated-slow elementor-list-item-link-full_width elementor-invisible elementor-widget elementor-widget-icon-list\" data-id=\"dd12e32\" data-element_type=\"widget\" data-e-type=\"widget\" data-settings=\"{&quot;_animation&quot;:&quot;fadeInUp&quot;,&quot;_animation_delay&quot;:300}\" data-widget_type=\"icon-list.default\">\n\t\t\t\t\t\t\t<ul class=\"elementor-icon-list-items elementor-inline-items\">\n\t\t\t\t\t\t\t<li class=\"elementor-icon-list-item elementor-inline-item\">\n\t\t\t\t\t\t\t\t\t\t\t<a href=\"https:\/\/oknatura.com\/nl\/\" rel=\"nofollow\">\n\n\t\t\t\t\t\t\t\t\t\t\t<span class=\"elementor-icon-list-text\">Terug naar home<\/span>\n\t\t\t\t\t\t\t\t\t\t\t<\/a>\n\t\t\t\t\t\t\t\t\t<\/li>\n\t\t\t\t\t\t<\/ul>\n\t\t\t\t\t\t<\/div>\n\t\t\t\t\t<\/div>\r\n\t\t\t\t<\/div>\r\n\t\t\t\t<div class=\"elementor-column elementor-col-50 elementor-top-column elementor-element elementor-element-2f13eb4\" data-id=\"2f13eb4\" data-element_type=\"column\" data-e-type=\"column\">\r\n\t\t\t\t\t<div class=\"elementor-widget-wrap elementor-element-populated\">\r\n\t\t\t\t\t\t\t\t<div class=\"elementor-element elementor-element-09b18bf animated-slow elementor-invisible elementor-widget elementor-widget-image\" data-id=\"09b18bf\" data-element_type=\"widget\" data-e-type=\"widget\" data-settings=\"{&quot;_animation&quot;:&quot;fadeIn&quot;,&quot;_animation_delay&quot;:300}\" data-widget_type=\"image.default\">\n\t\t\t\t\t\t\t\t\t\t\t\t\t\t\t<img fetchpriority=\"high\" decoding=\"async\" width=\"860\" height=\"210\" src=\"https:\/\/oknatura.com\/wp-content\/uploads\/2023\/10\/selva.jpg\" class=\"attachment-full size-full wp-image-45934\" alt=\"collections faq Wishlist - APPI Privacy\" srcset=\"https:\/\/oknatura.com\/wp-content\/uploads\/2023\/10\/selva.jpg 860w, https:\/\/oknatura.com\/wp-content\/uploads\/2023\/10\/selva-768x188.jpg 768w, https:\/\/oknatura.com\/wp-content\/uploads\/2023\/10\/selva-640x156.jpg 640w, https:\/\/oknatura.com\/wp-content\/uploads\/2023\/10\/selva-400x98.jpg 400w, https:\/\/oknatura.com\/wp-content\/uploads\/2023\/10\/selva-600x147.jpg 600w\" sizes=\"(max-width: 860px) 100vw, 860px\" title=\"\">\t\t\t\t\t\t\t\t\t\t\t\t\t\t\t<\/div>\n\t\t\t\t\t<\/div>\r\n\t\t\t\t<\/div>\r\n\t\t\t\t\t<\/div>\r\n\t\t\t\t<\/section>\r\n\t\t<div data-particle_enable=\"false\" data-particle-mobile-disabled=\"false\" class=\"elementor-element elementor-element-c8249fb e-flex e-con-boxed e-con e-parent\" data-id=\"c8249fb\" data-element_type=\"container\" data-e-type=\"container\">\r\n\t\t\t\t\t<div class=\"e-con-inner\">\r\n\t\t\t\t<div class=\"elementor-element elementor-element-8c5fc8b elementor-widget elementor-widget-heading\" data-id=\"8c5fc8b\" data-element_type=\"widget\" data-e-type=\"widget\" data-widget_type=\"heading.default\">\n\t\t\t\t\t<h1 class=\"elementor-heading-title elementor-size-default\">Verzending en betaling<\/h1>\t\t\t\t<\/div>\n\t\t\t\t<div class=\"elementor-element elementor-element-331beae elementor-widget elementor-widget-text-editor\" data-id=\"331beae\" data-element_type=\"widget\" data-e-type=\"widget\" data-widget_type=\"text-editor.default\">\n\t\t\t\t\t\t\t\t\t<h2><strong>Verzending en betaling  <\/strong><\/h2><p>Het is de volledige verantwoordelijkheid van de klant om ervoor te zorgen dat de douane van zijn land geen beperkingen heeft op plantaardige en natuurlijke producten.  <br><br>Oknatura.com, haar agenten, filialen, partners, werknemers, oprichters en eigenaren zijn niet verantwoordelijk voor enige aansprakelijkheid, voortvloeiend uit bestellingen die zijn in beslag genomen, in beslag genomen, vernietigd, verloren, vertraagd of geretourneerd door de douane en \/ of postdiensten internationale<\/p><p>Verder kunnen we geen verantwoordelijkheid aanvaarden voor schade, verlies of vervuiling van het pakket en de inhoud tijdens internationale verzending of het douaneproces.<\/p><p>Verder kunnen we geen verantwoordelijkheid aanvaarden voor vertragingen in de verzending als gevolg van \u201cgrote krachten\u201d, die buiten onze controle liggen, zoals natuurrampen, aardbevingen, orkanen, tyfoons, enz. Dit omvat ook arbeidsconflicten, zoals stakingen bij de post of in de lucht. Stakingen of andere belangrijke politieke kwesties die problemen veroorzaken met de postdiensten.  <\/p><p> <\/p><h2><strong>Retourbeleid<\/strong><\/h2><p>Alle verkopen zijn definitief en worden niet gerestitueerd. Oknatura.com biedt alle informatie zo nauwkeurig mogelijk aan en al onze producten zijn van de hoogste kwaliteit. De klant vrijwaart Oknatura.com, haar agenten, filialen, partners, werknemers, oprichters en eigenaren van enige aansprakelijkheid die ontstaat als de klant ervoor kiest om van gedachten te veranderen nadat de betaling is gedaan en de bestelling is verzonden.  <\/p><p> <\/p><h2><strong>Terugbetaling van geretourneerde bestellingen<\/strong><\/h2><p>Oknatura.com zal de klant kosten in rekening brengen voor het opnieuw verzenden van hun bestelling indien de bestelling om welke reden dan ook buiten de controle van Oknatura.com is geretourneerd. Wij geven geen geld terug voor geretourneerde bestellingen, omdat de producten natuurlijk zijn en verlopen en niet geschikt zijn voor herbezorging. Oknatura.com behoudt zich het recht voor om onder bepaalde verzachtende omstandigheden restitutie te bieden op bestellingen, maar niet op verzendkosten.  <\/p><p> <\/p><h2><strong>Levertijd<\/strong><\/h2><p>De klant vrijwaart Oknatura.com, haar agenten, filialen, partners, werknemers, oprichters en eigenaren van elke aansprakelijkheid die voortvloeit uit de vertraging in de ontvangst van hun bestelling.<br>Alle bestellingen verlaten Peru, en Oknatura.com maakt gebruik van een rekenmachine voor de scheepvaart die de klant een schatting van de normale levertijd kan geven. De klant erkent dat de mogelijkheid bestaat dat zijn bestelling wordt geopend en ge\u00efnspecteerd door autoriteiten, douane, gezondheidsautoriteiten, enz. Hierdoor kan de ontvangst van uw bestelling vertraging oplopen.  <br><br>Verder kunnen we geen verantwoordelijkheid aanvaarden voor vertragingen in de verzending als gevolg van \u201cgrote krachten\u201d, die buiten onze controle liggen, zoals natuurrampen, aardbevingen, orkanen, tyfoons, enz. Dit omvat ook arbeidsconflicten, zoals stakingen bij de post of in de lucht. Stakingen of andere belangrijke politieke kwesties die problemen veroorzaken met de postdiensten.  <\/p><p> <\/p><h2><strong>Verzending volgen<\/strong><\/h2><p>Alle verzonden bestellingen zijn traceerbaar en vereisen een handtekening. Alle pakketten worden teruggestuurd naar Oknatura.com als de bestelling niet kon worden afgeleverd. <br><br>Alle bestellingen worden discreet, snel en veilig verzonden en met de bevestiging van de handtekening doen we er alles aan om ervoor te zorgen dat je je bestelling zo veilig en snel mogelijk ontvangt.<br>Zodra we de betaling voor je bestelling hebben ontvangen en de bestelling is verzonden.<br>Nadat het pakket is verzonden, ontvang je een bevestigingse-mail met het trackingnummer en de link naar de trackingwebsite.<\/p><p> <\/p><h2><strong>Copyright<\/strong><\/h2><p>Alle inhoud, inclusief afbeeldingen, media en content, is auteursrechtelijk beschermd. De herdistributie, heruitzending, herpublicatie voor prive-of commercieel gebruik is uitdrukkelijk verboden zonder de toestemming van de eigenaren van Oknatura.com. Oknatura.com behoudt zich alle rechten voor.  <\/p><p> <\/p><h2><strong>Beperkte aansprakelijkheid<\/strong><\/h2><p>De klant vrijwaart Oknatura.com, haar agenten, filialen, partners, werknemers, oprichters en eigenaren impliciet en expliciet van enige aansprakelijkheid als gevolg van schade en \/ of letsel voortvloeiend uit informatie, producten, opmerkingen, blogs of enig ander medium of transmissie. Wat het kan inhouden. <\/p><p> <\/p><h2><strong>Disclaimer<\/strong><\/h2><p>Alle informatie, producten en inhoud verstrekt door Oknatura.com, haar agenten, filialen, partners, werknemers, oprichters en eigenaren, impliciet en expliciet, worden verstrekt zonder garanties, waarborgen, aanbevelingen, advies, behandeling, genezing of diagnose. Alle verkopen zijn definitief en alle producten worden verkocht zoals ze zijn. <\/p><p>Alle verklaringen, artikelen, blogberichten, commentaren en afbeeldingen van botanische middelen en elk product op Oknatura.com zijn NIET ge\u00ebvalueerd, goedgekeurd of onderschreven door Voedings- en Gezondheidsfunctionarissen of autoriteiten, inclusief:<\/p><p><strong>Argentini\u00eb:<\/strong> minister van Economische Zaken, ministerie van Landbouw, Veeteelt, Visserij en Voedsel, nationale dienst voor voedselkwaliteit en -veiligheid (SENASA), nationale dienst voor de gezondheid en kwaliteit van agrovoedsel.<\/p><p><strong>Brazili\u00eb<\/strong>: Ministerie van Volksgezondheid van Brazili\u00eb, Nationaal Agentschap voor Sanitair Toezicht.<\/p><p><strong>Peru<\/strong>: Ministerie van Volksgezondheid, Algemeen Directoraat Farmaceutische Producten, Hulpmiddelen en Geneesmiddelen<\/p><p><strong>Chili<\/strong>: Instituut voor Volksgezondheid van Chili<\/p><p><strong>Colombia<\/strong>: INVIMA Nationaal instituut voor toezicht op voeding en geneesmiddelen<\/p><p><strong>Mexico<\/strong>: Federale Commissie voor de Bescherming tegen Gezondheidsrisico \u201cs, Ministerie van Volksgezondheid, Nationaal Instituut voor Volksgezondheid, Ministerie van Volksgezondheid, Federale Commissie voor de Bescherming tegen Sanitaire Risico\u201d s<\/p><p><strong>Canada<\/strong>: Minister van Landbouw, Agriculture and Agri-Food of Canada, Canadian Food Inspection Agency (CFIA), Minister van Volksgezondheid, Health Canada, Food and Health Products Branch, Guelph Center for Food Technology.<\/p><p><strong>Verenigde Staten van Amerika<\/strong>: Food and Drug Administration (FDA) van de Verenigde Staten, Centrum voor voedselveiligheid en toegepaste voeding (CFSAN), International Food Protection Training Institute (IFPTI), Gemengd Comit\u00e9 van deskundigen inzake levensmiddelenadditieven (JECFA), Ministerie van Landbouw van de Verenigde Staten (USDA), Under Secretary for Food Safety, Food Safety and Inspection Service (FSIS).<\/p><p><strong>China<\/strong>: General Administration of Quality Supervision, Inspection and Quarantine Staatsadministratie voor voedsel en medicijnen<\/p><p><strong>Thailand<\/strong>: Food and Drug Administration, Ministerie van Volksgezondheid<\/p><p><strong>India<\/strong>: Indiase Autoriteit voor Voedselveiligheid en Normen, Ministerie van Volksgezondheid en Gezinswelzijn, Central Drug Standards Control Organization (CDSCO)<\/p><p><strong>Filippijnen<\/strong>: Administratie voedsel en medicijnen<\/p><p><strong>Zuid-Korea<\/strong>: Ministerie van Voedsel- en Farmaceutische Zekerheid (MFDS), Minister van Volksgezondheid, Welzijn en Familiezaken, Ministerie van Volksgezondheid, Welzijn en Familiezaken, Office of Health Policy.<\/p><p><strong>Japan<\/strong>: Bureau voor farmaceutische producten en medische hulpmiddelen, ministerie van Volksgezondheid, Arbeid en Welzijn.<\/p><p><strong>Europese Unie:<\/strong> Commissie milieubeheer, volksgezondheid en voedselveiligheid (EU), Europese Autoriteit voor voedselveiligheid SAFE FOODS, Raad voor de voedselveiligheid<\/p><p><strong>Duitsland<\/strong>: Bundesministerium f\u00fcr Ern\u00e4hrung, Landwirtschaft und Ern\u00e4hrung, Bundesamt f\u00fcr Verbraucherschutz und Lebensmittelsicherheit.<\/p><p><strong>Zwitserland<\/strong>: Federaal Bureau voor de volksgezondheid, Swissmedic<\/p><p><strong>Nederland<\/strong>: Ministerie van Economie, Landbouw en Innovatie (ELI), Nieuwe Voedsel en Waren Autoriteit (nVWA), Rijks Kwaliteitsinstituut voor Land- en Tuinbouwproducten (RiKILT), Rijksinstituut voor Volksgezondheid en Milieu (RiVM), Stichumting Nederlandingstr.<\/p><p><strong>Noorwegen<\/strong>: Minister van Landbouw en Voedselvoorziening, Noors ministerie van Landbouw en Voedselvoorziening Landbruks- og matdepartementet, Noorse Autoriteit voor Voedselveiligheid Mattilsynet<\/p><p><strong>Itali\u00eb<\/strong>: Nationaal Instituut voor Gezondheid, Italiaans Geneesmiddelenbureau<\/p><p><strong>Spanje<\/strong>: Ministerie van Volksgezondheid van de Generalitat de Catalunya, Catalaans Agentschap voor Voedselveiligheid, Ministerie van Volksgezondheid, Spaans Agentschap voor Geneesmiddelen, Ministerie van Volksgezondheid en Consumptie,<\/p><p><strong>Portugal<\/strong>: Ethische gezondheidscommissie<\/p><p><strong>Rusland<\/strong>: Federale Drugscontroledienst van de Russische Federatie (FSKN), landbouwcommissie van de Doema, Ministerie van Volksgezondheid van de Russische Federatie.<\/p><p><strong>Polen<\/strong>: Instituut voor Geneesmiddelen, Ministerie van Volksgezondheid, Bureau Registratie Geneesmiddelen, Gezondheidsproducten en Biosiden.<\/p><p><strong>Roemeni\u00eb<\/strong>: Nationaal Geneesmiddelenbureau, Staatsinstituut voor Drugscontrole<\/p><p><strong>Verenigd Koninkrijk<\/strong>: Department of Environment, Food and Rural Affairs, Animal Health, Pesticide Safety Directorate, UK Government Decontamination Service, Veterinary Medicines Directorate, Food Standards Agency, Advisory Committee on Microbiological Food Safety.<\/p><p><strong>Frankrijk<\/strong>: Agence nationale de s\u00e9curit\u00e9 sanitaire de l \u201calimentation, de l\u201d environnement et du travail, Afssaps - Frans Agentschap voor de Veiligheid van Gezondheidsproducten, Ministerie van Volksgezondheid, Nationaal Raadgevend Comit\u00e9 voor Ethiek voor Gezondheid en Levenswetenschappen.<\/p><p><strong>Multinationaal<\/strong>: Voedselnormen Australi\u00eb Nieuw-Zeeland (FSANZ)<\/p><p><strong>Australi\u00eb<\/strong>: Minister van Landbouw, Visserij en Bosbouw, Ministerie van Landbouw (DAFF), Australian Quarantine and Inspection Service (AQIS), Biosecurity Australia, Government of New South Wales, Minister of Primary Industries (NSW), New Wales Food Authority uit het zuiden.<\/p><p><strong>Nieuw-Zeeland<\/strong>: Minister van Voedselveiligheid, Nieuw-Zeelandse Autoriteit voor Voedselveiligheid (NZFSA)<\/p>\t\t\t\t\t\t\t\t<\/div>\n\t\t\t\t\t<\/div>\n\t\t\t\t<\/div>\n\t\t<div data-particle_enable=\"false\" data-particle-mobile-disabled=\"false\" class=\"elementor-element elementor-element-5867522 elementor-hidden-tablet elementor-hidden-mobile e-flex e-con-boxed e-con e-parent\" data-id=\"5867522\" data-element_type=\"container\" data-e-type=\"container\">\r\n\t\t\t\t\t<div class=\"e-con-inner\">\r\n\t\t\t\t<div class=\"elementor-element elementor-element-0cf5b2b elementor-hidden-desktop elementor-hidden-tablet elementor-hidden-mobile elementor-widget elementor-widget-image\" data-id=\"0cf5b2b\" data-element_type=\"widget\" data-e-type=\"widget\" data-widget_type=\"image.default\">\n\t\t\t\t\t\t\t\t\t\t\t\t\t\t\t\t<a href=\"https:\/\/www.facebook.com\/ok.natura.pe?locale=es_LA\" rel=\"nofollow noopener\" target=\"_blank\">\n\t\t\t\t\t\t\t<img decoding=\"async\" width=\"1024\" height=\"326\" src=\"https:\/\/oknatura.com\/wp-content\/uploads\/2023\/10\/Fedex-1024x326.jpg\" class=\"attachment-large size-large wp-image-58557\" alt=\"REFUND POLICY - Shipping &amp; Payment\" srcset=\"https:\/\/oknatura.com\/wp-content\/uploads\/2023\/10\/Fedex-1024x326.jpg 1024w, https:\/\/oknatura.com\/wp-content\/uploads\/2023\/10\/Fedex-768x244.jpg 768w, https:\/\/oknatura.com\/wp-content\/uploads\/2023\/10\/Fedex-640x204.jpg 640w, https:\/\/oknatura.com\/wp-content\/uploads\/2023\/10\/Fedex-400x127.jpg 400w, https:\/\/oknatura.com\/wp-content\/uploads\/2023\/10\/Fedex-600x191.jpg 600w\" sizes=\"(max-width: 1024px) 100vw, 1024px\" title=\"\">\t\t\t\t\t\t\t\t<\/a>\n\t\t\t\t\t\t\t\t\t\t\t\t\t\t\t<\/div>\n\t\t\t\t\t<\/div>\n\t\t\t\t<\/div>\n\t\t\t\t<\/div>\n\t\t","protected":false},"excerpt":{"rendered":"<p>Verzending en betaling | Ok Natura Terug naar home Verzending en betaling Verzending en betaling Het is de volledige verantwoordelijkheid van de klant om ervoor te zorgen dat de douane van zijn land geen beperkingen heeft op plantaardige en natuurlijke producten. Oknatura.com, haar agenten, filialen, partners, werknemers, oprichters en eigenaren zijn niet verantwoordelijk voor enige [&hellip;]<\/p>\n","protected":false},"author":4254,"featured_media":0,"parent":0,"menu_order":0,"comment_status":"closed","ping_status":"closed","template":"","meta":{"_joinchat":[],"footnotes":""},"class_list":["post-45569","page","type-page","status-publish","hentry"],"_links":{"self":[{"href":"https:\/\/oknatura.com\/nl\/wp-json\/wp\/v2\/pages\/45569","targetHints":{"allow":["GET"]}}],"collection":[{"href":"https:\/\/oknatura.com\/nl\/wp-json\/wp\/v2\/pages"}],"about":[{"href":"https:\/\/oknatura.com\/nl\/wp-json\/wp\/v2\/types\/page"}],"author":[{"embeddable":true,"href":"https:\/\/oknatura.com\/nl\/wp-json\/wp\/v2\/users\/4254"}],"replies":[{"embeddable":true,"href":"https:\/\/oknatura.com\/nl\/wp-json\/wp\/v2\/comments?post=45569"}],"version-history":[{"count":2,"href":"https:\/\/oknatura.com\/nl\/wp-json\/wp\/v2\/pages\/45569\/revisions"}],"predecessor-version":[{"id":58636,"href":"https:\/\/oknatura.com\/nl\/wp-json\/wp\/v2\/pages\/45569\/revisions\/58636"}],"wp:attachment":[{"href":"https:\/\/oknatura.com\/nl\/wp-json\/wp\/v2\/media?parent=45569"}],"curies":[{"name":"wp","href":"https:\/\/api.w.org\/{rel}","templated":true}]}}