{"id":45510,"date":"2023-10-07T19:34:59","date_gmt":"2023-10-08T00:34:59","guid":{"rendered":"https:\/\/oknatura.com\/servicos-de-entrega-de-importacao-ok-natura\/"},"modified":"2025-06-22T19:15:40","modified_gmt":"2025-06-23T00:15:40","slug":"servicos-de-entrega-de-importacao-ok-natura","status":"publish","type":"page","link":"https:\/\/oknatura.com\/pt-pt\/servicos-de-entrega-de-importacao-ok-natura\/","title":{"rendered":"Servi\u00e7os de entrega de importa\u00e7\u00e3o | Ok Natura"},"content":{"rendered":"\t\t<div data-elementor-type=\"wp-page\" data-elementor-id=\"45510\" class=\"elementor elementor-45510 elementor-21953\" data-elementor-post-type=\"page\">\n\t\t\t\t\t\t<section data-particle_enable=\"false\" data-particle-mobile-disabled=\"false\" class=\"porto-full-no-gap elementor-section elementor-top-section elementor-element elementor-element-a747d90 elementor-section-full_width elementor-section-height-min-height elementor-section-height-default elementor-section-items-middle\" data-id=\"a747d90\" data-element_type=\"section\" data-e-type=\"section\" data-settings=\"{&quot;background_background&quot;:&quot;classic&quot;}\">\r\n\t\t\r\n\t\t\t\t\t\t\t<div class=\"elementor-container elementor-column-gap-no\">\r\n\t\t\t\t\t\t\t\t\t\t\t<div class=\"elementor-column elementor-col-100 elementor-top-column elementor-element elementor-element-da11f58\" data-id=\"da11f58\" data-element_type=\"column\" data-e-type=\"column\">\r\n\t\t\t\t\t<div class=\"elementor-widget-wrap\">\r\n\t\t\t\t\t\t\t\t\t<\/div>\r\n\t\t\t\t<\/div>\r\n\t\t\t\t\t<\/div>\r\n\t\t\t\t<\/section>\r\n\t\t\t\t<section data-particle_enable=\"false\" data-particle-mobile-disabled=\"false\" class=\"elementor-section elementor-top-section elementor-element elementor-element-34bad9d elementor-section-content-middle elementor-section-boxed elementor-section-height-default elementor-section-height-default\" data-id=\"34bad9d\" data-element_type=\"section\" data-e-type=\"section\">\r\n\t\t\r\n\t\t\t\t\t\t\t<div class=\"elementor-container elementor-column-gap-no\">\r\n\t\t\t\t\t\t\t\t\t\t\t<div class=\"elementor-column elementor-col-50 elementor-top-column elementor-element elementor-element-38cfc21\" data-id=\"38cfc21\" data-element_type=\"column\" data-e-type=\"column\">\r\n\t\t\t\t\t<div class=\"elementor-widget-wrap elementor-element-populated\">\r\n\t\t\t\t\t\t\t\t<div class=\"elementor-element elementor-element-914a593 animated-slow elementor-invisible elementor-widget elementor-widget-heading\" data-id=\"914a593\" data-element_type=\"widget\" data-e-type=\"widget\" data-settings=\"{&quot;_animation&quot;:&quot;fadeInUp&quot;,&quot;_animation_delay&quot;:300}\" data-widget_type=\"heading.default\">\n\t\t\t\t\t<h1 class=\"elementor-heading-title elementor-size-default\">Servi\u00e7os de entrega de importa\u00e7\u00e3o | Ok Natura<\/h1>\t\t\t\t<\/div>\n\t\t\t\t<div class=\"elementor-element elementor-element-8e1df64 elementor-icon-list--layout-inline animated-slow elementor-list-item-link-full_width elementor-invisible elementor-widget elementor-widget-icon-list\" data-id=\"8e1df64\" data-element_type=\"widget\" data-e-type=\"widget\" data-settings=\"{&quot;_animation&quot;:&quot;fadeInUp&quot;,&quot;_animation_delay&quot;:300}\" data-widget_type=\"icon-list.default\">\n\t\t\t\t\t\t\t<ul class=\"elementor-icon-list-items elementor-inline-items\">\n\t\t\t\t\t\t\t<li class=\"elementor-icon-list-item elementor-inline-item\">\n\t\t\t\t\t\t\t\t\t\t\t<a href=\"https:\/\/oknatura.com\/pt-pt\/\">\n\n\t\t\t\t\t\t\t\t\t\t\t<span class=\"elementor-icon-list-text\">Volta ao in\u00edcio<\/span>\n\t\t\t\t\t\t\t\t\t\t\t<\/a>\n\t\t\t\t\t\t\t\t\t<\/li>\n\t\t\t\t\t\t<\/ul>\n\t\t\t\t\t\t<\/div>\n\t\t\t\t\t<\/div>\r\n\t\t\t\t<\/div>\r\n\t\t\t\t<div class=\"elementor-column elementor-col-50 elementor-top-column elementor-element elementor-element-02b7dc3\" data-id=\"02b7dc3\" data-element_type=\"column\" data-e-type=\"column\">\r\n\t\t\t\t\t<div class=\"elementor-widget-wrap elementor-element-populated\">\r\n\t\t\t\t\t\t\t\t<div class=\"elementor-element elementor-element-d0bddab animated-slow elementor-invisible elementor-widget elementor-widget-image\" data-id=\"d0bddab\" data-element_type=\"widget\" data-e-type=\"widget\" data-settings=\"{&quot;_animation&quot;:&quot;fadeIn&quot;,&quot;_animation_delay&quot;:300}\" data-widget_type=\"image.default\">\n\t\t\t\t\t\t\t\t\t\t\t\t\t\t\t<img fetchpriority=\"high\" decoding=\"async\" width=\"860\" height=\"210\" src=\"https:\/\/oknatura.com\/wp-content\/uploads\/2023\/10\/selva.jpg\" class=\"attachment-full size-full wp-image-45874\" alt=\"collections faq Wishlist - APPI Privacy\" srcset=\"https:\/\/oknatura.com\/wp-content\/uploads\/2023\/10\/selva.jpg 860w, https:\/\/oknatura.com\/wp-content\/uploads\/2023\/10\/selva-768x188.jpg 768w, https:\/\/oknatura.com\/wp-content\/uploads\/2023\/10\/selva-640x156.jpg 640w, https:\/\/oknatura.com\/wp-content\/uploads\/2023\/10\/selva-400x98.jpg 400w, https:\/\/oknatura.com\/wp-content\/uploads\/2023\/10\/selva-600x147.jpg 600w\" sizes=\"(max-width: 860px) 100vw, 860px\" title=\"\">\t\t\t\t\t\t\t\t\t\t\t\t\t\t\t<\/div>\n\t\t\t\t\t<\/div>\r\n\t\t\t\t<\/div>\r\n\t\t\t\t\t<\/div>\r\n\t\t\t\t<\/section>\r\n\t\t<div data-particle_enable=\"false\" data-particle-mobile-disabled=\"false\" class=\"elementor-element elementor-element-a6bc934 e-flex e-con-boxed e-con e-parent\" data-id=\"a6bc934\" data-element_type=\"container\" data-e-type=\"container\">\r\n\t\t\t\t\t<div class=\"e-con-inner\">\r\n\t\t\t\t<div class=\"elementor-element elementor-element-1911dad elementor-widget elementor-widget-heading\" data-id=\"1911dad\" data-element_type=\"widget\" data-e-type=\"widget\" data-widget_type=\"heading.default\">\n\t\t\t\t\t<h2 class=\"elementor-heading-title elementor-size-default\">Servi\u00e7os de entrega de importa\u00e7\u00f5es<\/h2>\t\t\t\t<\/div>\n\t\t\t\t<div class=\"elementor-element elementor-element-fd9c068 elementor-widget elementor-widget-text-editor\" data-id=\"fd9c068\" data-element_type=\"widget\" data-e-type=\"widget\" data-widget_type=\"text-editor.default\">\n\t\t\t\t\t\t\t\t\t<p>Os servi\u00e7os de importa\u00e7\u00e3o s\u00e3o da DHL ou FedEx, se quiseres importar tens de nos notificar com anteced\u00eancia e seguir estes passos:<\/p><ol><li><h4><span style=\"font-size: 17px; color: #000000;\">Deves escrever para o email info@oknatura.com com o assunto \u201c\u201d Importa\u00e7\u00e3o Expresso DHL ou FedEx \u201c\u201d consoante a empresa de transporte que pretendes. Para al\u00e9m de indicar quais os produtos que pretendes e quantidades. <\/span><\/h4><\/li><li><h4><span style=\"font-size: 17px; color: #000000;\"><span class=\"jCAhz ChMk0b\"><span class=\"ryNqvb\">Escreve ao utilizador, se tiveres um utilizador registado, com os endere\u00e7os e todas as informa\u00e7\u00f5es da pessoa a quem queres que a encomenda chegue.<\/span><\/span> <span class=\"jCAhz ChMk0b\"><span class=\"ryNqvb\">Tamb\u00e9m podes anexar os dados ao mesmo e-mail.<\/span><\/span><\/span><\/h4><\/li><li><h4><span style=\"font-size: 17px; color: #000000;\">Deves aguardar que te seja enviada a encomenda preliminar de acordo com os dados que forneceste no e-mail para a tua aprova\u00e7\u00e3o.<\/span><\/h4><\/li><li><h4><span style=\"font-size: 17px; color: #000000;\">Uma vez aprovado o pedido preliminar, proceder\u00e1s ao pagamento do mesmo quando te for enviado um e-mail para o fazeres.<\/span><\/h4><\/li><li><h4><span style=\"font-size: 17px; color: #000000;\">Depois de efectuado o pagamento, ser-te-\u00e1 enviada a fatura comercial na qual colocamos os nomes, as quantidades e o valor dos produtos que encomendaste.<\/span><\/h4><\/li><li><h4><span style=\"font-size: 17px; color: #000000;\">Uma vez com a fatura comercial encontrar\u00e1s todos os dados que necessitar\u00e1s para realizar a guia DHL ou FedEx, ter\u00e1s que anotar os dados de recolha e as descri\u00e7\u00f5es que devem ser exactas tal como est\u00e3o na fatura comercial que foi enviada.<\/span><\/h4><\/li><li><h4><span style=\"font-size: 17px; color: #000000;\">Depois de preparado, deves aguardar a nossa confirma\u00e7\u00e3o de que a encomenda est\u00e1 pronta para que possas marcar a recolha.<\/span><\/h4><\/li><li><h4><span style=\"font-size: 17px; color: #000000;\">Depois de a encomenda ter sido levantada, s\u00f3 ter\u00e1s de esperar que ela chegue, para al\u00e9m de estares atento a qualquer comunica\u00e7\u00e3o que a DHL te possa fazer.<\/span><\/h4><\/li><\/ol><p><strong>Nota:<\/strong> O envio ser\u00e1 pago por ti \u00e0 DHL ou FedEx diretamente, n\u00f3s faremos a encomenda <span style=\"font-size: 17px;\">preliminar<\/span> descontando o custo de envio.<\/p><p>O mesmo procedimento se aplica se tiveres ou planeares ter a tua pr\u00f3pria conta DHL ou FedEx.<\/p>\t\t\t\t\t\t\t\t<\/div>\n\t\t\t\t\t<\/div>\n\t\t\t\t<\/div>\n\t\t<div data-particle_enable=\"false\" data-particle-mobile-disabled=\"false\" class=\"elementor-element elementor-element-ee7b69d elementor-hidden-desktop elementor-hidden-tablet elementor-hidden-mobile e-flex e-con-boxed e-con e-parent\" data-id=\"ee7b69d\" data-element_type=\"container\" data-e-type=\"container\">\r\n\t\t\t\t\t<div class=\"e-con-inner\">\r\n\t\t\t\t<div class=\"elementor-element elementor-element-d873576 elementor-widget elementor-widget-heading\" data-id=\"d873576\" data-element_type=\"widget\" data-e-type=\"widget\" data-widget_type=\"heading.default\">\n\t\t\t\t\t<h2 class=\"elementor-heading-title elementor-size-default\">Servi\u00e7os de entrega de importa\u00e7\u00e3o<\/h2>\t\t\t\t<\/div>\n\t\t\t\t\t<\/div>\n\t\t\t\t<\/div>\n\t\t<div data-particle_enable=\"false\" data-particle-mobile-disabled=\"false\" class=\"elementor-element elementor-element-0165c3b elementor-hidden-desktop elementor-hidden-tablet elementor-hidden-mobile e-flex e-con-boxed e-con e-parent\" data-id=\"0165c3b\" data-element_type=\"container\" data-e-type=\"container\">\r\n\t\t\t\t\t<div class=\"e-con-inner\">\r\n\t\t\t\t<div class=\"elementor-element elementor-element-128470a elementor-widget elementor-widget-image\" data-id=\"128470a\" data-element_type=\"widget\" data-e-type=\"widget\" data-widget_type=\"image.default\">\n\t\t\t\t\t\t\t\t\t\t\t\t\t\t\t\t<a href=\"https:\/\/www.facebook.com\/ok.natura.pe?locale=es_LA\" rel=\"nofollow noopener\" target=\"_blank\">\n\t\t\t\t\t\t\t<img decoding=\"async\" width=\"1024\" height=\"326\" src=\"https:\/\/oknatura.com\/wp-content\/uploads\/2024\/02\/SERVICIOS-DE-ENTREGA-DE-IMPORTACIONES-1024x326.jpg\" class=\"attachment-large size-large wp-image-45511\" alt=\"Servicios de entrega de importaciones - Import delivery services\" srcset=\"https:\/\/oknatura.com\/wp-content\/uploads\/2024\/02\/SERVICIOS-DE-ENTREGA-DE-IMPORTACIONES-1024x326.jpg 1024w, https:\/\/oknatura.com\/wp-content\/uploads\/2024\/02\/SERVICIOS-DE-ENTREGA-DE-IMPORTACIONES-600x191.jpg 600w, https:\/\/oknatura.com\/wp-content\/uploads\/2024\/02\/SERVICIOS-DE-ENTREGA-DE-IMPORTACIONES-768x244.jpg 768w, https:\/\/oknatura.com\/wp-content\/uploads\/2024\/02\/SERVICIOS-DE-ENTREGA-DE-IMPORTACIONES-640x204.jpg 640w, https:\/\/oknatura.com\/wp-content\/uploads\/2024\/02\/SERVICIOS-DE-ENTREGA-DE-IMPORTACIONES-400x127.jpg 400w\" sizes=\"(max-width: 1024px) 100vw, 1024px\" title=\"\">\t\t\t\t\t\t\t\t<\/a>\n\t\t\t\t\t\t\t\t\t\t\t\t\t\t\t<\/div>\n\t\t\t\t\t<\/div>\n\t\t\t\t<\/div>\n\t\t<div data-particle_enable=\"false\" data-particle-mobile-disabled=\"false\" class=\"elementor-element elementor-element-3d3dabd elementor-hidden-desktop elementor-hidden-tablet elementor-hidden-mobile e-flex e-con-boxed e-con e-parent\" data-id=\"3d3dabd\" data-element_type=\"container\" data-e-type=\"container\">\r\n\t\t\t\t\t<div class=\"e-con-inner\">\r\n\t\t<div data-particle_enable=\"false\" data-particle-mobile-disabled=\"false\" class=\"elementor-element elementor-element-be74ed0 e-con-full e-flex e-con e-child\" data-id=\"be74ed0\" data-element_type=\"container\" data-e-type=\"container\">\r\n\t\t\t\t<div class=\"elementor-element elementor-element-5360dfe elementor-widget elementor-widget-image\" data-id=\"5360dfe\" data-element_type=\"widget\" data-e-type=\"widget\" data-widget_type=\"image.default\">\n\t\t\t\t\t\t\t\t\t\t\t\t\t\t\t<img decoding=\"async\" width=\"1000\" height=\"1000\" src=\"https:\/\/oknatura.com\/wp-content\/uploads\/2024\/02\/EXPORTACIONES.jpg\" class=\"attachment-large size-large wp-image-45512\" alt=\"\" srcset=\"https:\/\/oknatura.com\/wp-content\/uploads\/2024\/02\/EXPORTACIONES.jpg 1000w, https:\/\/oknatura.com\/wp-content\/uploads\/2024\/02\/EXPORTACIONES-600x600.jpg 600w, https:\/\/oknatura.com\/wp-content\/uploads\/2024\/02\/EXPORTACIONES-768x768.jpg 768w, https:\/\/oknatura.com\/wp-content\/uploads\/2024\/02\/EXPORTACIONES-640x640.jpg 640w, https:\/\/oknatura.com\/wp-content\/uploads\/2024\/02\/EXPORTACIONES-400x400.jpg 400w\" sizes=\"(max-width: 1000px) 100vw, 1000px\" title=\"\">\t\t\t\t\t\t\t\t\t\t\t\t\t\t\t<\/div>\n\t\t\t\t<\/div>\n\t\t<div data-particle_enable=\"false\" data-particle-mobile-disabled=\"false\" class=\"elementor-element elementor-element-2835a72 e-con-full e-flex e-con e-child\" data-id=\"2835a72\" data-element_type=\"container\" data-e-type=\"container\">\r\n\t\t\t\t<div class=\"elementor-element elementor-element-7127df2 elementor-widget elementor-widget-image\" data-id=\"7127df2\" data-element_type=\"widget\" data-e-type=\"widget\" data-widget_type=\"image.default\">\n\t\t\t\t\t\t\t\t\t\t\t\t\t\t\t<img loading=\"lazy\" decoding=\"async\" width=\"1000\" height=\"1000\" src=\"https:\/\/oknatura.com\/wp-content\/uploads\/2024\/02\/EXPO.jpg\" class=\"attachment-large size-large wp-image-45513\" alt=\"\" srcset=\"https:\/\/oknatura.com\/wp-content\/uploads\/2024\/02\/EXPO.jpg 1000w, https:\/\/oknatura.com\/wp-content\/uploads\/2024\/02\/EXPO-600x600.jpg 600w, https:\/\/oknatura.com\/wp-content\/uploads\/2024\/02\/EXPO-768x768.jpg 768w, https:\/\/oknatura.com\/wp-content\/uploads\/2024\/02\/EXPO-640x640.jpg 640w, https:\/\/oknatura.com\/wp-content\/uploads\/2024\/02\/EXPO-400x400.jpg 400w\" sizes=\"(max-width: 1000px) 100vw, 1000px\" title=\"\">\t\t\t\t\t\t\t\t\t\t\t\t\t\t\t<\/div>\n\t\t\t\t<\/div>\n\t\t\t\t\t<\/div>\n\t\t\t\t<\/div>\n\t\t\t\t<\/div>\n\t\t","protected":false},"excerpt":{"rendered":"<p>Servi\u00e7os de entrega de importa\u00e7\u00e3o | Ok Natura Volta ao in\u00edcio Servi\u00e7os de entrega de importa\u00e7\u00f5es Os servi\u00e7os de importa\u00e7\u00e3o s\u00e3o da DHL ou FedEx, se quiseres importar tens de nos notificar com anteced\u00eancia e seguir estes passos: Deves escrever para o email info@oknatura.com com o assunto \u201c\u201d Importa\u00e7\u00e3o Expresso DHL ou FedEx \u201c\u201d consoante [&hellip;]<\/p>\n","protected":false},"author":4254,"featured_media":0,"parent":0,"menu_order":0,"comment_status":"closed","ping_status":"closed","template":"","meta":{"_joinchat":[],"footnotes":""},"class_list":["post-45510","page","type-page","status-publish","hentry"],"_links":{"self":[{"href":"https:\/\/oknatura.com\/pt-pt\/wp-json\/wp\/v2\/pages\/45510","targetHints":{"allow":["GET"]}}],"collection":[{"href":"https:\/\/oknatura.com\/pt-pt\/wp-json\/wp\/v2\/pages"}],"about":[{"href":"https:\/\/oknatura.com\/pt-pt\/wp-json\/wp\/v2\/types\/page"}],"author":[{"embeddable":true,"href":"https:\/\/oknatura.com\/pt-pt\/wp-json\/wp\/v2\/users\/4254"}],"replies":[{"embeddable":true,"href":"https:\/\/oknatura.com\/pt-pt\/wp-json\/wp\/v2\/comments?post=45510"}],"version-history":[{"count":2,"href":"https:\/\/oknatura.com\/pt-pt\/wp-json\/wp\/v2\/pages\/45510\/revisions"}],"predecessor-version":[{"id":58452,"href":"https:\/\/oknatura.com\/pt-pt\/wp-json\/wp\/v2\/pages\/45510\/revisions\/58452"}],"wp:attachment":[{"href":"https:\/\/oknatura.com\/pt-pt\/wp-json\/wp\/v2\/media?parent=45510"}],"curies":[{"name":"wp","href":"https:\/\/api.w.org\/{rel}","templated":true}]}}